{"id":30,"date":"2019-12-19T16:14:32","date_gmt":"2019-12-19T19:14:32","guid":{"rendered":"https:\/\/www.inf.ufrgs.br\/amise\/2020\/?page_id=30"},"modified":"2020-01-30T20:19:07","modified_gmt":"2020-01-30T23:19:07","slug":"organizers","status":"publish","type":"page","link":"https:\/\/www.inf.ufrgs.br\/amise\/2020\/organizers\/","title":{"rendered":"Organizers"},"content":{"rendered":"\n<div class=\"wp-block-columns\">\n<div class=\"wp-block-column\">\n<figure class=\"wp-block-image size-large is-resized\"><img loading=\"lazy\" src=\"https:\/\/www.inf.ufrgs.br\/amise\/2020\/wp-content\/uploads\/sites\/5\/2019\/12\/TKjoP39j_400x400.jpg\" alt=\"\" class=\"wp-image-79\" width=\"193\" height=\"193\" srcset=\"https:\/\/www.inf.ufrgs.br\/amise\/2020\/wp-content\/uploads\/sites\/5\/2019\/12\/TKjoP39j_400x400.jpg 400w, https:\/\/www.inf.ufrgs.br\/amise\/2020\/wp-content\/uploads\/sites\/5\/2019\/12\/TKjoP39j_400x400-300x300.jpg 300w, https:\/\/www.inf.ufrgs.br\/amise\/2020\/wp-content\/uploads\/sites\/5\/2019\/12\/TKjoP39j_400x400-150x150.jpg 150w\" sizes=\"(max-width: 193px) 100vw, 193px\" \/><\/figure>\n\n\n\n<p style=\"font-size:12px\"> <strong>Prof. Dr. Lucineia Heloisa Thom (Chair)<\/strong><br>Federal University of Rio Grande do Sul<br>Porto Alegre, Brazil<\/p>\n<\/div>\n\n\n\n<div class=\"wp-block-column\">\n<figure class=\"wp-block-image size-large is-resized is-style-default\"><img loading=\"lazy\" src=\"https:\/\/www.inf.ufrgs.br\/amise\/2020\/wp-content\/uploads\/sites\/5\/2019\/12\/Gregor_Polancic_2.png\" alt=\"\" class=\"wp-image-161\" width=\"189\" height=\"189\" srcset=\"https:\/\/www.inf.ufrgs.br\/amise\/2020\/wp-content\/uploads\/sites\/5\/2019\/12\/Gregor_Polancic_2.png 227w, https:\/\/www.inf.ufrgs.br\/amise\/2020\/wp-content\/uploads\/sites\/5\/2019\/12\/Gregor_Polancic_2-150x150.png 150w\" sizes=\"(max-width: 189px) 100vw, 189px\" \/><\/figure>\n\n\n\n<p style=\"font-size:12px\"><strong>Prof. Dr.Gregor  Polan\u010di\u010d  (Chair)<\/strong><br> University of Maribor<br> Maribor, Slovenija  <\/p>\n<\/div>\n<\/div>\n\n\n\n<div class=\"wp-block-columns\">\n<div class=\"wp-block-column\">\n<figure class=\"wp-block-image size-large is-resized\"><img loading=\"lazy\" src=\"https:\/\/www.inf.ufrgs.br\/amise\/2020\/wp-content\/uploads\/sites\/5\/2019\/12\/Sem-t\u00edtulo.png\" alt=\"\" class=\"wp-image-117\" width=\"196\" height=\"203\" srcset=\"https:\/\/www.inf.ufrgs.br\/amise\/2020\/wp-content\/uploads\/sites\/5\/2019\/12\/Sem-t\u00edtulo.png 514w, https:\/\/www.inf.ufrgs.br\/amise\/2020\/wp-content\/uploads\/sites\/5\/2019\/12\/Sem-t\u00edtulo-290x300.png 290w\" sizes=\"(max-width: 196px) 100vw, 196px\" \/><\/figure>\n\n\n\n<p style=\"font-size:12px\"> <strong>Prof. Dr. Encarna Sosa (Chair)<\/strong><br>Universidad de Extremadura<br>C\u00e1ceres, Espanha <\/p>\n<\/div>\n\n\n\n<div class=\"wp-block-column\">\n<figure class=\"wp-block-image size-large is-resized\"><img loading=\"lazy\" src=\"https:\/\/www.inf.ufrgs.br\/amise\/2020\/wp-content\/uploads\/sites\/5\/2019\/12\/csm_mendlinggr_767b34b556.jpeg\" alt=\"\" class=\"wp-image-122\" width=\"212\" height=\"203\"\/><\/figure>\n\n\n\n<p style=\"font-size:12px\"><strong>Prof. Dr.Jan Mendling  (Chair)<\/strong><br>  Vienna University of Economics and Business <br> Vienna, Austria<\/p>\n<\/div>\n<\/div>\n\n\n\n<h3><strong>Program Committee<\/strong><\/h3>\n\n\n\n<ul><li>Barbara Weber &#8211; Technical University of Denmark (Denmark)<\/li><li>Claudio di Ciccio &#8211; Sapienza University of Rome (Italy)<\/li><li>Fernando S\u00e1nchez Figueroa &#8211; University of Extremadura (Spain)<\/li><li>Hajo Reijers &#8211; Utrecht University (Netherlands)<\/li><li>Javier Berrocal Olmeda &#8211; University of Extremadura (Spain) <\/li><li>Katja Kous &#8211; University of Maribor (Slovenia)<\/li><li>Marcelo Fantinato &#8211; University of S\u00e3o Paulo (Brazil)<\/li><li>Marko H\u00f6lbl &#8211; University of Maribor (Slovenia) <\/li><li>Oscar Pastor Lopez &#8211; Technical University of Valencia (Spain)<\/li><li>Pedro J. Clemente Martin &#8211; University of Extremadura (Spain)  <\/li><li>Pnina Soffer &#8211; University of Haifa (Israel)<\/li><li>Remco Dijkman &#8211; Eindhoven University of Technology (Netherlands)<\/li><li>R\u00fcdiger Pryss &#8211; University of Ulm (Germany)<\/li><li>Sa\u0161o Karakati\u010d &#8211; University of Maribor (Slovenia)  <\/li><li>Selmin Nurcan &#8211; University of Paris 1 Pantheon-Sorbonne (France)<\/li><li>Shazia Sadiq &#8211; University of Queensland (Australia)<\/li><\/ul>\n\n\n\n<h3><strong>Web Designers<\/strong><\/h3>\n\n\n\n<ul><li> Carlos F. Habekost dos Santos &#8211; Federal University of Rio Grande do Sul (Brazil)<\/li><li> Diego Toralles Avila &#8211; Federal University of Rio Grande do Sul (Brazil)<\/li><\/ul>\n\n\n\n<p><\/p>\n","protected":false},"excerpt":{"rendered":"<p>Prof. Dr. Lucineia Heloisa Thom (Chair)Federal University of Rio Grande do SulPorto Alegre, Brazil Prof. Dr.Gregor Polan\u010di\u010d (Chair) University of Maribor Maribor, Slovenija Prof. Dr. Encarna Sosa (Chair)Universidad de ExtremaduraC\u00e1ceres, Espanha Prof. Dr.Jan Mendling (Chair) Vienna University of Economics and &hellip; <a href=\"https:\/\/www.inf.ufrgs.br\/amise\/2020\/organizers\/\">Continue reading <span class=\"meta-nav\">&rarr;<\/span><\/a><\/p>\n","protected":false},"author":3,"featured_media":0,"parent":0,"menu_order":0,"comment_status":"closed","ping_status":"closed","template":"","meta":[],"_links":{"self":[{"href":"https:\/\/www.inf.ufrgs.br\/amise\/2020\/wp-json\/wp\/v2\/pages\/30"}],"collection":[{"href":"https:\/\/www.inf.ufrgs.br\/amise\/2020\/wp-json\/wp\/v2\/pages"}],"about":[{"href":"https:\/\/www.inf.ufrgs.br\/amise\/2020\/wp-json\/wp\/v2\/types\/page"}],"author":[{"embeddable":true,"href":"https:\/\/www.inf.ufrgs.br\/amise\/2020\/wp-json\/wp\/v2\/users\/3"}],"replies":[{"embeddable":true,"href":"https:\/\/www.inf.ufrgs.br\/amise\/2020\/wp-json\/wp\/v2\/comments?post=30"}],"version-history":[{"count":19,"href":"https:\/\/www.inf.ufrgs.br\/amise\/2020\/wp-json\/wp\/v2\/pages\/30\/revisions"}],"predecessor-version":[{"id":180,"href":"https:\/\/www.inf.ufrgs.br\/amise\/2020\/wp-json\/wp\/v2\/pages\/30\/revisions\/180"}],"wp:attachment":[{"href":"https:\/\/www.inf.ufrgs.br\/amise\/2020\/wp-json\/wp\/v2\/media?parent=30"}],"curies":[{"name":"wp","href":"https:\/\/api.w.org\/{rel}","templated":true}]}}