{"id":1858,"date":"2020-03-06T17:36:29","date_gmt":"2020-03-06T17:36:29","guid":{"rendered":"http:\/\/www.inf.ufrgs.br\/cei\/?page_id=1858"},"modified":"2022-03-15T19:33:45","modified_gmt":"2022-03-15T19:33:45","slug":"faq","status":"publish","type":"page","link":"https:\/\/www.inf.ufrgs.br\/cei\/faq\/","title":{"rendered":"FAQ"},"content":{"rendered":"<p><strong>O que \u00e9 a Incubadora CEI?<\/strong><\/p>\n<p>O Centro de Empreendimentos em Inform\u00e1tica \u2013 CEI \u00e9 uma das mais importantes incubadoras de empreendimentos e projetos na \u00e1rea de Tecnologia da Informa\u00e7\u00e3o e Comunica\u00e7\u00e3o do Brasil.<br \/>\nDesde 1996, vem incentivando a cria\u00e7\u00e3o e o desenvolvimento de empresas, apoiando e oferecendo suporte t\u00e9cnico a projetos de inova\u00e7\u00e3o tecnol\u00f3gica. \u00c9 integrado ao Instituto de Inform\u00e1tica da UFRGS, centro de excel\u00eancia em pesquisa e ensino de Computa\u00e7\u00e3o, trazendo muitos avan\u00e7os da computa\u00e7\u00e3o para o ambiente local.<br \/>\nO CEI foi a primeira incubadora de tecnologia fundada no sul do Brasil e \u00e9 considerado um modelo de refer\u00eancia pelas ag\u00eancias brasileiras de avalia\u00e7\u00e3o. J\u00e1 incubou mais de 40 novas empresas de TI.<\/p>\n<hr \/>\n<p><strong>Quais s\u00e3o as modalidades de incuba\u00e7\u00e3o oferecidas pelo CEI?<br \/>\n<\/strong><strong><br \/>\n<\/strong><strong>Modalidade: Pr\u00e9-Incuba\u00e7\u00e3o Interna<\/strong><br \/>\nVisa a oferecer suporte na adequa\u00e7\u00e3o do modelo de neg\u00f3cios, na revis\u00e3o dos produtos e servi\u00e7os propostos e na verifica\u00e7\u00e3o da viabilidade do neg\u00f3cio, al\u00e9m de completar procedimentos legais referentes \u00e0 composi\u00e7\u00e3o da empresa. Para atingir estes objetivos, os pr\u00e9-incubados executam atividades assistidas e contam com servi\u00e7os de acompanhamento.<br \/>\nA modalidade de pr\u00e9-incuba\u00e7\u00e3o interna oferece: m\u00f3dulo para trabalho em ambiente de uso compartilhado; servi\u00e7os de apoio e infraestrutura de uso comum, compreendendo recep\u00e7\u00e3o, secretaria, acesso \u00e0 intranet e \u00e0 internet, limpeza das \u00e1reas comuns; e acesso a facilidades compartilhadas que incluem salas para reuni\u00f5es, audit\u00f3rio, sanit\u00e1rios, copa-cozinha e biblioteca.<\/p>\n<p><strong>Modalidade: Incuba\u00e7\u00e3o Interna<\/strong><br \/>\nNa modalidade de incuba\u00e7\u00e3o com op\u00e7\u00e3o residente, os empreendimentos t\u00eam \u00e0 sua disposi\u00e7\u00e3o sala de uso privado ou m\u00f3dulo de trabalho em ambiente de uso compartilhado. Tamb\u00e9m contam com apoio da ger\u00eancia das incubadoras, de infraestrutura de uso comum compreendendo servi\u00e7os de recep\u00e7\u00e3o, secretaria, acesso \u00e0 intranet e \u00e0 internet, limpeza das \u00e1reas comuns e acesso a facilidades compartilhadas que incluem salas para reuni\u00f5es, audit\u00f3rio, sanit\u00e1rios, copa-cozinha e biblioteca.<br \/>\nEm cursos e consultorias, t\u00eam acesso preferencial.<\/p>\n<p><strong>Modalidade: Incuba\u00e7\u00e3o Externa<\/strong><br \/>\nOferece os mesmos servi\u00e7os da Incuba\u00e7\u00e3o Interna, exceto sala de uso privado ou m\u00f3dulo de trabalho em ambiente de uso compartilhado. Doravante, os termos INCUBA\u00c7\u00c3O ou EMPRESA INCUBADA (sem detalhamento adicional) ser\u00e3o usados com car\u00e1ter abrangente \u00e0s op\u00e7\u00f5es RESIDENTE e de LOCALIZA\u00c7\u00c3O EXTERNA. Quando se referirem a apenas uma das op\u00e7\u00f5es, ser\u00e3o expl\u00edcitas quanto a isso.<\/p>\n<hr \/>\n<p><strong>Quais s\u00e3o os requisitos necess\u00e1rios para concorrer \u00e0 vaga no CEI?<\/strong><\/p>\n<p>\u2022 Os produtos ou servi\u00e7os a serem desenvolvidos devem possuir caracter\u00edsticas inovadoras em Tecnologia da Informa\u00e7\u00e3o e Comunica\u00e7\u00e3o ou neg\u00f3cios de impacto socioambiental;<br \/>\n\u2022 As propostas poder\u00e3o ser apresentadas por pessoa f\u00edsica, individualmente ou em grupo. Obrigatoriamente uma das pessoas f\u00edsicas proponentes dever\u00e1 ter forma\u00e7\u00e3o em Inform\u00e1tica ou em \u00e1reas afins ou experi\u00eancia na \u00e1rea de Inform\u00e1tica. As propostas poder\u00e3o ter como objetivo o desenvolvimento de uma nova linha de produtos ou servi\u00e7os.<\/p>\n<hr \/>\n<p><strong>O que \u00e9 o Programa de empresas n\u00e3o residentes da Rede Zenit e como posso me tornar uma associada?<\/strong><br \/>\nA associa\u00e7\u00e3o da sua empresa a este programa possibilita a conex\u00e3o a todo o ecossistema de inova\u00e7\u00e3o da UFRGS. Para saber mais detalhes, clique no <a href=\"https:\/\/www.ufrgs.br\/zenit\/redezenit\/\" target=\"_blank\">link<\/a>.<\/p>\n<hr \/>\n<p><strong>Onde posso encontrar o quadro de avisos, atividades e outras informa\u00e7\u00f5es \u00fateis do CEI?<\/strong><\/p>\n<p>Voc\u00ea pode encontrar <a href=\"https:\/\/padlet.com\/erikacota\/lritxg5f7qgs\" target=\"_blank\">aqui<\/a> o mural de avisos do CEI.<\/p>\n<hr \/>\n<p><strong>Qual o passo-a-passo para contratar um aluno da UFRGS como estagi\u00e1rio?<br \/>\n<\/strong>Voc\u00ea pode encontrar o passo-a-passo detalhado clicando <a href=\"https:\/\/www.inf.ufrgs.br\/cei\/wp-content\/uploads\/2022\/03\/passo-a-passo-estagio-15_03_22.pdf\" target=\"_blank\">aqui<\/a>.<\/p>\n<hr \/>\n<p><strong>Como s\u00e3o formadas as bancas de avalia\u00e7\u00e3o do CEI-UFRGS?<\/strong><br \/>\nAs bancas s\u00e3o formadas levando em considera\u00e7\u00e3o a natureza t\u00e9cnica do neg\u00f3cio\/projeto.<br \/>\nNormalmente, a banca \u00e9 composta por um especialista t\u00e9cnico, um especialista de mercado &#8211; representante do Parque Zenit e dire\u00e7\u00e3o do CEI.<\/p>\n<p>Quais s\u00e3o os crit\u00e9rios que a banca utiliza para avaliar o meu neg\u00f3cio?<br \/>\nOs crit\u00e9rios de avalia\u00e7\u00e3o s\u00e3o inspirados nos seguintes eixos:<br \/>\n1- Eixo empreendedor: Dedica\u00e7\u00e3o ao neg\u00f3cio, desenvolvimento profissional e perfil para neg\u00f3cios;<br \/>\n2- Eixo Gest\u00e3o: Organiza\u00e7\u00e3o do neg\u00f3cio; ideia de miss\u00e3o, vis\u00e3o e valores; responsabilidades dos integrantes;<br \/>\n3- Eixo mercado: Comportamento de vendas, busca de novos neg\u00f3cios, planos de marketing;<br \/>\n4- Eixo tecnologia: Melhoria nos produtos, novos projetos, inova\u00e7\u00e3o de processo\/produto;<br \/>\n5- Eixo capital: Fluxo de caixa, investimentos, DRE, sa\u00fade financeira, demais controles.<\/p>\n<hr \/>\n<p>&nbsp;<\/p>\n","protected":false},"excerpt":{"rendered":"<p>O que \u00e9 a Incubadora CEI? O Centro de Empreendimentos em Inform\u00e1tica \u2013 CEI \u00e9 uma das mais importantes incubadoras de empreendimentos e projetos na \u00e1rea de Tecnologia da Informa\u00e7\u00e3o e Comunica\u00e7\u00e3o do Brasil. Desde 1996, vem incentivando a cria\u00e7\u00e3o e o desenvolvimento de empresas, apoiando e oferecendo suporte t\u00e9cnico a projetos de inova\u00e7\u00e3o tecnol\u00f3gica. [&hellip;]<\/p>\n","protected":false},"author":5,"featured_media":0,"parent":0,"menu_order":0,"comment_status":"closed","ping_status":"closed","template":"","meta":[],"_links":{"self":[{"href":"https:\/\/www.inf.ufrgs.br\/cei\/wp-json\/wp\/v2\/pages\/1858"}],"collection":[{"href":"https:\/\/www.inf.ufrgs.br\/cei\/wp-json\/wp\/v2\/pages"}],"about":[{"href":"https:\/\/www.inf.ufrgs.br\/cei\/wp-json\/wp\/v2\/types\/page"}],"author":[{"embeddable":true,"href":"https:\/\/www.inf.ufrgs.br\/cei\/wp-json\/wp\/v2\/users\/5"}],"replies":[{"embeddable":true,"href":"https:\/\/www.inf.ufrgs.br\/cei\/wp-json\/wp\/v2\/comments?post=1858"}],"version-history":[{"count":8,"href":"https:\/\/www.inf.ufrgs.br\/cei\/wp-json\/wp\/v2\/pages\/1858\/revisions"}],"predecessor-version":[{"id":2386,"href":"https:\/\/www.inf.ufrgs.br\/cei\/wp-json\/wp\/v2\/pages\/1858\/revisions\/2386"}],"wp:attachment":[{"href":"https:\/\/www.inf.ufrgs.br\/cei\/wp-json\/wp\/v2\/media?parent=1858"}],"curies":[{"name":"wp","href":"https:\/\/api.w.org\/{rel}","templated":true}]}}