{"id":2067,"date":"2020-08-14T21:30:12","date_gmt":"2020-08-14T21:30:12","guid":{"rendered":"https:\/\/www.inf.ufrgs.br\/cei\/?page_id=2067"},"modified":"2021-03-29T18:36:11","modified_gmt":"2021-03-29T18:36:11","slug":"converse-com-a-direcao-do-cei-ufrgs","status":"publish","type":"page","link":"https:\/\/www.inf.ufrgs.br\/cei\/converse-com-a-direcao-do-cei-ufrgs\/","title":{"rendered":"Converse com a dire\u00e7\u00e3o"},"content":{"rendered":"<p>Gostaria de entender mais sobre a incubadora ou tirar d\u00favidas sobre a sua ideia?<br \/>\nAgende um hor\u00e1rio com as diretoras do CEI<br \/>\nClique <a href=\"https:\/\/forms.gle\/2DsFbaYX6BkivK7V9\" target=\"_blank\"><strong>AQUI<\/strong><\/a>\u00a0e preencha o formul\u00e1rio que entraremos em contato.<\/p>\n<p>&nbsp;<\/p>\n","protected":false},"excerpt":{"rendered":"<p>Gostaria de entender mais sobre a incubadora ou tirar d\u00favidas sobre a sua ideia? Agende um hor\u00e1rio com as diretoras do CEI Clique AQUI\u00a0e preencha o formul\u00e1rio que entraremos em contato. &nbsp;<\/p>\n","protected":false},"author":7,"featured_media":0,"parent":0,"menu_order":0,"comment_status":"closed","ping_status":"closed","template":"","meta":[],"_links":{"self":[{"href":"https:\/\/www.inf.ufrgs.br\/cei\/wp-json\/wp\/v2\/pages\/2067"}],"collection":[{"href":"https:\/\/www.inf.ufrgs.br\/cei\/wp-json\/wp\/v2\/pages"}],"about":[{"href":"https:\/\/www.inf.ufrgs.br\/cei\/wp-json\/wp\/v2\/types\/page"}],"author":[{"embeddable":true,"href":"https:\/\/www.inf.ufrgs.br\/cei\/wp-json\/wp\/v2\/users\/7"}],"replies":[{"embeddable":true,"href":"https:\/\/www.inf.ufrgs.br\/cei\/wp-json\/wp\/v2\/comments?post=2067"}],"version-history":[{"count":4,"href":"https:\/\/www.inf.ufrgs.br\/cei\/wp-json\/wp\/v2\/pages\/2067\/revisions"}],"predecessor-version":[{"id":2219,"href":"https:\/\/www.inf.ufrgs.br\/cei\/wp-json\/wp\/v2\/pages\/2067\/revisions\/2219"}],"wp:attachment":[{"href":"https:\/\/www.inf.ufrgs.br\/cei\/wp-json\/wp\/v2\/media?parent=2067"}],"curies":[{"name":"wp","href":"https:\/\/api.w.org\/{rel}","templated":true}]}}