{"id":406,"date":"2016-02-10T18:16:48","date_gmt":"2016-02-10T18:16:48","guid":{"rendered":"http:\/\/www.inf.ufrgs.br\/cei_wp\/?page_id=406"},"modified":"2024-05-27T14:51:29","modified_gmt":"2024-05-27T14:51:29","slug":"empresas","status":"publish","type":"page","link":"https:\/\/www.inf.ufrgs.br\/cei\/empresas\/","title":{"rendered":"Empresas"},"content":{"rendered":"<p>Voc\u00ea ser\u00e1 redirecionado para a p\u00e1gina <b>Empresas Residentes<\/b> em alguns segundos, caso isso n\u00e3o aconte\u00e7a clique <a\n        href=\"\/cei\/empresas\/ecossistema-cei\/\">aqui<\/a>.<\/p>\n<p><script>\n    setTimeout(() => {\n        window.location.href = \"\/cei\/empresas\/ecossistema-cei\/\";\n    }, 3000);\n<\/script><\/p>\n","protected":false},"excerpt":{"rendered":"<p>Voc\u00ea ser\u00e1 redirecionado para a p\u00e1gina Empresas Residentes em alguns segundos, caso isso n\u00e3o aconte\u00e7a clique aqui.<\/p>\n","protected":false},"author":1,"featured_media":0,"parent":0,"menu_order":0,"comment_status":"closed","ping_status":"closed","template":"","meta":[],"_links":{"self":[{"href":"https:\/\/www.inf.ufrgs.br\/cei\/wp-json\/wp\/v2\/pages\/406"}],"collection":[{"href":"https:\/\/www.inf.ufrgs.br\/cei\/wp-json\/wp\/v2\/pages"}],"about":[{"href":"https:\/\/www.inf.ufrgs.br\/cei\/wp-json\/wp\/v2\/types\/page"}],"author":[{"embeddable":true,"href":"https:\/\/www.inf.ufrgs.br\/cei\/wp-json\/wp\/v2\/users\/1"}],"replies":[{"embeddable":true,"href":"https:\/\/www.inf.ufrgs.br\/cei\/wp-json\/wp\/v2\/comments?post=406"}],"version-history":[{"count":8,"href":"https:\/\/www.inf.ufrgs.br\/cei\/wp-json\/wp\/v2\/pages\/406\/revisions"}],"predecessor-version":[{"id":2872,"href":"https:\/\/www.inf.ufrgs.br\/cei\/wp-json\/wp\/v2\/pages\/406\/revisions\/2872"}],"wp:attachment":[{"href":"https:\/\/www.inf.ufrgs.br\/cei\/wp-json\/wp\/v2\/media?parent=406"}],"curies":[{"name":"wp","href":"https:\/\/api.w.org\/{rel}","templated":true}]}}