{"id":729,"date":"2016-02-11T18:36:06","date_gmt":"2016-02-11T18:36:06","guid":{"rendered":"http:\/\/www.inf.ufrgs.br\/cei_wp\/?page_id=729"},"modified":"2020-08-14T21:33:48","modified_gmt":"2020-08-14T21:33:48","slug":"banco-de-oportunidades-2","status":"publish","type":"page","link":"https:\/\/www.inf.ufrgs.br\/cei\/banco-de-oportunidades-2\/","title":{"rendered":"Banco de Oportunidades"},"content":{"rendered":"<p><strong>Registro de Propriedade Intelectual na UFRGS<\/strong><\/p>\n<p>Na UFRGS, o registro propriedade intelectual (patentes, programas, etc.) \u00e9 feito atrav\u00e9s da <a href=\"http:\/\/www.ufrgs.br\/sedetec\/\">Secretaria de Desenvolvimento Tecnol\u00f3gico, SEDETEC<\/a>. Esta Secretaria tamb\u00e9m coordena a negocia\u00e7\u00e3o de direitos de comercializa\u00e7\u00e3o. Assim, prot\u00f3tipos ou processos registrados podem ser conhecidos no acesso ao portf\u00f3lio de patentes da UFRGS, na p\u00e1gina da <a href=\"http:\/\/www.ufrgs.br\/sedetec\/\">SEDETEC<\/a>, consultando a aba \u201cEmpresas\u201d.<\/p>\n<p>H\u00e1 um <a href=\"http:\/\/www.lume.ufrgs.br\/handle\/10183\/62403\">reposit\u00f3rio digital das patentes<\/a> no <a href=\"http:\/\/www.lume.ufrgs.br\">LUME<\/a>, organizado por Unidade. Embora a inform\u00e1tica seja uma das \u00e1reas espec\u00edficas de pesquisa, projetos de interesse podem ser encontrados em outras Unidades devido \u00e0 transversalidade da \u00e1rea de Inform\u00e1tica.<\/p>\n<p>Al\u00e9m disso, h\u00e1 milhares de documentos armazenados no <a href=\"http:\/\/www.lume.ufrgs.br\">Reposit\u00f3rio Digital da UFRGS (LUME)<\/a>. Ali podem ser encontradas informa\u00e7\u00f5es e documentos integrais relativos aos acervos da UFRGS, incluindo: Produ\u00e7\u00e3o Cient\u00edfica sob forma de artigos e resumos, Teses e Disserta\u00e7\u00f5es, Demais Trabalhos Acad\u00eamicos e T\u00e9cnicos e Recursos Educacionais.<\/p>\n<p>&nbsp;<\/p>\n<p><strong>Projetos de Pesquisa no Instituto de Inform\u00e1tica da UFRGS<\/strong><\/p>\n<p>S\u00ednteses dos projetos de pesquisa que est\u00e3o em andamento no Instituto de Inform\u00e1tica, ou que foram conclu\u00eddos nos \u00faltimos anos, est\u00e3o dispon\u00edveis atrav\u00e9s da p\u00e1gina do Instituto. As informa\u00e7\u00f5es ali constantes podem servir de inspira\u00e7\u00e3o para a cria\u00e7\u00e3o de novos produtos ou para contato com os pesquisadores, visando realiza\u00e7\u00e3o de contratos para transfer\u00eancia tecnol\u00f3gica.<\/p>\n<p>Os pesquisadores do Instituto de Inform\u00e1tica da UFRGS congregam-se em <a href=\"http:\/\/www.inf.ufrgs.br\/site\/pesquisa\/grupos-de-pesquisa\/\">Grupos de Pesquisa<\/a>. Atrav\u00e9s dos temas abordados por estes <a href=\"http:\/\/www.inf.ufrgs.br\/site\/pesquisa\/grupos-de-pesquisa\/\">grupos<\/a>, \u00e9 poss\u00edvel identificar quais s\u00e3o os pesquisadores que poder\u00e3o ter interesse em participar em projetos de pesquisa e desenvolvimento de empresas. O CEI tem acesso a estes pesquisadores e pode ajudar aos (potenciais) empreendedores.<\/p>\n<p>&nbsp;<\/p>\n","protected":false},"excerpt":{"rendered":"<p>Registro de Propriedade Intelectual na UFRGS Na UFRGS, o registro propriedade intelectual (patentes, programas, etc.) \u00e9 feito atrav\u00e9s da Secretaria de Desenvolvimento Tecnol\u00f3gico, SEDETEC. Esta Secretaria tamb\u00e9m coordena a negocia\u00e7\u00e3o de direitos de comercializa\u00e7\u00e3o. Assim, prot\u00f3tipos ou processos registrados podem ser conhecidos no acesso ao portf\u00f3lio de patentes da UFRGS, na p\u00e1gina da SEDETEC, consultando [&hellip;]<\/p>\n","protected":false},"author":1,"featured_media":0,"parent":0,"menu_order":0,"comment_status":"closed","ping_status":"closed","template":"","meta":[],"_links":{"self":[{"href":"https:\/\/www.inf.ufrgs.br\/cei\/wp-json\/wp\/v2\/pages\/729"}],"collection":[{"href":"https:\/\/www.inf.ufrgs.br\/cei\/wp-json\/wp\/v2\/pages"}],"about":[{"href":"https:\/\/www.inf.ufrgs.br\/cei\/wp-json\/wp\/v2\/types\/page"}],"author":[{"embeddable":true,"href":"https:\/\/www.inf.ufrgs.br\/cei\/wp-json\/wp\/v2\/users\/1"}],"replies":[{"embeddable":true,"href":"https:\/\/www.inf.ufrgs.br\/cei\/wp-json\/wp\/v2\/comments?post=729"}],"version-history":[{"count":5,"href":"https:\/\/www.inf.ufrgs.br\/cei\/wp-json\/wp\/v2\/pages\/729\/revisions"}],"predecessor-version":[{"id":2070,"href":"https:\/\/www.inf.ufrgs.br\/cei\/wp-json\/wp\/v2\/pages\/729\/revisions\/2070"}],"wp:attachment":[{"href":"https:\/\/www.inf.ufrgs.br\/cei\/wp-json\/wp\/v2\/media?parent=729"}],"curies":[{"name":"wp","href":"https:\/\/api.w.org\/{rel}","templated":true}]}}