{"id":742,"date":"2016-02-11T18:40:08","date_gmt":"2016-02-11T18:40:08","guid":{"rendered":"http:\/\/www.inf.ufrgs.br\/cei_wp\/?page_id=742"},"modified":"2025-10-24T18:14:03","modified_gmt":"2025-10-24T18:14:03","slug":"equipe-tecnica","status":"publish","type":"page","link":"https:\/\/www.inf.ufrgs.br\/cei\/institucional\/equipe-tecnica\/","title":{"rendered":"Equipe"},"content":{"rendered":"<section class=\"docentes\">\n<h4 class=\"nome-categoria\">Dire\u00e7\u00e3o<\/h4>\n<article class=\"column2\">\n<figure><img loading=\"lazy\" class=\"attachment-size-professor-profile size-size-professor-profile wp-post-image\" src=\"https:\/\/www.inf.ufrgs.br\/site\/wp-content\/uploads\/2014\/11\/%C3%89rika-Fernandes-Cota-82x110.jpg\" alt=\"\" width=\"82\" height=\"110\" \/><\/figure>\n<h3>\u00c9rika Fernandes Cota<\/h3>\n<div class=\"conteudo\">E-mail: <a href=\"mailto:nedel@inf.ufrgs.br\">erika@inf.ufrgs.br<\/a><\/div>\n<div class=\"conteudo\">Telefone: <a href=\"#\">3308-6816<\/a><\/div>\n<div class=\"conteudo\">Pr\u00e9dio: 43425<\/div>\n<div class=\"conteudo\">Sala: 228<\/div>\n<\/article>\n<\/section>\n<div class=\"clearfix\"><\/div>\n<div>\n<figure><img loading=\"lazy\" class=\"size-full wp-image-3077 alignleft\" src=\"https:\/\/www.inf.ufrgs.br\/cei\/wp-content\/uploads\/2025\/10\/nicolas.jpg\" alt=\"\" width=\"110\" height=\"141\" srcset=\"https:\/\/www.inf.ufrgs.br\/cei\/wp-content\/uploads\/2025\/10\/nicolas.jpg 110w, https:\/\/www.inf.ufrgs.br\/cei\/wp-content\/uploads\/2025\/10\/nicolas-92x118.jpg 92w\" sizes=\"(max-width: 110px) 100vw, 110px\" \/><\/figure>\n<h3><\/h3>\n<h3><\/h3>\n<h3><\/h3>\n<h3><\/h3>\n<h3 style=\"text-align: left;\">Nicolas Bruno Maillard<\/h3>\n<div class=\"conteudo\" style=\"text-align: left;\">E-mail: <a href=\"mailto:nicolas@inf.ufrgs.br\">nicolas@inf.ufrgs.br<\/a><\/div>\n<div class=\"conteudo\" style=\"text-align: left;\">Telefone: +55 <a href=\"#\">51 3308-6828<\/a><\/div>\n<div class=\"conteudo\" style=\"text-align: left;\">Pr\u00e9dio: 43425<\/div>\n<div class=\"conteudo\" style=\"text-align: left;\">Sala: 242<\/div>\n<\/div>\n<section class=\"docentes\">\n<section class=\"docentes\">\n<h4 class=\"nome-categoria\">T\u00e9cnicos Administrativos<\/h4>\n<article class=\"column1\">\n<figure><img loading=\"lazy\" class=\"wp-image-3006 alignnone\" src=\"https:\/\/www.inf.ufrgs.br\/cei\/wp-content\/uploads\/2025\/05\/Claudia-Christimann-164x220-1.png\" alt=\"\" width=\"80\" height=\"107\" srcset=\"https:\/\/www.inf.ufrgs.br\/cei\/wp-content\/uploads\/2025\/05\/Claudia-Christimann-164x220-1.png 164w, https:\/\/www.inf.ufrgs.br\/cei\/wp-content\/uploads\/2025\/05\/Claudia-Christimann-164x220-1-88x118.png 88w, https:\/\/www.inf.ufrgs.br\/cei\/wp-content\/uploads\/2025\/05\/Claudia-Christimann-164x220-1-82x110.png 82w\" sizes=\"(max-width: 80px) 100vw, 80px\" \/><\/figure>\n<h3>Cl\u00e1udia Christimann<\/h3>\n<div class=\"conteudo\">E-mail: <a class=\"mailto-link\" href=\"mailto:cchristimann@inf.ufrgs.br\">cchristimann@inf.ufrgs.br<\/a><\/div>\n<div class=\"conteudo\">Telefone: <a href=\"#\">3308-6160<\/a><\/div>\n<div class=\"conteudo\">Pr\u00e9dio: 43424<\/div>\n<div class=\"conteudo\">Sala: 109<\/div>\n<\/article>\n<article class=\"column2\">\n<figure><img loading=\"lazy\" class=\"wp-image-3045 alignleft\" src=\"https:\/\/www.inf.ufrgs.br\/cei\/wp-content\/uploads\/2025\/09\/foto-para-site-Andre-670x1024.jpeg\" alt=\"\" width=\"99\" height=\"151\" srcset=\"https:\/\/www.inf.ufrgs.br\/cei\/wp-content\/uploads\/2025\/09\/foto-para-site-Andre-670x1024.jpeg 670w, https:\/\/www.inf.ufrgs.br\/cei\/wp-content\/uploads\/2025\/09\/foto-para-site-Andre-196x300.jpeg 196w, https:\/\/www.inf.ufrgs.br\/cei\/wp-content\/uploads\/2025\/09\/foto-para-site-Andre-768x1175.jpeg 768w, https:\/\/www.inf.ufrgs.br\/cei\/wp-content\/uploads\/2025\/09\/foto-para-site-Andre-77x118.jpeg 77w, https:\/\/www.inf.ufrgs.br\/cei\/wp-content\/uploads\/2025\/09\/foto-para-site-Andre.jpeg 850w\" sizes=\"(max-width: 99px) 100vw, 99px\" \/><\/figure>\n<h3><\/h3>\n<h3><\/h3>\n<h3><\/h3>\n<h3><\/h3>\n<h3 style=\"text-align: left;\">Andr\u00e9 Luis Baumhardt Zuliani<\/h3>\n<div class=\"conteudo\">E-mail: <a href=\"mailto:zuliani.int@gmail.com\">zuliani.int@gmail.com<\/a><\/div>\n<div class=\"conteudo\">Telefone: <a href=\"#\">3308-7032<\/a><\/div>\n<div class=\"conteudo\">Pr\u00e9dio: 43424<\/div>\n<div class=\"conteudo\">Sala: 109<\/div>\n<\/article>\n<\/section>\n<\/section>\n","protected":false},"excerpt":{"rendered":"<p>Dire\u00e7\u00e3o \u00c9rika Fernandes Cota E-mail: erika@inf.ufrgs.br Telefone: 3308-6816 Pr\u00e9dio: 43425 Sala: 228 Nicolas Bruno Maillard E-mail: nicolas@inf.ufrgs.br Telefone: +55 51 3308-6828 Pr\u00e9dio: 43425 Sala: 242 T\u00e9cnicos Administrativos Cl\u00e1udia Christimann E-mail: cchristimann@inf.ufrgs.br Telefone: 3308-6160 Pr\u00e9dio: 43424 Sala: 109 Andr\u00e9 Luis Baumhardt Zuliani E-mail: zuliani.int@gmail.com Telefone: 3308-7032 Pr\u00e9dio: 43424 Sala: 109<\/p>\n","protected":false},"author":1,"featured_media":0,"parent":396,"menu_order":2,"comment_status":"closed","ping_status":"closed","template":"","meta":[],"_links":{"self":[{"href":"https:\/\/www.inf.ufrgs.br\/cei\/wp-json\/wp\/v2\/pages\/742"}],"collection":[{"href":"https:\/\/www.inf.ufrgs.br\/cei\/wp-json\/wp\/v2\/pages"}],"about":[{"href":"https:\/\/www.inf.ufrgs.br\/cei\/wp-json\/wp\/v2\/types\/page"}],"author":[{"embeddable":true,"href":"https:\/\/www.inf.ufrgs.br\/cei\/wp-json\/wp\/v2\/users\/1"}],"replies":[{"embeddable":true,"href":"https:\/\/www.inf.ufrgs.br\/cei\/wp-json\/wp\/v2\/comments?post=742"}],"version-history":[{"count":36,"href":"https:\/\/www.inf.ufrgs.br\/cei\/wp-json\/wp\/v2\/pages\/742\/revisions"}],"predecessor-version":[{"id":3078,"href":"https:\/\/www.inf.ufrgs.br\/cei\/wp-json\/wp\/v2\/pages\/742\/revisions\/3078"}],"up":[{"embeddable":true,"href":"https:\/\/www.inf.ufrgs.br\/cei\/wp-json\/wp\/v2\/pages\/396"}],"wp:attachment":[{"href":"https:\/\/www.inf.ufrgs.br\/cei\/wp-json\/wp\/v2\/media?parent=742"}],"curies":[{"name":"wp","href":"https:\/\/api.w.org\/{rel}","templated":true}]}}