{"id":748,"date":"2016-02-11T18:41:17","date_gmt":"2016-02-11T18:41:17","guid":{"rendered":"http:\/\/www.inf.ufrgs.br\/cei_wp\/?page_id=748"},"modified":"2021-07-26T20:38:08","modified_gmt":"2021-07-26T20:38:08","slug":"linhas-de-atuacao","status":"publish","type":"page","link":"https:\/\/www.inf.ufrgs.br\/cei\/ingressoedital\/linhas-de-atuacao\/","title":{"rendered":"Modalidades de Incuba\u00e7\u00e3o"},"content":{"rendered":"<p>Para ingresso no Centro de Empreendimentos em Inform\u00e1tica &#8211; CEI ser\u00e3o priorizados empreendimentos ou projetos inovadores na \u00e1rea de Tecnologia da Informa\u00e7\u00e3o e Comunica\u00e7\u00e3o, ou que tenham a Tecnologia de Informa\u00e7\u00e3o e Comunica\u00e7\u00e3o como instrumento de gera\u00e7\u00e3o da inova\u00e7\u00e3o bem como na \u00e1rea de neg\u00f3cios de Impacto Social e Ambiental.<\/p>\n<div id=\"chat-messages-867487573399044096\" class=\"message-2qnXI6 cozyMessage-3V1Y8y groupStart-23k01U wrapper-2a6GCs cozy-3raOZG zalgo-jN1Ica\" tabindex=\"-1\" data-list-item-id=\"chat-messages___chat-messages-867487573399044096\">\n<div class=\"contents-2mQqc9\">\n<div class=\"markup-2BOw-j messageContent-2qWWxC\"><strong>Modalidades de Incuba\u00e7\u00e3o<\/strong><\/div>\n<div class=\"markup-2BOw-j messageContent-2qWWxC\"><\/div>\n<div class=\"markup-2BOw-j messageContent-2qWWxC\"><\/div>\n<div class=\"markup-2BOw-j messageContent-2qWWxC\"><strong>Pr\u00e9-incuba\u00e7\u00e3o Interna:<\/strong> Visa a oferecer suporte na adequa\u00e7\u00e3o do modelo de neg\u00f3cios, na revis\u00e3o dos produtos e servi\u00e7os propostos e na verifica\u00e7\u00e3o da viabilidade do neg\u00f3cio, al\u00e9m de completar procedimentos legais referentes \u00e0 composi\u00e7\u00e3o da empresa. Para atingir estes objetivos, os pr\u00e9-incubados executam atividades assistidas e contam com servi\u00e7os de acompanhamento. A modalidade de pr\u00e9-incuba\u00e7\u00e3o interna oferece: m\u00f3dulo para trabalho, conforme disponibilidade de cada Incubadora; servi\u00e7os de apoio e infraestrutura de uso comum, acesso \u00e0 internet nas depend\u00eancias f\u00edsicas da UFRGS, limpeza dos ambientes e acesso a facilidades compartilhadas que incluem salas para reuni\u00f5es, audit\u00f3rio, sanit\u00e1rios, copa. cozinha, espa\u00e7o de conviv\u00eancia e biblioteca. Al\u00e9m disso, disp\u00f5e de acesso a consultorias, capacita\u00e7\u00f5es e acompanhamento da Incubadora.<span class=\"timestamp-3ZCmNB timestampInline-yHQ6fX\"><time datetime=\"2021-07-21T19:28:41.237Z\"><span class=\"edited-3sfAzf\">(editado)<\/span><\/time><\/span><\/div>\n<\/div>\n<div class=\"buttonContainer-DHceWr\"><\/div>\n<\/div>\n<div id=\"chat-messages-867487771132166154\" class=\"message-2qnXI6 cozyMessage-3V1Y8y wrapper-2a6GCs cozy-3raOZG zalgo-jN1Ica\" tabindex=\"-1\" data-list-item-id=\"chat-messages___chat-messages-867487771132166154\">\n<div class=\"contents-2mQqc9\">\n<div class=\"markup-2BOw-j messageContent-2qWWxC\"><strong>Pr\u00e9-incuba\u00e7\u00e3o Externa:<\/strong> Oferece os mesmos servi\u00e7os da Pr\u00e9-Incuba\u00e7\u00e3o Interna, exceto espa\u00e7o f\u00edsico.<\/div>\n<\/div>\n<div class=\"buttonContainer-DHceWr\">\n<p>&nbsp;<\/p>\n<div class=\"markup-2BOw-j messageContent-2qWWxC\"><\/div>\n<div class=\"markup-2BOw-j messageContent-2qWWxC\"><strong>Incuba\u00e7\u00e3o Interna:<\/strong> Na modalidade de incuba\u00e7\u00e3o com op\u00e7\u00e3o residente, os empreendimentos t\u00eam \u00e0 sua disposi\u00e7\u00e3o: m\u00f3dulo para trabalho em ambiente de uso individual, conforme disponibilidade, servi\u00e7os de apoio e infraestrutura de uso comum, acesso \u00e0 internet nas depend\u00eancias f\u00edsicas da UFRGS, limpeza e acesso a facilidades compartilhadas que incluem salas para reuni\u00f5es, audit\u00f3rio, sanit\u00e1rios, copa-cozinha e biblioteca, conforme condi\u00e7\u00f5es e disponibilidade de recursos da UFRGS e da Incubadora. Al\u00e9m disso, disp\u00f5e de acesso a consultorias, capacita\u00e7\u00f5es e acompanhamento da Incubadora.<\/div>\n<div class=\"markup-2BOw-j messageContent-2qWWxC\"><\/div>\n<div class=\"markup-2BOw-j messageContent-2qWWxC\"><strong>Incuba\u00e7\u00e3o Externa:<\/strong> Oferece os mesmos servi\u00e7os da Incuba\u00e7\u00e3o Interna, exceto espa\u00e7o f\u00edsico.<\/div>\n<\/div>\n<\/div>\n<div id=\"chat-messages-867488346028245013\" class=\"message-2qnXI6 cozyMessage-3V1Y8y wrapper-2a6GCs cozy-3raOZG zalgo-jN1Ica\" tabindex=\"-1\" data-list-item-id=\"chat-messages___chat-messages-867488346028245013\"><\/div>\n","protected":false},"excerpt":{"rendered":"<p>Para ingresso no Centro de Empreendimentos em Inform\u00e1tica &#8211; CEI ser\u00e3o priorizados empreendimentos ou projetos inovadores na \u00e1rea de Tecnologia da Informa\u00e7\u00e3o e Comunica\u00e7\u00e3o, ou que tenham a Tecnologia de Informa\u00e7\u00e3o e Comunica\u00e7\u00e3o como instrumento de gera\u00e7\u00e3o da inova\u00e7\u00e3o bem como na \u00e1rea de neg\u00f3cios de Impacto Social e Ambiental. Modalidades de Incuba\u00e7\u00e3o Pr\u00e9-incuba\u00e7\u00e3o Interna: [&hellip;]<\/p>\n","protected":false},"author":1,"featured_media":0,"parent":400,"menu_order":1,"comment_status":"closed","ping_status":"closed","template":"","meta":[],"_links":{"self":[{"href":"https:\/\/www.inf.ufrgs.br\/cei\/wp-json\/wp\/v2\/pages\/748"}],"collection":[{"href":"https:\/\/www.inf.ufrgs.br\/cei\/wp-json\/wp\/v2\/pages"}],"about":[{"href":"https:\/\/www.inf.ufrgs.br\/cei\/wp-json\/wp\/v2\/types\/page"}],"author":[{"embeddable":true,"href":"https:\/\/www.inf.ufrgs.br\/cei\/wp-json\/wp\/v2\/users\/1"}],"replies":[{"embeddable":true,"href":"https:\/\/www.inf.ufrgs.br\/cei\/wp-json\/wp\/v2\/comments?post=748"}],"version-history":[{"count":7,"href":"https:\/\/www.inf.ufrgs.br\/cei\/wp-json\/wp\/v2\/pages\/748\/revisions"}],"predecessor-version":[{"id":2282,"href":"https:\/\/www.inf.ufrgs.br\/cei\/wp-json\/wp\/v2\/pages\/748\/revisions\/2282"}],"up":[{"embeddable":true,"href":"https:\/\/www.inf.ufrgs.br\/cei\/wp-json\/wp\/v2\/pages\/400"}],"wp:attachment":[{"href":"https:\/\/www.inf.ufrgs.br\/cei\/wp-json\/wp\/v2\/media?parent=748"}],"curies":[{"name":"wp","href":"https:\/\/api.w.org\/{rel}","templated":true}]}}