{"id":44,"date":"2022-08-18T02:57:25","date_gmt":"2022-08-18T05:57:25","guid":{"rendered":"http:\/\/localhost\/ciars\/?page_id=44"},"modified":"2022-11-24T09:16:49","modified_gmt":"2022-11-24T12:16:49","slug":"ia-na-educacao","status":"publish","type":"page","link":"https:\/\/www.inf.ufrgs.br\/ciars\/index.php\/ia-na-educacao\/","title":{"rendered":"IA na Educa\u00e7\u00e3o"},"content":{"rendered":"\t\t<div data-elementor-type=\"wp-page\" data-elementor-id=\"44\" class=\"elementor elementor-44\">\n\t\t\t\t\t\t\t\t\t<section class=\"elementor-section elementor-top-section elementor-element elementor-element-340715ba elementor-section-boxed elementor-section-height-default elementor-section-height-default\" data-id=\"340715ba\" data-element_type=\"section\" data-settings=\"{&quot;background_background&quot;:&quot;classic&quot;}\">\n\t\t\t\t\t\t<div class=\"elementor-container elementor-column-gap-default\">\n\t\t\t\t\t<div class=\"elementor-column elementor-col-100 elementor-top-column elementor-element elementor-element-6bfb013d\" data-id=\"6bfb013d\" data-element_type=\"column\">\n\t\t\t<div class=\"elementor-widget-wrap elementor-element-populated\">\n\t\t\t\t\t\t\t\t<div class=\"elementor-element elementor-element-4a2d5b0c elementor-widget elementor-widget-elementskit-heading\" data-id=\"4a2d5b0c\" data-element_type=\"widget\" data-widget_type=\"elementskit-heading.default\">\n\t\t\t\t<div class=\"elementor-widget-container\">\n\t\t\t<div class=\"ekit-wid-con\" ><div class=\"ekit-heading elementskit-section-title-wraper text_left   ekit_heading_tablet-   ekit_heading_mobile-\"><h2 class=\"ekit-heading--title elementskit-section-title \">\n\t\t\t\t\tIA na <span><span>Educa\u00e7\u00e3o<\/span><\/span>\n\t\t\t\t<\/h2><div class=\"ekit_heading_separetor_wraper ekit_heading_elementskit-border-divider\"><div class=\"elementskit-border-divider\"><\/div><\/div><\/div><\/div>\t\t<\/div>\n\t\t\t\t<\/div>\n\t\t\t\t<div class=\"elementor-element elementor-element-6f83634c elementor-widget elementor-widget-elementskit-drop-caps\" data-id=\"6f83634c\" data-element_type=\"widget\" data-widget_type=\"elementskit-drop-caps.default\">\n\t\t\t\t<div class=\"elementor-widget-container\">\n\t\t\t<div class=\"ekit-wid-con\" >\t\t<div class=\"ekit-dropcap-wraper\">\n\t\t\t\t\t\t<p class=\"ekit-dropcap-cotnent\">A norma da Computa\u00e7\u00e3o foi inicialmente prevista nas Resolu\u00e7\u00f5es CNE\/CP 02\/2017 e CNE\/CP 04\/2018 em todas as etapas de ensino. Em 17 de fevereiro de 2022, o parecer da Norma sobre Computa\u00e7\u00e3o na Educa\u00e7\u00e3o B\u00e1sica \u2013 Complemento \u00e0 Base Nacional Comum Curricular (BNCC) e as Tabelas de Habilidades e Compet\u00eancias foram aprovados com louvor e unanimidade pelo Conselho Nacional de Educa\u00e7\u00e3o (CNE). A norma foi homologada no dia 30 de setembro de 2022 pelo Minist\u00e9rio da Educa\u00e7\u00e3o (MEC), publicada no Di\u00e1rio Oficial da Uni\u00e3o no dia 03 de outubro do mesmo ano.\n\nA Resolu\u00e7\u00e3o CEB 01\/2022 define a norma como complemento \u00e0 BNCC e d\u00e1 outros encaminhamentos, tais como: o desenvolvimento de curr\u00edculos pelas redes, forma\u00e7\u00e3o inicial e continuada de professores, prazo de implementa\u00e7\u00e3o e o estabelecimento de pol\u00edticas.\nconjunto de t\u00e9cnicas e tecnologias de processamento de dados capazes de aprender, de criar novas rela\u00e7\u00f5es de conhecimento com certa autonomia. Ela se tornou uma ferramenta usada tanto na vida p\u00fablica, quanto na privada, em ferramentas de busca online, sugest\u00e3o de conte\u00fados e cria\u00e7\u00e3o de v\u00eddeos e imagens, al\u00e9m de ser a base para novas tecnologias, como sistemas de reconhecimento facial e contratos inteligentes, que est\u00e3o rapidamente sendo adotados. Faz parte, portanto, do mundo digital, uma esfera social tecnol\u00f3gica que estende as nossas capacidades, e que traz uma s\u00e9rie de novas compet\u00eancias necess\u00e1rias para uma forma\u00e7\u00e3o cidad\u00e3.\n<\/p>\n\t\t\t\t\t<\/div>\n        <\/div>\t\t<\/div>\n\t\t\t\t<\/div>\n\t\t\t\t<div class=\"elementor-element elementor-element-9bba93f elementor-widget elementor-widget-elementskit-heading\" data-id=\"9bba93f\" data-element_type=\"widget\" data-widget_type=\"elementskit-heading.default\">\n\t\t\t\t<div class=\"elementor-widget-container\">\n\t\t\t<div class=\"ekit-wid-con\" ><div class=\"ekit-heading elementskit-section-title-wraper text_left   ekit_heading_tablet-   ekit_heading_mobile-\"><h2 class=\"ekit-heading--title elementskit-section-title \">\n\t\t\t\t\tA Computa\u00e7\u00e3o na <span><span>Educa\u00e7\u00e3o<\/span><\/span> B\u00e1sica \u00e9 dividida <span><span>tr\u00eas eixos:<\/span><\/span>\n\t\t\t\t<\/h2><div class=\"ekit_heading_separetor_wraper ekit_heading_elementskit-border-divider\"><div class=\"elementskit-border-divider\"><\/div><\/div><\/div><\/div>\t\t<\/div>\n\t\t\t\t<\/div>\n\t\t\t\t\t<\/div>\n\t\t<\/div>\n\t\t\t\t\t\t\t<\/div>\n\t\t<\/section>\n\t\t\t\t<section class=\"elementor-section elementor-top-section elementor-element elementor-element-4099166 elementor-section-boxed elementor-section-height-default elementor-section-height-default\" data-id=\"4099166\" data-element_type=\"section\" data-settings=\"{&quot;background_background&quot;:&quot;classic&quot;}\">\n\t\t\t\t\t\t<div class=\"elementor-container elementor-column-gap-default\">\n\t\t\t\t\t<div class=\"elementor-column elementor-col-100 elementor-top-column elementor-element elementor-element-a1e80f2\" data-id=\"a1e80f2\" data-element_type=\"column\">\n\t\t\t<div class=\"elementor-widget-wrap elementor-element-populated\">\n\t\t\t\t\t\t\t\t<div class=\"elementor-element elementor-element-bb61676 elementor-widget elementor-widget-image\" data-id=\"bb61676\" data-element_type=\"widget\" data-widget_type=\"image.default\">\n\t\t\t\t<div class=\"elementor-widget-container\">\n\t\t\t<style>\/*! elementor - v3.7.1 - 14-08-2022 *\/\n.elementor-widget-image{text-align:center}.elementor-widget-image a{display:inline-block}.elementor-widget-image a img[src$=\".svg\"]{width:48px}.elementor-widget-image img{vertical-align:middle;display:inline-block}<\/style>\t\t\t\t\t\t\t\t\t\t\t\t<img src=\"https:\/\/www.inf.ufrgs.br\/ciars\/wp-content\/uploads\/elementor\/thumbs\/Captura-de-Tela-2022-11-24-a\u0300s-09.02.25-py6lo233gbrz797azmuv6pa4dbn16y0qkyrxu5lk44.png\" title=\"Captura de Tela 2022-11-24 a\u0300s 09.02.25\" alt=\"Captura de Tela 2022-11-24 a\u0300s 09.02.25\" \/>\t\t\t\t\t\t\t\t\t\t\t\t\t\t\t<\/div>\n\t\t\t\t<\/div>\n\t\t\t\t\t<\/div>\n\t\t<\/div>\n\t\t\t\t\t\t\t<\/div>\n\t\t<\/section>\n\t\t\t\t<section class=\"elementor-section elementor-top-section elementor-element elementor-element-1525858 elementor-section-boxed elementor-section-height-default elementor-section-height-default\" data-id=\"1525858\" data-element_type=\"section\" data-settings=\"{&quot;background_background&quot;:&quot;classic&quot;}\">\n\t\t\t\t\t\t<div class=\"elementor-container elementor-column-gap-default\">\n\t\t\t\t\t<div class=\"elementor-column elementor-col-100 elementor-top-column elementor-element elementor-element-1142af7\" data-id=\"1142af7\" data-element_type=\"column\">\n\t\t\t<div class=\"elementor-widget-wrap elementor-element-populated\">\n\t\t\t\t\t\t\t\t<div class=\"elementor-element elementor-element-b24a2ec elementor-tabs-view-horizontal elementor-widget elementor-widget-tabs\" data-id=\"b24a2ec\" data-element_type=\"widget\" data-widget_type=\"tabs.default\">\n\t\t\t\t<div class=\"elementor-widget-container\">\n\t\t\t<style>\/*! elementor - v3.7.1 - 14-08-2022 *\/\n.elementor-widget-tabs.elementor-tabs-view-vertical .elementor-tabs-wrapper{width:25%;-ms-flex-negative:0;flex-shrink:0}.elementor-widget-tabs.elementor-tabs-view-vertical .elementor-tab-desktop-title.elementor-active{border-right-style:none}.elementor-widget-tabs.elementor-tabs-view-vertical .elementor-tab-desktop-title.elementor-active:after,.elementor-widget-tabs.elementor-tabs-view-vertical .elementor-tab-desktop-title.elementor-active:before{height:999em;width:0;right:0;border-right-style:solid}.elementor-widget-tabs.elementor-tabs-view-vertical .elementor-tab-desktop-title.elementor-active:before{top:0;-webkit-transform:translateY(-100%);-ms-transform:translateY(-100%);transform:translateY(-100%)}.elementor-widget-tabs.elementor-tabs-view-vertical .elementor-tab-desktop-title.elementor-active:after{top:100%}.elementor-widget-tabs.elementor-tabs-view-horizontal .elementor-tab-desktop-title{display:table-cell}.elementor-widget-tabs.elementor-tabs-view-horizontal .elementor-tab-desktop-title.elementor-active{border-bottom-style:none}.elementor-widget-tabs.elementor-tabs-view-horizontal .elementor-tab-desktop-title.elementor-active:after,.elementor-widget-tabs.elementor-tabs-view-horizontal .elementor-tab-desktop-title.elementor-active:before{bottom:0;height:0;width:999em;border-bottom-style:solid}.elementor-widget-tabs.elementor-tabs-view-horizontal .elementor-tab-desktop-title.elementor-active:before{right:100%}.elementor-widget-tabs.elementor-tabs-view-horizontal .elementor-tab-desktop-title.elementor-active:after{left:100%}.elementor-widget-tabs .elementor-tab-content,.elementor-widget-tabs .elementor-tab-title,.elementor-widget-tabs .elementor-tab-title:after,.elementor-widget-tabs .elementor-tab-title:before,.elementor-widget-tabs .elementor-tabs-content-wrapper{border:1px #d4d4d4}.elementor-widget-tabs .elementor-tabs{text-align:left}.elementor-widget-tabs .elementor-tabs-wrapper{overflow:hidden}.elementor-widget-tabs .elementor-tab-title{cursor:pointer;outline:var(--focus-outline,none)}.elementor-widget-tabs .elementor-tab-desktop-title{position:relative;padding:20px 25px;font-weight:700;line-height:1;border:solid transparent}.elementor-widget-tabs .elementor-tab-desktop-title.elementor-active{border-color:#d4d4d4}.elementor-widget-tabs .elementor-tab-desktop-title.elementor-active:after,.elementor-widget-tabs .elementor-tab-desktop-title.elementor-active:before{display:block;content:\"\";position:absolute}.elementor-widget-tabs .elementor-tab-desktop-title:focus-visible{border:1px solid #000}.elementor-widget-tabs .elementor-tab-mobile-title{padding:10px;cursor:pointer}.elementor-widget-tabs .elementor-tab-content{padding:20px;display:none}@media (max-width:767px){.elementor-tabs .elementor-tab-content,.elementor-tabs .elementor-tab-title{border-style:solid solid none}.elementor-tabs .elementor-tabs-wrapper{display:none}.elementor-tabs .elementor-tabs-content-wrapper{border-bottom-style:solid}.elementor-tabs .elementor-tab-content{padding:10px}}@media (min-width:768px){.elementor-widget-tabs.elementor-tabs-view-vertical .elementor-tabs{display:-webkit-box;display:-ms-flexbox;display:flex}.elementor-widget-tabs.elementor-tabs-view-vertical .elementor-tabs-wrapper{-webkit-box-orient:vertical;-webkit-box-direction:normal;-ms-flex-direction:column;flex-direction:column}.elementor-widget-tabs.elementor-tabs-view-vertical .elementor-tabs-content-wrapper{-webkit-box-flex:1;-ms-flex-positive:1;flex-grow:1;border-style:solid solid solid none}.elementor-widget-tabs.elementor-tabs-view-horizontal .elementor-tab-content{border-style:none solid solid}.elementor-widget-tabs.elementor-tabs-alignment-center .elementor-tabs-wrapper,.elementor-widget-tabs.elementor-tabs-alignment-end .elementor-tabs-wrapper,.elementor-widget-tabs.elementor-tabs-alignment-stretch .elementor-tabs-wrapper{display:-webkit-box;display:-ms-flexbox;display:flex}.elementor-widget-tabs.elementor-tabs-alignment-center .elementor-tabs-wrapper{-webkit-box-pack:center;-ms-flex-pack:center;justify-content:center}.elementor-widget-tabs.elementor-tabs-alignment-end .elementor-tabs-wrapper{-webkit-box-pack:end;-ms-flex-pack:end;justify-content:flex-end}.elementor-widget-tabs.elementor-tabs-alignment-stretch.elementor-tabs-view-horizontal .elementor-tab-title{width:100%}.elementor-widget-tabs.elementor-tabs-alignment-stretch.elementor-tabs-view-vertical .elementor-tab-title{height:100%}.elementor-tabs .elementor-tab-mobile-title{display:none}}<\/style>\t\t<div class=\"elementor-tabs\">\n\t\t\t<div class=\"elementor-tabs-wrapper\" role=\"tablist\" >\n\t\t\t\t\t\t\t\t\t<div id=\"elementor-tab-title-1861\" class=\"elementor-tab-title elementor-tab-desktop-title\" aria-selected=\"true\" data-tab=\"1\" role=\"tab\" tabindex=\"0\" aria-controls=\"elementor-tab-content-1861\" aria-expanded=\"false\">Cultura Digital (CD):<\/div>\n\t\t\t\t\t\t\t\t\t<div id=\"elementor-tab-title-1862\" class=\"elementor-tab-title elementor-tab-desktop-title\" aria-selected=\"false\" data-tab=\"2\" role=\"tab\" tabindex=\"-1\" aria-controls=\"elementor-tab-content-1862\" aria-expanded=\"false\">Mundo Digital (MD):<\/div>\n\t\t\t\t\t\t\t\t\t<div id=\"elementor-tab-title-1863\" class=\"elementor-tab-title elementor-tab-desktop-title\" aria-selected=\"false\" data-tab=\"3\" role=\"tab\" tabindex=\"-1\" aria-controls=\"elementor-tab-content-1863\" aria-expanded=\"false\">Pensamento Computacional (PC):<\/div>\n\t\t\t\t\t\t\t<\/div>\n\t\t\t<div class=\"elementor-tabs-content-wrapper\" role=\"tablist\" aria-orientation=\"vertical\">\n\t\t\t\t\t\t\t\t\t<div class=\"elementor-tab-title elementor-tab-mobile-title\" aria-selected=\"true\" data-tab=\"1\" role=\"tab\" tabindex=\"0\" aria-controls=\"elementor-tab-content-1861\" aria-expanded=\"false\">Cultura Digital (CD):<\/div>\n\t\t\t\t\t<div id=\"elementor-tab-content-1861\" class=\"elementor-tab-content elementor-clearfix\" data-tab=\"1\" role=\"tabpanel\" aria-labelledby=\"elementor-tab-title-1861\" tabindex=\"0\" hidden=\"false\"><p><span style=\"font-weight: 400;\">Diz respeito \u00e0 compreens\u00e3o dos impactos da revolu\u00e7\u00e3o digital e dos avan\u00e7os do mundo digital na sociedade contempor\u00e2nea, \u00e0 constru\u00e7\u00e3o de atitude cr\u00edtica, \u00e9tica e respons\u00e1vel em rela\u00e7\u00e3o \u00e0 multiplicidade de ofertas midi\u00e1ticas e digitais. Tamb\u00e9m quanto aos usos das diferentes tecnologias digitais e aos conte\u00fados veiculados. Refere-se, ainda, \u00e0 flu\u00eancia no uso da tecnologia digital de forma eficiente, contextualizada e cr\u00edtica.<\/span><\/p><\/div>\n\t\t\t\t\t\t\t\t\t<div class=\"elementor-tab-title elementor-tab-mobile-title\" aria-selected=\"false\" data-tab=\"2\" role=\"tab\" tabindex=\"-1\" aria-controls=\"elementor-tab-content-1862\" aria-expanded=\"false\">Mundo Digital (MD):<\/div>\n\t\t\t\t\t<div id=\"elementor-tab-content-1862\" class=\"elementor-tab-content elementor-clearfix\" data-tab=\"2\" role=\"tabpanel\" aria-labelledby=\"elementor-tab-title-1862\" tabindex=\"0\" hidden=\"hidden\"><p><span style=\"font-weight: 400;\">Compreende artefatos digitais \u2013 f\u00edsicos (computadores, celulares, tablets) e virtuais (internet, redes sociais, programas, nuvens de dados). Mundo digital diz respeito \u00e0 informa\u00e7\u00e3o, armazenamento, prote\u00e7\u00e3o, e uso de c\u00f3digos para representar diferentes tipos de informa\u00e7\u00e3o, formas de processar, transmitir e distribu\u00ed-la de maneira segura e confi\u00e1vel.<\/span><\/p><\/div>\n\t\t\t\t\t\t\t\t\t<div class=\"elementor-tab-title elementor-tab-mobile-title\" aria-selected=\"false\" data-tab=\"3\" role=\"tab\" tabindex=\"-1\" aria-controls=\"elementor-tab-content-1863\" aria-expanded=\"false\">Pensamento Computacional (PC):<\/div>\n\t\t\t\t\t<div id=\"elementor-tab-content-1863\" class=\"elementor-tab-content elementor-clearfix\" data-tab=\"3\" role=\"tabpanel\" aria-labelledby=\"elementor-tab-title-1863\" tabindex=\"0\" hidden=\"hidden\"><p><span style=\"font-weight: 400;\">Conjunto de habilidades necess\u00e1rias para compreender, analisar, definir, modelar, resolver, comparar e automatizar problemas e solu\u00e7\u00f5es de forma met\u00f3dica e sistem\u00e1tica atrav\u00e9s do desenvolvimento da capacidade de criar e adaptar algoritmos. Utiliza-se de fundamentos da computa\u00e7\u00e3o para alavancar e aprimorar a aprendizagem e o pensamento criativo e cr\u00edtico em diversas \u00e1reas do conhecimento.<\/span><\/p><\/div>\n\t\t\t\t\t\t\t<\/div>\n\t\t<\/div>\n\t\t\t\t<\/div>\n\t\t\t\t<\/div>\n\t\t\t\t\t<\/div>\n\t\t<\/div>\n\t\t\t\t\t\t\t<\/div>\n\t\t<\/section>\n\t\t\t\t\t\t\t<\/div>\n\t\t","protected":false},"excerpt":{"rendered":"<p>IA na Educa\u00e7\u00e3o A norma da Computa\u00e7\u00e3o foi inicialmente prevista nas Resolu\u00e7\u00f5es CNE\/CP 02\/2017 e CNE\/CP 04\/2018 em todas as etapas de ensino. Em 17 de fevereiro de 2022, o parecer da Norma sobre Computa\u00e7\u00e3o na Educa\u00e7\u00e3o B\u00e1sica \u2013 Complemento \u00e0 Base Nacional Comum Curricular (BNCC) e as Tabelas de Habilidades e Compet\u00eancias foram aprovados &hellip;<\/p>\n<p class=\"read-more\"> <a class=\"\" href=\"https:\/\/www.inf.ufrgs.br\/ciars\/index.php\/ia-na-educacao\/\"> <span class=\"screen-reader-text\">IA na Educa\u00e7\u00e3o<\/span> Read More &raquo;<\/a><\/p>\n","protected":false},"author":5,"featured_media":0,"parent":0,"menu_order":0,"comment_status":"closed","ping_status":"closed","template":"","meta":{"site-sidebar-layout":"no-sidebar","site-content-layout":"page-builder","ast-global-header-display":"","ast-main-header-display":"","ast-hfb-above-header-display":"","ast-hfb-below-header-display":"","ast-hfb-mobile-header-display":"","site-post-title":"disabled","ast-breadcrumbs-content":"","ast-featured-img":"disabled","footer-sml-layout":"","theme-transparent-header-meta":"","adv-header-id-meta":"","stick-header-meta":"","header-above-stick-meta":"","header-main-stick-meta":"","header-below-stick-meta":""},"_links":{"self":[{"href":"https:\/\/www.inf.ufrgs.br\/ciars\/index.php\/wp-json\/wp\/v2\/pages\/44"}],"collection":[{"href":"https:\/\/www.inf.ufrgs.br\/ciars\/index.php\/wp-json\/wp\/v2\/pages"}],"about":[{"href":"https:\/\/www.inf.ufrgs.br\/ciars\/index.php\/wp-json\/wp\/v2\/types\/page"}],"author":[{"embeddable":true,"href":"https:\/\/www.inf.ufrgs.br\/ciars\/index.php\/wp-json\/wp\/v2\/users\/5"}],"replies":[{"embeddable":true,"href":"https:\/\/www.inf.ufrgs.br\/ciars\/index.php\/wp-json\/wp\/v2\/comments?post=44"}],"version-history":[{"count":18,"href":"https:\/\/www.inf.ufrgs.br\/ciars\/index.php\/wp-json\/wp\/v2\/pages\/44\/revisions"}],"predecessor-version":[{"id":831,"href":"https:\/\/www.inf.ufrgs.br\/ciars\/index.php\/wp-json\/wp\/v2\/pages\/44\/revisions\/831"}],"wp:attachment":[{"href":"https:\/\/www.inf.ufrgs.br\/ciars\/index.php\/wp-json\/wp\/v2\/media?parent=44"}],"curies":[{"name":"wp","href":"https:\/\/api.w.org\/{rel}","templated":true}]}}