{"id":10,"date":"2023-05-26T11:16:40","date_gmt":"2023-05-26T14:16:40","guid":{"rendered":"https:\/\/www.inf.ufrgs.br\/errc2023\/?page_id=10"},"modified":"2023-11-08T15:26:46","modified_gmt":"2023-11-08T18:26:46","slug":"home","status":"publish","type":"page","link":"https:\/\/www.inf.ufrgs.br\/errc2023\/","title":{"rendered":"In\u00edcio"},"content":{"rendered":"\n<h2 class=\"wp-block-heading\">Bem-vindo \u00e0 ERRC 2023!<\/h2>\n\n\n\n<p>A XX Escola Regional de Redes de Computadores (<strong>ERRC 2023<\/strong>) ir\u00e1 acontecer no per\u00edodo de 23 a 25 de Outubro de 2023. A ERRC 2023 est\u00e1 sendo organizada pelo Instituto de Inform\u00e1tica (INF) da Universidade Federal do Rio Grande do Sul (UFRGS), com a colabora\u00e7\u00e3o de diversas outras institui\u00e7\u00f5es de ensino, pesquisa e extens\u00e3o. A ERRC \u00e9 realizada anualmente pela Sociedade Brasileira de Computa\u00e7\u00e3o (<a rel=\"noreferrer noopener\" href=\"https:\/\/www.sbc.org.br\/\" target=\"_blank\"><strong>SBC<\/strong><\/a>) e acompanha a filosofia de outras escolas realizadas, como a Escola Regional de Alto Desempenho (ERAD) e a Escola Regional de Banco de Dados (ERBD).<\/p>\n\n\n\n<p>O objetivo da ERRC 2023 \u00e9 aumentar a participa\u00e7\u00e3o da regi\u00e3o sul do Brasil em eventos nacionais e internacionais. Para isso, os f\u00f3runs s\u00e3o indicados para estudantes (preferencialmente gradua\u00e7\u00e3o e p\u00f3s-gradua\u00e7\u00e3o) apresentarem os seus trabalhos preliminares e obterem feedback, visando qualificar e aprimorar o processo cient\u00edfico. O formato de artigo, com tamanho de 4 a 6 p\u00e1ginas, foi pensado visando permitir que os artigos publicados na ERRC 2023 possam ser expandidos com mais informa\u00e7\u00f5es e resultados a fim de serem submetidos a confer\u00eancias ou em peri\u00f3dicos. Os professores e orientadores podem encontrar ERRC 2023 para descobrir oportunidades de coopera\u00e7\u00e3o com pesquisadores\/professores\/estudantes de outras institui\u00e7\u00f5es.<\/p>\n\n\n\n<p>A ERRC \u00e9 o principal evento regional sobre redes de computadores e sistemas distribu\u00eddos. O evento serve como ponto de encontro para alunos e profissionais, apresentando a \u00e1rea para novos talentos e catalisando potenciais colabora\u00e7\u00f5es entre a ind\u00fastria e institui\u00e7\u00f5es de ensino, pesquisa e extens\u00e3o. A \u00e1rea \u00e9 estrat\u00e9gica para a inser\u00e7\u00e3o da regi\u00e3o sul nos mercados de tecnologia de ponta.<\/p>\n\n\n\n<p>A ERRC 2023 possibilitar\u00e1 uma ampla participa\u00e7\u00e3o de Institui\u00e7\u00f5es de Ensino Superior (IES) de todo o sul do Brasil, visto que ser\u00e1 realizada na capital Ga\u00facha, permitindo f\u00e1cil deslocamento de diferentes cidades do Rio Grande do Sul e estados vizinhos. Al\u00e9m disso, a ERRC 2023 busca uma maior integra\u00e7\u00e3o entre comunidade cient\u00edfica, ind\u00fastrias e organiza\u00e7\u00f5es relacionadas para proporcionar oportunidades de trabalhos conjuntos e trocas de experi\u00eancias.<\/p>\n\n\n\n<p>Junto com a ERRC 2023, ocorrer\u00e1 o VIII Workshop Regional de Seguran\u00e7a da Informa\u00e7\u00e3o e de Sistemas Computacionais (WRSeg). O WRSeg, evento integrante da ERRC, \u00e9 um f\u00f3rum para discuss\u00e3o e apresenta\u00e7\u00e3o de trabalhos cient\u00edficos e t\u00e9cnicos nas \u00e1reas de seguran\u00e7a da informa\u00e7\u00e3o e de sistemas computacionais. Este f\u00f3rum visa promover a reuni\u00e3o de pesquisadores e profissionais interessados no desenvolvimento da \u00e1rea, fomentando o debate e a troca de experi\u00eancias.<\/p>\n\n\n\n<p>Estamos em busca de contribui\u00e7\u00f5es que impulsionem o conhecimento e promovam avan\u00e7os no campo das redes de computadores. Seja parte deste evento e compartilhe suas descobertas com a comunidade acad\u00eamica.<\/p>\n\n\n\n<hr class=\"wp-block-separator has-alpha-channel-opacity is-style-dots\"\/>\n\n\n\n<h2 class=\"wp-block-heading\">\ud83d\udcc5 Datas Importantes<\/h2>\n\n\n\n<h4 class=\"wp-block-heading\">ERRC<\/h4>\n\n\n\n<ul>\n<li><s>15\/Setembro\/2023: Data limite de registro e submiss\u00e3o de artigos<\/s> <s><mark style=\"background-color:rgba(0, 0, 0, 0)\" class=\"has-inline-color has-black-color\">(Estendido)<\/mark><\/s><\/li>\n\n\n\n<li><mark style=\"background-color:rgba(0, 0, 0, 0)\" class=\"has-inline-color has-black-color\"><s>25\/Setembro\/2023:  Data limite de registro e submiss\u00e3o de artigos (Hard deadline)<\/s><\/mark><\/li>\n\n\n\n<li><s>10\/Outubro\/2023: Notifica\u00e7\u00e3o de aceite dos artigos.<\/s><\/li>\n\n\n\n<li><strong><s>15\/Outubro\/2023: Entrega da vers\u00e3o final dos trabalhos aceitos e Registro de um dos autores na ERRC 2023.<\/s><\/strong><\/li>\n<\/ul>\n\n\n\n<h4 class=\"wp-block-heading\">WRSeg<\/h4>\n\n\n\n<ul>\n<li><s><mark style=\"background-color:rgba(0, 0, 0, 0)\" class=\"has-inline-color has-black-color\">15\/Setembro\/2023: Data limite de registro e submiss\u00e3o de artigos (Estendido)<\/mark><\/s><\/li>\n\n\n\n<li><mark style=\"background-color:rgba(0, 0, 0, 0)\" class=\"has-inline-color has-black-color\"><s>25\/Setembro\/2023:  Data limite de r<\/s><\/mark><s><mark style=\"background-color:rgba(0, 0, 0, 0)\" class=\"has-inline-color has-black-color\">egistro<\/mark><\/s><strong><mark style=\"background-color:rgba(0, 0, 0, 0)\" class=\"has-inline-color has-black-color\"> <\/mark><\/strong><\/li>\n\n\n\n<li><s>29\/Setembro\/2023:  Submiss\u00e3o de artigos (Hard deadline)<\/s><\/li>\n\n\n\n<li><s>10\/Outubro\/2023: Notifica\u00e7\u00e3o de aceite dos artigos.<\/s><\/li>\n\n\n\n<li><strong><s>15\/Outubro\/2023: Entrega da vers\u00e3o final dos trabalhos aceitos e Registro de um dos autores na ERRC 2023.<\/s><\/strong><\/li>\n<\/ul>\n\n\n\n<hr class=\"wp-block-separator has-alpha-channel-opacity is-style-dots\"\/>\n\n\n\n<h3 class=\"wp-block-heading has-text-align-center\">Patroc\u00ednio<\/h3>\n\n\n<div class=\"wp-block-image\">\n<figure class=\"aligncenter size-full is-resized\"><img decoding=\"async\" loading=\"lazy\" src=\"https:\/\/www.inf.ufrgs.br\/errc2023\/wp-content\/uploads\/2023\/08\/cgi-nic_vetor_cor.png\" alt=\"\" class=\"wp-image-483\" width=\"374\" height=\"109\" srcset=\"https:\/\/www.inf.ufrgs.br\/errc2023\/wp-content\/uploads\/2023\/08\/cgi-nic_vetor_cor.png 499w, https:\/\/www.inf.ufrgs.br\/errc2023\/wp-content\/uploads\/2023\/08\/cgi-nic_vetor_cor-300x87.png 300w\" sizes=\"(max-width: 374px) 100vw, 374px\" \/><\/figure><\/div>\n\n\n<div style=\"height:100px\" aria-hidden=\"true\" class=\"wp-block-spacer\"><\/div>\n\n\n\n<h4 class=\"wp-block-heading has-text-align-center\">Institui\u00e7\u00f5es Colaboradoras<\/h4>\n\n\n\n<div class=\"wp-block-columns is-layout-flex wp-container-4\">\n<div class=\"wp-block-column is-layout-flow\"><div class=\"wp-block-image\">\n<figure class=\"aligncenter size-medium is-resized\"><img decoding=\"async\" loading=\"lazy\" src=\"https:\/\/www.inf.ufrgs.br\/errc2023\/wp-content\/uploads\/2023\/07\/ufrgs-logo-6-300x241.png\" alt=\"\" class=\"wp-image-326\" width=\"194\" height=\"176\"\/><\/figure><\/div><\/div>\n\n\n\n<div class=\"wp-block-column is-layout-flow\"><div class=\"wp-block-image\">\n<figure class=\"aligncenter size-full is-resized\"><img decoding=\"async\" loading=\"lazy\" src=\"https:\/\/www.inf.ufrgs.br\/errc2023\/wp-content\/uploads\/2023\/07\/ifrgs.png\" alt=\"\" class=\"wp-image-334\" width=\"200\" height=\"200\" srcset=\"https:\/\/www.inf.ufrgs.br\/errc2023\/wp-content\/uploads\/2023\/07\/ifrgs.png 225w, https:\/\/www.inf.ufrgs.br\/errc2023\/wp-content\/uploads\/2023\/07\/ifrgs-150x150.png 150w\" sizes=\"(max-width: 200px) 100vw, 200px\" \/><\/figure><\/div><\/div>\n\n\n\n<div class=\"wp-block-column is-layout-flow\"><div class=\"wp-block-image\">\n<figure class=\"aligncenter size-medium is-resized\"><img decoding=\"async\" loading=\"lazy\" src=\"https:\/\/www.inf.ufrgs.br\/errc2023\/wp-content\/uploads\/2023\/07\/01-CTISM_color_pequeno-291x300.png\" alt=\"\" class=\"wp-image-328\" width=\"194\" height=\"200\" srcset=\"https:\/\/www.inf.ufrgs.br\/errc2023\/wp-content\/uploads\/2023\/07\/01-CTISM_color_pequeno-291x300.png 291w, https:\/\/www.inf.ufrgs.br\/errc2023\/wp-content\/uploads\/2023\/07\/01-CTISM_color_pequeno-768x791.png 768w, https:\/\/www.inf.ufrgs.br\/errc2023\/wp-content\/uploads\/2023\/07\/01-CTISM_color_pequeno.png 959w\" sizes=\"(max-width: 194px) 100vw, 194px\" \/><\/figure><\/div><\/div>\n<\/div>\n\n\n\n<div class=\"wp-block-columns is-layout-flex wp-container-8\">\n<div class=\"wp-block-column is-layout-flow\"><div class=\"wp-block-image\">\n<figure class=\"aligncenter size-large\"><img decoding=\"async\" loading=\"lazy\" width=\"1024\" height=\"695\" src=\"https:\/\/www.inf.ufrgs.br\/errc2023\/wp-content\/uploads\/2023\/07\/Logo_logotipo_unipampa_cor-1-1024x695.jpg\" alt=\"\" class=\"wp-image-336\" srcset=\"https:\/\/www.inf.ufrgs.br\/errc2023\/wp-content\/uploads\/2023\/07\/Logo_logotipo_unipampa_cor-1-1024x695.jpg 1024w, https:\/\/www.inf.ufrgs.br\/errc2023\/wp-content\/uploads\/2023\/07\/Logo_logotipo_unipampa_cor-1-300x204.jpg 300w, https:\/\/www.inf.ufrgs.br\/errc2023\/wp-content\/uploads\/2023\/07\/Logo_logotipo_unipampa_cor-1-768x521.jpg 768w, https:\/\/www.inf.ufrgs.br\/errc2023\/wp-content\/uploads\/2023\/07\/Logo_logotipo_unipampa_cor-1-1536x1042.jpg 1536w, https:\/\/www.inf.ufrgs.br\/errc2023\/wp-content\/uploads\/2023\/07\/Logo_logotipo_unipampa_cor-1-2048x1389.jpg 2048w\" sizes=\"(max-width: 1024px) 100vw, 1024px\" \/><\/figure><\/div><\/div>\n\n\n\n<div class=\"wp-block-column is-layout-flow\"><div class=\"wp-block-image\">\n<figure class=\"aligncenter size-full\"><img decoding=\"async\" loading=\"lazy\" width=\"300\" height=\"168\" src=\"https:\/\/www.inf.ufrgs.br\/errc2023\/wp-content\/uploads\/2023\/07\/Untitled.png\" alt=\"\" class=\"wp-image-337\"\/><\/figure><\/div><\/div>\n\n\n\n<div class=\"wp-block-column is-layout-flow\"><\/div>\n<\/div>\n","protected":false},"excerpt":{"rendered":"<p>Bem-vindo \u00e0 ERRC 2023! A XX Escola Regional de Redes de Computadores (ERRC 2023) ir\u00e1 acontecer no per\u00edodo de 23 a 25 de Outubro de 2023. A ERRC 2023 est\u00e1 sendo organizada pelo Instituto de Inform\u00e1tica (INF) da Universidade Federal do Rio Grande do Sul (UFRGS), com a colabora\u00e7\u00e3o de diversas outras institui\u00e7\u00f5es de ensino, &hellip; <\/p>\n","protected":false},"author":1,"featured_media":0,"parent":0,"menu_order":0,"comment_status":"closed","ping_status":"closed","template":"","meta":[],"_links":{"self":[{"href":"https:\/\/www.inf.ufrgs.br\/errc2023\/wp-json\/wp\/v2\/pages\/10"}],"collection":[{"href":"https:\/\/www.inf.ufrgs.br\/errc2023\/wp-json\/wp\/v2\/pages"}],"about":[{"href":"https:\/\/www.inf.ufrgs.br\/errc2023\/wp-json\/wp\/v2\/types\/page"}],"author":[{"embeddable":true,"href":"https:\/\/www.inf.ufrgs.br\/errc2023\/wp-json\/wp\/v2\/users\/1"}],"replies":[{"embeddable":true,"href":"https:\/\/www.inf.ufrgs.br\/errc2023\/wp-json\/wp\/v2\/comments?post=10"}],"version-history":[{"count":40,"href":"https:\/\/www.inf.ufrgs.br\/errc2023\/wp-json\/wp\/v2\/pages\/10\/revisions"}],"predecessor-version":[{"id":649,"href":"https:\/\/www.inf.ufrgs.br\/errc2023\/wp-json\/wp\/v2\/pages\/10\/revisions\/649"}],"wp:attachment":[{"href":"https:\/\/www.inf.ufrgs.br\/errc2023\/wp-json\/wp\/v2\/media?parent=10"}],"curies":[{"name":"wp","href":"https:\/\/api.w.org\/{rel}","templated":true}]}}