{"id":13,"date":"2023-05-26T11:16:40","date_gmt":"2023-05-26T14:16:40","guid":{"rendered":"https:\/\/www.inf.ufrgs.br\/errc2023\/?page_id=13"},"modified":"2023-10-22T22:11:27","modified_gmt":"2023-10-23T01:11:27","slug":"chamada-errc-2023","status":"publish","type":"page","link":"https:\/\/www.inf.ufrgs.br\/errc2023\/chamada-de-trabalhos\/chamada-errc-2023\/","title":{"rendered":"Chamada ERRC 2023"},"content":{"rendered":"\n<h2 class=\"wp-block-heading\">\ud83d\udcc3 Chamada para Trabalhos<\/h2>\n\n\n\n<p>Autores s\u00e3o convidados a submeter artigos contendo resultados de suas pesquisas ou suas propostas fundamentadas. Neste ano, al\u00e9m dos trabalhos tradicionalmente publicados (por exemplo resultados de pesquisas), tamb\u00e9m encorajamos a submiss\u00e3o de trabalhos com teor predominante pr\u00e1tico (por exemplo, utiliza\u00e7\u00e3o de tecnologias ou implanta\u00e7\u00e3o de novas ferramentas). Artigos com propostas de pesquisa em andamento tamb\u00e9m s\u00e3o bem-vindos. Neste sentido, a edi\u00e7\u00e3o de 2023 contemplar\u00e1 duas trilha de trabalhos:<\/p>\n\n\n\n<ul>\n<li><strong>Regulares<\/strong> (Trilha Principal):  Esta trilha apresentar\u00e1 os trabalhos de pesquisa relacionados \u00e0s redes de computadores, desenvolvidos pelos acad\u00eamicos de gradua\u00e7\u00e3o das institui\u00e7\u00f5es de ensino superior, preferencialmente, da regi\u00e3o sul do Brasil. Esta trilha tamb\u00e9m apresentar\u00e1 os trabalhos de pesquisa relacionados \u00e0s redes de computadores, desenvolvidos por estudantes de p\u00f3s-gradua\u00e7\u00e3o das institui\u00e7\u00f5es de ensino superior, preferencialmente, da regi\u00e3o sul do Brasil. Discuta novas abordagens, tecnologias e solu\u00e7\u00f5es inovadoras.<\/li>\n\n\n\n<li><strong>Experi\u00eancias<\/strong> <strong>e Demonstra\u00e7\u00f5es<\/strong>: trabalhos que reportam implementa\u00e7\u00f5es de trabalhos t\u00e9cnicos ou experi\u00eancias pr\u00e1ticas com t\u00e9cnicas ou tecnologias emergentes, que tendem a ser realizados em ambientes extra-acad\u00eamicos. Estes podem contemplar a utiliza\u00e7\u00e3o de tecnologias relacionadas a rede (e.g., Mininet) em sala de aula ou a implanta\u00e7\u00e3o de ferramentas na infraestrutura da rede das institui\u00e7\u00f5es.  Apresente casos de estudo, implementa\u00e7\u00f5es bem-sucedidas e li\u00e7\u00f5es aprendidas.<\/li>\n<\/ul>\n\n\n\n<p><\/p>\n\n\n\n<p>Os artigos submetidos \u00e0 escola devem conter de <strong>4 (quatro) a 6 (seis) p\u00e1ginas em l\u00edngua portuguesa ou inglesa<\/strong>. A formata\u00e7\u00e3o do texto deve seguir o estilo da SBC. Caso o artigo seja escrito em portugu\u00eas, ser\u00e1 necess\u00e1rio um <strong>Abstract <\/strong>em ingl\u00eas junto com o <strong>Resumo <\/strong>em portugu\u00eas; caso o artigo seja escrito em ingl\u00eas, n\u00e3o \u00e9 necess\u00e1rio <strong>Resumo <\/strong>em portugu\u00eas, mas \u00e9 necess\u00e1rio o <strong>Abstract <\/strong>em ingl\u00eas. Ser\u00e3o aceitos trabalhos em duas modalidades: artigos completos de no m\u00e1ximo 6 (seis) p\u00e1ginas e resumos estendidos de no m\u00e1ximo 4 (quatro) p\u00e1ginas. O n\u00famero m\u00e1ximo de p\u00e1ginas para ambas as modalidades inclui resumo, abstract, figuras, diagramas, refer\u00eancias e anexos. Todos artigos submetidos dever\u00e3o conter nomes dos autores, incluindo suas respectivas afilia\u00e7\u00f5es, ap\u00f3s o t\u00edtulo.<\/p>\n\n\n\n<p>O template de estilo da SBC est\u00e1 dispon\u00edvel do <a rel=\"noreferrer noopener\" href=\"https:\/\/www.overleaf.com\/latex\/templates\/sbc-conferences-template\/blbxwjwzdngr\" target=\"_blank\">Overleaf<\/a> e em <a rel=\"noreferrer noopener\" href=\"https:\/\/www.sbc.org.br\/documentos-da-sbc\/category\/169-templates-para-artigos-e-capitulos-de-livros\" target=\"_blank\">ZIP<\/a><\/p>\n\n\n\n<hr class=\"wp-block-separator has-alpha-channel-opacity is-style-dots\"\/>\n\n\n\n<h3 class=\"wp-block-heading\">\ud83d\udcc5 Datas Importantes<\/h3>\n\n\n\n<ul>\n<li><s>15\/Setembro\/2023: Data limite de registro e submiss\u00e3o de artigos<\/s> <mark style=\"background-color:rgba(0, 0, 0, 0)\" class=\"has-inline-color has-black-color\"><s>(Estendido)<\/s><\/mark><\/li>\n\n\n\n<li><s><mark style=\"background-color:rgba(0, 0, 0, 0)\" class=\"has-inline-color has-black-color\">25\/Setembro\/2023: Data limite de registro e submiss\u00e3o de artigos<\/mark> (Hard deadline<\/s>)<\/li>\n\n\n\n<li><s>10\/Outubro\/2023: Notifica\u00e7\u00e3o de aceite dos artigos<\/s><\/li>\n\n\n\n<li><strong><s>15\/Outubro\/2023: Entrega da vers\u00e3o final dos trabalhos aceitos e Registro de um dos autores na ERRC 2023<\/s><\/strong><\/li>\n<\/ul>\n\n\n\n<h4 class=\"wp-block-heading\">\ud83d\udc69\u200d\ud83c\udfeb Comit\u00ea de Programa<\/h4>\n\n\n\n<p>Cada trabalho ser\u00e1 avaliado por tr\u00eas ou mais especialistas. A lista dos membros do comit\u00ea de programa est\u00e1 dispon\u00edvel <a href=\"https:\/\/www.inf.ufrgs.br\/errc2023\/organizacao\/edicao-2023\/\" data-type=\"page\">aqui<\/a>.<\/p>\n\n\n\n<hr class=\"wp-block-separator has-alpha-channel-opacity is-style-dots\"\/>\n\n\n\n<h3 class=\"wp-block-heading\">\ud83d\udcda T\u00f3picos de Interesse (lista n\u00e3o exaustiva)<\/h3>\n\n\n\n<ul>\n<li class=\"has-medium-font-size\">Arquitetura de redes<\/li>\n\n\n\n<li class=\"has-medium-font-size\">Blockchain<\/li>\n\n\n\n<li class=\"has-medium-font-size\">Computa\u00e7\u00e3o na nuvem<\/li>\n\n\n\n<li class=\"has-medium-font-size\">Computa\u00e7\u00e3o orientada a servi\u00e7os<\/li>\n\n\n\n<li class=\"has-medium-font-size\">Computa\u00e7\u00e3o sens\u00edvel ao contexto<\/li>\n\n\n\n<li class=\"has-medium-font-size\">Computa\u00e7\u00e3o ub\u00edqua\/pervasiva<\/li>\n\n\n\n<li class=\"has-medium-font-size\">Desempenho, escalabilidade e confiabilidade<\/li>\n\n\n\n<li class=\"has-medium-font-size\">Distributed Ledger Technology (DLT)<\/li>\n\n\n\n<li class=\"has-medium-font-size\">Engenharia e controle de tr\u00e1fego<\/li>\n\n\n\n<li class=\"has-medium-font-size\">Especifica\u00e7\u00e3o, valida\u00e7\u00e3o e verifica\u00e7\u00e3o<\/li>\n\n\n\n<li class=\"has-medium-font-size\">Internet do Futuro<\/li>\n\n\n\n<li class=\"has-medium-font-size\">Gerenciamento e opera\u00e7\u00e3o de redes<\/li>\n\n\n\n<li class=\"has-medium-font-size\">Internet das Coisas (IoT)<\/li>\n\n\n\n<li class=\"has-medium-font-size\">Internet Industrial (IIoT)<\/li>\n\n\n\n<li class=\"has-medium-font-size\">Medi\u00e7\u00e3o e monitora\u00e7\u00e3o de redes<\/li>\n\n\n\n<li class=\"has-medium-font-size\">Projeto e an\u00e1lise de redes<\/li>\n\n\n\n<li class=\"has-medium-font-size\">Protocolos de redes<\/li>\n\n\n\n<li class=\"has-medium-font-size\">Qualidade de experi\u00eancia e de servi\u00e7os<\/li>\n\n\n\n<li class=\"has-medium-font-size\">Redes auton\u00f4micas e auto-organiz\u00e1veis<\/li>\n\n\n\n<li class=\"has-medium-font-size\">Redes centradas em informa\u00e7\u00e3o (ICN)<\/li>\n\n\n\n<li class=\"has-medium-font-size\">Redes definidas por software (SDN)<\/li>\n\n\n\n<li class=\"has-medium-font-size\">Redes de sensores<\/li>\n\n\n\n<li class=\"has-medium-font-size\">Redes P2P<\/li>\n\n\n\n<li class=\"has-medium-font-size\">Redes m\u00f3veis<\/li>\n\n\n\n<li class=\"has-medium-font-size\">Redes \u00f3pticas<\/li>\n\n\n\n<li class=\"has-medium-font-size\">Redes program\u00e1veis<\/li>\n\n\n\n<li class=\"has-medium-font-size\">Redes sem fio<\/li>\n\n\n\n<li class=\"has-medium-font-size\">Redes sociais<\/li>\n\n\n\n<li class=\"has-medium-font-size\">Redes sustent\u00e1veis (Green Networking)<\/li>\n\n\n\n<li class=\"has-medium-font-size\">Redes tolerantes a atrasos\/interrup\u00e7\u00f5es<\/li>\n\n\n\n<li class=\"has-medium-font-size\">Redes veiculares<\/li>\n\n\n\n<li class=\"has-medium-font-size\">Roteamento, comuta\u00e7\u00e3o e endere\u00e7amento<\/li>\n\n\n\n<li class=\"has-medium-font-size\">Seguran\u00e7a em redes<\/li>\n\n\n\n<li class=\"has-medium-font-size\">Servi\u00e7os Web<\/li>\n\n\n\n<li class=\"has-medium-font-size\">Tecnologia e acesso de banda larga<\/li>\n\n\n\n<li class=\"has-medium-font-size\">Toler\u00e2ncia a falhas e resili\u00eancia<\/li>\n\n\n\n<li class=\"has-medium-font-size\">TV Digital<\/li>\n\n\n\n<li class=\"has-medium-font-size\">Virtualiza\u00e7\u00e3o de Fun\u00e7\u00f5es de Rede (NFV)<\/li>\n\n\n\n<li class=\"has-medium-font-size\">Virtualiza\u00e7\u00e3o de redes<\/li>\n<\/ul>\n\n\n\n<h3 class=\"wp-block-heading\">\u270f\ufe0f Instru\u00e7\u00f5es aos Autores<\/h3>\n\n\n\n<p>Todos os artigos devem ser elaborados no formato SBC, com tamanho m\u00ednimo de 4 p\u00e1ginas e m\u00e1ximo de 6 p\u00e1ginas em l\u00edngua portuguesa ou inglesa. A formata\u00e7\u00e3o do texto deve seguir o estilo da SBC. Caso o artigo seja escrito em portugu\u00eas, ser\u00e1 necess\u00e1rio um <strong>Abstract <\/strong>em ingl\u00eas junto com o <strong>Resumo <\/strong>em portugu\u00eas; caso o artigo seja escrito em ingl\u00eas, n\u00e3o \u00e9 necess\u00e1rio <strong>Resumo <\/strong>em portugu\u00eas, mas \u00e9 necess\u00e1rio o <strong>Abstract <\/strong>em ingl\u00eas.  Todos artigos submetidos dever\u00e3o conter nomes dos autores, incluindo suas respectivas afilia\u00e7\u00f5es ap\u00f3s o t\u00edtulo.<\/p>\n\n\n\n<p>O template de estilo da SBC est\u00e1 dispon\u00edvel do <a rel=\"noreferrer noopener\" href=\"https:\/\/www.overleaf.com\/latex\/templates\/sbc-conferences-template\/blbxwjwzdngr\" target=\"_blank\">Overleaf<\/a> e em <a rel=\"noreferrer noopener\" href=\"https:\/\/www.sbc.org.br\/documentos-da-sbc\/category\/169-templates-para-artigos-e-capitulos-de-livros\" target=\"_blank\">ZIP<\/a>.<\/p>\n\n\n\n<p>As submiss\u00f5es ser\u00e3o exclusivamente eletr\u00f4nicas atrav\u00e9s do <a href=\"https:\/\/jems3.sbc.org.br\/errc2023\">sistema JEMS<\/a> da SBC.<\/p>\n\n\n\n<hr class=\"wp-block-separator has-alpha-channel-opacity is-style-dots\"\/>\n\n\n\n<div class=\"wp-block-buttons is-content-justification-center is-layout-flex wp-container-1\">\n<div class=\"wp-block-button\"><a class=\"wp-block-button__link has-white-color has-midnight-gradient-background has-text-color has-background wp-element-button\" href=\"https:\/\/jems3.sbc.org.br\/errc2023\"><strong>Submeter Artigo<\/strong><\/a><\/div>\n<\/div>\n","protected":false},"excerpt":{"rendered":"<p>\ud83d\udcc3 Chamada para Trabalhos Autores s\u00e3o convidados a submeter artigos contendo resultados de suas pesquisas ou suas propostas fundamentadas. Neste ano, al\u00e9m dos trabalhos tradicionalmente publicados (por exemplo resultados de pesquisas), tamb\u00e9m encorajamos a submiss\u00e3o de trabalhos com teor predominante pr\u00e1tico (por exemplo, utiliza\u00e7\u00e3o de tecnologias ou implanta\u00e7\u00e3o de novas ferramentas). Artigos com propostas de &hellip; <\/p>\n","protected":false},"author":1,"featured_media":0,"parent":78,"menu_order":0,"comment_status":"closed","ping_status":"closed","template":"","meta":[],"_links":{"self":[{"href":"https:\/\/www.inf.ufrgs.br\/errc2023\/wp-json\/wp\/v2\/pages\/13"}],"collection":[{"href":"https:\/\/www.inf.ufrgs.br\/errc2023\/wp-json\/wp\/v2\/pages"}],"about":[{"href":"https:\/\/www.inf.ufrgs.br\/errc2023\/wp-json\/wp\/v2\/types\/page"}],"author":[{"embeddable":true,"href":"https:\/\/www.inf.ufrgs.br\/errc2023\/wp-json\/wp\/v2\/users\/1"}],"replies":[{"embeddable":true,"href":"https:\/\/www.inf.ufrgs.br\/errc2023\/wp-json\/wp\/v2\/comments?post=13"}],"version-history":[{"count":64,"href":"https:\/\/www.inf.ufrgs.br\/errc2023\/wp-json\/wp\/v2\/pages\/13\/revisions"}],"predecessor-version":[{"id":647,"href":"https:\/\/www.inf.ufrgs.br\/errc2023\/wp-json\/wp\/v2\/pages\/13\/revisions\/647"}],"up":[{"embeddable":true,"href":"https:\/\/www.inf.ufrgs.br\/errc2023\/wp-json\/wp\/v2\/pages\/78"}],"wp:attachment":[{"href":"https:\/\/www.inf.ufrgs.br\/errc2023\/wp-json\/wp\/v2\/media?parent=13"}],"curies":[{"name":"wp","href":"https:\/\/api.w.org\/{rel}","templated":true}]}}