{"id":132,"date":"2023-05-26T14:40:57","date_gmt":"2023-05-26T17:40:57","guid":{"rendered":"https:\/\/www.inf.ufrgs.br\/errc2023\/?page_id=132"},"modified":"2023-10-10T13:07:13","modified_gmt":"2023-10-10T16:07:13","slug":"localizacao","status":"publish","type":"page","link":"https:\/\/www.inf.ufrgs.br\/errc2023\/local-do-evento\/localizacao\/","title":{"rendered":"Localiza\u00e7\u00e3o"},"content":{"rendered":"\n<h3 class=\"wp-block-heading\">\ud83d\uddfa\ufe0f Como Chegar?<\/h3>\n\n\n\n<p>A Escola Regional de Redes de Computadores (ERRC 2023), um evento de grande relev\u00e2ncia na \u00e1rea de tecnologia, ter\u00e1 sua realiza\u00e7\u00e3o no Instituto de Inform\u00e1tica (INF) da Universidade Federal do Rio Grande do Sul (UFRGS), localizado em Porto Alegre. <\/p>\n\n\n\n<p>O INF est\u00e1 situado no Campus do Vale da UFRGS, na Avenida Bento Gon\u00e7alves, 9500.<\/p>\n\n\n\n<p><strong>O evento acontecer\u00e1 no CEI &#8211; Centro de Empreendimentos em Inform\u00e1tica (Pr\u00e9dio 43424).<\/strong><\/p>\n\n\n\n<h4 class=\"wp-block-heading\">\ud83d\ude8c Transporte P\u00falico<\/h4>\n\n\n\n<p>Para chegar ao INF da UFRGS utilizando tranporte p\u00fablico, voc\u00ea pode utilizar as seguintes linhas:<\/p>\n\n\n\n<ul>\n<li>Linha 375: Agronomia\/Inform\u00e1tica:\n<ul>\n<li>A linha 375 faz o trajeto entre o Campus da UFRGS e o Centro Hist\u00f3rico de Porto Alegre. Passa por diversos bairros, como Restinga Nova, Lomba do Pinheiro, Cavalhada e Menino Deus. \u00c9 uma op\u00e7\u00e3o de transporte p\u00fablico para quem deseja se deslocar entre a regi\u00e3o sul da cidade e o centro. <a href=\"https:\/\/moovitapp.com\/index\/pt-br\/transporte_p%C3%BAblico-line-375-Porto_Alegre-964-3752596-142173067-0\">Ver rota.<\/a><\/li>\n<\/ul>\n<\/li>\n\n\n\n<li>Linha 343: Campus \/ Ipiranga &#8211; Bairro\/Centro:\n<ul>\n<li>A linha 343 realiza o trajeto entre o Bairro Ipiranga e o Centro de Porto Alegre, passando pelo Campus da UFRGS. \u00c9 uma op\u00e7\u00e3o de transporte p\u00fablico para quem deseja se deslocar entre a regi\u00e3o da Ipiranga e o centro da cidade, com paradas estrat\u00e9gicas no campus universit\u00e1rio. A linha percorre bairros como Santana, Menino Deus e Cidade Baixa, oferecendo acesso a \u00e1reas residenciais, comerciais e educacionais ao longo do percurso. <a href=\"https:\/\/moovitapp.com\/index\/pt-br\/transporte_p%C3%BAblico-line-343-Porto_Alegre-964-3752595-142173010-0\">Ver rota<\/a><\/li>\n<\/ul>\n<\/li>\n<\/ul>\n\n\n\n<p>O Programa de Educa\u00e7\u00e3o Tutorial (PET) da Computa\u00e7\u00e3o do INF tamb\u00e9m desenvolveu um <strong>guia de como chegar no INF<\/strong> utilizando transporte p\u00fablico. O guia est\u00e1 dispon\u00edvel <a href=\"https:\/\/www.inf.ufrgs.br\/site\/noticia\/pet-guia-como-chegar-no-inf\/\">aqui.<\/a><\/p>\n\n\n\n<h4 class=\"wp-block-heading\">\ud83d\ude97 Transporte Privado<\/h4>\n\n\n\n<p>Para chegar de carro, voc\u00ea pode utilizar o seguinte trajeto:<\/p>\n\n\n\n<ul>\n<li>Saindo do centro de Porto Alegre, siga pela Avenida Bento Gon\u00e7alves em dire\u00e7\u00e3o \u00e0 Viam\u00e3o.<\/li>\n\n\n\n<li>Continue na Bento Gon\u00e7alves at\u00e9 chegar ao Campus do Vale da UFRGS, pr\u00f3ximo ao Parque Agr\u00edcola da Universidade.<\/li>\n\n\n\n<li>Siga as placas indicativas para o Instituto de Inform\u00e1tica (INF), onde o evento ser\u00e1 realizado.<\/li>\n\n\n\n<li>No INF, siga as placas indicativas para a ERRC 2023.<\/li>\n<\/ul>\n\n\n\n<p>Existe a disponibilidade de estacionamento no local (Setor 4).<\/p>\n\n\n\n<p>Caso opte por uso de aplicativos de tranporte (por exemplo, Uber ou 99Taxi),  o custo, saindo da rodovi\u00e1ria de Porto Alegre \u00e9 de aproximadamente R$ 30,00 e dura 30 minutos. <\/p>\n\n\n\n<hr class=\"wp-block-separator has-alpha-channel-opacity is-style-dots\"\/>\n\n\n\n<p><strong>Esperamos v\u00ea-lo(a) na Escola Regional de Redes de Computadores no Instituto de Inform\u00e1tica da UFRGS. Se tiver mais d\u00favidas sobre como chegar, n\u00e3o hesite em entrar em contato conosco.<\/strong><\/p>\n\n\n\n<h3 class=\"wp-block-heading\">\ud83d\udccdLocaliza\u00e7\u00e3o <\/h3>\n\n\n\n<iframe src=\"https:\/\/www.google.com\/maps\/embed?pb=!1m18!1m12!1m3!1d3452.890914986293!2d-51.12282762580338!3d-30.068661174911387!2m3!1f0!2f0!3f0!3m2!1i1024!2i768!4f13.1!3m3!1m2!1s0x95199db9131a1ced%3A0xed551194b8197a16!2sCEI%20-%20Centro%20de%20Empreendimentos%20em%20Inform%C3%A1tica%20-%20UFRGS!5e0!3m2!1sen!2sbr!4v1696953082190!5m2!1sen!2sbr\" width=\"600\" height=\"450\" style=\"border:0;\" allowfullscreen=\"\" loading=\"lazy\" referrerpolicy=\"no-referrer-when-downgrade\"><\/iframe>\n\n\n\n<h3 class=\"wp-block-heading\">\ud83d\udcf8 Fotos do INF<\/h3>\n\n\n\n<figure class=\"wp-block-gallery has-nested-images columns-default is-cropped wp-block-gallery-1 is-layout-flex\">\n<figure class=\"wp-block-image size-large\"><img decoding=\"async\" loading=\"lazy\" width=\"1024\" height=\"678\" data-id=\"392\"  src=\"https:\/\/www.inf.ufrgs.br\/errc2023\/wp-content\/uploads\/2023\/07\/entrada-1024x678.jpg\" alt=\"\" class=\"wp-image-392\" srcset=\"https:\/\/www.inf.ufrgs.br\/errc2023\/wp-content\/uploads\/2023\/07\/entrada-1024x678.jpg 1024w, https:\/\/www.inf.ufrgs.br\/errc2023\/wp-content\/uploads\/2023\/07\/entrada-300x199.jpg 300w, https:\/\/www.inf.ufrgs.br\/errc2023\/wp-content\/uploads\/2023\/07\/entrada-768x508.jpg 768w, https:\/\/www.inf.ufrgs.br\/errc2023\/wp-content\/uploads\/2023\/07\/entrada-1536x1017.jpg 1536w, https:\/\/www.inf.ufrgs.br\/errc2023\/wp-content\/uploads\/2023\/07\/entrada.jpg 1737w\" sizes=\"(max-width: 1024px) 100vw, 1024px\" \/><\/figure>\n\n\n\n<figure class=\"wp-block-image size-large\"><img decoding=\"async\" loading=\"lazy\" width=\"1024\" height=\"724\" data-id=\"396\"  src=\"https:\/\/www.inf.ufrgs.br\/errc2023\/wp-content\/uploads\/2023\/07\/inf211216_051-e1482416281926-1024x724.jpg\" alt=\"\" class=\"wp-image-396\" srcset=\"https:\/\/www.inf.ufrgs.br\/errc2023\/wp-content\/uploads\/2023\/07\/inf211216_051-e1482416281926-1024x724.jpg 1024w, https:\/\/www.inf.ufrgs.br\/errc2023\/wp-content\/uploads\/2023\/07\/inf211216_051-e1482416281926-300x212.jpg 300w, https:\/\/www.inf.ufrgs.br\/errc2023\/wp-content\/uploads\/2023\/07\/inf211216_051-e1482416281926-768x543.jpg 768w, https:\/\/www.inf.ufrgs.br\/errc2023\/wp-content\/uploads\/2023\/07\/inf211216_051-e1482416281926-1536x1086.jpg 1536w, https:\/\/www.inf.ufrgs.br\/errc2023\/wp-content\/uploads\/2023\/07\/inf211216_051-e1482416281926.jpg 1721w\" sizes=\"(max-width: 1024px) 100vw, 1024px\" \/><\/figure>\n<\/figure>\n","protected":false},"excerpt":{"rendered":"<p>\ud83d\uddfa\ufe0f Como Chegar? A Escola Regional de Redes de Computadores (ERRC 2023), um evento de grande relev\u00e2ncia na \u00e1rea de tecnologia, ter\u00e1 sua realiza\u00e7\u00e3o no Instituto de Inform\u00e1tica (INF) da Universidade Federal do Rio Grande do Sul (UFRGS), localizado em Porto Alegre. O INF est\u00e1 situado no Campus do Vale da UFRGS, na Avenida Bento &hellip; <\/p>\n","protected":false},"author":1,"featured_media":0,"parent":444,"menu_order":0,"comment_status":"closed","ping_status":"closed","template":"","meta":[],"_links":{"self":[{"href":"https:\/\/www.inf.ufrgs.br\/errc2023\/wp-json\/wp\/v2\/pages\/132"}],"collection":[{"href":"https:\/\/www.inf.ufrgs.br\/errc2023\/wp-json\/wp\/v2\/pages"}],"about":[{"href":"https:\/\/www.inf.ufrgs.br\/errc2023\/wp-json\/wp\/v2\/types\/page"}],"author":[{"embeddable":true,"href":"https:\/\/www.inf.ufrgs.br\/errc2023\/wp-json\/wp\/v2\/users\/1"}],"replies":[{"embeddable":true,"href":"https:\/\/www.inf.ufrgs.br\/errc2023\/wp-json\/wp\/v2\/comments?post=132"}],"version-history":[{"count":23,"href":"https:\/\/www.inf.ufrgs.br\/errc2023\/wp-json\/wp\/v2\/pages\/132\/revisions"}],"predecessor-version":[{"id":607,"href":"https:\/\/www.inf.ufrgs.br\/errc2023\/wp-json\/wp\/v2\/pages\/132\/revisions\/607"}],"up":[{"embeddable":true,"href":"https:\/\/www.inf.ufrgs.br\/errc2023\/wp-json\/wp\/v2\/pages\/444"}],"wp:attachment":[{"href":"https:\/\/www.inf.ufrgs.br\/errc2023\/wp-json\/wp\/v2\/media?parent=132"}],"curies":[{"name":"wp","href":"https:\/\/api.w.org\/{rel}","templated":true}]}}