{"id":14,"date":"2023-05-26T11:16:40","date_gmt":"2023-05-26T14:16:40","guid":{"rendered":"https:\/\/www.inf.ufrgs.br\/errc2023\/?page_id=14"},"modified":"2023-10-20T13:36:24","modified_gmt":"2023-10-20T16:36:24","slug":"inscricao","status":"publish","type":"page","link":"https:\/\/www.inf.ufrgs.br\/errc2023\/inscricao\/","title":{"rendered":"Inscri\u00e7\u00e3o"},"content":{"rendered":"\n<p>A inscri\u00e7\u00e3o evento ser\u00e1 realizada utilizando o sistema <a href=\"https:\/\/centraldesistemas.sbc.org.br\/ecos\/errc2023\/\">ECOS<\/a> da SBC.<\/p>\n\n\n<div class=\"wp-block-image\">\n<figure class=\"aligncenter size-large\"><img decoding=\"async\" loading=\"lazy\" width=\"1024\" height=\"168\" src=\"https:\/\/www.inf.ufrgs.br\/errc2023\/wp-content\/uploads\/2023\/07\/banner_COMBO-1024x168.png\" alt=\"\" class=\"wp-image-400\" srcset=\"https:\/\/www.inf.ufrgs.br\/errc2023\/wp-content\/uploads\/2023\/07\/banner_COMBO-1024x168.png 1024w, https:\/\/www.inf.ufrgs.br\/errc2023\/wp-content\/uploads\/2023\/07\/banner_COMBO-300x49.png 300w, https:\/\/www.inf.ufrgs.br\/errc2023\/wp-content\/uploads\/2023\/07\/banner_COMBO-768x126.png 768w, https:\/\/www.inf.ufrgs.br\/errc2023\/wp-content\/uploads\/2023\/07\/banner_COMBO-1536x251.png 1536w, https:\/\/www.inf.ufrgs.br\/errc2023\/wp-content\/uploads\/2023\/07\/banner_COMBO-2048x335.png 2048w\" sizes=\"(max-width: 1024px) 100vw, 1024px\" \/><\/figure><\/div>\n\n\n<div style=\"height:29px\" aria-hidden=\"true\" class=\"wp-block-spacer\"><\/div>\n\n\n\n<div class=\"wp-block-buttons is-content-justification-center is-layout-flex wp-container-1\">\n<div class=\"wp-block-button has-custom-font-size is-style-fill has-medium-font-size\"><a class=\"wp-block-button__link has-white-color has-midnight-gradient-background has-text-color has-background wp-element-button\" href=\"https:\/\/centraldesistemas.sbc.org.br\/ecos\/errc2023\/\"><strong>Ir para a Inscri\u00e7\u00e3o<\/strong><\/a><\/div>\n<\/div>\n\n\n\n<h2 class=\"wp-block-heading\">Informa\u00e7\u00f5es Gerais<\/h2>\n\n\n\n<ul>\n<li>Esse evento \u00e9 realizado pela Sociedade Brasileira de Computa\u00e7\u00e3o \u2013 SBC, a SBC \u00e9 uma associa\u00e7\u00e3o civil, sem fins lucrativos, que estimula o desenvolvimento tecnol\u00f3gico e cient\u00edfico do pa\u00eds e \u00e9 a maior sociedade de computa\u00e7\u00e3o da Am\u00e9rica do Sul.<\/li>\n\n\n\n<li><strong>Os pagamentos por boleto e d\u00e9bito encerram-se dia 18\/10\/2023, os pagamentos por cart\u00e3o de cr\u00e9dito, nota de empenho e faturamento ficar\u00e3o abertos at\u00e9 o \u00faltimo dia do evento.<\/strong><\/li>\n\n\n\n<li>Os associados da SBC devem estar em dia com a anuidade de 2023 para terem direito aos valores reduzidos.<\/li>\n\n\n\n<li>A taxa de inscri\u00e7\u00e3o cobre a participa\u00e7\u00e3o nas sess\u00f5es da ERRC\/WRSeg, palestras, minicursos e emiss\u00e3o de certificado de participa\u00e7\u00e3o (em formato digital).<\/li>\n\n\n\n<li>O autor do artigo que realizar\u00e1 a apresenta\u00e7\u00e3o deve estar com sua inscri\u00e7\u00e3o registrada e paga em qualquer categoria at\u00e9 15\/10\/2023. Sendo que no m\u00ednimo um autor por artigo deve estar devidamente inscrito no evento.<\/li>\n\n\n\n<li>Ser\u00e1 exigido no momento da inscri\u00e7\u00e3o no sistema ECOS, para as categorias que necessitam de algum tipo comprova\u00e7\u00e3o, o upload que ateste a categoria escolhida. A verifica\u00e7\u00e3o desse documento pode levar at\u00e9 2 dias \u00fateis. Logo, sugerimos que para evitar algum transtorno n\u00e3o deixe para o \u00faltimo dia da faixa de inscri\u00e7\u00e3o. Somente ap\u00f3s a valida\u00e7\u00e3o pela equipe da SBC, as formas de pagamento ser\u00e3o liberadas. O inscrito receber\u00e1 e-mails informativos em todas as etapas da evolu\u00e7\u00e3o da inscri\u00e7\u00e3o dele na ERRC 2023.<\/li>\n\n\n\n<li>Os valores de inscri\u00e7\u00e3o para a ERRC 2023 est\u00e3o listados na sequ\u00eancia. Destacamos que estudantes e profissionais n\u00e3o s\u00e3o associados \u00e0 <a href=\"https:\/\/www.sbc.org.br\">SBC<\/a> podem se associar (ou renovar a associa\u00e7\u00e3o) no processo de inscri\u00e7\u00e3o. Inscrever-se com associa\u00e7\u00e3o \u00e0 SBC \u00e9 a op\u00e7\u00e3o mais vantajosa para os n\u00e3o associados \u00e0 SBC, confira os benef\u00edcios de se associar \u00e0 SBC.<\/li>\n\n\n\n<li>Inscri\u00e7\u00f5es por Nota de Empenho e Faturamento: O participante dever\u00e1 acessar o sistema ECOS e realizar a inscri\u00e7\u00e3o, selecionando a forma de pagamento &#8220;nota de empenho&#8221; ou &#8220;faturamento&#8221; e clicar em pagar, o sistema fornecer\u00e1 as informa\u00e7\u00f5es necess\u00e1rias que devem constar na nota de empenho ou o pedido de faturamento.<\/li>\n\n\n\n<li>Inscri\u00e7\u00f5es que optarem por pagamento atrav\u00e9s de boleto podem levar at\u00e9 3 dias \u00fateis pra serem atualizadas no sistema.<\/li>\n<\/ul>\n\n\n\n<p><\/p>\n\n\n\n<ul>\n<li><strong>O Evento de Confraterniza\u00e7\u00e3o (opcional)<\/strong> ter\u00e1 uma taxa adicional de R$ 50,00 por pessoa e dever\u00e1 ser selecionado pelos interessados como &#8220;Atividade Extra&#8221; no momento da inscri\u00e7\u00e3o. \n<ul>\n<li>A confraterniza\u00e7\u00e3o incluir\u00e1 jantar e ter\u00e1 uma atmosfera ideal para que  os participantes possam realizar networking e conversar com a comunidade.<\/li>\n<\/ul>\n<\/li>\n<\/ul>\n\n\n\n<hr class=\"wp-block-separator has-alpha-channel-opacity is-style-dots\"\/>\n\n\n\n<h2 class=\"wp-block-heading\">Valores \/ Investimento<\/h2>\n\n\n\n<figure class=\"wp-block-table is-style-stripes\"><table class=\"has-white-background-color has-background has-fixed-layout\"><thead><tr><th class=\"has-text-align-center\" data-align=\"center\">Categorias<\/th><th class=\"has-text-align-center\" data-align=\"center\">At\u00e9 15\/10\/2023<\/th><th class=\"has-text-align-center\" data-align=\"center\">At\u00e9 22\/10\/2023<\/th><\/tr><\/thead><tbody><tr><td class=\"has-text-align-center\" data-align=\"center\"><strong>Estudante <\/strong>associado \u00e0 SBC com anuidade vigente<\/td><td class=\"has-text-align-center\" data-align=\"center\">R$ 10,00<\/td><td class=\"has-text-align-center\" data-align=\"center\">R$ 30,00<\/td><\/tr><tr><td class=\"has-text-align-center\" data-align=\"center\"><strong>Estudante<\/strong> associado \u00e0 SBC com anuidade vencendo em at\u00e9 90 dias (COMBO: inscri\u00e7\u00e3o no evento + renova\u00e7\u00e3o da associa\u00e7\u00e3o \u00e0 SBC)<\/td><td class=\"has-text-align-center\" data-align=\"center\">R$38,94<\/td><td class=\"has-text-align-center\" data-align=\"center\">R$58,94<\/td><\/tr><tr><td class=\"has-text-align-center\" data-align=\"center\"><strong>Estudante<\/strong> n\u00e3o associado ou com associa\u00e7\u00e3o n\u00e3o vigente \u00e0 SBC (COMBO: inscri\u00e7\u00e3o no evento + associa\u00e7\u00e3o \u00e0 SBC)<\/td><td class=\"has-text-align-center\" data-align=\"center\">R$38,94<\/td><td class=\"has-text-align-center\" data-align=\"center\">R$58,94<\/td><\/tr><tr><td class=\"has-text-align-center\" data-align=\"center\"><strong>Estudante<\/strong> n\u00e3o associado \u00e0 SBC (Somente inscri\u00e7\u00e3o no evento)<\/td><td class=\"has-text-align-center\" data-align=\"center\">R$ 40,00<\/td><td class=\"has-text-align-center\" data-align=\"center\">R$ 62,00<\/td><\/tr><tr><td class=\"has-text-align-center\" data-align=\"center\">&#8211;<\/td><td class=\"has-text-align-center\" data-align=\"center\">&#8211;<\/td><td class=\"has-text-align-center\" data-align=\"center\">&#8211;<\/td><\/tr><tr><td class=\"has-text-align-center\" data-align=\"center\"><strong>Estudante de p\u00f3s-gradua\u00e7\u00e3o<\/strong> associado \u00e0 SBC com anuidade vigente<\/td><td class=\"has-text-align-center\" data-align=\"center\">R$ 30,00<\/td><td class=\"has-text-align-center\" data-align=\"center\">R$ 50,00<\/td><\/tr><tr><td class=\"has-text-align-center\" data-align=\"center\"><strong>Estudante de p\u00f3s-gradua\u00e7\u00e3o<\/strong> associado \u00e0 SBC com anuidade vencendo em at\u00e9 90 dias (COMBO: inscri\u00e7\u00e3o no evento + renova\u00e7\u00e3o da associa\u00e7\u00e3o \u00e0 SBC)<\/td><td class=\"has-text-align-center\" data-align=\"center\">R$ 148,18<\/td><td class=\"has-text-align-center\" data-align=\"center\">R$ 168,18<\/td><\/tr><tr><td class=\"has-text-align-center\" data-align=\"center\"><strong>Estudante de p\u00f3s-gradua\u00e7\u00e3o<\/strong> n\u00e3o associado ou com associa\u00e7\u00e3o n\u00e3o vigente \u00e0 SBC (COMBO inscri\u00e7\u00e3o no evento + associa\u00e7\u00e3o \u00e0 SBC)<\/td><td class=\"has-text-align-center\" data-align=\"center\">R$ 148,18<\/td><td class=\"has-text-align-center\" data-align=\"center\">R$ 168,18<\/td><\/tr><tr><td class=\"has-text-align-center\" data-align=\"center\"><strong>Estudante de p\u00f3s-gradua\u00e7\u00e3o<\/strong> n\u00e3o associado \u00e0 SBC (Somente inscri\u00e7\u00e3o no evento)<\/td><td class=\"has-text-align-center\" data-align=\"center\">R$ 50,00<\/td><td class=\"has-text-align-center\" data-align=\"center\">R$ 70,00<\/td><\/tr><tr><td class=\"has-text-align-center\" data-align=\"center\">&#8211;<\/td><td class=\"has-text-align-center\" data-align=\"center\">&#8211;<\/td><td class=\"has-text-align-center\" data-align=\"center\">&#8211;<\/td><\/tr><tr><td class=\"has-text-align-center\" data-align=\"center\"><strong>Profissional <\/strong>associado \u00e0 SBC com anuidade vigente<\/td><td class=\"has-text-align-center\" data-align=\"center\">R$ 50,00<\/td><td class=\"has-text-align-center\" data-align=\"center\">R$ 70,00<\/td><\/tr><tr><td class=\"has-text-align-center\" data-align=\"center\"><strong>Profissional <\/strong>associado \u00e0 SBC com anuidade vencendo em at\u00e9 90 dias (COMBO: inscri\u00e7\u00e3o no evento + renova\u00e7\u00e3o da associa\u00e7\u00e3o \u00e0 SBC)<\/td><td class=\"has-text-align-center\" data-align=\"center\">R$ 386,48<\/td><td class=\"has-text-align-center\" data-align=\"center\">R$ 406,48<\/td><\/tr><tr><td class=\"has-text-align-center\" data-align=\"center\"><strong>Profissional <\/strong>n\u00e3o associado ou com associa\u00e7\u00e3o n\u00e3o vigente \u00e0 SBC (COMBO: inscri\u00e7\u00e3o no evento + associa\u00e7\u00e3o \u00e0 SBC)<\/td><td class=\"has-text-align-center\" data-align=\"center\">R$ 386,48<\/td><td class=\"has-text-align-center\" data-align=\"center\">R$ 406,48<\/td><\/tr><tr><td class=\"has-text-align-center\" data-align=\"center\"><strong>Profissional <\/strong>n\u00e3o associado \u00e0 SBC (Somente inscri\u00e7\u00e3o no evento)<\/td><td class=\"has-text-align-center\" data-align=\"center\">R$ 80,00<\/td><td class=\"has-text-align-center\" data-align=\"center\">R$ 100,00<\/td><\/tr><tr><td class=\"has-text-align-center\" data-align=\"center\">&#8211;<\/td><td class=\"has-text-align-center\" data-align=\"center\">&#8211;<\/td><td class=\"has-text-align-center\" data-align=\"center\">&#8211;<\/td><\/tr><tr><td class=\"has-text-align-center\" data-align=\"center\"><strong>Professor de educa\u00e7\u00e3o b\u00e1sica<\/strong> associado \u00e0 SBC com anuidade vigente<\/td><td class=\"has-text-align-center\" data-align=\"center\">R$ 40,00<\/td><td class=\"has-text-align-center\" data-align=\"center\">R$ 60,00<\/td><\/tr><tr><td class=\"has-text-align-center\" data-align=\"center\"><strong>Professor de educa\u00e7\u00e3o b\u00e1sica <\/strong>associado \u00e0 SBC com anuidade vencendo em at\u00e9 90 dias (COMBO: inscri\u00e7\u00e3o no evento + renova\u00e7\u00e3o da associa\u00e7\u00e3o \u00e0 SBC)<\/td><td class=\"has-text-align-center\" data-align=\"center\">R$ 158,18<\/td><td class=\"has-text-align-center\" data-align=\"center\">R$ 178,18<\/td><\/tr><tr><td class=\"has-text-align-center\" data-align=\"center\"><strong>Professor de educa\u00e7\u00e3o b\u00e1sica <\/strong>n\u00e3o associado ou com associa\u00e7\u00e3o n\u00e3o vigente \u00e0 SBC (COMBO: inscri\u00e7\u00e3o no evento + associa\u00e7\u00e3o \u00e0 SBC)<\/td><td class=\"has-text-align-center\" data-align=\"center\">R$ 158,18<\/td><td class=\"has-text-align-center\" data-align=\"center\">R$ 178,18<\/td><\/tr><tr><td class=\"has-text-align-center\" data-align=\"center\"><strong>Professor de educa\u00e7\u00e3o b\u00e1sica <\/strong>n\u00e3o associado \u00e0 SBC (Somente inscri\u00e7\u00e3o no evento)<\/td><td class=\"has-text-align-center\" data-align=\"center\">R$ 60,00<\/td><td class=\"has-text-align-center\" data-align=\"center\">R$ 80,00<\/td><\/tr><\/tbody><\/table><\/figure>\n\n\n\n<hr class=\"wp-block-separator has-alpha-channel-opacity is-style-dots\"\/>\n\n\n\n<div class=\"wp-block-buttons is-content-justification-center is-layout-flex wp-container-2\">\n<div class=\"wp-block-button has-custom-font-size is-style-fill has-medium-font-size\"><a class=\"wp-block-button__link has-white-color has-midnight-gradient-background has-text-color has-background wp-element-button\" href=\"https:\/\/centraldesistemas.sbc.org.br\/ecos\/errc2023\/\"><strong>Ir para a Inscri\u00e7\u00e3o<\/strong><\/a><\/div>\n<\/div>\n\n\n\n<h3 class=\"wp-block-heading\">Pol\u00edtica para Autores<\/h3>\n\n\n\n<p>Informamos aos autores que, para garantir a publica\u00e7\u00e3o de trabalhos aceitos nos anais da ERRC 2023, pelo menos um dos autores deve estar com inscri\u00e7\u00e3o confirmada e paga em qualquer categoria. Al\u00e9m disso, \u00e9 necess\u00e1ria a assinatura e o envio do Formul\u00e1rio de Cess\u00e3o de Direitos Autorais da Sociedade Brasileira de Computa\u00e7\u00e3o (SBC) (a ser enviado aos autores de artigos aceitos).<\/p>\n\n\n\n<p>Cada artigo ter\u00e1 um slot de 15 minutos para apresenta\u00e7\u00e3o, seguido de 5 minutos para perguntas. A apresenta\u00e7\u00e3o dos artigos acontecer\u00e1 em sala agendada. A n\u00e3o apresenta\u00e7\u00e3o do artigo implica no trabalho ser exclu\u00eddo dos anais do evento e do Portal de Conte\u00fados da SBC.<\/p>\n\n\n\n<h3 class=\"wp-block-heading\">Pol\u00edtica de Cancelamento<\/h3>\n\n\n\n<p>At\u00e9 dia <strong>15\/10\/2023<\/strong> pode-se fazer uma devolu\u00e7\u00e3o de <strong>50<\/strong>% do valor pago pela inscri\u00e7\u00e3o na ERRC 2023. Ap\u00f3s esta data n\u00e3o haver\u00e1 devolu\u00e7\u00e3o de qualquer valor pago. A pol\u00edtica se aplica tanto para o cancelamento da inscri\u00e7\u00e3o, quanto para o cancelamento de qualquer atividade adicional. Para solicitar o cancelamento, enviar a solicita\u00e7\u00e3o para <a>faturamento@sbc.org.br<\/a>.<\/p>\n","protected":false},"excerpt":{"rendered":"<p>A inscri\u00e7\u00e3o evento ser\u00e1 realizada utilizando o sistema ECOS da SBC. Informa\u00e7\u00f5es Gerais Valores \/ Investimento Categorias At\u00e9 15\/10\/2023 At\u00e9 22\/10\/2023 Estudante associado \u00e0 SBC com anuidade vigente R$ 10,00 R$ 30,00 Estudante associado \u00e0 SBC com anuidade vencendo em at\u00e9 90 dias (COMBO: inscri\u00e7\u00e3o no evento + renova\u00e7\u00e3o da associa\u00e7\u00e3o \u00e0 SBC) R$38,94 R$58,94 &hellip; <\/p>\n","protected":false},"author":1,"featured_media":0,"parent":0,"menu_order":0,"comment_status":"closed","ping_status":"closed","template":"","meta":[],"_links":{"self":[{"href":"https:\/\/www.inf.ufrgs.br\/errc2023\/wp-json\/wp\/v2\/pages\/14"}],"collection":[{"href":"https:\/\/www.inf.ufrgs.br\/errc2023\/wp-json\/wp\/v2\/pages"}],"about":[{"href":"https:\/\/www.inf.ufrgs.br\/errc2023\/wp-json\/wp\/v2\/types\/page"}],"author":[{"embeddable":true,"href":"https:\/\/www.inf.ufrgs.br\/errc2023\/wp-json\/wp\/v2\/users\/1"}],"replies":[{"embeddable":true,"href":"https:\/\/www.inf.ufrgs.br\/errc2023\/wp-json\/wp\/v2\/comments?post=14"}],"version-history":[{"count":23,"href":"https:\/\/www.inf.ufrgs.br\/errc2023\/wp-json\/wp\/v2\/pages\/14\/revisions"}],"predecessor-version":[{"id":640,"href":"https:\/\/www.inf.ufrgs.br\/errc2023\/wp-json\/wp\/v2\/pages\/14\/revisions\/640"}],"wp:attachment":[{"href":"https:\/\/www.inf.ufrgs.br\/errc2023\/wp-json\/wp\/v2\/media?parent=14"}],"curies":[{"name":"wp","href":"https:\/\/api.w.org\/{rel}","templated":true}]}}