{"id":15,"date":"2023-05-26T11:16:40","date_gmt":"2023-05-26T14:16:40","guid":{"rendered":"https:\/\/www.inf.ufrgs.br\/errc2023\/?page_id=15"},"modified":"2023-10-20T13:22:06","modified_gmt":"2023-10-20T16:22:06","slug":"programacao","status":"publish","type":"page","link":"https:\/\/www.inf.ufrgs.br\/errc2023\/programacao\/","title":{"rendered":"Programa\u00e7\u00e3o"},"content":{"rendered":"\n<h2 class=\"wp-block-heading\">\ud83d\udcc6 Agenda<\/h2>\n\n\n<div class=\"wp-block-image\">\n<figure class=\"aligncenter size-full\"><img decoding=\"async\" loading=\"lazy\" width=\"946\" height=\"742\" src=\"https:\/\/www.inf.ufrgs.br\/errc2023\/wp-content\/uploads\/2023\/10\/programacao-nova-1.png\" alt=\"\" class=\"wp-image-603\" srcset=\"https:\/\/www.inf.ufrgs.br\/errc2023\/wp-content\/uploads\/2023\/10\/programacao-nova-1.png 946w, https:\/\/www.inf.ufrgs.br\/errc2023\/wp-content\/uploads\/2023\/10\/programacao-nova-1-300x235.png 300w, https:\/\/www.inf.ufrgs.br\/errc2023\/wp-content\/uploads\/2023\/10\/programacao-nova-1-768x602.png 768w\" sizes=\"(max-width: 946px) 100vw, 946px\" \/><\/figure><\/div>\n\n\n<h2 class=\"wp-block-heading\">Programa\u00e7\u00e3o Detalhada<\/h2>\n\n\n\n<p>A programa\u00e7\u00e3o detalhada est\u00e1 dispon\u00edvel no seguinte link: <a href=\"https:\/\/docs.google.com\/spreadsheets\/d\/1mn13fz4_2UGq1Kkck67P6BCwmxQP2EUCfNzQALkaJq8\">https:\/\/docs.google.com\/spreadsheets\/d\/1mn13fz4_2UGq1Kkck67P6BCwmxQP2EUCfNzQALkaJq8<\/a><\/p>\n\n\n\n<h2 class=\"wp-block-heading\">Inscri\u00e7\u00e3o nos Minicursos (Gratuito para inscritos na ERRC 2023)<\/h2>\n\n\n\n<p><strong>Link para confirmar participa\u00e7\u00e3o nos minicursos:<\/strong> <a href=\"https:\/\/forms.gle\/fQoiE3HGQXnyt1Gc8\">https:\/\/forms.gle\/fQoiE3HGQXnyt1Gc8<\/a> <\/p>\n\n\n\n<ul>\n<li>Limite de vagas. Portanto ter\u00e3o prioridade participantes que preencherem o formul\u00e1rio. As vagas remanescentes ser\u00e3o alocadas por ordem de chegada. <\/li>\n\n\n\n<li>Recomendamos que voc\u00ea traga seu pr\u00f3prio laptop para os minicursos.<\/li>\n<\/ul>\n\n\n\n<h2 class=\"wp-block-heading\">Informa\u00e7\u00f5es para Apresentadores<\/h2>\n\n\n\n<p>Cada artigo ter\u00e1 um slot de <strong>15 minutos para apresenta\u00e7\u00e3o<\/strong>, seguido de <strong>5 minutos para perguntas<\/strong>. A apresenta\u00e7\u00e3o dos artigos acontecer\u00e1 na sala definida na programa\u00e7\u00e3o. A n\u00e3o apresenta\u00e7\u00e3o presencial do artigo implica no trabalho ser exclu\u00eddo dos anais do evento e do Portal de Conte\u00fados da SBC.<\/p>\n","protected":false},"excerpt":{"rendered":"<p>\ud83d\udcc6 Agenda Programa\u00e7\u00e3o Detalhada A programa\u00e7\u00e3o detalhada est\u00e1 dispon\u00edvel no seguinte link: https:\/\/docs.google.com\/spreadsheets\/d\/1mn13fz4_2UGq1Kkck67P6BCwmxQP2EUCfNzQALkaJq8 Inscri\u00e7\u00e3o nos Minicursos (Gratuito para inscritos na ERRC 2023) Link para confirmar participa\u00e7\u00e3o nos minicursos: https:\/\/forms.gle\/fQoiE3HGQXnyt1Gc8 Informa\u00e7\u00f5es para Apresentadores Cada artigo ter\u00e1 um slot de 15 minutos para apresenta\u00e7\u00e3o, seguido de 5 minutos para perguntas. A apresenta\u00e7\u00e3o dos artigos acontecer\u00e1 na sala &hellip; <\/p>\n","protected":false},"author":1,"featured_media":0,"parent":0,"menu_order":0,"comment_status":"closed","ping_status":"closed","template":"","meta":[],"_links":{"self":[{"href":"https:\/\/www.inf.ufrgs.br\/errc2023\/wp-json\/wp\/v2\/pages\/15"}],"collection":[{"href":"https:\/\/www.inf.ufrgs.br\/errc2023\/wp-json\/wp\/v2\/pages"}],"about":[{"href":"https:\/\/www.inf.ufrgs.br\/errc2023\/wp-json\/wp\/v2\/types\/page"}],"author":[{"embeddable":true,"href":"https:\/\/www.inf.ufrgs.br\/errc2023\/wp-json\/wp\/v2\/users\/1"}],"replies":[{"embeddable":true,"href":"https:\/\/www.inf.ufrgs.br\/errc2023\/wp-json\/wp\/v2\/comments?post=15"}],"version-history":[{"count":51,"href":"https:\/\/www.inf.ufrgs.br\/errc2023\/wp-json\/wp\/v2\/pages\/15\/revisions"}],"predecessor-version":[{"id":639,"href":"https:\/\/www.inf.ufrgs.br\/errc2023\/wp-json\/wp\/v2\/pages\/15\/revisions\/639"}],"wp:attachment":[{"href":"https:\/\/www.inf.ufrgs.br\/errc2023\/wp-json\/wp\/v2\/media?parent=15"}],"curies":[{"name":"wp","href":"https:\/\/api.w.org\/{rel}","templated":true}]}}