{"id":17,"date":"2023-05-26T11:16:40","date_gmt":"2023-05-26T14:16:40","guid":{"rendered":"https:\/\/www.inf.ufrgs.br\/errc2023\/?page_id=17"},"modified":"2023-10-11T15:16:25","modified_gmt":"2023-10-11T18:16:25","slug":"wrseg","status":"publish","type":"page","link":"https:\/\/www.inf.ufrgs.br\/errc2023\/wrseg\/","title":{"rendered":"WRSeg"},"content":{"rendered":"\n<h3 class=\"wp-block-heading\">7\u00ba Workshop Regional de Seguran\u00e7a da Informa\u00e7\u00e3o e de Sistemas Computacionais<br>(WRSeg 2023)<\/h3>\n\n\n\n<p>O Workshop Regional de Seguran\u00e7a da Informa\u00e7\u00e3o e de Sistemas Computacionais (WRSeg), evento integrante da Escola Regional de Redes de Computadores (ERRC), \u00e9 um f\u00f3rum para discuss\u00e3o e apresenta\u00e7\u00e3o de trabalhos cient\u00edficos e t\u00e9cnicos nas \u00e1reas de seguran\u00e7a da informa\u00e7\u00e3o e de sistemas computacionais. Este f\u00f3rum visa promover a reuni\u00e3o de pesquisadores e profissionais interessados no desenvolvimento da \u00e1rea, fomentando o debate e a troca de experi\u00eancias.<br><a><\/a><\/p>\n\n\n\n<h3 class=\"wp-block-heading\">\ud83d\udcc3 Chamada para Trabalhos<\/h3>\n\n\n\n<p>Autores s\u00e3o convidados a submeter artigos contendo resultados iniciais\/finais das suas pesquisas ou propostas. Neste ano, al\u00e9m dos trabalhos tradicionalmente publicados, tamb\u00e9m encorajamos a submiss\u00e3o de trabalhos com teor predominante pr\u00e1tico.<\/p>\n\n\n\n<hr class=\"wp-block-separator has-alpha-channel-opacity is-style-dots\"\/>\n\n\n\n<h3 class=\"wp-block-heading\">\ud83d\udcc5 Datas Importantes<\/h3>\n\n\n\n<ul>\n<li><s>15\/Setembro\/2023: Data limite de registro e submiss\u00e3o de artigos<\/s> <s><mark style=\"background-color:rgba(0, 0, 0, 0)\" class=\"has-inline-color has-black-color\">(Estendido<\/mark><\/s><strong><s><mark style=\"background-color:rgba(0, 0, 0, 0)\" class=\"has-inline-color has-black-color\">)<\/mark><\/s><\/strong><\/li>\n\n\n\n<li><s><mark style=\"background-color:rgba(0, 0, 0, 0)\" class=\"has-inline-color has-black-color\">25\/Setembro\/2023:  Data limite de registro <\/mark><\/s><\/li>\n\n\n\n<li><s>29\/Setembro\/2023:  Submiss\u00e3o de artigos (Hard deadline)<\/s><\/li>\n\n\n\n<li><s>10\/Outubro\/2023: Notifica\u00e7\u00e3o de aceite dos artigos <\/s><\/li>\n\n\n\n<li><strong>15\/Outubro\/2023: Entrega da vers\u00e3o final dos trabalhos aceitos e Registro de um dos autores na ERRC 2023<\/strong><\/li>\n<\/ul>\n\n\n\n<hr class=\"wp-block-separator has-alpha-channel-opacity is-style-dots\"\/>\n\n\n\n<h3 class=\"wp-block-heading\">\ud83d\udcdaT\u00f3picos de interesse (lista n\u00e3o exaustiva)<\/h3>\n\n\n\n<ul>\n<li>Anonimato e privacidade computacional<\/li>\n\n\n\n<li>An\u00e1lise de c\u00f3digos maliciosos<\/li>\n\n\n\n<li>An\u00e1lise de protocolos de seguran\u00e7a<\/li>\n\n\n\n<li>Auditoria e an\u00e1lise de riscos em sistemas<\/li>\n\n\n\n<li>Autentica\u00e7\u00e3o e gest\u00e3o de identidades<\/li>\n\n\n\n<li>Controle de acesso: modelos e mecanismos<\/li>\n\n\n\n<li>Criminal\u00edstica e forense computacional<\/li>\n\n\n\n<li>Criptografia e criptoan\u00e1lise: algoritmos, protocolos, t\u00e9cnicas e aplica\u00e7\u00f5es<\/li>\n\n\n\n<li>Gest\u00e3o de Identidades<\/li>\n\n\n\n<li>Gest\u00e3o de seguran\u00e7a da informa\u00e7\u00e3o<\/li>\n\n\n\n<li>Hardware seguro<\/li>\n\n\n\n<li>Incidentes de seguran\u00e7a: preven\u00e7\u00e3o, detec\u00e7\u00e3o e resposta<\/li>\n\n\n\n<li>Prote\u00e7\u00e3o de propriedade intelectual e DRM<\/li>\n\n\n\n<li>Seguran\u00e7a em aplica\u00e7\u00f5es (redes sociais, IoT, &#8230;)<\/li>\n\n\n\n<li>Seguran\u00e7a em computa\u00e7\u00e3o ub\u00edqua\/pervasiva<\/li>\n\n\n\n<li>Seguran\u00e7a em internet das coisas<\/li>\n\n\n\n<li>Seguran\u00e7a em redes<\/li>\n\n\n\n<li>Seguran\u00e7a em sistemas distribu\u00eddos e paralelos<\/li>\n\n\n\n<li>Seguran\u00e7a em sistemas embarcados<\/li>\n\n\n\n<li>Seguran\u00e7a em sistemas m\u00f3veis e embarcados<\/li>\n\n\n\n<li>Seguran\u00e7a em sistemas operacionais<\/li>\n\n\n\n<li>Seguran\u00e7a situacional<\/li>\n\n\n\n<li>Software seguro: desenvolvimento, testes e certifica\u00e7\u00e3o<\/li>\n\n\n\n<li>T\u00e9cnicas e sistemas para identifica\u00e7\u00e3o biom\u00e9trica<\/li>\n\n\n\n<li>Vota\u00e7\u00e3o eletr\u00f4nica segura<\/li>\n<\/ul>\n\n\n\n<hr class=\"wp-block-separator has-alpha-channel-opacity is-style-dots\"\/>\n\n\n\n<h3 class=\"wp-block-heading\">\u270f\ufe0f Submiss\u00e3o de Trabalhos<\/h3>\n\n\n\n<p>Ser\u00e3o aceitos trabalhos: artigos com no m\u00ednimo 4 (quatro) e m\u00e1ximo de 6(seis) p\u00e1ginas. O n\u00famero m\u00e1ximo de p\u00e1ginas para a modalidade inclui resumo, abstract, figuras, refer\u00eancias e anexos. O texto pode ser escrito nos idiomas portugu\u00eas, espanhol ou ingl\u00eas, seguindo os formatos (LaTeX e Word) dispon\u00edveis no site da SBC, atrav\u00e9s do endere\u00e7o <a href=\"http:\/\/www.sbc.org.br\">http:\/\/www.sbc.org.br<\/a> (menu Documentos, Publica\u00e7\u00f5es\/Templates para Artigos e Cap\u00edtulos de Livros). A submiss\u00e3o de trabalhos ser\u00e1 exclusivamente eletr\u00f4nica.<br><br>As submiss\u00f5es ser\u00e3o exclusivamente online atrav\u00e9s do <a href=\"https:\/\/jems3.sbc.org.br\/wrseg2023\">JEMS<\/a>.<\/p>\n\n\n\n<hr class=\"wp-block-separator has-alpha-channel-opacity is-style-dots\"\/>\n\n\n\n<h3 class=\"wp-block-heading\">\ud83d\udc69\u200d\ud83c\udfeb Comit\u00ea de Programa<\/h3>\n\n\n\n<ul>\n<li>Adenauer Yamin (UCPEL e UFPEL)<\/li>\n\n\n\n<li>Andr\u00e9 Riker (UFPA)<\/li>\n\n\n\n<li>Bruno L. Dalmazo (FURG)<\/li>\n\n\n\n<li>Bruno Mozzaquatro (UFSM)<\/li>\n\n\n\n<li>Charles Christian Miers (UDESC)<\/li>\n\n\n\n<li>Charles Varlei Neu (UNISC)<\/li>\n\n\n\n<li>Diego Kreutz (UNIPAMPA)<\/li>\n\n\n\n<li>Eduardo Monks (SENAC\/UFPEL)<\/li>\n\n\n\n<li>Erico Amaral (UNIPAMPA)<\/li>\n\n\n\n<li>Ewerton Andrade (UNIR e Sidia)<\/li>\n\n\n\n<li>Jeferson Campos Nobre (UFRGS)<\/li>\n\n\n\n<li>Frederico Schardong (IFRS)<\/li>\n\n\n\n<li>Luciano Ignaczaky (UNISINOS)<\/li>\n\n\n\n<li>Luis Knob (FBK)<\/li>\n\n\n\n<li>Pedro de B. Marcos (FURG)<\/li>\n\n\n\n<li>Rafael Obelheiro (UDESC)<\/li>\n\n\n\n<li>Ram\u00e3o Tiago Tiburski (IFSC)<\/li>\n\n\n\n<li>Regio Michelin (UNSW-AU)<\/li>\n\n\n\n<li>Ricardo Luis dos Santos (IFRS)<\/li>\n\n\n\n<li>Roben Lunardi (IFRS)<\/li>\n\n\n\n<li>Roberto Samarone Araujo (UFPA)<\/li>\n\n\n\n<li>Rodrigo Mansilha (UNIPAMPA)<\/li>\n\n\n\n<li>Roger Immich (UFRN)<\/li>\n\n\n\n<li>Tiago Ant\u00f4nio Rizzetti (UFSM)<\/li>\n\n\n\n<li>Vinicius Garcia Pinto (FURG)<\/li>\n\n\n\n<li>Weverton Luis da Costa Cordeiro (UFRGS)<\/li>\n<\/ul>\n","protected":false},"excerpt":{"rendered":"<p>7\u00ba Workshop Regional de Seguran\u00e7a da Informa\u00e7\u00e3o e de Sistemas Computacionais(WRSeg 2023) O Workshop Regional de Seguran\u00e7a da Informa\u00e7\u00e3o e de Sistemas Computacionais (WRSeg), evento integrante da Escola Regional de Redes de Computadores (ERRC), \u00e9 um f\u00f3rum para discuss\u00e3o e apresenta\u00e7\u00e3o de trabalhos cient\u00edficos e t\u00e9cnicos nas \u00e1reas de seguran\u00e7a da informa\u00e7\u00e3o e de sistemas &hellip; <\/p>\n","protected":false},"author":1,"featured_media":0,"parent":0,"menu_order":0,"comment_status":"closed","ping_status":"closed","template":"","meta":[],"_links":{"self":[{"href":"https:\/\/www.inf.ufrgs.br\/errc2023\/wp-json\/wp\/v2\/pages\/17"}],"collection":[{"href":"https:\/\/www.inf.ufrgs.br\/errc2023\/wp-json\/wp\/v2\/pages"}],"about":[{"href":"https:\/\/www.inf.ufrgs.br\/errc2023\/wp-json\/wp\/v2\/types\/page"}],"author":[{"embeddable":true,"href":"https:\/\/www.inf.ufrgs.br\/errc2023\/wp-json\/wp\/v2\/users\/1"}],"replies":[{"embeddable":true,"href":"https:\/\/www.inf.ufrgs.br\/errc2023\/wp-json\/wp\/v2\/comments?post=17"}],"version-history":[{"count":21,"href":"https:\/\/www.inf.ufrgs.br\/errc2023\/wp-json\/wp\/v2\/pages\/17\/revisions"}],"predecessor-version":[{"id":615,"href":"https:\/\/www.inf.ufrgs.br\/errc2023\/wp-json\/wp\/v2\/pages\/17\/revisions\/615"}],"wp:attachment":[{"href":"https:\/\/www.inf.ufrgs.br\/errc2023\/wp-json\/wp\/v2\/media?parent=17"}],"curies":[{"name":"wp","href":"https:\/\/api.w.org\/{rel}","templated":true}]}}