{"id":305,"date":"2023-06-27T11:42:20","date_gmt":"2023-06-27T14:42:20","guid":{"rendered":"https:\/\/www.inf.ufrgs.br\/errc2023\/?page_id=305"},"modified":"2023-11-08T15:24:55","modified_gmt":"2023-11-08T18:24:55","slug":"premiacoes","status":"publish","type":"page","link":"https:\/\/www.inf.ufrgs.br\/errc2023\/premiacoes\/","title":{"rendered":"Premia\u00e7\u00f5es"},"content":{"rendered":"\n<h3 class=\"wp-block-heading\">\ud83c\udfc6 <strong>Resultados:<\/strong><\/h3>\n\n\n\n<ul>\n<li><strong>Melhor Artigo de P\u00f3s-Gradua\u00e7\u00e3o<\/strong> \n<ul>\n<li>T\u00edtulo: <strong>Security Management Using Planning Domain Definition Language: A Case For Ransomware Mitigation <\/strong><\/li>\n\n\n\n<li>Autores: <em>Afaq Inayat (UFRGS), Muriel F. Franco (UFRGS), Eder J. Scheid (UFRGS), Lisandro Z. Granville (UFRGS)<\/em><\/li>\n<\/ul>\n<\/li>\n\n\n\n<li><strong>Melhor Artigo de Gradua\u00e7\u00e3o<\/strong>\n<ul>\n<li>T\u00edtulo: <strong>Sistema de Unidade de Beneficiamento de Algod\u00e3o (UBA) modelado em Identidade Autossoberana<\/strong><\/li>\n\n\n\n<li>Autores:<em> Gabriel F. C. Da Silva (UDESC), Gilson S. Junior (UDESC), Jana\u00edna F. B. Duarte (UDESC), Maur\u00edcio A. Pillon (UDESC)<\/em><\/li>\n<\/ul>\n<\/li>\n\n\n\n<li><strong>Melhor Apresenta\u00e7\u00e3o de Trabalho<\/strong>\n<ul>\n<li>Apresentador: <strong>Gabriel Bayer da Silva<\/strong><\/li>\n\n\n\n<li>T\u00edtulo: <strong>Desenvolvimento de Gateway de rede automotivo e sistema de monitoramento para prot\u00f3tipo do tipo Formula SAE<\/strong><\/li>\n\n\n\n<li>Autores: <em>Gabriel Bayer da Silva (UFSM), Murilo Cervi (UFSM)<\/em><\/li>\n<\/ul>\n<\/li>\n<\/ul>\n\n\n\n<hr class=\"wp-block-separator has-alpha-channel-opacity is-style-dots\"\/>\n\n\n\n<p>Os melhores trabalhos do ERRC 2023 receber\u00e3o um certificado durante a cerim\u00f4nia durante o evento. <\/p>\n\n\n\n<ul>\n<li><strong>Melhor Artigo de P\u00f3s-Gradua\u00e7\u00e3o (Trilha Principal):<\/strong> Trabalhos que tenham como primeiro autor alunos de Mestrado ou Doutorado.<\/li>\n\n\n\n<li><strong>Melhor Artigo de Gradua\u00e7\u00e3o <strong>(Trilha Principal)<\/strong>: <\/strong>Trabalhos que tenham como primeiro autor alunos de Bacharelado, Tecn\u00f3logo ou Ensino T\u00e9cnico.<\/li>\n\n\n\n<li><strong>Melhor Apresenta\u00e7\u00e3o de Trabalho: <strong>(Trilha Principal e Experi\u00eancias\/Demonstra\u00e7\u00f5es): <\/strong><\/strong> Al\u00e9m da an\u00e1lise te\u0107nica, tamb\u00e9m ser\u00e3o premiados os artigos que forem melhor apresentados no evento. A premia\u00e7\u00e3o se destina a artigos apresentados por alunos de P\u00f3s-Gradua\u00e7\u00e3o, Bacharelado, Tecn\u00f3logo ou Ensino T\u00e9cnico. O apresentador deve ser autor ou co-autor do trabalho<\/li>\n<\/ul>\n\n\n\n<p><strong>Regras de Avalia\u00e7\u00e3o e Sele\u00e7\u00e3o:<\/strong><\/p>\n\n\n\n<ul>\n<li><strong>Melhor Artigo:<\/strong> Os melhores artigos ser\u00e3o selecionados com base nas notas da avalia\u00e7\u00f5es via JEMS3. Os artigos melhores avaliados ser\u00e3o selecionados para apresenta\u00e7\u00e3o em sess\u00e3o especial no ERRC 2023. A avalia\u00e7\u00e3o final ser\u00e1 realizada pelo Comit\u00ea de Avalia\u00e7\u00e3o e levar\u00e1 em conta a qualidade do artigo e tamb\u00e9m a apresenta\u00e7\u00e3o do trabalho para a audi\u00eancia.<\/li>\n<\/ul>\n\n\n\n<ul>\n<li><strong>Melhor Apresenta\u00e7\u00e3o:<\/strong> Ser\u00e1 definida baseado em voto popular. Teremos um formul\u00e1rio divulgado durante o evento para que os participantes votem em qual foi a melhor apresenta\u00e7\u00e3o.<\/li>\n<\/ul>\n\n\n\n<p><\/p>\n\n\n\n<p><strong>Comit\u00ea de Avalia\u00e7\u00e3o:<\/strong><\/p>\n\n\n\n<ul>\n<li>Prof. Dr. Ricardo Luis dos Santos (IFRS \u2013 Restinga) &#8211; Coordenador<\/li>\n\n\n\n<li>Prof. Dr. Rodrigo Mansilha (UNIPAMPA)<\/li>\n\n\n\n<li>Prof. Esp. Marcio Pohlmann (UNISENAC)<\/li>\n\n\n\n<li>MSc. Pedro Arthur P. R. Duarte (UFRGS)<\/li>\n<\/ul>\n","protected":false},"excerpt":{"rendered":"<p>\ud83c\udfc6 Resultados: Os melhores trabalhos do ERRC 2023 receber\u00e3o um certificado durante a cerim\u00f4nia durante o evento. Regras de Avalia\u00e7\u00e3o e Sele\u00e7\u00e3o: Comit\u00ea de Avalia\u00e7\u00e3o:<\/p>\n","protected":false},"author":1,"featured_media":0,"parent":0,"menu_order":0,"comment_status":"closed","ping_status":"closed","template":"","meta":[],"_links":{"self":[{"href":"https:\/\/www.inf.ufrgs.br\/errc2023\/wp-json\/wp\/v2\/pages\/305"}],"collection":[{"href":"https:\/\/www.inf.ufrgs.br\/errc2023\/wp-json\/wp\/v2\/pages"}],"about":[{"href":"https:\/\/www.inf.ufrgs.br\/errc2023\/wp-json\/wp\/v2\/types\/page"}],"author":[{"embeddable":true,"href":"https:\/\/www.inf.ufrgs.br\/errc2023\/wp-json\/wp\/v2\/users\/1"}],"replies":[{"embeddable":true,"href":"https:\/\/www.inf.ufrgs.br\/errc2023\/wp-json\/wp\/v2\/comments?post=305"}],"version-history":[{"count":24,"href":"https:\/\/www.inf.ufrgs.br\/errc2023\/wp-json\/wp\/v2\/pages\/305\/revisions"}],"predecessor-version":[{"id":666,"href":"https:\/\/www.inf.ufrgs.br\/errc2023\/wp-json\/wp\/v2\/pages\/305\/revisions\/666"}],"wp:attachment":[{"href":"https:\/\/www.inf.ufrgs.br\/errc2023\/wp-json\/wp\/v2\/media?parent=305"}],"curies":[{"name":"wp","href":"https:\/\/api.w.org\/{rel}","templated":true}]}}