{"id":442,"date":"2023-08-22T10:05:54","date_gmt":"2023-08-22T13:05:54","guid":{"rendered":"https:\/\/www.inf.ufrgs.br\/errc2023\/?page_id=442"},"modified":"2023-08-22T14:29:35","modified_gmt":"2023-08-22T17:29:35","slug":"hospedagem","status":"publish","type":"page","link":"https:\/\/www.inf.ufrgs.br\/errc2023\/local-do-evento\/hospedagem\/","title":{"rendered":"Hospedagem"},"content":{"rendered":"\n<h2 class=\"wp-block-heading\">\ud83c\udfe8 Hospedagem<\/h2>\n\n\n\n<p>Sugest\u00e3o de hot\u00e9is com acesso f\u00e1cil ao transporte p\u00fablico para o local do evento:<\/p>\n\n\n\n<h4 class=\"wp-block-heading\">Econ\u00f4micos:<\/h4>\n\n\n\n<ul>\n<li><a href=\"https:\/\/poaecohostel.com.br\/\">POA Eco Hostel (Quarto Compartilhado)<\/a>: R$ 65 por noite<\/li>\n\n\n\n<li><a href=\"https:\/\/hotelerechim.com.br\/\">Hotel Erechim<\/a>: R$ 85 por noite<\/li>\n<\/ul>\n\n\n\n<h4 class=\"wp-block-heading\">Standard:<\/h4>\n\n\n\n<ul>\n<li><a href=\"https:\/\/all.accor.com\/hotel\/7202\/index.pt-br.shtml\">Ibis Budget<\/a>: R$ 170 por noite<\/li>\n\n\n\n<li><a href=\"https:\/\/pousadaterrasul.negocio.site\/\">Pousada Terra Sul<\/a>: R$ 120 por noite<\/li>\n<\/ul>\n\n\n\n<h4 class=\"wp-block-heading\">Premium:<\/h4>\n\n\n\n<ul>\n<li><a href=\"https:\/\/www.acorespremiumhotel.com.br\/\">A\u00e7ores Premium<\/a>: R$ 230 por noite<\/li>\n\n\n\n<li><a href=\"https:\/\/www.embaixador.com.br\/\">Embaixador Hotel<\/a>: R$ 230 por noite<\/li>\n\n\n\n<li><a href=\"https:\/\/www.coraltower.com.br\/\">Coral Hotel (Prot\u00e1sio Alves)<\/a>: R$ 250 por noite<\/li>\n\n\n\n<li><a href=\"https:\/\/ekoresidence.com.br\/\">Eko Residence Hotel<\/a>: R$ 265 por noite<\/li>\n\n\n\n<li><a href=\"https:\/\/all.accor.com\/hotel\/B609\/index.pt-br.shtml\">Ibis Styles Moinhos de Evento<\/a>: R$ 285 por noite<\/li>\n\n\n\n<li><a href=\"https:\/\/www.reserveatlantica.com.br\/hotel\/quality-porto-alegre\">Quality Porto Alegre<\/a>: R$ 290 por noite<\/li>\n<\/ul>\n\n\n\n<hr class=\"wp-block-separator has-alpha-channel-opacity is-style-dots\"\/>\n\n\n\n<p><strong>Observa\u00e7\u00f5es:<\/strong><br>a. O local do evento fica afastado do centro da cidade. Portanto, calcule cerca de 50 minutos de trajeto no caso do uso de transporte p\u00fablico e 30 minutos em caso de transporte particular.<\/p>\n\n\n\n<p>b. As principais linhas de transporte coletivo que v\u00e3o para o Campus s\u00e3o: D43 Universit\u00e1ria, 343 Campus Ipiranga, 375 Agronomia e T8. Voc\u00ea pode consultar o itiner\u00e1rio de cada linha no site da EPTC.<\/p>\n\n\n\n<p>c. Valores apenas de refer\u00eancia e podem sofrer altera\u00e7\u00f5es.<\/p>\n","protected":false},"excerpt":{"rendered":"<p>\ud83c\udfe8 Hospedagem Sugest\u00e3o de hot\u00e9is com acesso f\u00e1cil ao transporte p\u00fablico para o local do evento: Econ\u00f4micos: Standard: Premium: Observa\u00e7\u00f5es:a. O local do evento fica afastado do centro da cidade. Portanto, calcule cerca de 50 minutos de trajeto no caso do uso de transporte p\u00fablico e 30 minutos em caso de transporte particular. b. As &hellip; <\/p>\n","protected":false},"author":1,"featured_media":0,"parent":444,"menu_order":0,"comment_status":"closed","ping_status":"closed","template":"","meta":[],"_links":{"self":[{"href":"https:\/\/www.inf.ufrgs.br\/errc2023\/wp-json\/wp\/v2\/pages\/442"}],"collection":[{"href":"https:\/\/www.inf.ufrgs.br\/errc2023\/wp-json\/wp\/v2\/pages"}],"about":[{"href":"https:\/\/www.inf.ufrgs.br\/errc2023\/wp-json\/wp\/v2\/types\/page"}],"author":[{"embeddable":true,"href":"https:\/\/www.inf.ufrgs.br\/errc2023\/wp-json\/wp\/v2\/users\/1"}],"replies":[{"embeddable":true,"href":"https:\/\/www.inf.ufrgs.br\/errc2023\/wp-json\/wp\/v2\/comments?post=442"}],"version-history":[{"count":7,"href":"https:\/\/www.inf.ufrgs.br\/errc2023\/wp-json\/wp\/v2\/pages\/442\/revisions"}],"predecessor-version":[{"id":454,"href":"https:\/\/www.inf.ufrgs.br\/errc2023\/wp-json\/wp\/v2\/pages\/442\/revisions\/454"}],"up":[{"embeddable":true,"href":"https:\/\/www.inf.ufrgs.br\/errc2023\/wp-json\/wp\/v2\/pages\/444"}],"wp:attachment":[{"href":"https:\/\/www.inf.ufrgs.br\/errc2023\/wp-json\/wp\/v2\/media?parent=442"}],"curies":[{"name":"wp","href":"https:\/\/api.w.org\/{rel}","templated":true}]}}