{"id":485,"date":"2023-08-29T11:42:01","date_gmt":"2023-08-29T14:42:01","guid":{"rendered":"https:\/\/www.inf.ufrgs.br\/errc2023\/?page_id=485"},"modified":"2023-10-17T16:09:16","modified_gmt":"2023-10-17T19:09:16","slug":"alimentacao","status":"publish","type":"page","link":"https:\/\/www.inf.ufrgs.br\/errc2023\/local-do-evento\/alimentacao\/","title":{"rendered":"Alimenta\u00e7\u00e3o"},"content":{"rendered":"\n<h2 class=\"wp-block-heading\">\ud83c\udf5b Alimenta\u00e7\u00e3o<\/h2>\n\n\n\n<p>Listamos aqui algumas op\u00e7\u00f5es de alimenta\u00e7\u00e3o junto ao campus do vale e ao Insituto de Inform\u00e1tica (INF) da UFRGS. <\/p>\n\n\n\n<p><strong>Ponto Campus Restaurante<\/strong><\/p>\n\n\n\n<p>Existem 2 restaurantes &#8220;Ponto Campus&#8221; no Campus do Vale. Um deles se encontra perto do RU06 (perto da Inform\u00e1tica) e o outro com localiza\u00e7\u00e3o demonstrada no mapa abaixo; ambos servem a mesma variedade de op\u00e7\u00f5es para almo\u00e7o. Op\u00e7\u00e3o por kilo ou livre (R$ 32,00 por pessoa). O restaurante tamb\u00e9m possui op\u00e7\u00f5es de pratos feitos e cafeteria.<\/p>\n\n\n\n<iframe src=\"https:\/\/www.google.com\/maps\/embed?pb=!1m18!1m12!1m3!1d2113.2383905315755!2d-51.11935152789296!3d-30.069744980167588!2m3!1f0!2f0!3f0!3m2!1i1024!2i768!4f13.1!3m3!1m2!1s0x95199db1a713a34d%3A0x3eb9d251b88b424f!2sPonto%20Campus%20Restaurante!5e0!3m2!1sen!2sbr!4v1697569710672!5m2!1sen!2sbr\" width=\"400\" height=\"200\" style=\"border:0;\" allowfullscreen=\"\" loading=\"lazy\" referrerpolicy=\"no-referrer-when-downgrade\"><\/iframe>\n\n\n\n<p><strong>Ant\u00f4nio Lanches<\/strong><\/p>\n\n\n\n<p>A lancheria esta localizada perto do RU03. Lancheria com diversos tipos de lanches, como past\u00e9is, p\u00e3es-de-queijo e sandu\u00edches. Tamb\u00e9m conta com pratos feitos.<\/p>\n\n\n\n<iframe src=\"https:\/\/www.google.com\/maps\/embed?pb=!1m18!1m12!1m3!1d2372.021465387927!2d-51.11958707108944!3d-30.070110180630767!2m3!1f0!2f0!3f0!3m2!1i1024!2i768!4f13.1!3m3!1m2!1s0x95199d9eb5c2f50f%3A0x404afdafc47ecb3e!2sAnt%C3%B4nio%20Lanches!5e0!3m2!1sen!2sbr!4v1697569669347!5m2!1sen!2sbr\" width=\"400\" height=\"200\" style=\"border:0;\" allowfullscreen=\"\" loading=\"lazy\" referrerpolicy=\"no-referrer-when-downgrade\"><\/iframe>\n\n\n\n<p><strong>Carrefour Viam\u00e3o<\/strong><\/p>\n\n\n\n<p>O hipermercado Carrefour de Viam\u00e3o conta com uma pra\u00e7a de alimenta\u00e7\u00e3o pr\u00f3pria, por\u00e9m est\u00e1 localizado a 6 km do local do evento.<\/p>\n\n\n\n<iframe src=\"https:\/\/www.google.com\/maps\/embed?pb=!1m14!1m8!1m3!1d13809.999232682409!2d-51.1012222!3d-30.079869!3m2!1i1024!2i768!4f13.1!3m3!1m2!1s0x95199c2eaa444585%3A0x3005741fe476fa9b!2sCarrefour%20Viam%C3%A3o!5e0!3m2!1sen!2sbr!4v1692899447059!5m2!1sen!2sbr\" width=\"400\" height=\"200\" style=\"border:0;\" allowfullscreen=\"\" loading=\"lazy\" referrerpolicy=\"no-referrer-when-downgrade\"><\/iframe>\n","protected":false},"excerpt":{"rendered":"<p>\ud83c\udf5b Alimenta\u00e7\u00e3o Listamos aqui algumas op\u00e7\u00f5es de alimenta\u00e7\u00e3o junto ao campus do vale e ao Insituto de Inform\u00e1tica (INF) da UFRGS. Ponto Campus Restaurante Existem 2 restaurantes &#8220;Ponto Campus&#8221; no Campus do Vale. Um deles se encontra perto do RU06 (perto da Inform\u00e1tica) e o outro com localiza\u00e7\u00e3o demonstrada no mapa abaixo; ambos servem a &hellip; <\/p>\n","protected":false},"author":1,"featured_media":0,"parent":444,"menu_order":0,"comment_status":"closed","ping_status":"closed","template":"","meta":[],"_links":{"self":[{"href":"https:\/\/www.inf.ufrgs.br\/errc2023\/wp-json\/wp\/v2\/pages\/485"}],"collection":[{"href":"https:\/\/www.inf.ufrgs.br\/errc2023\/wp-json\/wp\/v2\/pages"}],"about":[{"href":"https:\/\/www.inf.ufrgs.br\/errc2023\/wp-json\/wp\/v2\/types\/page"}],"author":[{"embeddable":true,"href":"https:\/\/www.inf.ufrgs.br\/errc2023\/wp-json\/wp\/v2\/users\/1"}],"replies":[{"embeddable":true,"href":"https:\/\/www.inf.ufrgs.br\/errc2023\/wp-json\/wp\/v2\/comments?post=485"}],"version-history":[{"count":15,"href":"https:\/\/www.inf.ufrgs.br\/errc2023\/wp-json\/wp\/v2\/pages\/485\/revisions"}],"predecessor-version":[{"id":632,"href":"https:\/\/www.inf.ufrgs.br\/errc2023\/wp-json\/wp\/v2\/pages\/485\/revisions\/632"}],"up":[{"embeddable":true,"href":"https:\/\/www.inf.ufrgs.br\/errc2023\/wp-json\/wp\/v2\/pages\/444"}],"wp:attachment":[{"href":"https:\/\/www.inf.ufrgs.br\/errc2023\/wp-json\/wp\/v2\/media?parent=485"}],"curies":[{"name":"wp","href":"https:\/\/api.w.org\/{rel}","templated":true}]}}