{"id":75,"date":"2023-05-26T12:45:04","date_gmt":"2023-05-26T15:45:04","guid":{"rendered":"https:\/\/www.inf.ufrgs.br\/errc2023\/?page_id=75"},"modified":"2023-10-22T22:11:38","modified_gmt":"2023-10-23T01:11:38","slug":"chamada-wrseg-2023","status":"publish","type":"page","link":"https:\/\/www.inf.ufrgs.br\/errc2023\/chamada-de-trabalhos\/chamada-wrseg-2023\/","title":{"rendered":"Chamada WRSeg 2023"},"content":{"rendered":"\n<h2 class=\"wp-block-heading\">\ud83d\udcc3 Chamada para Trabalhos<\/h2>\n\n\n\n<p>Autores s\u00e3o convidados a submeter artigos contendo resultados iniciais\/finais das suas pesquisas ou propostas. Neste ano, al\u00e9m dos trabalhos tradicionalmente publicados, tamb\u00e9m encorajamos a submiss\u00e3o de trabalhos com teor predominante pr\u00e1tico.<br><\/p>\n\n\n\n<h3 class=\"wp-block-heading\">\ud83d\udcc5 Datas Importantes<\/h3>\n\n\n\n<ul>\n<li><s>15\/Setembro\/2023: Data limite de registro e submiss\u00e3o de artigos<mark style=\"background-color:rgba(0, 0, 0, 0)\" class=\"has-inline-color has-black-color\"> (Estendido)<\/mark><\/s><\/li>\n\n\n\n<li><mark style=\"background-color:rgba(0, 0, 0, 0)\" class=\"has-inline-color has-black-color\"><s>25\/Setembro\/2023:  Data limite de registro<\/s><\/mark><\/li>\n\n\n\n<li><s>29\/Setembro\/2023:  Submiss\u00e3o de artigos (Hard deadline)<\/s><\/li>\n\n\n\n<li><s>10\/Outubro\/2023: Notifica\u00e7\u00e3o de aceite dos artigos <\/s><\/li>\n\n\n\n<li><strong><s>15\/Outubro\/2023: Entrega da vers\u00e3o final dos trabalhos aceitos e Registro de um dos autores na ERRC 2023<\/s><\/strong><\/li>\n<\/ul>\n\n\n\n<h3 class=\"wp-block-heading\">\ud83d\udcda T\u00f3picos de interesse (lista n\u00e3o exaustiva)<\/h3>\n\n\n\n<ul>\n<li>Anonimato e privacidade computacional<\/li>\n\n\n\n<li>An\u00e1lise de c\u00f3digos maliciosos<\/li>\n\n\n\n<li>An\u00e1lise de protocolos de seguran\u00e7a<\/li>\n\n\n\n<li>Auditoria e an\u00e1lise de riscos em sistemas<\/li>\n\n\n\n<li>Autentica\u00e7\u00e3o e gest\u00e3o de identidades<\/li>\n\n\n\n<li>Blockchains e Distributed Ledgers;<\/li>\n\n\n\n<li>Controle de acesso: modelos e mecanismos<\/li>\n\n\n\n<li>Criminal\u00edstica e forense computacional<\/li>\n\n\n\n<li>Criptografia e criptoan\u00e1lise: algoritmos, protocolos, t\u00e9cnicas e aplica\u00e7\u00f5es<\/li>\n\n\n\n<li>Gest\u00e3o de Identidades<\/li>\n\n\n\n<li>Gest\u00e3o de seguran\u00e7a da informa\u00e7\u00e3o<\/li>\n\n\n\n<li>Hardware seguro<\/li>\n\n\n\n<li>Incidentes de seguran\u00e7a: preven\u00e7\u00e3o, detec\u00e7\u00e3o e resposta<\/li>\n\n\n\n<li>Prote\u00e7\u00e3o de propriedade intelectual e DRM<\/li>\n\n\n\n<li>Seguran\u00e7a em aplica\u00e7\u00f5es (redes sociais, IoT, &#8230;)<\/li>\n\n\n\n<li>Seguran\u00e7a em computa\u00e7\u00e3o ub\u00edqua\/pervasiva<\/li>\n\n\n\n<li>Seguran\u00e7a em internet das coisas<\/li>\n\n\n\n<li>Seguran\u00e7a ofensiva e testes de intrus\u00e3o;<\/li>\n\n\n\n<li>Seguran\u00e7a em redes<\/li>\n\n\n\n<li>Seguran\u00e7a em sistemas distribu\u00eddos e paralelos<\/li>\n\n\n\n<li>Seguran\u00e7a em sistemas embarcados<\/li>\n\n\n\n<li>Seguran\u00e7a em sistemas m\u00f3veis e embarcados<\/li>\n\n\n\n<li>Seguran\u00e7a em sistemas operacionais<\/li>\n\n\n\n<li>Seguran\u00e7a situacional<\/li>\n\n\n\n<li>Software seguro: desenvolvimento, testes e certifica\u00e7\u00e3o<\/li>\n\n\n\n<li>T\u00e9cnicas e sistemas para identifica\u00e7\u00e3o biom\u00e9trica<\/li>\n\n\n\n<li>Vota\u00e7\u00e3o eletr\u00f4nica segura<\/li>\n<\/ul>\n\n\n\n<h3 class=\"wp-block-heading\">\u270f\ufe0f Instru\u00e7\u00f5es aos Autores<\/h3>\n\n\n\n<p>Todos os artigos devem ser elaborados no formato SBC, com tamanho m\u00ednimo de 4 p\u00e1ginas e m\u00e1ximo de 6 p\u00e1ginas em l\u00edngua portuguesa ou inglesa. A formata\u00e7\u00e3o do texto deve seguir o estilo da SBC. Caso o artigo seja escrito em portugu\u00eas, ser\u00e1 necess\u00e1rio um <strong>Abstract <\/strong>em ingl\u00eas junto com o <strong>Resumo <\/strong>em portugu\u00eas; caso o artigo seja escrito em ingl\u00eas, n\u00e3o \u00e9 necess\u00e1rio <strong>Resumo <\/strong>em portugu\u00eas, mas \u00e9 necess\u00e1rio o <strong>Abstract <\/strong>em ingl\u00eas. <\/p>\n\n\n\n<p>O template de estilo da SBC est\u00e1 dispon\u00edvel do <a rel=\"noreferrer noopener\" href=\"https:\/\/www.overleaf.com\/latex\/templates\/sbc-conferences-template\/blbxwjwzdngr\" target=\"_blank\">Overleaf<\/a> e em <a rel=\"noreferrer noopener\" href=\"https:\/\/www.sbc.org.br\/documentos-da-sbc\/category\/169-templates-para-artigos-e-capitulos-de-livros\" target=\"_blank\">ZIP<\/a>.<\/p>\n\n\n\n<p>As submiss\u00f5es ser\u00e3o exclusivamente eletr\u00f4nicas atrav\u00e9s do <a href=\"https:\/\/jems3.sbc.org.br\/events\/54\">sistema JEMS<\/a> da SBC.<\/p>\n\n\n\n<p>Todos os participantes e autores do WRSeg dever\u00e3o realizar a inscri\u00e7\u00e3o na ERRC 2023 <a href=\"https:\/\/centraldesistemas.sbc.org.br\/ecos\/errc2023\" data-type=\"URL\" data-id=\"https:\/\/centraldesistemas.sbc.org.br\/ecos\/errc2023\">clicando aqui<\/a>.<\/p>\n\n\n\n<hr class=\"wp-block-separator has-alpha-channel-opacity is-style-dots\"\/>\n\n\n\n<div class=\"wp-block-buttons is-content-justification-center is-layout-flex wp-container-1\">\n<div class=\"wp-block-button\"><a class=\"wp-block-button__link has-white-color has-midnight-gradient-background has-text-color has-background wp-element-button\" href=\"https:\/\/jems3.sbc.org.br\/wrseg2023\"><strong>Submeter Artigo<\/strong><\/a><\/div>\n<\/div>\n","protected":false},"excerpt":{"rendered":"<p>\ud83d\udcc3 Chamada para Trabalhos Autores s\u00e3o convidados a submeter artigos contendo resultados iniciais\/finais das suas pesquisas ou propostas. Neste ano, al\u00e9m dos trabalhos tradicionalmente publicados, tamb\u00e9m encorajamos a submiss\u00e3o de trabalhos com teor predominante pr\u00e1tico. \ud83d\udcc5 Datas Importantes \ud83d\udcda T\u00f3picos de interesse (lista n\u00e3o exaustiva) \u270f\ufe0f Instru\u00e7\u00f5es aos Autores Todos os artigos devem ser elaborados &hellip; <\/p>\n","protected":false},"author":1,"featured_media":0,"parent":78,"menu_order":1,"comment_status":"closed","ping_status":"closed","template":"","meta":[],"_links":{"self":[{"href":"https:\/\/www.inf.ufrgs.br\/errc2023\/wp-json\/wp\/v2\/pages\/75"}],"collection":[{"href":"https:\/\/www.inf.ufrgs.br\/errc2023\/wp-json\/wp\/v2\/pages"}],"about":[{"href":"https:\/\/www.inf.ufrgs.br\/errc2023\/wp-json\/wp\/v2\/types\/page"}],"author":[{"embeddable":true,"href":"https:\/\/www.inf.ufrgs.br\/errc2023\/wp-json\/wp\/v2\/users\/1"}],"replies":[{"embeddable":true,"href":"https:\/\/www.inf.ufrgs.br\/errc2023\/wp-json\/wp\/v2\/comments?post=75"}],"version-history":[{"count":18,"href":"https:\/\/www.inf.ufrgs.br\/errc2023\/wp-json\/wp\/v2\/pages\/75\/revisions"}],"predecessor-version":[{"id":648,"href":"https:\/\/www.inf.ufrgs.br\/errc2023\/wp-json\/wp\/v2\/pages\/75\/revisions\/648"}],"up":[{"embeddable":true,"href":"https:\/\/www.inf.ufrgs.br\/errc2023\/wp-json\/wp\/v2\/pages\/78"}],"wp:attachment":[{"href":"https:\/\/www.inf.ufrgs.br\/errc2023\/wp-json\/wp\/v2\/media?parent=75"}],"curies":[{"name":"wp","href":"https:\/\/api.w.org\/{rel}","templated":true}]}}