{"id":83,"date":"2023-05-26T12:55:08","date_gmt":"2023-05-26T15:55:08","guid":{"rendered":"https:\/\/www.inf.ufrgs.br\/errc2023\/?page_id=83"},"modified":"2023-10-22T22:07:48","modified_gmt":"2023-10-23T01:07:48","slug":"edicao-2023","status":"publish","type":"page","link":"https:\/\/www.inf.ufrgs.br\/errc2023\/organizacao\/edicao-2023\/","title":{"rendered":"Edi\u00e7\u00e3o 2023"},"content":{"rendered":"\n<h3 class=\"wp-block-heading\">Coordena\u00e7\u00e3o Geral<\/h3>\n\n\n\n<ul>\n<li><a href=\"mailto:ejscheid@inf.ufrgs.br\">Dr. Eder John Scheid (UFRGS)<\/a><\/li>\n\n\n\n<li><a href=\"mailto:mffranco@inf.ufrgs.br\">Dr. Muriel Figueredo Franco (UFRGS)<\/a><\/li>\n<\/ul>\n\n\n\n<h3 class=\"wp-block-heading\">Organiza\u00e7\u00e3o do Comit\u00ea T\u00e9cnico de Programa da ERRC<\/h3>\n\n\n\n<ul>\n<li><a href=\"mailto:Ricardo.santos@vacaria.ifrs.edu.br\" data-type=\"mailto\" data-id=\"mailto:Ricardo.santos@vacaria.ifrs.edu.br\">Prof. Dr. Ricardo Luis dos Santos (IFRS &#8211; Restinga) <\/a><\/li>\n\n\n\n<li><a href=\"mailto:mansilha@unipampa.edu.br\">Prof. Dr. Rodrigo Mansilha (UNIPAMPA)<\/a><\/li>\n<\/ul>\n\n\n\n<h3 class=\"wp-block-heading\">Organiza\u00e7\u00e3o do Comit\u00ea de Programa WRSeg<\/h3>\n\n\n\n<ul>\n<li><a href=\"mailto:roben.lunardi@restinga.ifrs.edu.br\">Prof. Dr. Roben Lunardi (IFRS &#8211; Restinga)<\/a><\/li>\n\n\n\n<li><a href=\"mailto:dalmazo@furg.br\">Prof. Dr. Bruno Dalmazo (FURG)<\/a><\/li>\n<\/ul>\n\n\n\n<h3 class=\"wp-block-heading\">Organiza\u00e7\u00e3o de Minicurso e Palestras<\/h3>\n\n\n\n<ul>\n<li><a href=\"mailto:renato@redes.ufsm.br\">Prof. Dr. Renato Azevedo (CTISM &#8211; UFSM)<\/a><\/li>\n<\/ul>\n\n\n\n<h3 class=\"wp-block-heading\">Comit\u00ea Local de Apoio<\/h3>\n\n\n\n<ul>\n<li>Gabriel Gomes &#8211; Graduando, UFRGS<\/li>\n\n\n\n<li>Cleiton Puttlitz &#8211; Mestrando, UFRGS<\/li>\n\n\n\n<li>Luciano Zembruski &#8211; Doutorando, UFRGS<\/li>\n<\/ul>\n\n\n\n<h3 class=\"wp-block-heading\">Comit\u00ea de Programa<\/h3>\n\n\n\n<ul>\n<li>Adenauer Yamin (Universidade Fedaral de Pelotas &#8211; UFPEL)<\/li>\n\n\n\n<li>Alberto Egon Schaeffer-Filho (Universidade Federal do Rio Grande do Sul &#8211; UFRGS)<\/li>\n\n\n\n<li>Andrea Schwertner Charao (Universidade Federal de Santa Maria &#8211; UFSM)<\/li>\n\n\n\n<li>Antonio M. O. Candia (Universidade Federal de Santa Maria &#8211; UFSM)<\/li>\n\n\n\n<li>Arthur Francisco Lorenzon (Universidade Federal do Pampa &#8211; UNIPAMPA)<\/li>\n\n\n\n<li>Arthur Selle Jacobs (Universidade Federal do Rio Grande do Sul &#8211; UFRGS)<\/li>\n\n\n\n<li>Carlos Oberdan Rolim (Universidade Regional Integrada do Alto Uruguai e das Miss\u00f5es &#8211; URI)<\/li>\n\n\n\n<li>Carlos Raniery Paula dos Santos (Universidade Federal de Santa Maria &#8211; UFSM)<\/li>\n\n\n\n<li>Cesar Augusto Hass Loureiro (Instituto Federal de Educa\u00e7\u00e3o &#8211; IFEDU)<\/li>\n\n\n\n<li>Charles Christian Miers (Universidade do Estado de Santa Catarina &#8211; UDESC)<\/li>\n\n\n\n<li>Claudio Schepke (Universidade Federal do Pampa &#8211; UNIPAMPA)<\/li>\n\n\n\n<li>Cristiano Bonato Both (Universidade do Vale do Rio dos Sinos &#8211; UNISINOS)<\/li>\n\n\n\n<li>Cristina Moreira Nunes (Pontif\u00edcia Universidade Cat\u00f3lica do Rio Grande do Sul &#8211; PUCRS)<\/li>\n\n\n\n<li>Dalvan Griebler (Pontif\u00edcia Universidade Cat\u00f3lica do Rio Grande do Sul &#8211; PUCRS)<\/li>\n\n\n\n<li>Diego Kreutz (Universidade Federal do Pampa &#8211; UNIPAMPA)<\/li>\n\n\n\n<li>Diogo Menezes Ferrazani Mattos (Universidade Federal Fluminense &#8211; UFF)<\/li>\n\n\n\n<li>Djamel Sadok (Univerisdade Federal de Pernambuco &#8211; UFPE)<\/li>\n\n\n\n<li>Douglas D. J. de Macedo (Universidade Federal de Santa Catarina &#8211; UFSC)<\/li>\n\n\n\n<li>Eder John Scheid (Universidade Federal do Rio Grande do Sul &#8211; UFRGS)<\/li>\n\n\n\n<li>Edison Pignaton de Freitas (Universidade Federal do Rio Grande do Sul &#8211; UFRGS)<\/li>\n\n\n\n<li>Eduardo Maro\u00f1as Monks (Faculdade de Tecnologia Senac Pelotas &#8211; FATEC SENAC)<\/li>\n\n\n\n<li>Erico M. H. do Amaral (Universidade Federal do Pampa &#8211; UNIPAMPA)<\/li>\n\n\n\n<li>Ewerton Monteiro Salvador (Universidade Federal da Para\u00edba &#8211; UFPB)<\/li>\n\n\n\n<li>F\u00e1bio Diniz Rossi (Instituto Federal Farroupilha &#8211; IFF)<\/li>\n\n\n\n<li>Felipe Becker Nunes (Antonio Meneghetti Faculdade &#8211; AMF)<\/li>\n\n\n\n<li>Gerson Battisti (Universidade Regional do Noroeste do Estado do Rio Grande do Sul &#8211; UNIJU\u00cd)<\/li>\n\n\n\n<li>Guilherme P. Koslovski (Universidade do Estado de Santa Catarina &#8211; UDESC)<\/li>\n\n\n\n<li>Jeferson Campos Nobre (Universidade Federal do Rio Grande do Sul &#8211; UFRGS)<\/li>\n\n\n\n<li>Jo\u00e3o Vicente Ferreira Lima (Universidade Federal de Santa Maria &#8211; UFSM)<\/li>\n\n\n\n<li>Juliano Araujo Wickboldt (Universidade Federal do Rio Grande do Sul &#8211; UFRGS)<\/li>\n\n\n\n<li>Juliano Kazienko (Universidade Federal de Santa Maria &#8211; UFSM)<\/li>\n\n\n\n<li>Leandro M\u00e1rcio Bertholdo (Universidade Federal do Rio Grande do Sul &#8211; UFRGS)<\/li>\n\n\n\n<li>Leonardo Bidese de Pinho (Universidade Federal do Pampa &#8211; UNIPAMPA)<\/li>\n\n\n\n<li>Leonardo L. Fagundes (Universidade do Vale do Rio dos Sinos &#8211; UNISINOS)<\/li>\n\n\n\n<li>Lisandro Zambenedetti Granville (Universidade Federal do Rio Grande do Sul &#8211; UFRGS)<\/li>\n\n\n\n<li>Lucas Bondan (Universidade Federal do Rio Grande do Sul &#8211; UFRGS)<\/li>\n\n\n\n<li>Lucas F. Muller (Universidade Federal do Rio Grande do Sul &#8211; UFRGS)<\/li>\n\n\n\n<li>Luciano Ignaczak (Universidade do Vale do Rio dos Sinis &#8211; UNISINOS)<\/li>\n\n\n\n<li>Luciano Paschoal Gaspary (Universidade Federal do Rio Grande do Sul &#8211; UFRGS)<\/li>\n\n\n\n<li>Luciano Zembruzki (Universidade Federal do Rio Grande do Sul &#8211; UFRGS)<\/li>\n\n\n\n<li>Lucio Rene Prade (Universidade do Vale do Rio dos Sinis &#8211; UNISINOS)<\/li>\n\n\n\n<li>Luis Augusto Dias Knob (Fondazione Bruno Kessler &#8211; FBK)<\/li>\n\n\n\n<li>Marcelo Caggiani Luizelli (Universidade Federal do Pampa &#8211; UNIPAMPA)<\/li>\n\n\n\n<li>Marcia Pasin (Universidade Federal de Santa Maria &#8211; UFSM)<\/li>\n\n\n\n<li>Marco A. Spohn (Universidade Federal da Fronteira Sul &#8211; UFFS)<\/li>\n\n\n\n<li>Marco Rojas (Instituto Federal de Santa Catarina &#8211; IFSC)<\/li>\n\n\n\n<li>Mauricio Aronne Pillon (Universidade do Estado de Santa Catarina &#8211; UDESC)<\/li>\n\n\n\n<li>Muriel Figueredo Franco (Universidade Federal do Rio Grande do Sul &#8211; UFRGS)<\/li>\n\n\n\n<li>Pedro de B. Marcos (Universidade Federal do Rio Grande &#8211; FURG)<\/li>\n\n\n\n<li>Rafael Bastos (Universidade Federal de Pelotas &#8211; UFPEL)<\/li>\n\n\n\n<li>Rafael Esteves (Instituto Federal do Rio Grande do Sul &#8211; IFRS)<\/li>\n\n\n\n<li>Rafael Kunst (Universidade do Vale do Rio dos Sinos &#8211; UNISINOS)<\/li>\n\n\n\n<li>Rafael R. Obelheiro (Universidade do Estado de Santa Catarina &#8211; UDESC)<\/li>\n\n\n\n<li>Raul Ceretta Nunes (Universidade Federal de Santa Maria &#8211; UFSM)<\/li>\n\n\n\n<li>Regio Michelin (University of New South Wales &#8211; UNSW)<\/li>\n\n\n\n<li>Renato Preigschadt (Universidade Federal de Santa Maria &#8211; UFSM)<\/li>\n\n\n\n<li>Ricardo de O. Schmidt (University of Passo Fundo &#8211; UPF)<\/li>\n\n\n\n<li>Ricardo de la Rocha Ladeira (Instituto Federal Catarinense Campus Blumenau &#8211; IFC Blumenau)<\/li>\n\n\n\n<li>Ricardo Jose Pfitscher (Universidade Federal de Santa Catarina &#8211; UFSC)<\/li>\n\n\n\n<li>Roben Castagna Lunardi (Instituto Federal do Rio Grande do Sul &#8211; IFRS)<\/li>\n\n\n\n<li>Rodolfo Antunes (Universidade do Vale do Rio dos Sinis &#8211; UNISINOS)<\/li>\n\n\n\n<li>Rodrigo Brand\u00e3o Mansilha (Universidade Federal do Pampa &#8211; UNIPAMPA)<\/li>\n\n\n\n<li>Rodrigo Campos Bortoletto (IFSP)<\/li>\n\n\n\n<li>Rodrigo da Rosa Righi (Universidade do Vale do Rio dos Sinis &#8211; UNISINOS)<\/li>\n\n\n\n<li>Rodrigo Neves Calheiros (Western Sydney University &#8211; WSU)<\/li>\n\n\n\n<li>Roger Immich (Universidade Federal do Rio Grande do Norte &#8211; UFRN)<\/li>\n\n\n\n<li>Rog\u00e9rio Turchetti (Universidade Federal de Santa Maria &#8211; UFSM)<\/li>\n\n\n\n<li>Simone Ceolin (Universidade Federal de Santa Maria &#8211; UFSM)<\/li>\n\n\n\n<li>Tiago Coelho Ferreto (Pontif\u00edcia Universidade Cat\u00f3lica do Rio Grande do Sul &#8211; PUCRS)<\/li>\n\n\n\n<li>Tiago Antonio Rizzetti (Universidade Federal de Santa Maria &#8211; UFSM)<\/li>\n\n\n\n<li>Valter Roesler (Universidade Federal do Rio Grande do Sul &#8211; UFRGS)<\/li>\n\n\n\n<li>Vin\u00edcius Tavares Guimar\u00e3es (Instituto Federal Sul-Rio-Grandense &#8211; Campus Charqueadas &#8211; IFSul)<\/li>\n\n\n\n<li>Vinicius V. Cogo (Faculdade de Ci\u00eancias da Universidade de Lisboa &#8211; ULisboa)<\/li>\n<\/ul>\n","protected":false},"excerpt":{"rendered":"<p>Coordena\u00e7\u00e3o Geral Organiza\u00e7\u00e3o do Comit\u00ea T\u00e9cnico de Programa da ERRC Organiza\u00e7\u00e3o do Comit\u00ea de Programa WRSeg Organiza\u00e7\u00e3o de Minicurso e Palestras Comit\u00ea Local de Apoio Comit\u00ea de Programa<\/p>\n","protected":false},"author":1,"featured_media":0,"parent":16,"menu_order":0,"comment_status":"closed","ping_status":"closed","template":"","meta":[],"_links":{"self":[{"href":"https:\/\/www.inf.ufrgs.br\/errc2023\/wp-json\/wp\/v2\/pages\/83"}],"collection":[{"href":"https:\/\/www.inf.ufrgs.br\/errc2023\/wp-json\/wp\/v2\/pages"}],"about":[{"href":"https:\/\/www.inf.ufrgs.br\/errc2023\/wp-json\/wp\/v2\/types\/page"}],"author":[{"embeddable":true,"href":"https:\/\/www.inf.ufrgs.br\/errc2023\/wp-json\/wp\/v2\/users\/1"}],"replies":[{"embeddable":true,"href":"https:\/\/www.inf.ufrgs.br\/errc2023\/wp-json\/wp\/v2\/comments?post=83"}],"version-history":[{"count":44,"href":"https:\/\/www.inf.ufrgs.br\/errc2023\/wp-json\/wp\/v2\/pages\/83\/revisions"}],"predecessor-version":[{"id":646,"href":"https:\/\/www.inf.ufrgs.br\/errc2023\/wp-json\/wp\/v2\/pages\/83\/revisions\/646"}],"up":[{"embeddable":true,"href":"https:\/\/www.inf.ufrgs.br\/errc2023\/wp-json\/wp\/v2\/pages\/16"}],"wp:attachment":[{"href":"https:\/\/www.inf.ufrgs.br\/errc2023\/wp-json\/wp\/v2\/media?parent=83"}],"curies":[{"name":"wp","href":"https:\/\/api.w.org\/{rel}","templated":true}]}}