{"id":88,"date":"2023-05-26T13:00:10","date_gmt":"2023-05-26T16:00:10","guid":{"rendered":"https:\/\/www.inf.ufrgs.br\/errc2023\/?page_id=88"},"modified":"2023-07-18T23:26:26","modified_gmt":"2023-07-19T02:26:26","slug":"comite-assessor","status":"publish","type":"page","link":"https:\/\/www.inf.ufrgs.br\/errc2023\/organizacao\/comite-assessor\/","title":{"rendered":"Comit\u00ea Assessor"},"content":{"rendered":"\n<h3 class=\"wp-block-heading\">Comit\u00ea Assessor da Escola Regional de Redes de Computadores do Rio Grande do Sul (CRRC)<\/h3>\n\n\n\n<h3 class=\"wp-block-heading\">Forma\u00e7\u00e3o atual<\/h3>\n\n\n\n<ul>\n<li>Carlos Raniery (UFSM)<\/li>\n\n\n\n<li>J\u00e9ferson Nobre (UFRGS)<\/li>\n\n\n\n<li>Juliano Wickboldt (UFRGS)<\/li>\n\n\n\n<li>Luis Knob (IFRS\/Sert\u00e3o)<\/li>\n\n\n\n<li>Marcelo Conterato (SENAC\/POA)<\/li>\n\n\n\n<li>M\u00e1rcia Pasin (UFSM)<\/li>\n\n\n\n<li>Rodrigo Mansilha (Unipampa)<\/li>\n\n\n\n<li>Tiago Ferreto (PUCRS)<\/li>\n<\/ul>\n\n\n\n<h3 class=\"wp-block-heading\">Membros inativos<\/h3>\n\n\n\n<ul>\n<li>Cristiano Bonato Both (UFCSPA)<\/li>\n\n\n\n<li>Lisandro Zambenedetti Granville (UFRGS)<\/li>\n\n\n\n<li>M\u00e1rcio Pohlmann (SENAC\/POA)<\/li>\n\n\n\n<li>Rafael Esteves (IFRS\/Restinga)<\/li>\n<\/ul>\n\n\n\n<h3 class=\"wp-block-heading\"><\/h3>\n","protected":false},"excerpt":{"rendered":"<p>Comit\u00ea Assessor da Escola Regional de Redes de Computadores do Rio Grande do Sul (CRRC) Forma\u00e7\u00e3o atual Membros inativos<\/p>\n","protected":false},"author":1,"featured_media":0,"parent":16,"menu_order":2,"comment_status":"closed","ping_status":"closed","template":"","meta":[],"_links":{"self":[{"href":"https:\/\/www.inf.ufrgs.br\/errc2023\/wp-json\/wp\/v2\/pages\/88"}],"collection":[{"href":"https:\/\/www.inf.ufrgs.br\/errc2023\/wp-json\/wp\/v2\/pages"}],"about":[{"href":"https:\/\/www.inf.ufrgs.br\/errc2023\/wp-json\/wp\/v2\/types\/page"}],"author":[{"embeddable":true,"href":"https:\/\/www.inf.ufrgs.br\/errc2023\/wp-json\/wp\/v2\/users\/1"}],"replies":[{"embeddable":true,"href":"https:\/\/www.inf.ufrgs.br\/errc2023\/wp-json\/wp\/v2\/comments?post=88"}],"version-history":[{"count":3,"href":"https:\/\/www.inf.ufrgs.br\/errc2023\/wp-json\/wp\/v2\/pages\/88\/revisions"}],"predecessor-version":[{"id":352,"href":"https:\/\/www.inf.ufrgs.br\/errc2023\/wp-json\/wp\/v2\/pages\/88\/revisions\/352"}],"up":[{"embeddable":true,"href":"https:\/\/www.inf.ufrgs.br\/errc2023\/wp-json\/wp\/v2\/pages\/16"}],"wp:attachment":[{"href":"https:\/\/www.inf.ufrgs.br\/errc2023\/wp-json\/wp\/v2\/media?parent=88"}],"curies":[{"name":"wp","href":"https:\/\/api.w.org\/{rel}","templated":true}]}}