{"id":15,"date":"2024-03-11T19:51:29","date_gmt":"2024-03-11T19:51:29","guid":{"rendered":"https:\/\/www.inf.ufrgs.br\/gt-impacto\/?page_id=15"},"modified":"2025-06-09T22:01:58","modified_gmt":"2025-06-09T22:01:58","slug":"home","status":"publish","type":"page","link":"https:\/\/www.inf.ufrgs.br\/gt-impacto\/","title":{"rendered":"Home"},"content":{"rendered":"\n<div class=\"wp-block-group alignfull is-layout-constrained wp-block-group-is-layout-constrained\"><div class=\"wp-block-group__inner-container\">\n<div class=\"wp-block-cover alignfull is-light\" style=\"min-height:700px\"><span aria-hidden=\"true\" class=\"wp-block-cover__background has-background-dim-0 has-background-dim\"><\/span><img loading=\"lazy\" decoding=\"async\" width=\"1276\" height=\"584\" class=\"wp-block-cover__image-background wp-image-46\" alt=\"\" src=\"https:\/\/www.inf.ufrgs.br\/gt-impacto\/wp-content\/uploads\/2024\/03\/clipboard-image.png\" data-object-fit=\"cover\" srcset=\"https:\/\/www.inf.ufrgs.br\/gt-impacto\/wp-content\/uploads\/2024\/03\/clipboard-image.png 1276w, https:\/\/www.inf.ufrgs.br\/gt-impacto\/wp-content\/uploads\/2024\/03\/clipboard-image-300x137.png 300w, https:\/\/www.inf.ufrgs.br\/gt-impacto\/wp-content\/uploads\/2024\/03\/clipboard-image-1024x469.png 1024w, https:\/\/www.inf.ufrgs.br\/gt-impacto\/wp-content\/uploads\/2024\/03\/clipboard-image-768x351.png 768w\" sizes=\"(max-width: 1276px) 100vw, 1276px\" \/><div class=\"wp-block-cover__inner-container is-layout-flow wp-block-cover-is-layout-flow\">\n<div style=\"height:80px\" aria-hidden=\"true\" class=\"wp-block-spacer\"><\/div>\n\n\n\n<h1 class=\"wp-block-heading has-text-align-left has-text-color\" style=\"color:#121212; font-size: 85px; font-style: Arial\">GT-IMPACTO<\/h1>\n\n\n\n<div class=\"wp-block-group is-vertical is-layout-flex wp-container-core-group-layout-1 wp-block-group-is-layout-flex\">\n<h1 class=\"wp-block-heading has-text-align-left has-text-color\" style=\"color:#121212;font-size:22px\">Plataforma de Capacita\u00e7\u00e3o em Ciberseguran\u00e7a Baseada em <\/h1>\n\n\n\n<h1 class=\"wp-block-heading has-text-align-left has-text-color\" style=\"color:#121212;font-size:22px\">Modelagem e Simula\u00e7\u00e3o de Aspectos e Impactos Econ\u00f4micos de Ciberataques<\/h1>\n<\/div>\n\n\n\n<div style=\"height:51px\" aria-hidden=\"true\" class=\"wp-block-spacer\"><\/div>\n\n\n\n<div class=\"wp-block-buttons alignwide is-content-justification-full is-layout-flex wp-block-buttons-is-layout-flex\" style=\"margin-left: 0px\">\n\n<div class=\"wp-block-button is-style-primary\"><a class=\"wp-block-button__link has-text-align-left wp-element-button\" \n   style=\"margin-left: 0px; height: 80px; width: 250px; display: flex; align-items: center; justify-content: center; text-align: center; border-radius: 8px; font-size: 21px;\" \n   href=\"https:\/\/www.inf.ufrgs.br\/gt-impacto\/index.php\/projeto\/\">\n   O Projeto\n<\/a><\/div>\n\n\n<div class=\"wp-block-button is-style-secondary\" ><a class=\"wp-block-button__link wp-element-button\" style=\"margin-left: 20px; height: 80px; width: 250px; display: flex; align-items: center; justify-content: center; text-align: center; border-radius: 8px; font-size: 21px;\"  href=\"https:\/\/www.inf.ufrgs.br\/gt-impacto\/index.php\/news\/\">Not\u00edcias<\/a><\/div>\n\n<\/div>\n<\/div><\/div>\n<\/div><\/div>\n\n\n\n<div style=\"height:80px\" aria-hidden=\"true\" class=\"wp-block-spacer\"><\/div>\n\n\n\n<h3 class=\"wp-block-heading has-text-align-center\">Ciberseguran\u00e7a n\u00e3o \u00e9 apenas um problema t\u00e9cnico, mas tamb\u00e9m econ\u00f4mico em sua natureza.<\/h3>\n\n\n\n<div class=\"wp-block-columns is-layout-flex wp-container-core-columns-layout-1 wp-block-columns-is-layout-flex\">\n<div class=\"wp-block-column is-layout-flow wp-block-column-is-layout-flow\"><div class=\"wp-block-image\">\n<figure class=\"aligncenter size-full is-resized\"><img loading=\"lazy\" decoding=\"async\" width=\"512\" height=\"512\" src=\"https:\/\/www.inf.ufrgs.br\/gt-impacto\/wp-content\/uploads\/2024\/03\/servico-de-ti.png\" alt=\"\" class=\"wp-image-92\" style=\"width:55px;height:auto\" srcset=\"https:\/\/www.inf.ufrgs.br\/gt-impacto\/wp-content\/uploads\/2024\/03\/servico-de-ti.png 512w, https:\/\/www.inf.ufrgs.br\/gt-impacto\/wp-content\/uploads\/2024\/03\/servico-de-ti-300x300.png 300w, https:\/\/www.inf.ufrgs.br\/gt-impacto\/wp-content\/uploads\/2024\/03\/servico-de-ti-150x150.png 150w\" sizes=\"(max-width: 512px) 100vw, 512px\" \/><\/figure><\/div>\n\n\n<h3 class=\"wp-block-heading has-text-align-center has-neve-text-color-color has-text-color\">Riscos e Amea\u00e7as<\/h3>\n\n\n\n<p class=\"has-text-align-center\">Identificar amea\u00e7as e riscos que podem causar a disrup\u00e7\u00e3o de servi\u00e7os e opera\u00e7\u00e3o dos neg\u00f3cios<\/p>\n\n\n\n<div style=\"height:20px\" aria-hidden=\"true\" class=\"wp-block-spacer\"><\/div>\n<\/div>\n\n\n\n<div class=\"wp-block-column is-layout-flow wp-block-column-is-layout-flow\"><div class=\"wp-block-image\">\n<figure class=\"aligncenter size-full is-resized\"><img loading=\"lazy\" decoding=\"async\" width=\"512\" height=\"512\" src=\"https:\/\/www.inf.ufrgs.br\/gt-impacto\/wp-content\/uploads\/2024\/03\/pesquisa.png\" alt=\"\" class=\"wp-image-91\" style=\"width:55px;height:auto\" srcset=\"https:\/\/www.inf.ufrgs.br\/gt-impacto\/wp-content\/uploads\/2024\/03\/pesquisa.png 512w, https:\/\/www.inf.ufrgs.br\/gt-impacto\/wp-content\/uploads\/2024\/03\/pesquisa-300x300.png 300w, https:\/\/www.inf.ufrgs.br\/gt-impacto\/wp-content\/uploads\/2024\/03\/pesquisa-150x150.png 150w\" sizes=\"(max-width: 512px) 100vw, 512px\" \/><\/figure><\/div>\n\n\n<h3 class=\"wp-block-heading has-text-align-center has-neve-text-color-color has-text-color\">Impactos Econ\u00f4micos<\/h3>\n\n\n\n<p class=\"has-text-align-center\">Compreender impactos financeiros diretos e indiretos devido a ciberataques, regulamenta\u00e7\u00f5es e baixa conscientiza\u00e7\u00e3o em ciberseguran\u00e7a<\/p>\n\n\n\n<div style=\"height:20px\" aria-hidden=\"true\" class=\"wp-block-spacer\"><\/div>\n<\/div>\n\n\n\n<div class=\"wp-block-column is-layout-flow wp-block-column-is-layout-flow\"><div class=\"wp-block-image\">\n<figure class=\"aligncenter size-full is-resized\"><img loading=\"lazy\" decoding=\"async\" width=\"512\" height=\"512\" src=\"https:\/\/www.inf.ufrgs.br\/gt-impacto\/wp-content\/uploads\/2024\/03\/conversao.png\" alt=\"\" class=\"wp-image-89\" style=\"width:55px;height:auto\" srcset=\"https:\/\/www.inf.ufrgs.br\/gt-impacto\/wp-content\/uploads\/2024\/03\/conversao.png 512w, https:\/\/www.inf.ufrgs.br\/gt-impacto\/wp-content\/uploads\/2024\/03\/conversao-300x300.png 300w, https:\/\/www.inf.ufrgs.br\/gt-impacto\/wp-content\/uploads\/2024\/03\/conversao-150x150.png 150w\" sizes=\"(max-width: 512px) 100vw, 512px\" \/><\/figure><\/div>\n\n\n<h3 class=\"wp-block-heading has-text-align-center has-neve-text-color-color has-text-color\">Planejamento Eficiente<\/h3>\n\n\n\n<p class=\"has-text-align-center\">Modelos econ\u00f4micos para planejamento eficiente de investimentos e defini\u00e7\u00e3o de estrat\u00e9gias de ciberseguran\u00e7a com alto custo-beneficio<\/p>\n\n\n\n<div style=\"height:20px\" aria-hidden=\"true\" class=\"wp-block-spacer\"><\/div>\n<\/div>\n<\/div>\n\n\n\n<div class=\"wp-block-cover alignfull is-light\" style=\"min-height:700px \"><span aria-hidden=\"true\" class=\"wp-block-cover__background has-background-dim-0 has-background-dim\"><\/span><img loading=\"lazy\" decoding=\"async\" width=\"1980\" height=\"900\" class=\"wp-block-cover__image-background wp-image-365\" alt=\"\" src=\"https:\/\/www.inf.ufrgs.br\/gt-impacto\/wp-content\/uploads\/2025\/06\/Sem-Titulo-3.png\" data-object-fit=\"cover\" style=\"object-fit: cover; object-position: top;\" srcset=\"https:\/\/www.inf.ufrgs.br\/gt-impacto\/wp-content\/uploads\/2025\/06\/Sem-Titulo-3.png 1980w, https:\/\/www.inf.ufrgs.br\/gt-impacto\/wp-content\/uploads\/2025\/06\/Sem-Titulo-3-300x136.png 300w, https:\/\/www.inf.ufrgs.br\/gt-impacto\/wp-content\/uploads\/2025\/06\/Sem-Titulo-3-1024x465.png 1024w, https:\/\/www.inf.ufrgs.br\/gt-impacto\/wp-content\/uploads\/2025\/06\/Sem-Titulo-3-768x349.png 768w, https:\/\/www.inf.ufrgs.br\/gt-impacto\/wp-content\/uploads\/2025\/06\/Sem-Titulo-3-1536x698.png 1536w\" sizes=\"(max-width: 1980px) 100vw, 1980px\" \/><div class=\"wp-block-cover__inner-container is-layout-flow wp-block-cover-is-layout-flow\">\n<div style=\"height:80px\" aria-hidden=\"true\" class=\"wp-block-spacer\"><\/div>\n\n\n<!-- Container principal com alinhamento central -->\n<div style=\"display: flex; justify-content: center; align-items: center; gap: 250px; height: 600px;\">\n\n  <!-- T\u00edtulo -->\n  <div>\n    <h1 style=\"color:#121212; font-size: 67px; font-family: Arial;\">A Plataforma IMPACTO<\/h1>\n    <h6 style=\"color:#555555; font-size: 18px; font-family: Arial; line-height:1.6; letter-spacing:0.5px;\">\n  Utilizando dados atualizados de relat\u00f3rios sobre o cen\u00e1rio de ciberseguran\u00e7a do mercado, nossa plataforma oferece uma abordagem t\u00e9cnica e objetiva para analisar as vulnerabilidades da sua empresa. Com ela, voc\u00ea identifica amea\u00e7as, simula impactos e descobre as melhores estrat\u00e9gias para proteger seus ativos.\n<\/h6>\n  <\/div>\n\n  <!-- Bot\u00f5es -->\n<div style=\"display: flex; flex-direction: column; gap: 35px;\">\n  <div class=\"wp-block-button is-style-primary\">\n    <a class=\"wp-block-button__link has-text-align-left wp-element-button\" \n       style=\"height: 100px; width: 400px; display: flex; align-items: center; justify-content: center; text-align: center; border-radius: 8px; font-size: 24px; gap: 8px;\" \n       href=\"https:\/\/gt-impacto.inf.ufrgs.br\/\">\n      <img decoding=\"async\" src=\"https:\/\/www.inf.ufrgs.br\/gt-impacto\/wp-content\/uploads\/2025\/06\/Sem-Titulo-4.png\" alt=\"\u00edcone\" style=\"width: 40px; height: 40px;\"\/>\n      Acessar a plataforma\n    <\/a>\n  <\/div>\n\n  <div class=\"wp-block-button is-style-secondary\">\n    <a class=\"wp-block-button__link has-text-align-left wp-element-button\" style=\"height: 75px; margin-left: 50px; width: 300px; display: flex; align-items: center; justify-content: center; text-align: center; border-radius: 8px; font-size: 24px; gap: 8px;\" href=\"https:\/\/www.youtube.com\/watch?v=x0RAgu_bjSU\" target=\"_blank\" rel=\"noopener noreferrer\">\n      Assistir ao tutorial\n    <\/a>\n  <\/div>\n<\/div>\n\n\n<\/div>\n\n<\/div>\n\n<\/div><\/div>\n<!-- \/wp:cover -->\n\n<!-- wp:cover {\"overlayColor\":\"nv-light-bg\",\"minHeight\":300,\"contentPosition\":\"center center\",\"align\":\"full\",\"className\":\"is-light\"} -->\n<div class=\"wp-block-cover alignfull is-light\" style=\"min-height:300px\"><span aria-hidden=\"true\" class=\"wp-block-cover__background has-nv-light-bg-background-color has-background-dim-100 has-background-dim\"><\/span><div class=\"wp-block-cover__inner-container\"><!-- wp:paragraph {\"align\":\"center\",\"fontSize\":\"medium\"} -->\n<p class=\"has-text-align-center has-medium-font-size\"><\/p>\n<!-- \/wp:paragraph -->\n\n<!-- wp:buttons {\"layout\":{\"type\":\"flex\",\"justifyContent\":\"center\"}} -->\n<div class=\"wp-block-buttons\"><!-- wp:button \/--><\/div>\n<!-- \/wp:buttons -->\n\n<!-- wp:columns -->\n<div class=\"wp-block-columns\"><!-- wp:column -->\n<div class=\"wp-block-column\"><!-- wp:image {\"id\":59,\"sizeSlug\":\"large\",\"linkDestination\":\"custom\"} -->\n<figure class=\"wp-block-image size-large\"><a href=\"https:\/\/www.rnp.br\/\"><img loading=\"lazy\" decoding=\"async\" width=\"1024\" height=\"576\" src=\"https:\/\/www.inf.ufrgs.br\/gt-impacto\/wp-content\/uploads\/2024\/03\/logo-rnp-1-1024x576.png\" alt=\"\" class=\"wp-image-59\" srcset=\"https:\/\/www.inf.ufrgs.br\/gt-impacto\/wp-content\/uploads\/2024\/03\/logo-rnp-1-1024x576.png 1024w, https:\/\/www.inf.ufrgs.br\/gt-impacto\/wp-content\/uploads\/2024\/03\/logo-rnp-1-300x169.png 300w, https:\/\/www.inf.ufrgs.br\/gt-impacto\/wp-content\/uploads\/2024\/03\/logo-rnp-1-768x432.png 768w, https:\/\/www.inf.ufrgs.br\/gt-impacto\/wp-content\/uploads\/2024\/03\/logo-rnp-1-1536x864.png 1536w, https:\/\/www.inf.ufrgs.br\/gt-impacto\/wp-content\/uploads\/2024\/03\/logo-rnp-1.png 1920w\" sizes=\"(max-width: 1024px) 100vw, 1024px\" \/><\/a><\/figure>\n<!-- \/wp:image --><\/div>\n<!-- \/wp:column -->\n\n<!-- wp:column -->\n<div class=\"wp-block-column\"><!-- wp:image {\"id\":60,\"sizeSlug\":\"full\",\"linkDestination\":\"custom\"} -->\n<figure class=\"wp-block-image size-full\"><a href=\"https:\/\/hackersdobem.org.br\/\"><img loading=\"lazy\" decoding=\"async\" width=\"833\" height=\"524\" src=\"https:\/\/www.inf.ufrgs.br\/gt-impacto\/wp-content\/uploads\/2024\/03\/logo-hackers.png\" alt=\"\" class=\"wp-image-60\" srcset=\"https:\/\/www.inf.ufrgs.br\/gt-impacto\/wp-content\/uploads\/2024\/03\/logo-hackers.png 833w, https:\/\/www.inf.ufrgs.br\/gt-impacto\/wp-content\/uploads\/2024\/03\/logo-hackers-300x189.png 300w, https:\/\/www.inf.ufrgs.br\/gt-impacto\/wp-content\/uploads\/2024\/03\/logo-hackers-768x483.png 768w\" sizes=\"(max-width: 833px) 100vw, 833px\" \/><\/a><\/figure>\n<!-- \/wp:image --><\/div>\n<!-- \/wp:column -->\n\n<!-- wp:column -->\n<div class=\"wp-block-column\"><!-- wp:image {\"id\":61,\"sizeSlug\":\"full\",\"linkDestination\":\"custom\"} -->\n<figure class=\"wp-block-image size-full\"><a href=\"https:\/\/www.inf.ufrgs.br\"><img loading=\"lazy\" decoding=\"async\" width=\"913\" height=\"542\" src=\"https:\/\/www.inf.ufrgs.br\/gt-impacto\/wp-content\/uploads\/2024\/03\/logo-ufrgs.png\" alt=\"\" class=\"wp-image-61\" srcset=\"https:\/\/www.inf.ufrgs.br\/gt-impacto\/wp-content\/uploads\/2024\/03\/logo-ufrgs.png 913w, https:\/\/www.inf.ufrgs.br\/gt-impacto\/wp-content\/uploads\/2024\/03\/logo-ufrgs-300x178.png 300w, https:\/\/www.inf.ufrgs.br\/gt-impacto\/wp-content\/uploads\/2024\/03\/logo-ufrgs-768x456.png 768w\" sizes=\"(max-width: 913px) 100vw, 913px\" \/><\/a><\/figure>\n<!-- \/wp:image --><\/div>\n<!-- \/wp:column --><\/div>\n<!-- \/wp:columns --><\/div><\/div>\n<!-- \/wp:cover -->\n\n<!-- wp:footnotes \/-->","protected":false},"excerpt":{"rendered":"<p>Ciberseguran\u00e7a n\u00e3o \u00e9 apenas um problema t\u00e9cnico, mas tamb\u00e9m econ\u00f4mico em sua natureza. Riscos e Amea\u00e7as Identificar amea\u00e7as e riscos que podem causar a disrup\u00e7\u00e3o de servi\u00e7os e opera\u00e7\u00e3o dos neg\u00f3cios Impactos Econ\u00f4micos Compreender impactos financeiros diretos e indiretos devido a ciberataques, regulamenta\u00e7\u00f5es e baixa conscientiza\u00e7\u00e3o em ciberseguran\u00e7a Planejamento Eficiente Modelos econ\u00f4micos para planejamento eficiente&hellip;&nbsp;<a href=\"https:\/\/www.inf.ufrgs.br\/gt-impacto\/\" class=\"\" rel=\"bookmark\">Read More &raquo;<span class=\"screen-reader-text\">Home<\/span><\/a><\/p>\n","protected":false},"author":1,"featured_media":0,"parent":0,"menu_order":0,"comment_status":"closed","ping_status":"closed","template":"","meta":{"neve_meta_sidebar":"","neve_meta_container":"","neve_meta_enable_content_width":"on","neve_meta_content_width":100,"neve_meta_title_alignment":"","neve_meta_author_avatar":"","neve_post_elements_order":"","neve_meta_disable_header":"","neve_meta_disable_footer":"","neve_meta_disable_title":"on","footnotes":"[]"},"_links":{"self":[{"href":"https:\/\/www.inf.ufrgs.br\/gt-impacto\/index.php\/wp-json\/wp\/v2\/pages\/15"}],"collection":[{"href":"https:\/\/www.inf.ufrgs.br\/gt-impacto\/index.php\/wp-json\/wp\/v2\/pages"}],"about":[{"href":"https:\/\/www.inf.ufrgs.br\/gt-impacto\/index.php\/wp-json\/wp\/v2\/types\/page"}],"author":[{"embeddable":true,"href":"https:\/\/www.inf.ufrgs.br\/gt-impacto\/index.php\/wp-json\/wp\/v2\/users\/1"}],"replies":[{"embeddable":true,"href":"https:\/\/www.inf.ufrgs.br\/gt-impacto\/index.php\/wp-json\/wp\/v2\/comments?post=15"}],"version-history":[{"count":149,"href":"https:\/\/www.inf.ufrgs.br\/gt-impacto\/index.php\/wp-json\/wp\/v2\/pages\/15\/revisions"}],"predecessor-version":[{"id":515,"href":"https:\/\/www.inf.ufrgs.br\/gt-impacto\/index.php\/wp-json\/wp\/v2\/pages\/15\/revisions\/515"}],"wp:attachment":[{"href":"https:\/\/www.inf.ufrgs.br\/gt-impacto\/index.php\/wp-json\/wp\/v2\/media?parent=15"}],"curies":[{"name":"wp","href":"https:\/\/api.w.org\/{rel}","templated":true}]}}