{"id":179,"date":"2024-03-13T20:44:19","date_gmt":"2024-03-13T20:44:19","guid":{"rendered":"https:\/\/www.inf.ufrgs.br\/gt-impacto\/?page_id=179"},"modified":"2025-09-02T14:24:56","modified_gmt":"2025-09-02T14:24:56","slug":"news","status":"publish","type":"page","link":"https:\/\/www.inf.ufrgs.br\/gt-impacto\/index.php\/news\/","title":{"rendered":"Atualiza\u00e7\u00f5es"},"content":{"rendered":"\n<p class=\"has-large-font-size\"><strong>Not\u00edcias<\/strong><\/p>\n\n\n\n<ul>\n<li><strong>Setembro\/2025<\/strong> &#8211; Projeto IMPACTO conquista 4 selos no SBSeg 2025 e marca presen\u00e7a no Sal\u00e3o de Ferramentas. <a href=\"https:\/\/www.inf.ufrgs.br\/gt-impacto\/index.php\/2025\/09\/02\/impacto-conquista-todos-os-selos-de-qualidade-no-sbseg-2025\/\" data-type=\"link\" data-id=\"https:\/\/www.inf.ufrgs.br\/gt-impacto\/index.php\/2025\/09\/02\/impacto-conquista-todos-os-selos-de-qualidade-no-sbseg-2025\/\">Leia Mais.<\/a><\/li>\n\n\n\n<li><strong>Junho\/2025<\/strong> &#8211; IMPACTO agradece Michelle Wangham em suas colabora\u00e7\u00f5es no projeto. <a href=\"https:\/\/www.inf.ufrgs.br\/gt-impacto\/index.php\/2025\/07\/31\/encontro-especial-com-michelle-wangham\/\">Leia Mais.<\/a><\/li>\n\n\n\n<li><strong>Abril\/2025<\/strong> &#8211; GT-IMPACTO faz webin\u00e1rio para alunos do Hackers do Bem. <a href=\"https:\/\/www.inf.ufrgs.br\/gt-impacto\/index.php\/2025\/04\/17\/webinario-da-plataforma-gt-impacto\/\">Leia Mais.<\/a><\/li>\n\n\n\n<li><strong>Mar\u00e7o\/2025<\/strong> &#8211; GT-IMPACTO foi convidado a participar do <a href=\"https:\/\/indico.rnp.br\/event\/106\/\">26\u00ba Workshop RNP<\/a> do programa Hackers do Bem. <a href=\"https:\/\/www.inf.ufrgs.br\/gt-impacto\/index.php\/2025\/03\/22\/gt-impacto-participara-do-26o-workshop-rnp\/\" data-type=\"link\" data-id=\"https:\/\/www.inf.ufrgs.br\/gt-impacto\/index.php\/2024\/12\/17\/gt-impacto-no-demo-day\/\">Leia Mais.<\/a><\/li>\n\n\n\n<li><strong>Mar\u00e7o\/2025<\/strong> &#8211; PMEs representam 96% das novas empresas no Brasil e enfrentam mais de 700 milh\u00f5es de ataques cibern\u00e9ticos em um ano, tornando o GT-IMPACTO essencial na prote\u00e7\u00e3o contra amea\u00e7as digitais. <a href=\"https:\/\/www.inf.ufrgs.br\/gt-impacto\/index.php\/2025\/03\/20\/ciberseguranca-em-risco-pmes-brasileiras-sob-ameaca-de-ataques-digitais\/\" data-type=\"link\" data-id=\"https:\/\/www.inf.ufrgs.br\/gt-impacto\/index.php\/2024\/12\/17\/gt-impacto-no-demo-day\/\">Leia Mais.<\/a><\/li>\n\n\n\n<li><strong>Novembro\/2024<\/strong> &#8211; O GT-IMPACTO esteve presente no Demo Day organizado pela RNP no Rio de Janeiro. O Demo Day encerra a primeira etapa do projeto, que teve confirmado a sua extens\u00e3o para continua\u00e7\u00e3o do desenvolvimento. <a href=\"https:\/\/www.inf.ufrgs.br\/gt-impacto\/index.php\/2024\/12\/17\/gt-impacto-no-demo-day\/\" data-type=\"link\" data-id=\"https:\/\/www.inf.ufrgs.br\/gt-impacto\/index.php\/2024\/12\/17\/gt-impacto-no-demo-day\/\">Leia Mais.<\/a><\/li>\n\n\n\n<li><strong>Setembro\/2024<\/strong> &#8211; GT-IMPACTO marcou presen\u00e7a no <a href=\"https:\/\/sbseg2024.ita.br\/\">SBSeg 2024<\/a> com dois artigos. <a href=\"https:\/\/www.inf.ufrgs.br\/gt-impacto\/index.php\/2024\/09\/23\/gt-impacto-na-sbseg-2024\/\">Leia Mais<\/a>.<\/li>\n\n\n\n<li><strong>Agosto\/2024<\/strong> &#8211; A equipe do GT-IMPACTO realizou reuni\u00e3o t\u00e9cnica para alinhamento estrat\u00e9gico junto com parceiros e colaboradores. <a href=\"https:\/\/www.inf.ufrgs.br\/gt-impacto\/index.php\/2024\/08\/18\/reuniao-tecnica-e-alinhamento-estrategico\/\" data-type=\"link\" data-id=\"https:\/\/www.inf.ufrgs.br\/gt-impacto\/index.php\/2024\/08\/18\/reuniao-tecnica-e-alinhamento-estrategico\/\">Leia Mais.<\/a><\/li>\n\n\n\n<li><strong>Agosto\/2024<\/strong> &#8211; GT-IMPACTO teve dois artigos aceitos para apresenta\u00e7\u00e3o e publica\u00e7\u00e3o no XXIV Simp\u00f3sio Brasileiro em Seguran\u00e7a da Informa\u00e7\u00e3o e de Sistemas Computacionais (<a href=\"https:\/\/sbseg2024.ita.br\">SBSeg 2024<\/a>). O evento aconter\u00e1 de 16 a 19 de Setembro de 2024 no Instituto Tecnol\u00f3gico de Aeron\u00e1utica (ITA).<\/li>\n\n\n\n<li><strong>Maio\/2024<\/strong> &#8211; Revista do WRNP 2024 apresenta o GT-IMPACTO e a import\u00e2ncia de explorar os aspectos econ\u00f4micos da ciberseguran\u00e7a. <a href=\"https:\/\/www.rnp.br\/arquivos\/documents\/Revista%20do%20WRNP%20-%202024%20%2825%C2%BA%20edi%C3%A7%C3%A3o%29%20-%20Vers%C3%A3o%20Mobile_compressed.pdf?VersionId=SX.RRKlw5ywDWOeT3VNHoMmelJivP3ka&amp;utm_campaign=wrnp_2024_-_lancamento_revista&amp;utm_medium=email&amp;utm_source=RD+Station\">Leia Mais<\/a>. <\/li>\n\n\n\n<li><strong>Mar\u00e7o\/2024 &#8211; <\/strong>GT-IMPACTO \u00e9 divulgado para a comunidade da Universidade Federal do Rio Grande do Sul (UFRGS). Projeto executado junto ao INF e financiado pela Rede Nacional de Ensino e Pesquisa (RNP) atrav\u00e9s do projeto Hackers do Bem. <a href=\"https:\/\/www.inf.ufrgs.br\/site\/noticia\/projeto-gt-impacto\/\" data-type=\"link\" data-id=\"https:\/\/www.inf.ufrgs.br\/site\/noticia\/projeto-gt-impacto\/\">Leia Mais<\/a>.<\/li>\n\n\n\n<li><strong>Outubro\/2023 <\/strong>&#8211; GT-IMPACTO \u00e9 selecionado como um dos Grupos de Trabalho (GTs) que ir\u00e3o desenvolver projetos de PD&amp;I colaborativos que possam demonstrar a viabilidade no uso de novos servi\u00e7os, produtos e aplica\u00e7\u00f5es que possam beneficiar o processo de capacita\u00e7\u00e3o em ciberseguran\u00e7a. <a href=\"https:\/\/www.rnp.br\/noticias\/hackers-do-bem-resultado-da-chamada-publica-para-pesquisa-e-desenvolvimento-2023\">Leia Mais<\/a>.<\/li>\n<\/ul>\n\n\n\n<p class=\"has-large-font-size\"><strong>Publica\u00e7\u00f5es<\/strong><\/p>\n\n\n\n<ul>\n<li>J. D. Nunes, M. F. Franco, E. J. Scheid, G. Kozenieski, H. Lindemann, L. Soares, J. C. Nobre, L. Z. Granville:<strong> <\/strong><a href=\"https:\/\/sol.sbc.org.br\/index.php\/sbseg\/article\/view\/30050\"><strong>SIM-Ciber:<\/strong> <strong>Uma Solu\u00e7\u00e3o Baseada em Simula\u00e7\u00f5es Probabil\u00edsticas para Quantifica\u00e7\u00e3o de Riscos e Impactos de Ciberataques Utilizando Relat\u00f3rios Estat\u00edsticos<\/strong><\/a>; XXIV Simp\u00f3sio Brasileiro em Seguran\u00e7a da Informa\u00e7\u00e3o e de Sistemas Computacionais (SBSeg 2024), Setembro, 2024. pp. 1-16.<\/li>\n\n\n\n<li>M. F. Franco, C. Omlin, O. L. Kamer, E. J. Scheid, L. Z. Granville, B. Stiller: <strong><a href=\"https:\/\/sol.sbc.org.br\/index.php\/sbseg\/article\/view\/30049\">SECAdvisor: a Tool for Cybersecurity Planning using Economic Models<\/a><\/strong>; XXIV Simp\u00f3sio Brasileiro em Seguran\u00e7a da Informa\u00e7\u00e3o e de Sistemas Computacionais (SBSeg 2024), Setembro, 2024. pp. 1-16.<\/li>\n\n\n\n<li>M. F. Franco, F. K\u00fcnzler, J. von der Assen, C. Feng, B. Stiller: <a href=\"https:\/\/doi.org\/10.1016\/j.cose.2024.103737\">RCVaR: an Economic Approach to Estimate Cyberattacks Costs using Data from Industry Reports;<\/a> Computers &amp; Security, Vol. 139, January 2024.<\/li>\n<\/ul>\n","protected":false},"excerpt":{"rendered":"<p>Not\u00edcias Publica\u00e7\u00f5es<\/p>\n","protected":false},"author":1,"featured_media":0,"parent":0,"menu_order":0,"comment_status":"closed","ping_status":"closed","template":"","meta":{"neve_meta_sidebar":"","neve_meta_container":"","neve_meta_enable_content_width":"","neve_meta_content_width":0,"neve_meta_title_alignment":"","neve_meta_author_avatar":"","neve_post_elements_order":"","neve_meta_disable_header":"","neve_meta_disable_footer":"","neve_meta_disable_title":"","footnotes":""},"_links":{"self":[{"href":"https:\/\/www.inf.ufrgs.br\/gt-impacto\/index.php\/wp-json\/wp\/v2\/pages\/179"}],"collection":[{"href":"https:\/\/www.inf.ufrgs.br\/gt-impacto\/index.php\/wp-json\/wp\/v2\/pages"}],"about":[{"href":"https:\/\/www.inf.ufrgs.br\/gt-impacto\/index.php\/wp-json\/wp\/v2\/types\/page"}],"author":[{"embeddable":true,"href":"https:\/\/www.inf.ufrgs.br\/gt-impacto\/index.php\/wp-json\/wp\/v2\/users\/1"}],"replies":[{"embeddable":true,"href":"https:\/\/www.inf.ufrgs.br\/gt-impacto\/index.php\/wp-json\/wp\/v2\/comments?post=179"}],"version-history":[{"count":18,"href":"https:\/\/www.inf.ufrgs.br\/gt-impacto\/index.php\/wp-json\/wp\/v2\/pages\/179\/revisions"}],"predecessor-version":[{"id":529,"href":"https:\/\/www.inf.ufrgs.br\/gt-impacto\/index.php\/wp-json\/wp\/v2\/pages\/179\/revisions\/529"}],"wp:attachment":[{"href":"https:\/\/www.inf.ufrgs.br\/gt-impacto\/index.php\/wp-json\/wp\/v2\/media?parent=179"}],"curies":[{"name":"wp","href":"https:\/\/api.w.org\/{rel}","templated":true}]}}