{"id":19,"date":"2024-03-11T19:51:29","date_gmt":"2024-03-11T19:51:29","guid":{"rendered":"https:\/\/www.inf.ufrgs.br\/gt-impacto\/?page_id=19"},"modified":"2024-07-01T17:22:49","modified_gmt":"2024-07-01T17:22:49","slug":"projeto","status":"publish","type":"page","link":"https:\/\/www.inf.ufrgs.br\/gt-impacto\/index.php\/projeto\/","title":{"rendered":"Projeto"},"content":{"rendered":"\n<div class=\"wp-block-cover alignfull is-light\" style=\"min-height:53px\"><span aria-hidden=\"true\" class=\"wp-block-cover__background has-nv-site-bg-background-color has-background-dim-100 has-background-dim\"><\/span><div class=\"wp-block-cover__inner-container is-layout-flow wp-block-cover-is-layout-flow\">\n<div class=\"wp-block-group is-layout-flow wp-block-group-is-layout-flow\"><div class=\"wp-block-group__inner-container\">\n<div class=\"wp-block-columns are-vertically-aligned-center is-layout-flex wp-container-core-columns-layout-1 wp-block-columns-is-layout-flex\">\n<div class=\"wp-block-column is-vertically-aligned-center is-layout-flow wp-block-column-is-layout-flow\" style=\"flex-basis:70%\">\n<h1 class=\"wp-block-heading has-text-align-left has-neve-text-color-color has-text-color\">O Projeto<\/h1>\n\n\n\n<p class=\"has-neve-text-color-color has-text-color\" style=\"font-size:22px\">O GT-IMPACTO \u00e9 um projeto financiado pela Rede Nacional de Ensino e Pesquisa (RNP) atrav\u00e9s da Chamada P\u00fablica de Pesquisa, Desenvolvimento e Inova\u00e7\u00e3o da RNP junto ao programa Hackers do Bem.<\/p>\n<\/div>\n\n\n\n<div class=\"wp-block-column is-vertically-aligned-center is-layout-flow wp-block-column-is-layout-flow\" style=\"flex-basis:30%\"><\/div>\n<\/div>\n<\/div><\/div>\n<\/div><\/div>\n\n\n\n<div class=\"wp-block-cover alignfull is-light\" style=\"min-height:600px\"><span aria-hidden=\"true\" class=\"wp-block-cover__background has-nv-light-bg-background-color has-background-dim-100 has-background-dim\"><\/span><div class=\"wp-block-cover__inner-container is-layout-flow wp-block-cover-is-layout-flow\">\n<div class=\"wp-block-group is-layout-flow wp-block-group-is-layout-flow\"><div class=\"wp-block-group__inner-container\">\n<div style=\"height:80px\" aria-hidden=\"true\" class=\"wp-block-spacer\"><\/div>\n\n\n\n<div class=\"wp-block-columns is-layout-flex wp-container-core-columns-layout-2 wp-block-columns-is-layout-flex\">\n<div class=\"wp-block-column is-layout-flow wp-block-column-is-layout-flow\" style=\"flex-basis:66.79%\">\n<figure class=\"wp-block-image size-full is-resized\"><img loading=\"lazy\" decoding=\"async\" width=\"1900\" height=\"1000\" src=\"https:\/\/www.inf.ufrgs.br\/gt-impacto\/wp-content\/uploads\/2024\/03\/Grafo-Transp-1.png\" alt=\"\" class=\"wp-image-143\" style=\"width:578px;height:auto\" srcset=\"https:\/\/www.inf.ufrgs.br\/gt-impacto\/wp-content\/uploads\/2024\/03\/Grafo-Transp-1.png 1900w, https:\/\/www.inf.ufrgs.br\/gt-impacto\/wp-content\/uploads\/2024\/03\/Grafo-Transp-1-300x158.png 300w, https:\/\/www.inf.ufrgs.br\/gt-impacto\/wp-content\/uploads\/2024\/03\/Grafo-Transp-1-1024x539.png 1024w, https:\/\/www.inf.ufrgs.br\/gt-impacto\/wp-content\/uploads\/2024\/03\/Grafo-Transp-1-768x404.png 768w, https:\/\/www.inf.ufrgs.br\/gt-impacto\/wp-content\/uploads\/2024\/03\/Grafo-Transp-1-1536x808.png 1536w\" sizes=\"(max-width: 1900px) 100vw, 1900px\" \/><\/figure>\n\n\n\n<div style=\"height:40px\" aria-hidden=\"true\" class=\"wp-block-spacer\"><\/div>\n\n\n\n<h3 class=\"wp-block-heading\">Principais Funcionalidades:<\/h3>\n\n\n\n<ul>\n<li>Simula\u00e7\u00e3o de riscos e comportamentos de cibertaques<\/li>\n\n\n\n<li>Integra\u00e7\u00e3o com modelos econ\u00f4micos de ciberseguran\u00e7a do estado-da-arte<\/li>\n\n\n\n<li>Ciclo de vida de planejamento e investimento em ciberseguran\u00e7a<\/li>\n\n\n\n<li>Plataforma intuitiva para capacita\u00e7\u00e3o de usu\u00e1rios de n\u00edvel intermedi\u00e1rio e avan\u00e7ados<\/li>\n<\/ul>\n<\/div>\n\n\n\n<div class=\"wp-block-column is-layout-flow wp-block-column-is-layout-flow\" style=\"flex-basis:65%\">\n<p class=\"has-text-align-left\">O GT-IMPACTO visa criar uma plataforma para capacita\u00e7\u00e3o em ciberseguran\u00e7a baseada na modelagem e simula\u00e7\u00e3o de aspectos econ\u00f4micos da ciberseguran\u00e7a. A plataforma possibilitar\u00e1 a cria\u00e7\u00e3o de cen\u00e1rios de riscos personalizados, integra\u00e7\u00e3o com modelos econ\u00f4micos para compreens\u00e3o de riscos e impactos econ\u00f4micos, planejamento or\u00e7ament\u00e1rio e a defini\u00e7\u00e3o de prote\u00e7\u00f5es com alto custo-benef\u00edcio. Assim, ser\u00e1 poss\u00edvel definir e fornecer informa\u00e7\u00f5es relevantes para enfrentar desafios do ciclo de vida de planejamento e investimento em ciberseguran\u00e7a.<\/p>\n\n\n\n<p>A plataforma fornecer\u00e1 m\u00e9tricas quantitativas e qualitativas para que os usu\u00e1rios obtenham uma compreens\u00e3o dos riscos econ\u00f4micos e planejem estrat\u00e9gias de ciberseguran\u00e7a eficientes para um futuro digital mais seguro. O GT-IMPACTO desenvolver\u00e1 uma plataforma com fins educacionais, mas tamb\u00e9m com potencial de aux\u00edlio para consultores e empresas com necessidades do mundo real.<\/p>\n\n\n\n<hr class=\"wp-block-separator has-alpha-channel-opacity\"\/>\n\n\n\n<p>O projeto \u00e9 coordenado e desenvolvido junto ao <strong><a href=\"http:\/\/inf.ufrgs.br\">Instituto de Inform\u00e1tica<\/a> <\/strong>da <strong><a href=\"http:\/\/ufrgs.br\">Universidade Federal do Rio Grande do Sul (UFRGS)<\/a>.<\/strong><\/p>\n\n\n\n<p><strong>Parceiros estrat\u00e9gicos<\/strong>:<\/p>\n\n\n\n<ul>\n<li><a href=\"http:\/\/ifi.uzh.ch\" data-type=\"link\" data-id=\"ifi.uzh.ch\">University of Zurich (UZH)<\/a><\/li>\n\n\n\n<li><a href=\"http:\/\/unisinos.br\" data-type=\"link\" data-id=\"unisinos.br\">Universidade do Vale do Rio dos Sinos (Unisinos)<\/a><\/li>\n<\/ul>\n<\/div>\n<\/div>\n\n\n\n<div style=\"height:40px\" aria-hidden=\"true\" class=\"wp-block-spacer\"><\/div>\n<\/div><\/div>\n<\/div><\/div>\n\n\n\n<div class=\"wp-block-cover alignfull is-light\" style=\"min-height:300px\"><span aria-hidden=\"true\" class=\"wp-block-cover__background has-nv-light-bg-background-color has-background-dim-100 has-background-dim\"><\/span><div class=\"wp-block-cover__inner-container is-layout-flow wp-block-cover-is-layout-flow\">\n<p class=\"has-text-align-center has-medium-font-size\"><\/p>\n\n\n\n<div class=\"wp-block-columns is-layout-flex wp-container-core-columns-layout-3 wp-block-columns-is-layout-flex\">\n<div class=\"wp-block-column is-layout-flow wp-block-column-is-layout-flow\">\n<figure class=\"wp-block-image size-large\"><a href=\"https:\/\/www.rnp.br\/\"><img loading=\"lazy\" decoding=\"async\" width=\"1024\" height=\"576\" src=\"https:\/\/www.inf.ufrgs.br\/gt-impacto\/wp-content\/uploads\/2024\/03\/logo-rnp-1-1024x576.png\" alt=\"\" class=\"wp-image-59\" srcset=\"https:\/\/www.inf.ufrgs.br\/gt-impacto\/wp-content\/uploads\/2024\/03\/logo-rnp-1-1024x576.png 1024w, https:\/\/www.inf.ufrgs.br\/gt-impacto\/wp-content\/uploads\/2024\/03\/logo-rnp-1-300x169.png 300w, https:\/\/www.inf.ufrgs.br\/gt-impacto\/wp-content\/uploads\/2024\/03\/logo-rnp-1-768x432.png 768w, https:\/\/www.inf.ufrgs.br\/gt-impacto\/wp-content\/uploads\/2024\/03\/logo-rnp-1-1536x864.png 1536w, https:\/\/www.inf.ufrgs.br\/gt-impacto\/wp-content\/uploads\/2024\/03\/logo-rnp-1.png 1920w\" sizes=\"(max-width: 1024px) 100vw, 1024px\" \/><\/a><\/figure>\n<\/div>\n\n\n\n<div class=\"wp-block-column is-layout-flow wp-block-column-is-layout-flow\">\n<figure class=\"wp-block-image size-full\"><a href=\"https:\/\/hackersdobem.org.br\/\"><img loading=\"lazy\" decoding=\"async\" width=\"833\" height=\"524\" src=\"https:\/\/www.inf.ufrgs.br\/gt-impacto\/wp-content\/uploads\/2024\/03\/logo-hackers.png\" alt=\"\" class=\"wp-image-60\" srcset=\"https:\/\/www.inf.ufrgs.br\/gt-impacto\/wp-content\/uploads\/2024\/03\/logo-hackers.png 833w, https:\/\/www.inf.ufrgs.br\/gt-impacto\/wp-content\/uploads\/2024\/03\/logo-hackers-300x189.png 300w, https:\/\/www.inf.ufrgs.br\/gt-impacto\/wp-content\/uploads\/2024\/03\/logo-hackers-768x483.png 768w\" sizes=\"(max-width: 833px) 100vw, 833px\" \/><\/a><\/figure>\n<\/div>\n\n\n\n<div class=\"wp-block-column is-layout-flow wp-block-column-is-layout-flow\">\n<figure class=\"wp-block-image size-full\"><a href=\"https:\/\/www.inf.ufrgs.br\"><img loading=\"lazy\" decoding=\"async\" width=\"913\" height=\"542\" src=\"https:\/\/www.inf.ufrgs.br\/gt-impacto\/wp-content\/uploads\/2024\/03\/logo-ufrgs.png\" alt=\"\" class=\"wp-image-61\" srcset=\"https:\/\/www.inf.ufrgs.br\/gt-impacto\/wp-content\/uploads\/2024\/03\/logo-ufrgs.png 913w, https:\/\/www.inf.ufrgs.br\/gt-impacto\/wp-content\/uploads\/2024\/03\/logo-ufrgs-300x178.png 300w, https:\/\/www.inf.ufrgs.br\/gt-impacto\/wp-content\/uploads\/2024\/03\/logo-ufrgs-768x456.png 768w\" sizes=\"(max-width: 913px) 100vw, 913px\" \/><\/a><\/figure>\n<\/div>\n<\/div>\n<\/div><\/div>\n","protected":false},"excerpt":{"rendered":"","protected":false},"author":1,"featured_media":0,"parent":0,"menu_order":0,"comment_status":"closed","ping_status":"closed","template":"","meta":{"neve_meta_sidebar":"","neve_meta_container":"","neve_meta_enable_content_width":"on","neve_meta_content_width":100,"neve_meta_title_alignment":"","neve_meta_author_avatar":"","neve_post_elements_order":"","neve_meta_disable_header":"","neve_meta_disable_footer":"","neve_meta_disable_title":"on","footnotes":""},"_links":{"self":[{"href":"https:\/\/www.inf.ufrgs.br\/gt-impacto\/index.php\/wp-json\/wp\/v2\/pages\/19"}],"collection":[{"href":"https:\/\/www.inf.ufrgs.br\/gt-impacto\/index.php\/wp-json\/wp\/v2\/pages"}],"about":[{"href":"https:\/\/www.inf.ufrgs.br\/gt-impacto\/index.php\/wp-json\/wp\/v2\/types\/page"}],"author":[{"embeddable":true,"href":"https:\/\/www.inf.ufrgs.br\/gt-impacto\/index.php\/wp-json\/wp\/v2\/users\/1"}],"replies":[{"embeddable":true,"href":"https:\/\/www.inf.ufrgs.br\/gt-impacto\/index.php\/wp-json\/wp\/v2\/comments?post=19"}],"version-history":[{"count":17,"href":"https:\/\/www.inf.ufrgs.br\/gt-impacto\/index.php\/wp-json\/wp\/v2\/pages\/19\/revisions"}],"predecessor-version":[{"id":212,"href":"https:\/\/www.inf.ufrgs.br\/gt-impacto\/index.php\/wp-json\/wp\/v2\/pages\/19\/revisions\/212"}],"wp:attachment":[{"href":"https:\/\/www.inf.ufrgs.br\/gt-impacto\/index.php\/wp-json\/wp\/v2\/media?parent=19"}],"curies":[{"name":"wp","href":"https:\/\/api.w.org\/{rel}","templated":true}]}}