{"id":14,"date":"2024-05-17T10:41:01","date_gmt":"2024-05-17T10:41:01","guid":{"rendered":"https:\/\/www.inf.ufrgs.br\/inova-me\/?page_id=14"},"modified":"2025-04-17T17:44:10","modified_gmt":"2025-04-17T17:44:10","slug":"professores","status":"publish","type":"page","link":"https:\/\/www.inf.ufrgs.br\/inova-me\/professores\/","title":{"rendered":"Professors"},"content":{"rendered":"\n<p>The INOVA-ME course has professors from UFRGS in the area of \u200b\u200bMicroelectronics and partners from other universities, institutions and companies.<\/p>\n\n\n\n<p><\/p>\n\n\n\n<p><strong><strong>Alessandro Gon\u00e7alves Girardi<\/strong>&nbsp;<\/strong><br>Professor Titular da Universidade Federal do Pampa<br>Doutorado Microeletr\u00f4nica (UFRGS, Brasil, 2007)<\/p>\n\n\n\n<p><strong>Andr\u00e9 In\u00e1cio Reis<\/strong><br>Professor Titular do Instituto de Inform\u00e1tica da UFRGS<br>Doutorado em Sistemas Autom\u00e1ticos e Microeletr\u00f4nicos (Fran\u00e7a, 1998)<\/p>\n\n\n\n<p><strong>Antonio Carlos Schneider Beck Filho<\/strong><br>Professor Associado do Instituto de Inform\u00e1tica da UFRGS<br>Doutorado em Ci\u00eancia da Computa\u00e7\u00e3o (UFRGS, Brasil, 2008)<\/p>\n\n\n\n<p><strong>Arthur Liraneto Torres Costa<\/strong><br>LiraLab<br>Doutorado em Microeletr\u00f4nica (UFRGS, Brasil, 2019)<\/p>\n\n\n\n<p><strong>Bruno Canal<\/strong><br>Professor EBTT do Instituto Federal de Educa\u00e7\u00e3o, Ci\u00eancia e Tecnologia do Rio Grande do Sul<br>Doutorado em Microeletr\u00f4nica (UFRGS, Brasil, 2024)<\/p>\n\n\n\n<p><strong>Caio Rodrigo de Almeida Vieira <\/strong><br>Doutorando em Ci\u00eancia da Computa\u00e7\u00e3o (UFRGS) Mestre em Ci\u00eancia da Computa\u00e7\u00e3o (UFRGS, 2022)<\/p>\n\n\n\n<p><strong>Celso Renato Peter<\/strong><br>Pesquisador do ITT-CHIP Unisinos<br>MBA em Gest\u00e3o da Qualidade Total (FGV, Brasil, 1997)<\/p>\n\n\n\n<p><strong>Charles Santos de Avila<\/strong><br>IMPINJ<br>Gradua\u00e7\u00e3o em Engenharia El\u00e9trica (UFSC, Brasil, 2004)<\/p>\n\n\n\n<p><strong>Cl\u00e1udio Machado Diniz<\/strong><br>Professor Adjunto do Instituto de Inform\u00e1tica da UFRGS<br>Doutorado em Ci\u00eancia da Computa\u00e7\u00e3o (UFRGS, Brasil, 2015)<\/p>\n\n\n\n<p><strong>Diogo Batista Santana<\/strong><br>IMPINJ<br>Mestrado em Microeletr\u00f4nica (UFRGS, Brasil, 2016)<\/p>\n\n\n\n<p><strong>Eric Ericson Fabris<\/strong><br>CEITEC S.A.<br>Doutorado em Ci\u00eancia da Computa\u00e7\u00e3o (UFRGS, Brasil, 2005)<\/p>\n\n\n\n<p><strong>\u00c9rika Fernandes Cota<\/strong><br>Professora Titular do Instituto de Inform\u00e1tica da UFRGS<br>Doutorado em Ci\u00eancia da Computa\u00e7\u00e3o (UFRGS, Brasil, 2003)<\/p>\n\n\n\n<p><strong>Fabian Leonardo Cabrera Ria\u00f1o<\/strong><br>Professor Adjunto da UFSC<br>Doutorado em Engenharia El\u00e9trica (UFSC, Brasil, 2016)<\/p>\n\n\n\n<p><strong>F\u00e1bio Alex Rabuske<\/strong><br>P\u00f3s-doutorando da Engenharia El\u00e9trica da UFRGS<br>Doutorado em Engenharia Eletrot\u00e9cnica e de Computadores (Instituto Superior T\u00e9cnico, Portugal, 2022)<\/p>\n\n\n\n<p><strong>Fernanda Gusm\u00e3o de Lima Kastensmidt<\/strong><br>Professora Titular do Instituto de Inform\u00e1tica da UFRGS<br>Doutorado em Ci\u00eancia da Computa\u00e7\u00e3o (UFRGS, Brasil, 2003)<\/p>\n\n\n\n<p><strong>Fernando Gehm Moraes<\/strong><br>Professor Titular do PUC-RS<br>Doutorado em Sistemas Eletr\u00f4nica, Optr\u00f4nica e Sistemas (Universit\u00e9 Montpellier II, Fran\u00e7a, 1998)<\/p>\n\n\n\n<p><strong>Francisco Osman Oliveira Gomes<\/strong><br>RFIDO IC DESIGN<br>Mestrado profissional em Microeletr\u00f4nica, Tecnologia e Ger\u00eancia de Manufatura (EMSE, Fran\u00e7a, 2008)<\/p>\n\n\n\n<p><strong>Gabriel Luca Nazar<\/strong><br>Professor Associado do Instituto de Inform\u00e1tica da UFRGS<br>Doutorado em Computa\u00e7\u00e3o (UFRGS, Brasil, 2013)<\/p>\n\n\n\n<p><strong>Gilson Inacio Wirth<\/strong><br>Professor Associado da Engenharia El\u00e9trica da UFRGS<br>Doutorado em Engenharia El\u00e9trica (Universidade de Dortmund, Alemanha, 1999)<\/p>\n\n\n\n<p><strong>Hamilton Duarte Klimach<\/strong><br>Professor Associado da Engenharia El\u00e9trica da UFRGS<br>Doutorado em Engenharia El\u00e9trica (UFSC, Brasil, 2008)<\/p>\n\n\n\n<p><strong>Ivan M\u00fcller<\/strong><br>Professor Adjunto da Engenharia El\u00e9trica da UFRGS<br>Doutorado em Engenharia El\u00e9trica (UFRGS, Brasil, 2012)<\/p>\n\n\n\n<p><strong>Jiovana Sousa Gomes <\/strong><br>Doutoranda em Microeletr\u00f4nica (UFRGS) Graduada em Engenharia de Computa\u00e7\u00e3o (UNIPAMPA, 2022)<\/p>\n\n\n\n<p><strong>Jos\u00e9 Rodrigo Furlanetto de Azambuja<\/strong><br>Professor Associado do Instituto de Inform\u00e1tica da UFRGS<br>Doutorado em Ci\u00eancia da Computa\u00e7\u00e3o (UFRGS, Brasil, 2013) e Engenharia El\u00e9trica (KIT, Alemanha, 2013)<\/p>\n\n\n\n<p><strong>Juan Pablo Martinez Brito<\/strong><br>CEITEC<br>Doutorado em Microeletr\u00f4nica (UFRGS, Brasil, 2022)<\/p>\n\n\n\n<p><strong>Luciana Porcher Nedel<\/strong><br>Professora Titular do Instituto de Inform\u00e1tica da UFRGS<br>Doutorado em Ci\u00eancias (EPFL, Su\u00ed\u00e7a, 1998)<\/p>\n\n\n\n<p><strong>Marcelo de Oliveira Johann<\/strong><br>Professor Associado do Instituto de Inform\u00e1tica da UFRGS<br>Doutorado em Ci\u00eancia da Computa\u00e7\u00e3o (UFRGS, 2001)<\/p>\n\n\n\n<p><strong>Marcelo Soares Lubaszewski<\/strong><br>Professor Titular da Engenharia Eletrica da UFRGS<br>Doutorado em Microeletr\u00f4nica (INPG, Fran\u00e7a, 1994)<\/p>\n\n\n\n<p><strong>Mateus Grellert da Silva<\/strong><br>Professor Adjunto do Instituto de Inform\u00e1tica da UFRGS<br>Doutorado em Computa\u00e7\u00e3o (UFRGS, Brasil, 2018)<\/p>\n\n\n\n<p><strong>Melissa Schwanz Vetromille<\/strong><br>ENSILICA<br>Mestrado em Ci\u00eancia da Computa\u00e7\u00e3o (PUC-RS, Brasil, 2006)<\/p>\n\n\n\n<p><strong>Nelson Junqueira de Andrade<\/strong><br>Consultor em projetos na \u00e1rea de Microeletr\u00f4nica<br>Gradua\u00e7\u00e3o Engenharia El\u00e9trica (UFRGS, Brasil, 2015)<\/p>\n\n\n\n<p><strong>Paulo Cesar Comassetto de Aguirre<\/strong><br>Professor Adjunto da Universidade Federal do Pampa<br>Doutorado em Engenharia El\u00e9trica (UFRGS, Brasil, 2019)<\/p>\n\n\n\n<p><strong>Paulo Francisco Butzen<\/strong><br>Professor Associado da Engenharia El\u00e9trica da UFRGS<br>Doutorado em Microeletr\u00f4nica (UFRGS, Brasil, 2012)<\/p>\n\n\n\n<p><strong>Pedro Tau\u00e3 Lopes Pereira <\/strong><br>Doutorando em Microeletr\u00f4nica (UFRGS) Mestre em Engenharia Eletr\u00f4nica e Computa\u00e7\u00e3o (UCPEL, 2019)<\/p>\n\n\n\n<p><strong>Raphael Martins Brum<\/strong><br>Professor Adjunto da Engenharia El\u00e9trica da UFRGS<br>Doutorado em Microeletr\u00f4nica (Universit\u00e9 Montpellier II, Fran\u00e7a, 2014)<\/p>\n\n\n\n<p><strong>Renato Perez Ribas<\/strong><br>Professor Titular do Insituto de Inform\u00e1tica da UFRGS<br>Doutorado em em Microeletr\u00f4nica (Institut National Polytechnique de Grenoble (INPG), Fran\u00e7a, 1998)<\/p>\n\n\n\n<p><strong>Ricardo Augusto da Luz Reis<\/strong><br>Professor Titular do Instituto de Inform\u00e1tica da UFRGS<br>Doutorado em Ci\u00eancia da Computa\u00e7\u00e3o (INPG, Fran\u00e7a, 1983)<\/p>\n\n\n\n<p><strong>Sandro Binsfeld Ferreira<\/strong><br>Professor Adjunto da Universidade do Vale do Rio dos Sinos , Brasil<br>Doutorado Microeletr\u00f4nica (UFRGS, Brasil, 2016)&nbsp;<\/p>\n\n\n\n<p><strong>Sergio Bampi<\/strong><br>Professor Titular do Instituto de Inform\u00e1tica da UFRGS<br>Doutorado em Engenharia El\u00e9trica (Stanford, USA, 1986) <\/p>\n\n\n\n<p><strong>Tiago Antonio Quim Ferreira<\/strong><br>CEI<br>Mestrado em Administra\u00e7\u00e3o (UFRGS, Brasil, 2022)<\/p>\n\n\n\n<p><strong>Tiago Oliveira Weber<\/strong><br>Professor Adjunto da Engenharia El\u00e9trica da UFRGS<br>Doutorado em Engenharia El\u00e9trica (Universidade de S\u00e3o Paulo, Brasil, 2015)<\/p>\n\n\n\n<p><strong>Tiago Roberto Balen<\/strong><br>Professor Associado da Engenharia El\u00e9trica da UFRGS<br>Doutorado em Engenharia El\u00e9trica (UFRGS, Brasil, 2010)<\/p>\n\n\n\n<p><strong>Tiago Knorst <\/strong><br>Doutorando em Ci\u00eancia da Computa\u00e7\u00e3o (UFRGS) Mestre em Microeletr\u00f4nica (UFRGS, 2022)<\/p>\n\n\n\n<p><br><\/p>\n\n\n","protected":false},"excerpt":{"rendered":"<p>The INOVA-ME course has professors from UFRGS in the area of \u200b\u200bMicroelectronics and partners from other universities, institutions and companies. Alessandro Gon\u00e7alves Girardi&nbsp;Professor Titular da Universidade Federal do PampaDoutorado Microeletr\u00f4nica (UFRGS, Brasil, 2007) Andr\u00e9 In\u00e1cio ReisProfessor Titular do Instituto de Inform\u00e1tica da UFRGSDoutorado em Sistemas Autom\u00e1ticos e Microeletr\u00f4nicos (Fran\u00e7a, 1998) Antonio Carlos Schneider Beck FilhoProfessor [&hellip;]<\/p>\n","protected":false},"author":1,"featured_media":0,"parent":0,"menu_order":1,"comment_status":"closed","ping_status":"closed","template":"","meta":{"footnotes":""},"_links":{"self":[{"href":"https:\/\/www.inf.ufrgs.br\/inova-me\/wp-json\/wp\/v2\/pages\/14"}],"collection":[{"href":"https:\/\/www.inf.ufrgs.br\/inova-me\/wp-json\/wp\/v2\/pages"}],"about":[{"href":"https:\/\/www.inf.ufrgs.br\/inova-me\/wp-json\/wp\/v2\/types\/page"}],"author":[{"embeddable":true,"href":"https:\/\/www.inf.ufrgs.br\/inova-me\/wp-json\/wp\/v2\/users\/1"}],"replies":[{"embeddable":true,"href":"https:\/\/www.inf.ufrgs.br\/inova-me\/wp-json\/wp\/v2\/comments?post=14"}],"version-history":[{"count":25,"href":"https:\/\/www.inf.ufrgs.br\/inova-me\/wp-json\/wp\/v2\/pages\/14\/revisions"}],"predecessor-version":[{"id":318,"href":"https:\/\/www.inf.ufrgs.br\/inova-me\/wp-json\/wp\/v2\/pages\/14\/revisions\/318"}],"wp:attachment":[{"href":"https:\/\/www.inf.ufrgs.br\/inova-me\/wp-json\/wp\/v2\/media?parent=14"}],"curies":[{"name":"wp","href":"https:\/\/api.w.org\/{rel}","templated":true}]}}