{"id":214,"date":"2024-07-24T19:21:10","date_gmt":"2024-07-24T19:21:10","guid":{"rendered":"https:\/\/www.inf.ufrgs.br\/inova-me\/?page_id=214"},"modified":"2025-08-18T21:49:11","modified_gmt":"2025-08-18T21:49:11","slug":"midia","status":"publish","type":"page","link":"https:\/\/www.inf.ufrgs.br\/inova-me\/midia\/","title":{"rendered":"M\u00eddia"},"content":{"rendered":"\n<p>QUARTA-FEIRA, 24\/07\/2024 \u2013 12h45min<br>Local: Audit\u00f3rio Castilho (Pr\u00e9dio 43424) \u2013 Instituto de Inform\u00e1tica<br>youtube.com\/@seminariosINF<\/p>\n\n\n\n<figure class=\"wp-block-image size-full\"><img loading=\"lazy\" decoding=\"async\" width=\"1024\" height=\"576\" src=\"https:\/\/www.inf.ufrgs.br\/inova-me\/wp-content\/uploads\/2024\/07\/CEISemINF-INOVAMETotem-1024x576-1.jpg\" alt=\"\" class=\"wp-image-215\" srcset=\"https:\/\/www.inf.ufrgs.br\/inova-me\/wp-content\/uploads\/2024\/07\/CEISemINF-INOVAMETotem-1024x576-1.jpg 1024w, https:\/\/www.inf.ufrgs.br\/inova-me\/wp-content\/uploads\/2024\/07\/CEISemINF-INOVAMETotem-1024x576-1-300x169.jpg 300w, https:\/\/www.inf.ufrgs.br\/inova-me\/wp-content\/uploads\/2024\/07\/CEISemINF-INOVAMETotem-1024x576-1-768x432.jpg 768w\" sizes=\"(max-width: 1024px) 100vw, 1024px\" \/><\/figure>\n\n\n\n<p>\u201c<strong>Apresentando o INOVA-ME: Curso de Capacita\u00e7\u00e3o, Inova\u00e7\u00e3o, Gest\u00e3o e Empreendedorismo em Microeletr\u00f4nica<\/strong>\u201d<\/p>\n\n\n\n<p>Palestrantes:<br>Profa. Fernanda Lima Kastensmidt<br>Prof. Marcelo Lubaszewski<\/p>\n\n\n\n<p>Devido \u00e0 limita\u00e7\u00e3o de espa\u00e7o, as vagas s\u00e3o limitadas. Inscreva-se pelo link https:\/\/forms.gle\/LbhihFPYt7fSudMo9<\/p>\n\n\n\n<p>Mais informa\u00e7\u00f5es em: https:\/\/www.inf.ufrgs.br\/site\/noticia\/cei-business-seminf-2407\/<\/p>\n\n\n\n<figure class=\"wp-block-image size-full is-resized\"><a href=\"https:\/\/drive.google.com\/file\/d\/16gQByq1UVGBOU9MZ1QxYViXL_vn-nOQJ\/view?usp=sharing\"><img loading=\"lazy\" decoding=\"async\" width=\"945\" height=\"503\" src=\"https:\/\/www.inf.ufrgs.br\/inova-me\/wp-content\/uploads\/2024\/07\/fig_slides.jpg\" alt=\"\" class=\"wp-image-216\" style=\"width:622px;height:auto\" srcset=\"https:\/\/www.inf.ufrgs.br\/inova-me\/wp-content\/uploads\/2024\/07\/fig_slides.jpg 945w, https:\/\/www.inf.ufrgs.br\/inova-me\/wp-content\/uploads\/2024\/07\/fig_slides-300x160.jpg 300w, https:\/\/www.inf.ufrgs.br\/inova-me\/wp-content\/uploads\/2024\/07\/fig_slides-768x409.jpg 768w\" sizes=\"(max-width: 945px) 100vw, 945px\" \/><\/a><\/figure>\n\n\n\n<div data-wp-interactive=\"core\/file\" class=\"wp-block-file\"><object data-wp-bind--hidden=\"!state.hasPdfPreview\"  class=\"wp-block-file__embed\" data=\"https:\/\/www.inf.ufrgs.br\/inova-me\/wp-content\/uploads\/2025\/08\/CI_INOVADOR_UFRGS_INOVA_ME_REUMO_fase1_fase2_compressed-1.pdf\" type=\"application\/pdf\" style=\"width:100%;height:600px\" aria-label=\"Embed of CI_INOVADOR_UFRGS_INOVA_ME_REUMO_fase1_fase2_compressed-1.\"><\/object><a id=\"wp-block-file--media-90f68af2-4352-477f-b3a6-74cbafdb659c\" href=\"https:\/\/www.inf.ufrgs.br\/inova-me\/wp-content\/uploads\/2025\/08\/CI_INOVADOR_UFRGS_INOVA_ME_REUMO_fase1_fase2_compressed-1.pdf\">CI_INOVADOR_UFRGS_INOVA_ME_REUMO_fase1_fase2_compressed-1<\/a><a href=\"https:\/\/www.inf.ufrgs.br\/inova-me\/wp-content\/uploads\/2025\/08\/CI_INOVADOR_UFRGS_INOVA_ME_REUMO_fase1_fase2_compressed-1.pdf\" class=\"wp-block-file__button wp-element-button\" download aria-describedby=\"wp-block-file--media-90f68af2-4352-477f-b3a6-74cbafdb659c\">Download<\/a><\/div>\n\n\n\n<p><\/p>\n\n\n\n<figure class=\"wp-block-image size-large\"><img loading=\"lazy\" decoding=\"async\" width=\"823\" height=\"1024\" src=\"https:\/\/www.inf.ufrgs.br\/inova-me\/wp-content\/uploads\/2025\/08\/evento_ci_inovador_instcaldeira-823x1024.jpeg\" alt=\"\" class=\"wp-image-364\" srcset=\"https:\/\/www.inf.ufrgs.br\/inova-me\/wp-content\/uploads\/2025\/08\/evento_ci_inovador_instcaldeira-823x1024.jpeg 823w, https:\/\/www.inf.ufrgs.br\/inova-me\/wp-content\/uploads\/2025\/08\/evento_ci_inovador_instcaldeira-241x300.jpeg 241w, https:\/\/www.inf.ufrgs.br\/inova-me\/wp-content\/uploads\/2025\/08\/evento_ci_inovador_instcaldeira-768x956.jpeg 768w, https:\/\/www.inf.ufrgs.br\/inova-me\/wp-content\/uploads\/2025\/08\/evento_ci_inovador_instcaldeira.jpeg 1080w\" sizes=\"(max-width: 823px) 100vw, 823px\" \/><\/figure>\n","protected":false},"excerpt":{"rendered":"<p>QUARTA-FEIRA, 24\/07\/2024 \u2013 12h45minLocal: Audit\u00f3rio Castilho (Pr\u00e9dio 43424) \u2013 Instituto de Inform\u00e1ticayoutube.com\/@seminariosINF \u201cApresentando o INOVA-ME: Curso de Capacita\u00e7\u00e3o, Inova\u00e7\u00e3o, Gest\u00e3o e Empreendedorismo em Microeletr\u00f4nica\u201d Palestrantes:Profa. Fernanda Lima KastensmidtProf. Marcelo Lubaszewski Devido \u00e0 limita\u00e7\u00e3o de espa\u00e7o, as vagas s\u00e3o limitadas. Inscreva-se pelo link https:\/\/forms.gle\/LbhihFPYt7fSudMo9 Mais informa\u00e7\u00f5es em: https:\/\/www.inf.ufrgs.br\/site\/noticia\/cei-business-seminf-2407\/<\/p>\n","protected":false},"author":1,"featured_media":0,"parent":0,"menu_order":0,"comment_status":"closed","ping_status":"closed","template":"","meta":{"footnotes":""},"_links":{"self":[{"href":"https:\/\/www.inf.ufrgs.br\/inova-me\/wp-json\/wp\/v2\/pages\/214"}],"collection":[{"href":"https:\/\/www.inf.ufrgs.br\/inova-me\/wp-json\/wp\/v2\/pages"}],"about":[{"href":"https:\/\/www.inf.ufrgs.br\/inova-me\/wp-json\/wp\/v2\/types\/page"}],"author":[{"embeddable":true,"href":"https:\/\/www.inf.ufrgs.br\/inova-me\/wp-json\/wp\/v2\/users\/1"}],"replies":[{"embeddable":true,"href":"https:\/\/www.inf.ufrgs.br\/inova-me\/wp-json\/wp\/v2\/comments?post=214"}],"version-history":[{"count":4,"href":"https:\/\/www.inf.ufrgs.br\/inova-me\/wp-json\/wp\/v2\/pages\/214\/revisions"}],"predecessor-version":[{"id":376,"href":"https:\/\/www.inf.ufrgs.br\/inova-me\/wp-json\/wp\/v2\/pages\/214\/revisions\/376"}],"wp:attachment":[{"href":"https:\/\/www.inf.ufrgs.br\/inova-me\/wp-json\/wp\/v2\/media?parent=214"}],"curies":[{"name":"wp","href":"https:\/\/api.w.org\/{rel}","templated":true}]}}