{"id":2569,"date":"2016-06-08T14:51:00","date_gmt":"2016-06-08T17:51:00","guid":{"rendered":"http:\/\/www.inf.ufrgs.br\/ppgc\/?page_id=2569"},"modified":"2018-03-08T09:31:40","modified_gmt":"2018-03-08T12:31:40","slug":"cmp571","status":"publish","type":"page","link":"https:\/\/www.inf.ufrgs.br\/ppgc\/disciplinas\/lista-de-disciplinas\/cmp571\/","title":{"rendered":"CMP571"},"content":{"rendered":"<h2><strong>T\u00f3picos Especiais em Computa\u00e7\u00e3o DLXXI: Introdu\u00e7\u00e3o \u00e0 Vis\u00e3o Computacional<\/strong><\/h2>\n<p><strong>Respons\u00e1vel:<\/strong> <a href=\"http:\/\/www.inf.ufrgs.br\/site\/docente\/claudio-jung\/\">Cl\u00e1udio Jung<\/a><br \/>\n<strong>Pr\u00e9-requisitos:-<\/strong><br \/>\n<strong>Carga Hor\u00e1ria:<\/strong> 60 h<br \/>\n<strong>Cr\u00e9ditos:<\/strong> 4<br \/>\n<strong>Semestres Oferecidos:<\/strong> Segundo semestre<br \/>\n<strong>Matr\u00edcula de Graduandos: <\/strong>A matr\u00edcula dever\u00e1 ser feita em INF01030<\/p>\n<p>&nbsp;<\/p>\n<h4><strong>S\u00daMULA<\/strong><\/h4>\n<p>A disciplina abrange os seguintes t\u00f3picos: modelos e calibra\u00e7\u00e3o de c\u00e2mera; filtragem e realce de imagens; segmenta\u00e7\u00e3o; cor e textura; detec\u00e7\u00e3o de curvas e linhas; an\u00e1lise de formas; estereoscopia; fluxo \u00f3tico e rastreamento de objetos; conceitos de reconhecimento de padr\u00f5es.<\/p>\n<p><strong>OBJETIVOS<\/strong><\/p>\n<p>Esta disciplina tem por objetivo introduzir conceitos e problemas b\u00e1sicos de vis\u00e3o computacional. Mais precisamente, pretende-se fornecer aos alunos a ferramentas b\u00e1sicas matem\u00e1ticas e computacionais para a manipula\u00e7\u00e3o de imagens ou sequ\u00eancias de v\u00eddeo.<\/p>\n<p><strong>PROGRAMA<\/strong><\/p>\n<ul>\n<li>Modelos e calibra\u00e7\u00e3o de c\u00e2mera;<\/li>\n<li>Filtragem e realce de imagens;<\/li>\n<li>Segmenta\u00e7\u00e3o;<\/li>\n<li>Cor e textura;<\/li>\n<li>Detec\u00e7\u00e3o de curvas e linhas;<\/li>\n<li>An\u00e1lise de formas;<\/li>\n<li>Estereoscopia;<\/li>\n<li>Fluxo \u00f3tico e rastreamento de objetos;<\/li>\n<li>Conceitos de reconhecimento de padr\u00f5es;<\/li>\n<\/ul>\n<p>&nbsp;<\/p>\n<p><strong>CRIT\u00c9RIOS DE AVALIA\u00c7\u00c3O<\/strong><\/p>\n<p>A avalia\u00e7\u00e3o ser\u00e1 feita a partir de duas notas de provas escritas (NP1 e NP2), dois trabalhos de implementa\u00e7\u00e3o (TI1 e TI2), e um trabalho final (TF) a ser entregue e apresentado em aula.<\/p>\n<p>A nota final (NF) ser\u00e1 obtida considerando a seguinte pondera\u00e7\u00e3o:<\/p>\n<p>NF = 0,15 * NP1 + 0,25 * NP2 + 0,15 * TI1 + 0,15 * TI2 + 0,3 * TF<\/p>\n<p>O conceito final ser\u00e1 obtido atrav\u00e9s da seguinte convers\u00e3o:<\/p>\n<p>9,0 &lt;= NF &#8212;&gt; A<br \/>\n7,5 &lt;= NF &lt; 9,0 &#8212;&gt; B<br \/>\n6,0 &lt;= NF &lt; 7,5&#8212;&gt; C<br \/>\n4,0 &lt;= NF &lt; 6,0&#8212;&gt; recupera\u00e7\u00e3o (ver abaixo)<br \/>\nNF &lt; 4,0 &#8212;&gt; D<\/p>\n<p>Obs: Independente da nota final NF, o conceito FF ser\u00e1 atribu\u00eddo ao<br \/>\naluno que n\u00e3o alcan\u00e7ar a frequ\u00eancia m\u00ednima (75%)<\/p>\n<p>Recupera\u00e7\u00e3o: alunos que tiverem frequ\u00eancia m\u00ednima ao final da disciplina e obtiverem conceito 4,0 &lt;= NF &lt; 6,0 ter\u00e3o direito de realizar uma prova de recupera\u00e7\u00e3o (PR), versando sobre todo conte\u00fado do semestre, desde que tenham entregue o trabalho final e ao menos um dos trabalhos de implementa\u00e7\u00e3o. Nesse caso, o conceito atribu\u00eddo ao aluno passa a ser:<\/p>\n<p>6,0 &lt;= PR &#8212;&gt; C<br \/>\nPR &lt; 6,0 &#8212;&gt; D<\/p>\n<p>&nbsp;<\/p>\n<p><strong>BIBLIOGRAFIA<\/strong><\/p>\n<p>\u2022 Computer Vision: A Modern Approach. David A. Forsyth and Jean Ponce. Prentice Hall, 2003<br \/>\n\u2022 Fundamentals of Computer Vision. Mubarak Shah (dispon\u00edvel online em http:\/\/www.cs.ucf.edu\/courses\/cap6411\/book.pdf)<br \/>\n\u2022 Computer Vision: Algorithms and Applications. Richard Szeliski. Springer, 2001 (vers\u00f5es online dispon\u00edveis em http:\/\/szeliski.org\/Book\/)<br \/>\n\u2022 Processamento Digital de Imagens. R. Gonzalez and R. Woods. Edgar Bl\u00fccher Ltda, 2000.<br \/>\n\u2022 Richard O. Duda, Peter E. Hart, and David G. Stork, Pattern Classification, Wiley Interscience, 2001<\/p>\n","protected":false},"excerpt":{"rendered":"<p>T\u00f3picos Especiais em Computa\u00e7\u00e3o DLXXI: Introdu\u00e7\u00e3o \u00e0 Vis\u00e3o Computacional Respons\u00e1vel: Cl\u00e1udio Jung Pr\u00e9-requisitos:- Carga Hor\u00e1ria: 60 h Cr\u00e9ditos: 4 Semestres Oferecidos: Segundo semestre Matr\u00edcula de Graduandos: A matr\u00edcula dever\u00e1 ser feita em INF01030 &nbsp; S\u00daMULA A disciplina abrange os seguintes t\u00f3picos: modelos e calibra\u00e7\u00e3o de c\u00e2mera; filtragem e realce de imagens; segmenta\u00e7\u00e3o; cor e textura; [&hellip;]<\/p>\n","protected":false},"author":14,"featured_media":0,"parent":462,"menu_order":571,"comment_status":"closed","ping_status":"closed","template":"","meta":[],"_links":{"self":[{"href":"https:\/\/www.inf.ufrgs.br\/ppgc\/wp-json\/wp\/v2\/pages\/2569"}],"collection":[{"href":"https:\/\/www.inf.ufrgs.br\/ppgc\/wp-json\/wp\/v2\/pages"}],"about":[{"href":"https:\/\/www.inf.ufrgs.br\/ppgc\/wp-json\/wp\/v2\/types\/page"}],"author":[{"embeddable":true,"href":"https:\/\/www.inf.ufrgs.br\/ppgc\/wp-json\/wp\/v2\/users\/14"}],"replies":[{"embeddable":true,"href":"https:\/\/www.inf.ufrgs.br\/ppgc\/wp-json\/wp\/v2\/comments?post=2569"}],"version-history":[{"count":7,"href":"https:\/\/www.inf.ufrgs.br\/ppgc\/wp-json\/wp\/v2\/pages\/2569\/revisions"}],"predecessor-version":[{"id":3664,"href":"https:\/\/www.inf.ufrgs.br\/ppgc\/wp-json\/wp\/v2\/pages\/2569\/revisions\/3664"}],"up":[{"embeddable":true,"href":"https:\/\/www.inf.ufrgs.br\/ppgc\/wp-json\/wp\/v2\/pages\/462"}],"wp:attachment":[{"href":"https:\/\/www.inf.ufrgs.br\/ppgc\/wp-json\/wp\/v2\/media?parent=2569"}],"curies":[{"name":"wp","href":"https:\/\/api.w.org\/{rel}","templated":true}]}}