{"id":2904,"date":"2016-12-03T09:56:48","date_gmt":"2016-12-03T11:56:48","guid":{"rendered":"http:\/\/www.inf.ufrgs.br\/ppgc\/?page_id=2904"},"modified":"2019-12-13T15:45:28","modified_gmt":"2019-12-13T18:45:28","slug":"cmp236","status":"publish","type":"page","link":"https:\/\/www.inf.ufrgs.br\/ppgc\/disciplinas\/lista-de-disciplinas\/cmp236\/","title":{"rendered":"CMP236"},"content":{"rendered":"<table>\n<tbody>\n<tr>\n<td><strong><span style=\"font-size: 20px;\">Intelig\u00eancia Artificial Avan\u00e7ada<\/span><br \/>\n<\/strong>Respons\u00e1vel:\u00a0<a href=\"http:\/\/www.inf.ufrgs.br\/site\/docente\/ana-lucia-cetertich-bazzan\/\">Ana L\u00facia Cetertich Bazzan<br \/>\n<\/a><strong>Carga Hor\u00e1ria:<\/strong> 60 hs<br \/>\n<strong>Cr\u00e9ditos:<\/strong> 4<br \/>\n<strong> Semestres Oferecidos:<\/strong> Segundo semestre<strong>S\u00daMULA<br \/>\n<\/strong>Estudo de T\u00f3picos Avan\u00e7ados em Intelig\u00eancia Artificial<strong>OBJETIVOS<br \/>\n<\/strong>Introduzir e\/ou aprofundar t\u00f3picos como: aprendizado de m\u00e1quina, sistemas multiagente e IA distribu\u00edda, racioc\u00ednio probabil\u00edstico, planejamento em ambientes din\u00e2micos, teoria da decis\u00e3o e teoria dos jogos, aplica\u00e7\u00f5es de IA. Ao final da disciplina espera-se que o aluno seja capaz de distinguir a natureza desafiadora de problemas de IA onde haja a atua\u00e7\u00e3o de mais de um agente inteligente.<\/p>\n<p><strong>PROGRAMA<\/strong><\/p>\n<p>1.\u00a0 Filosofia e futuro da IA: argumentos e contra argumentos sobre a IA<br \/>\n2. Problemas de satisfac\u00e3o de restric\u00f5es<br \/>\n3. Extens\u00f5es da IA tradicional para a IA multiagente<br \/>\n4. Simula\u00e7\u00e3o baseada em agentes<br \/>\n5. Teoria da incerteza, teoria da decis\u00e3o e teoria dos jogos<br \/>\n6. Planejamento: no\u00e7\u00f5es fundamentais, planejamento sob incerteza<br \/>\n7. Aprendizado: m\u00e9todos simb\u00f3licos, aprendizagem supervisionada e n\u00e3o supervisionada<br \/>\n8. Aprendizado por refor\u00e7o<\/p>\n<p>&nbsp;<\/p>\n<p><strong>CRIT\u00c9RIOS DE AVALIA\u00c7\u00c3O<br \/>\n<\/strong>Os alunos ser\u00e3o avaliados por um ou mais dentre os seguintes instrumentos: participa\u00e7\u00e3o em aula, exerc\u00edcios, semin\u00e1rios, prova e trabalhos pr\u00e1ticos.<\/p>\n<p><strong>BIBLIOGRAFIA<br \/>\n<\/strong>\u2022 RUSSEL, S. and NORVIG, P. Artificial Intelligence, a Modern Approach (Pearson, 1995, 2002, 2009)<br \/>\n\u2022 WEISS, G. Multiagent Systems &#8211; A Modern Approach to Distributed Artificial Intelligence, MIT Press, 1998<br \/>\n\u2022 WINSTON, Patrick H. Artificial Intelligence (3rd Ed). Reading, Mass., Addison-Wesley, 1993<br \/>\n\u2022 WOOLDRIDGE, M. Introduction to Multiagent Systems. John Wiley &amp; Sons, 2002, 2009<br \/>\n\u2022 various technical articles<br \/>\n\u2022 artigos t\u00e9cnicos<\/td>\n<\/tr>\n<tr>\n<td><\/td>\n<\/tr>\n<\/tbody>\n<\/table>\n<p>&nbsp;<\/p>\n","protected":false},"excerpt":{"rendered":"<p>Intelig\u00eancia Artificial Avan\u00e7ada Respons\u00e1vel:\u00a0Ana L\u00facia Cetertich Bazzan Carga Hor\u00e1ria: 60 hs Cr\u00e9ditos: 4 Semestres Oferecidos: Segundo semestreS\u00daMULA Estudo de T\u00f3picos Avan\u00e7ados em Intelig\u00eancia ArtificialOBJETIVOS Introduzir e\/ou aprofundar t\u00f3picos como: aprendizado de m\u00e1quina, sistemas multiagente e IA distribu\u00edda, racioc\u00ednio probabil\u00edstico, planejamento em ambientes din\u00e2micos, teoria da decis\u00e3o e teoria dos jogos, aplica\u00e7\u00f5es de IA. Ao final [&hellip;]<\/p>\n","protected":false},"author":1,"featured_media":0,"parent":462,"menu_order":236,"comment_status":"closed","ping_status":"closed","template":"","meta":[],"_links":{"self":[{"href":"https:\/\/www.inf.ufrgs.br\/ppgc\/wp-json\/wp\/v2\/pages\/2904"}],"collection":[{"href":"https:\/\/www.inf.ufrgs.br\/ppgc\/wp-json\/wp\/v2\/pages"}],"about":[{"href":"https:\/\/www.inf.ufrgs.br\/ppgc\/wp-json\/wp\/v2\/types\/page"}],"author":[{"embeddable":true,"href":"https:\/\/www.inf.ufrgs.br\/ppgc\/wp-json\/wp\/v2\/users\/1"}],"replies":[{"embeddable":true,"href":"https:\/\/www.inf.ufrgs.br\/ppgc\/wp-json\/wp\/v2\/comments?post=2904"}],"version-history":[{"count":6,"href":"https:\/\/www.inf.ufrgs.br\/ppgc\/wp-json\/wp\/v2\/pages\/2904\/revisions"}],"predecessor-version":[{"id":4310,"href":"https:\/\/www.inf.ufrgs.br\/ppgc\/wp-json\/wp\/v2\/pages\/2904\/revisions\/4310"}],"up":[{"embeddable":true,"href":"https:\/\/www.inf.ufrgs.br\/ppgc\/wp-json\/wp\/v2\/pages\/462"}],"wp:attachment":[{"href":"https:\/\/www.inf.ufrgs.br\/ppgc\/wp-json\/wp\/v2\/media?parent=2904"}],"curies":[{"name":"wp","href":"https:\/\/api.w.org\/{rel}","templated":true}]}}