{"id":3516,"date":"2018-01-16T10:14:50","date_gmt":"2018-01-16T12:14:50","guid":{"rendered":"http:\/\/www.inf.ufrgs.br\/ppgc\/?page_id=3516"},"modified":"2025-06-24T15:27:49","modified_gmt":"2025-06-24T18:27:49","slug":"cmp191","status":"publish","type":"page","link":"https:\/\/www.inf.ufrgs.br\/ppgc\/disciplinas\/lista-de-disciplinas\/cmp191\/","title":{"rendered":"CMP191"},"content":{"rendered":"<h2>Tend\u00eancias em Engenharia de Software<\/h2>\n<p>Respons\u00e1vel: Karina Kohl Silveira<br \/>\nCarga Hor\u00e1ria: 60 horas\/aula<br \/>\nCr\u00e9ditos: 04<br \/>\nSemestre: 2025\/2<\/p>\n<p><strong>\u00a0<\/strong><\/p>\n<p style=\"text-align: justify;\"><strong>S\u00famula<br \/>\n<\/strong>A disciplina d\u00e1 uma vis\u00e3o geral das tend\u00eancias atuais da Engenharia de Software (ES), apresentando fundamentos a diversos t\u00f3picos da ES, bem como conhecimentos avan\u00e7ados no contexto destes t\u00f3picos. Uma introdu\u00e7\u00e3o ao m\u00e9todo cient\u00edfico e projeto de pesquisa \u00e9 feita, a fim dos alunos desenvolverem um trabalho ao longo do semestre relacionado aos t\u00f3picos apresentados. Tamb\u00e9m, s\u00e3o realizadas mesas redondas para a discuss\u00e3o de artigos relacionados a trabalhos recentes relacionados com o conte\u00fado da disciplina.<\/p>\n<p style=\"text-align: justify;\"><strong>Objetivos<\/strong><br \/>\nA disciplina oferece uma vis\u00e3o abrangente das principais tend\u00eancias atuais da Engenharia de Software (ES), articulando fundamentos cl\u00e1ssicos com desenvolvimentos contempor\u00e2neos e conhecimentos avan\u00e7ados da \u00e1rea. Entre os t\u00f3picos abordados, destacam-se temas que evidenciam a crescente sinergia entre ES e intelig\u00eancia artificial, refletindo movimentos relevantes tanto na pesquisa quanto na pr\u00e1tica profissional.<\/p>\n<p>Cada tema \u00e9 complementado por oficinas e laborat\u00f3rios voltados \u00e0 engenharia de software experimental, promovendo a integra\u00e7\u00e3o entre ind\u00fastria e academia por meio de atividades pr\u00e1ticas e investigativas. Ao longo do semestre, tamb\u00e9m s\u00e3o promovidas discuss\u00f5es de artigos cient\u00edficos recentes, com foco na an\u00e1lise cr\u00edtica de propostas e abordagens emergentes.<\/p>\n<p>Ao final da disciplina, espera-se que o(a) aluno(a) seja capaz de:<\/p>\n<p>&#8211; Compreender e contextualizar tend\u00eancias atuais da Engenharia de Software, incluindo seus<br \/>\nfundamentos e pesquisas recentes;<\/p>\n<p>&#8211; Desenvolver uma vis\u00e3o cr\u00edtica sobre diferentes abordagens, t\u00e9cnicas e ferramentas utilizadas na \u00e1rea;<\/p>\n<p>&#8211; Conhecer os princ\u00edpios da metodologia cient\u00edfica aplicados \u00e0 Engenharia de Software e<br \/>\ncompreender como estruturar e conduzir estudos experimentais;<\/p>\n<p>&#8211; Elaborar e desenvolver um trabalho explorat\u00f3rio pr\u00e1tico, vi\u00e1vel dentro do semestre, relacionado aos temas discutidos em aula.<\/p>\n<p><strong>Conte\u00fado Program\u00e1tico<\/strong><\/p>\n<ol>\n<li>Vis\u00e3o Geral das Tend\u00eancias da Engenharia de Software<\/li>\n<li>DevEx (Developer Experience) e Engenharia Socio-T\u00e9cnica<\/li>\n<li>IA no Desenvolvimento<\/li>\n<li>Engenharia de Prompt<\/li>\n<li>Minera\u00e7\u00e3o de Reposit\u00f3rios de Software (MSR)<\/li>\n<li>Minera\u00e7\u00e3o de Reposit\u00f3rios de Software (MSR)<\/li>\n<li>Trabalhos<\/li>\n<li>Trabalhos<\/li>\n<li>Problem-Driven Engineering<\/li>\n<li>Fatores humanos e socioemocionais na ES<\/li>\n<li>Privacidade, \u00c9tica e Seguran\u00e7a em Engenharia de Software<\/li>\n<li>Tend\u00eancias ecol\u00f3gicas na ES<\/li>\n<li>Plataformas Low-Code\/No-Code e Automa\u00e7\u00e3o da Programa\u00e7\u00e3o<\/li>\n<li>Revis\u00f5es Sistem\u00e1ticas e Mapeamento da Literatura<\/li>\n<li>Apresenta\u00e7\u00e3o de trabalhos<\/li>\n<li>Finaliza\u00e7\u00e3o<\/li>\n<li>Finaliza\u00e7\u00e3o<\/li>\n<li>Finaliza\u00e7\u00e3o<\/li>\n<\/ol>\n<p><strong>Metodologia Utilizada<\/strong><\/p>\n<p style=\"text-align: justify;\">A disciplina \u00e9 apresentada em formato te\u00f3rico-pr\u00e1tico, combinando a exposi\u00e7\u00e3o de conceitos e<br \/>\nt\u00e9cnicas com a aplica\u00e7\u00e3o pr\u00e1tica pelos alunos, por meio de exemplos, exerc\u00edcios e trabalhos<br \/>\nextra-classe. As 60 horas previstas para atividades te\u00f3ricas e te\u00f3rico-pr\u00e1ticas incluem 30<br \/>\nencontros presenciais de 100 minutos de dura\u00e7\u00e3o (2 per\u00edodos de 50 minutos por encontro, com dois encontros semanais ao longo de 15 semanas), totalizando 3.000 minutos. Al\u00e9m disso, s\u00e3o previstas 10 horas (600 minutos) de atividades aut\u00f4nomas, realizadas sem contato direto com o professor, correspondentes a leituras, exerc\u00edcios e desenvolvimento de trabalhos.<\/p>\n<p style=\"text-align: justify;\">A metodologia de ensino combina aulas expositivas com discuss\u00f5es orientadas de artigos<br \/>\ncient\u00edficos, promovendo a compreens\u00e3o cr\u00edtica das tend\u00eancias e fundamentos da Engenharia de Software. As aulas pr\u00e1ticas s\u00e3o organizadas em oficinas, simula\u00e7\u00f5es, mini-investiga\u00e7\u00f5es e<br \/>\ndebates, incentivando a experimenta\u00e7\u00e3o e a aplica\u00e7\u00e3o dos conte\u00fados em contextos reais.<\/p>\n<p style=\"text-align: justify;\">Os estudantes participam de atividades individuais e\/ou em grupo com foco investigativo,<br \/>\nenvolvendo desde a formula\u00e7\u00e3o de perguntas de pesquisa at\u00e9 a execu\u00e7\u00e3o de an\u00e1lises e<br \/>\nexperimentos em pequena escala. As discuss\u00f5es em sala s\u00e3o apoiadas por leitura cr\u00edtica da<br \/>\nliteratura cient\u00edfica contempor\u00e2nea, com uso de ferramentas de suporte \u00e0 engenharia de software e \u00e0 pesquisa emp\u00edrica.<\/p>\n<p style=\"text-align: justify;\">O ambiente virtual Moodle ser\u00e1 utilizado como arcabou\u00e7o de ensino, concentrando os planos de aula, o material did\u00e1tico, os canais de comunica\u00e7\u00e3o e o envio de tarefas, promovendo organiza\u00e7\u00e3o e continuidade das atividades.<\/p>\n<p><strong>Distribui\u00e7\u00e3o de Carga Hor\u00e1ria<\/strong><\/p>\n<p>Carga hor\u00e1ria te\u00f3rica: 60 horas<\/p>\n<p>Carga hor\u00e1ria pr\u00e1tica: 00 horas<\/p>\n<p><strong>Componentes da Carga Hor\u00e1ria<\/strong><\/p>\n<p>Carga hor\u00e1ria coletiva: 50 horas<\/p>\n<p>Carga hor\u00e1ria aut\u00f4noma: 10 horas<\/p>\n<p>Carga hor\u00e1ria individual: horas<\/p>\n<p><strong>Lista de Atividades Discentes<\/strong><\/p>\n<p>&#8211; Assistir aulas te\u00f3ricas<\/p>\n<p>&#8211; Participar de discuss\u00f5es em aula em todas as etapas da disciplina (aula te\u00f3ricas, oficinas e<br \/>\nlaborat\u00f3rios)<\/p>\n<p>&#8211; Apresenta\u00e7\u00e3o de trabalhos<\/p>\n<p><strong>Crit\u00e9rios de Avalia\u00e7\u00e3o<\/strong><\/p>\n<p style=\"text-align: justify;\"><strong>Mesas Redondas: <\/strong>trabalho pr\u00e1tico que envolve a apresenta\u00e7\u00e3o de artigo cient\u00edfico por um aluno, o qual \u00e9 revisado por outros alunos. Alunos apresentar\u00e3o 1-2 artigos, e revisar\u00e3o 2-3 \u2013 dependendo do n\u00famero alunos matriculados. A nota da mesa redonda \u00e9 calculada da seguinte forma:<br \/>\n<em>Nota da Mesa Redonda= 0,4 x Apresenta\u00e7\u00e3o(\u00f5es) + 0,3 x Revis\u00f5es + 0,3 x Participa\u00e7\u00e3o<\/em><br \/>\n<strong>Trabalho Pr\u00e1tico: <\/strong>trabalho pr\u00e1tico cuja execu\u00e7\u00e3o ocorre em hor\u00e1rio extraclasse. O trabalho pr\u00e1tico envolve a elabora\u00e7\u00e3o de uma proposta (problema, objetivos, metodologia, e contribui\u00e7\u00f5es esperadas), a qual \u00e9 discutida e acordada com o professor, e sua execu\u00e7\u00e3o ao longo do semestre. Alunos far\u00e3o duas apresenta\u00e7\u00f5es (proposta e apresenta\u00e7\u00e3o final) e entregar\u00e3o um relat\u00f3rio de andamento. Como resultado, dever\u00e1 ser entregue uma monografia ou um artigo (espera-se algo em torno de 8-16 p\u00e1ginas). A nota do trabalho pr\u00e1tico \u00e9 calculada da seguinte forma:<br \/>\n<em>Nota do Trabalho Pr\u00e1tico = 0,20 x Proposta + 0,10 x Andamento + 0,15 Apresenta\u00e7\u00e3o final+ 0,55 x Monografia<\/em><br \/>\n<strong>Participa\u00e7\u00e3o<\/strong>: avalia\u00e7\u00e3o do posicionamento quanto a conte\u00fado e d\u00favidas nas aulas te\u00f3ricas, da qualidade de participa\u00e7\u00e3o em aula e motiva\u00e7\u00e3o durante o desenvolvimento do trabalho pr\u00e1tico, e da assiduidade do aluno.<br \/>\n<strong>Forma\u00e7\u00e3o do Conceito Final: <\/strong>o conceito final do aluno ser\u00e1 atribu\u00eddo levando-se em considera\u00e7\u00e3o as mesas redondas (peso 0,35), trabalho pr\u00e1tico (peso 0,55), e participa\u00e7\u00e3o (1,00). A m\u00e9dia ponderada das notas ser\u00e1 convertida em conceito, mediante referencial abaixo: Nota &gt;= 9,0 = A Nota &gt;= 7,5 e &lt; 9,0 = B Nota &gt;= 6,0 e &lt; 7,5 = C Nota &lt; 6,0 = D <em>Observa\u00e7\u00f5es: <\/em>Somente ser\u00e1 calculada a m\u00e9dia geral daqueles alunos que tiverem obtido um \u00edndice de frequ\u00eancia \u00e0s aulas igual ou superior a 75% das aulas previstas. Aos que n\u00e3o satisfizerem este requisito, ser\u00e1 atribu\u00eddo o conceito FF (Falta de Frequ\u00eancia).<\/p>\n<p style=\"text-align: justify;\"><strong>Atividades de Recupera\u00e7\u00e3o Previstas<\/strong><br \/>\nO aluno que obtiver conceito final D pode realizar uma prova de recupera\u00e7\u00e3o versando sobre todo o conte\u00fado da disciplina. Se a nota obtida nessa prova for igual ou superior a 6,0, o conceito mudar\u00e1 para C.<\/p>\n<p style=\"text-align: justify;\">Observa\u00e7\u00f5es: Para poder realizar a prova de recupera\u00e7\u00e3o, o aluno deve ter realizado ao menos uma atividade em mesa redonda E ter entregue todas as etapas do trabalho pr\u00e1tico. Os que n\u00e3o se enquadrarem nesta situa\u00e7\u00e3o permanecer\u00e3o com conceito D.<\/p>\n<p><strong>Prazo para Divulga\u00e7\u00e3o dos Resultados das Avalia\u00e7\u00f5es<\/strong><\/p>\n<p>Trabalho Pr\u00e1tico: ser\u00e1 dado um retorno aos alunos a respeito do andamento do trabalho em suas v\u00e1rias etapas at\u00e9 2 semanas ap\u00f3s a entrega de cada etapa, e notas ser\u00e3o divulgadas em at\u00e9 duas semanas ap\u00f3s a apresenta\u00e7\u00e3o dos trabalhos.<\/p>\n<p>Fichamentos: ser\u00e3o divulgadas as notas das mesas redondas (entrega e apresenta\u00e7\u00e3o) at\u00e9 2 semanas ap\u00f3s o termino desta etapa da disciplina.<\/p>\n<p>Oficinas, laborat\u00f3rios e participa\u00e7\u00e3o em aula: entregas de oficinas e laborat\u00f3rios ser\u00e3o feitas em ambiente a ser divulgado em aula. A nota ser\u00e1 proporcional ao n\u00famero de atividade entregues.<\/p>\n<p><strong>Bibliografia B\u00e1sica Essencial<\/strong><br \/>\nClaes Wohlin, Per Runeson, Martin H\u00f6st, Magnus C. Ohisson, Bj\u00f6rn Regnell, Anders Wessl\u00e9n. Experimentation in Software Engineering. Berlin: Springer, 2012. ISBN 978-3642290435<\/p>\n<p>Pressman, Roger. Engenharia\u00a0 de Software: Uma abordagem Profissional. New York: McGraw-Hill, 2011. ISBN 9788563308337<\/p>\n<p>Sommerville, Ian. Engenharia de Software. New York: Pearson Education, 2012. ISBN 9788579361081<\/p>\n","protected":false},"excerpt":{"rendered":"<p>Tend\u00eancias em Engenharia de Software Respons\u00e1vel: Karina Kohl Silveira Carga Hor\u00e1ria: 60 horas\/aula Cr\u00e9ditos: 04 Semestre: 2025\/2 \u00a0 S\u00famula A disciplina d\u00e1 uma vis\u00e3o geral das tend\u00eancias atuais da Engenharia de Software (ES), apresentando fundamentos a diversos t\u00f3picos da ES, bem como conhecimentos avan\u00e7ados no contexto destes t\u00f3picos. Uma introdu\u00e7\u00e3o ao m\u00e9todo cient\u00edfico e projeto [&hellip;]<\/p>\n","protected":false},"author":14,"featured_media":0,"parent":462,"menu_order":191,"comment_status":"closed","ping_status":"closed","template":"","meta":[],"_links":{"self":[{"href":"https:\/\/www.inf.ufrgs.br\/ppgc\/wp-json\/wp\/v2\/pages\/3516"}],"collection":[{"href":"https:\/\/www.inf.ufrgs.br\/ppgc\/wp-json\/wp\/v2\/pages"}],"about":[{"href":"https:\/\/www.inf.ufrgs.br\/ppgc\/wp-json\/wp\/v2\/types\/page"}],"author":[{"embeddable":true,"href":"https:\/\/www.inf.ufrgs.br\/ppgc\/wp-json\/wp\/v2\/users\/14"}],"replies":[{"embeddable":true,"href":"https:\/\/www.inf.ufrgs.br\/ppgc\/wp-json\/wp\/v2\/comments?post=3516"}],"version-history":[{"count":5,"href":"https:\/\/www.inf.ufrgs.br\/ppgc\/wp-json\/wp\/v2\/pages\/3516\/revisions"}],"predecessor-version":[{"id":7214,"href":"https:\/\/www.inf.ufrgs.br\/ppgc\/wp-json\/wp\/v2\/pages\/3516\/revisions\/7214"}],"up":[{"embeddable":true,"href":"https:\/\/www.inf.ufrgs.br\/ppgc\/wp-json\/wp\/v2\/pages\/462"}],"wp:attachment":[{"href":"https:\/\/www.inf.ufrgs.br\/ppgc\/wp-json\/wp\/v2\/media?parent=3516"}],"curies":[{"name":"wp","href":"https:\/\/api.w.org\/{rel}","templated":true}]}}