{"id":387,"date":"2015-12-18T15:13:28","date_gmt":"2015-12-18T17:13:28","guid":{"rendered":"http:\/\/www.inf.ufrgs.br\/ppgc_wp\/?page_id=387"},"modified":"2016-03-15T12:41:23","modified_gmt":"2016-03-15T15:41:23","slug":"mestrado","status":"publish","type":"page","link":"https:\/\/www.inf.ufrgs.br\/ppgc\/mestrado\/","title":{"rendered":"Mestrado"},"content":{"rendered":"<p>O ingresso do aluno no Mestrado em Ci\u00eancia da Computa\u00e7\u00e3o pressup\u00f5e o v\u00ednculo a um professor orientador estabelecido j\u00e1 no processo seletivo. O objetivo fomentar o in\u00edcio do trabalho de pesquisa de mestrado o mais cedo poss\u00edvel.<\/p>\n<p>N\u00e3o h\u00e1 disciplinas obrigat\u00f3rias para todos os alunos, j\u00e1 que o Programa inclui um espectro bem amplo de linhas de pesquisa. O elenco de disciplinas \u00e9 constru\u00eddo de forma a garantir que cada aluno curse disciplinas consideradas b\u00e1sicas em sua linha de pesquisa e ainda tenha liberdade para escolher, em comum acordo com seu orientador, disciplinas avan\u00e7adas que venham a complementar sua forma\u00e7\u00e3o como pesquisador. \u00c9 oferecido um n\u00famero razo\u00e1vel e adequado de disciplinas de T\u00f3picos Especiais, algumas visando aproveitar a vinda de professores visitantes ou a explora\u00e7\u00e3o de temas novos, antes de oferec\u00ea-los como disciplinas regulares.<\/p>\n<p>Durante a fase de cr\u00e9ditos, os alunos devem realizar um pequeno projeto de pesquisa, que d\u00e1 origem a uma monografia (Trabalho Individual), cujo objetivo \u00e9 sedimentar os aspectos de metodologia de pesquisa necess\u00e1rios ao mestrado. Ao final deste trabalho, ainda no primeiro ano de curso, o aluno deve elaborar e apresentar o Plano de Estudo e Pesquisa, correspondendo ao projeto da disserta\u00e7\u00e3o de mestrado. A realiza\u00e7\u00e3o da disserta\u00e7\u00e3o \u00e9, preferencialmente, vinculada a um projeto conduzido pelo orientador no \u00e2mbito do seu grupo de pesquisa, oferecendo ao aluno a oportunidade de trabalhar em conjunto com outros pesquisadores.<\/p>\n<p>Dentro desta estrutura, os alunos realizam cr\u00e9ditos e Trabalho Individual no primeiro ano do curso e, no segundo ano, a disserta\u00e7\u00e3o de mestrado. No in\u00edcio do seu segundo ano todo aluno de mestrado deve escrever e apresentar, perante uma banca de professores do programa, um artigo referente ao andamento da sua disserta\u00e7\u00e3o. Tal atividade permite uma avalia\u00e7\u00e3o intermedi\u00e1ria das disserta\u00e7\u00f5es.<\/p>\n<p>O PPGC disp\u00f5e, a cada ano, de de diversas bolsas de estudo. A maioria das bolsas s\u00e3o provenientes das ag\u00eancias de fomento (CAPES e CNPq), gerenciadas pela coordena\u00e7\u00e3o do curso. H\u00e1 tamb\u00e9m bolsas do CNPq e de projetos ligados a empresas gerenciadas diretamente pelos orientadores.<\/p>\n","protected":false},"excerpt":{"rendered":"<p>O ingresso do aluno no Mestrado em Ci\u00eancia da Computa\u00e7\u00e3o pressup\u00f5e o v\u00ednculo a um professor orientador estabelecido j\u00e1 no processo seletivo. O objetivo fomentar o in\u00edcio do trabalho de pesquisa de mestrado o mais cedo poss\u00edvel. N\u00e3o h\u00e1 disciplinas obrigat\u00f3rias para todos os alunos, j\u00e1 que o Programa inclui um espectro bem amplo de [&hellip;]<\/p>\n","protected":false},"author":1,"featured_media":0,"parent":0,"menu_order":0,"comment_status":"closed","ping_status":"closed","template":"","meta":[],"_links":{"self":[{"href":"https:\/\/www.inf.ufrgs.br\/ppgc\/wp-json\/wp\/v2\/pages\/387"}],"collection":[{"href":"https:\/\/www.inf.ufrgs.br\/ppgc\/wp-json\/wp\/v2\/pages"}],"about":[{"href":"https:\/\/www.inf.ufrgs.br\/ppgc\/wp-json\/wp\/v2\/types\/page"}],"author":[{"embeddable":true,"href":"https:\/\/www.inf.ufrgs.br\/ppgc\/wp-json\/wp\/v2\/users\/1"}],"replies":[{"embeddable":true,"href":"https:\/\/www.inf.ufrgs.br\/ppgc\/wp-json\/wp\/v2\/comments?post=387"}],"version-history":[{"count":2,"href":"https:\/\/www.inf.ufrgs.br\/ppgc\/wp-json\/wp\/v2\/pages\/387\/revisions"}],"predecessor-version":[{"id":493,"href":"https:\/\/www.inf.ufrgs.br\/ppgc\/wp-json\/wp\/v2\/pages\/387\/revisions\/493"}],"wp:attachment":[{"href":"https:\/\/www.inf.ufrgs.br\/ppgc\/wp-json\/wp\/v2\/media?parent=387"}],"curies":[{"name":"wp","href":"https:\/\/api.w.org\/{rel}","templated":true}]}}