{"id":389,"date":"2015-12-18T15:13:23","date_gmt":"2015-12-18T17:13:23","guid":{"rendered":"http:\/\/www.inf.ufrgs.br\/ppgc_wp\/?page_id=389"},"modified":"2016-03-15T12:41:22","modified_gmt":"2016-03-15T15:41:22","slug":"doutorado","status":"publish","type":"page","link":"https:\/\/www.inf.ufrgs.br\/ppgc\/doutorado\/","title":{"rendered":"Doutorado"},"content":{"rendered":"<p align=\"justify\">O ingresso do aluno no Doutorado em Ci\u00eancia da Computa\u00e7\u00e3o pressup\u00f5e o v\u00ednculo a um professor orientador estabelecido j\u00e1 no processo seletivo. O objetivo \u00e9 fomentar o in\u00edcio do trabalho de pesquisa de doutorado o mais cedo poss\u00edvel.<\/p>\n<p align=\"justify\">N\u00e3o h\u00e1 disciplinas obrigat\u00f3rias para todos os alunos, j\u00e1 que o Programa inclui um espectro bem amplo de linhas de pesquisa. O elenco de disciplinas \u00e9 constru\u00eddo de forma a garantir que cada aluno curse disciplinas consideradas b\u00e1sicas em sua linha de pesquisa e ainda tenha liberdade para escolher, em comum acordo com seu orientador, disciplinas avan\u00e7adas que venham a complementar sua forma\u00e7\u00e3o como pesquisador. \u00c9 oferecido um n\u00famero razo\u00e1vel e adequado de disciplinas de T\u00f3picos Especiais, algumas visando aproveitar a vinda de professores visitantes ou a explora\u00e7\u00e3o de temas novos, antes de oferec\u00ea-los como disciplinas regulares.<\/p>\n<p align=\"justify\">Requisitos espec\u00edficos do doutorado, preliminares ao trabalho de tese propriamente dito, s\u00e3o: (1) um Exame de Qualifica\u00e7\u00e3o em Abrang\u00eancia, na forma de uma prova escrita, e (2) uma Proposta de Tese que, apresentada ao t\u00e9rmino dos 2 primeiros anos de curso, corresponde a um detalhamento do projeto de tese.<\/p>\n<p align=\"justify\">O PPGC disp\u00f5e, a cada ano, de de diversas bolsas de estudo. A maioria das bolsas s\u00e3o provenientes das ag\u00eancias de fomento (CAPES e CNPq), gerenciadas pela coordena\u00e7\u00e3o do curso. H\u00e1 tamb\u00e9m bolsas do CNPq e de projetos ligados a empresas gerenciadas diretamente pelos orientadores.<\/p>\n","protected":false},"excerpt":{"rendered":"<p>O ingresso do aluno no Doutorado em Ci\u00eancia da Computa\u00e7\u00e3o pressup\u00f5e o v\u00ednculo a um professor orientador estabelecido j\u00e1 no processo seletivo. O objetivo \u00e9 fomentar o in\u00edcio do trabalho de pesquisa de doutorado o mais cedo poss\u00edvel. N\u00e3o h\u00e1 disciplinas obrigat\u00f3rias para todos os alunos, j\u00e1 que o Programa inclui um espectro bem amplo [&hellip;]<\/p>\n","protected":false},"author":1,"featured_media":0,"parent":0,"menu_order":0,"comment_status":"closed","ping_status":"closed","template":"","meta":[],"_links":{"self":[{"href":"https:\/\/www.inf.ufrgs.br\/ppgc\/wp-json\/wp\/v2\/pages\/389"}],"collection":[{"href":"https:\/\/www.inf.ufrgs.br\/ppgc\/wp-json\/wp\/v2\/pages"}],"about":[{"href":"https:\/\/www.inf.ufrgs.br\/ppgc\/wp-json\/wp\/v2\/types\/page"}],"author":[{"embeddable":true,"href":"https:\/\/www.inf.ufrgs.br\/ppgc\/wp-json\/wp\/v2\/users\/1"}],"replies":[{"embeddable":true,"href":"https:\/\/www.inf.ufrgs.br\/ppgc\/wp-json\/wp\/v2\/comments?post=389"}],"version-history":[{"count":2,"href":"https:\/\/www.inf.ufrgs.br\/ppgc\/wp-json\/wp\/v2\/pages\/389\/revisions"}],"predecessor-version":[{"id":499,"href":"https:\/\/www.inf.ufrgs.br\/ppgc\/wp-json\/wp\/v2\/pages\/389\/revisions\/499"}],"wp:attachment":[{"href":"https:\/\/www.inf.ufrgs.br\/ppgc\/wp-json\/wp\/v2\/media?parent=389"}],"curies":[{"name":"wp","href":"https:\/\/api.w.org\/{rel}","templated":true}]}}