{"id":394,"date":"2015-12-18T15:14:33","date_gmt":"2015-12-18T17:14:33","guid":{"rendered":"http:\/\/www.inf.ufrgs.br\/ppgc_wp\/?page_id=394"},"modified":"2024-02-23T10:46:41","modified_gmt":"2024-02-23T13:46:41","slug":"aluno-especial","status":"publish","type":"page","link":"https:\/\/www.inf.ufrgs.br\/ppgc\/aluno-especial\/","title":{"rendered":"Aluno Especial"},"content":{"rendered":"<h3 style=\"text-align: center;\"><span style=\"color: #ff0000;\"><strong><span style=\"color: #ff0000;\">\u00a0<\/span><\/strong><\/span><span style=\"font-size: 24px;\">Orienta\u00e7\u00f5es Gerais &#8211; Aluno Especial<br \/>\n<\/span><\/h3>\n<h3><strong>Regulamenta\u00e7\u00e3o de Ingresso de Aluno Especial<\/strong><\/h3>\n<p>S\u00famula da Disciplina para alunos especiais: <a href=\"http:\/\/www.inf.ufrgs.br\/ppgc\/wp-content\/uploads\/2015\/12\/CMP-405-Projeto-Individual-de-Pesquisa-1.pdf\" target=\"_blank\" rel=\"noopener\">CMP 405 &#8211; Projeto Individual de Pesquisa<\/a><\/p>\n<p><strong>S\u00e3o obriga\u00e7\u00f5es do Aluno Especial:<\/strong><\/p>\n<ul>\n<li>Sujeitar-se a todas as normas do PPGC<\/li>\n<li>Satisfazer os pr\u00e9-requisitos da disciplina<\/li>\n<li>Realizar todos os trabalhos (exerc\u00edcios, testes, provas, trabalhos pr\u00e1ticos, projetos) que forem exigidos na disciplina, em igualdade de condi\u00e7\u00f5es com os alunos regulares.<\/li>\n<\/ul>\n<p><strong>Cancelamento de Disciplina de Aluno Especial<\/strong><\/p>\n<p>Para o cancelamento de disciplina, o aluno especial dever\u00e1 encaminhar requerimento \u00e0 Coordena\u00e7\u00e3o do Curso, no qual conste justificativa e concord\u00e2ncia (assinatura) do professor respons\u00e1vel pela disciplina.<\/p>\n<h3><strong>Formul\u00e1rios<\/strong><\/h3>\n<div>\n<ul>\n<li>Form. para cancelamento de disciplina &#8211;\u00a0<span style=\"color: #800000;\"><a style=\"color: #800000;\" href=\"http:\/\/inf.ufrgs.br\/ppgc\/wp-content\/formularios\/especial\/Form.Canc.Disc.AlunoEspec.pdf\" target=\"_blank\" rel=\"noopener\">[pdf]<\/a> <a style=\"color: #800000;\" href=\"http:\/\/inf.ufrgs.br\/ppgc\/wp-content\/formularios\/especial\/Form.Canc.Disc.AlunoEspec.doc\" target=\"_blank\" rel=\"noopener\">[doc]<\/a><\/span><\/li>\n<li>Form. para aluno de outro PPG\/UFRGS &#8211; <span style=\"color: #800000;\"><a style=\"color: #800000;\" href=\"http:\/\/inf.ufrgs.br\/ppgc\/wp-content\/formularios\/outro\/aluno_outro_PPG.pdf\" target=\"_blank\" rel=\"noopener\">[pdf]<\/a> <a style=\"color: #800000;\" href=\"http:\/\/inf.ufrgs.br\/ppgc\/wp-content\/formularios\/outro\/aluno_outro_PPG.doc\" target=\"_blank\" rel=\"noopener\">[doc]<\/a><\/span><\/li>\n<li>Anexo A &#8211; Requerimento para a solicita\u00e7\u00e3o de isen\u00e7\u00e3o da taxa de inscri\u00e7\u00e3o &#8211; [<a href=\"http:\/\/www.inf.ufrgs.br\/ppgc\/wp-content\/uploads\/2021\/06\/Anexo-A.pdf\">pdf<\/a>]<\/li>\n<\/ul>\n<\/div>\n<div><\/div>\n","protected":false},"excerpt":{"rendered":"<p>\u00a0Orienta\u00e7\u00f5es Gerais &#8211; Aluno Especial Regulamenta\u00e7\u00e3o de Ingresso de Aluno Especial S\u00famula da Disciplina para alunos especiais: CMP 405 &#8211; Projeto Individual de Pesquisa S\u00e3o obriga\u00e7\u00f5es do Aluno Especial: Sujeitar-se a todas as normas do PPGC Satisfazer os pr\u00e9-requisitos da disciplina Realizar todos os trabalhos (exerc\u00edcios, testes, provas, trabalhos pr\u00e1ticos, projetos) que forem exigidos na [&hellip;]<\/p>\n","protected":false},"author":1,"featured_media":0,"parent":0,"menu_order":0,"comment_status":"closed","ping_status":"closed","template":"","meta":[],"_links":{"self":[{"href":"https:\/\/www.inf.ufrgs.br\/ppgc\/wp-json\/wp\/v2\/pages\/394"}],"collection":[{"href":"https:\/\/www.inf.ufrgs.br\/ppgc\/wp-json\/wp\/v2\/pages"}],"about":[{"href":"https:\/\/www.inf.ufrgs.br\/ppgc\/wp-json\/wp\/v2\/types\/page"}],"author":[{"embeddable":true,"href":"https:\/\/www.inf.ufrgs.br\/ppgc\/wp-json\/wp\/v2\/users\/1"}],"replies":[{"embeddable":true,"href":"https:\/\/www.inf.ufrgs.br\/ppgc\/wp-json\/wp\/v2\/comments?post=394"}],"version-history":[{"count":57,"href":"https:\/\/www.inf.ufrgs.br\/ppgc\/wp-json\/wp\/v2\/pages\/394\/revisions"}],"predecessor-version":[{"id":6422,"href":"https:\/\/www.inf.ufrgs.br\/ppgc\/wp-json\/wp\/v2\/pages\/394\/revisions\/6422"}],"wp:attachment":[{"href":"https:\/\/www.inf.ufrgs.br\/ppgc\/wp-json\/wp\/v2\/media?parent=394"}],"curies":[{"name":"wp","href":"https:\/\/api.w.org\/{rel}","templated":true}]}}