{"id":4065,"date":"2019-06-19T08:47:03","date_gmt":"2019-06-19T11:47:03","guid":{"rendered":"http:\/\/www.inf.ufrgs.br\/ppgc\/?page_id=4065"},"modified":"2019-12-13T15:40:51","modified_gmt":"2019-12-13T18:40:51","slug":"cmp581","status":"publish","type":"page","link":"https:\/\/www.inf.ufrgs.br\/ppgc\/disciplinas\/lista-de-disciplinas\/cmp581\/","title":{"rendered":"CMP581"},"content":{"rendered":"<table>\n<tbody>\n<tr style=\"height: 2337.87px;\">\n<td style=\"height: 2337.87px; width: 1053.82px;\">\n<h3>T\u00f3picos Especiais em Computa\u00e7\u00e3o: Computa\u00e7\u00e3o e M\u00fasica<\/h3>\n<p><strong>Professor Respons\u00e1vel:<\/strong> Marcelo Soares Pimenta e Marcelo de Oliveira Johhan<br \/>\n<strong>Carga Hor\u00e1ria:<\/strong> 30 hs<br \/>\n<strong>Cr\u00e9ditos:<\/strong> 2<br \/>\n<strong> Semestres Oferecidos:<\/strong> Segundo semestre<\/p>\n<p><strong>S\u00daMULA<\/strong><\/p>\n<p style=\"text-align: justify;\">Conceitos B\u00e1sicos de Computa\u00e7\u00e3o &amp; M\u00fasica: conceitos fundamentais de som e m\u00fasica, vibra\u00e7\u00f5es, ondas, sons e sinais el\u00e9tricos, dom\u00ednio tempo e frequ\u00eancia, harm\u00f4nicas, conson\u00e2ncia e disson\u00e2ncia, timbre, intervalos, notas e acordes, evolu\u00e7\u00e3o das escalas musicais e temperamento. Representa\u00e7\u00e3o da informa\u00e7\u00e3o sonora: formatos de \u00e1udio digital e MIDI. Grava\u00e7\u00e3o, processamento e reprodu\u00e7\u00e3o de \u00e1udio digital. Hist\u00f3ria dos instrumentos e m\u00e9todos para s\u00edntese de sons (particularmente sintetizadores eletr\u00f4nicos e digitais). Software musical para acompanhamento, edi\u00e7\u00e3o de partituras, sequenciamento, grava\u00e7\u00e3o de \u00e1udio, s\u00edntese sonora. Educa\u00e7\u00e3o musical: aspectos principais, exemplos e utiliza\u00e7\u00e3o. Novas tend\u00eancias: intelig\u00eancia artificial e m\u00fasica, intera\u00e7\u00e3o homem-computador e m\u00fasica. Exerc\u00edcios, audi\u00e7\u00f5es, exemplos e experimentos demonstrativos.<\/p>\n<p>&nbsp;<\/p>\n<p><strong>OBJETIVOS<\/strong><\/p>\n<p style=\"text-align: justify;\">A disciplina tem por objetivo geral introduzir os conceitos b\u00e1sicos sobre Computa\u00e7\u00e3o e M\u00fasica. O objetivo espec\u00edfico \u00e9 permitir aos participantes conhecer, compreender e utilizar os conceitos principais, equipamentos, t\u00e9cnicas, modelos, ferramentas e linguagens de Computa\u00e7\u00e3o e M\u00fasica.<\/p>\n<p>&nbsp;<\/p>\n<p><strong>CRIT\u00c9RIOS DE AVALIA\u00c7\u00c3O<\/strong><\/p>\n<p style=\"text-align: justify;\">Uma verifica\u00e7\u00e3o dos conhecimentos apresentados na disciplina, dois trabalhos, individuais ou em grupo, tipicamente um te\u00f3rico e outro pr\u00e1tico, e um trabalho art\u00edstico. A nota final ser\u00e1 dada pela m\u00e9dia aritm\u00e9tica ponderada das notas individuais, tendo a prova e o trabalho te\u00f3rico peso 3, cada um, o trabalho pr\u00e1tico e o trabalho art\u00edstico peso 2. Ser\u00e1 considerado aprovado o aluno que obtiver nota final igual ou superior a 6.0 sobre 10, sendo obrigat\u00f3ria a apresenta\u00e7\u00e3o do trabalho pr\u00e1tico. O aluno que n\u00e3o obtiver m\u00e9dia 6.0 poder\u00e1 efetuar uma atividade de recupera\u00e7\u00e3o, oferecida na forma de exame, question\u00e1rio ou trabalho de pesquisa extra, a ser definido posteriormente.<\/p>\n<p><strong>\u00a0<\/strong><\/p>\n<p><strong>BIBLIOGRAFIA<\/strong><\/p>\n<p>ARCELA, A. A Linguagem SOM-A para S\u00edntese Aditiva. In: Simp\u00f3sio Brasileiro de Computa\u00e7\u00e3o e M\u00fasica, 1., 1994, Caxambu &#8211; MG. Anais&#8230; Belo Horizonte: Escola de M\u00fasica \/ UFMG, 1994.<br \/>\nCHOWNING, J. M. The Synthesis of Complex Audio Spectra by Means of Frequency Modulation. Journal of the Audio Engineering Society 21(7):526-534. [S.l.: s.n.], 1973. (Reprinted in Computer Music Journal 1[2]:46-54, 1977).<br \/>\nCOPE, D. Experiments in Musical Intelligence. Dispon\u00edvel em http:\/\/arts.ucsc.edu\/faculty\/cope\/experiments.htm. Acessado em abril de 2004.<br \/>\nDE POLI, G. A Tutorial on Digital Sound Synthesis Techniques. In: ROADS, C. (Ed.). The Music Machine. [S.l.: s.n.], 1989. p.429-447.<br \/>\nFERENCE JR, M.; LEMON, H. B.; STEPHENSON, R. J. Analytical Experimental Physics. Chicago: University of Chicago Press, 1956.<br \/>\nFERENCE JR, M.; LEMON, H. B.; STEPHENSON, R. J.; [trad. e adapt. de] GOLDEMBERG, J. F\u00edsica: cursos colegial e vestibular. v.3 &#8211; Ondas (Som e Luz). S\u00e3o Paulo: Edgard Bl\u00fccher, 1978.INTERNATIONAL COMPUTER MUSIC ASSOCIATION. 2004a. Dispon\u00edvel em http:\/\/www.computermusic.org. Acessado em abril de 2004.<br \/>\nFRITSCH, E. M\u00fasica Eletr\u00f4nica, Uma Introdu\u00e7\u00e3o Ilustrada, Editora da UFRGS, 2008.<br \/>\nINTERNATIONAL COMPUTER MUSIC ASSOCIATION. ICMC. Dispon\u00edvel em http:\/\/www.icmc2004.org e http:\/\/www.computermusic.org\/icmc\/icmc_main_frameset.html. Acessado em abril de 2004[b].<br \/>\nIRCAM. MAX &#8211; Real Time DSP &amp; MIDI Programming Environment. Dispon\u00edvel em http:\/\/www.ircam.fr\/produits\/logiciels\/max-e.html. Acessado em abril de 2004[a].<br \/>\nKON, F. Brazilian Symposium on Computer Music Archive. Dispon\u00edvel em http:\/\/gsd.ime.usp.br\/sbcm. Acessado em abril de 2004.<br \/>\nMcQUEER, R. The USENET MIDI Primer. 1989. Dispon\u00edvel em http:\/\/mitpress2.mit.edu\/e-journals\/Computer-Music-Journal\/links\/midi\/index.html. Acessado em abril de 2004.<br \/>\nMIDI MANUFACTURERS ASSOCIATION. Dispon\u00edvel em http:\/\/www.midi.org. Acessado em abril de 2004.<br \/>\nMILETTO, E. M.; COSTALONGA, L. L.; FLORES, L. V.; FRITSCH, E. F.; PIMENTA, M. S.; VICARI, R. M. Minicurso: Introdu\u00e7\u00e3o \u00e0 Computa\u00e7\u00e3o Musical. In: IV CBCOMP &#8211; CONGRESSO BRASILEIRO DE COMPUTA\u00c7\u00c3O, 2004, Itaja\u00ed, SC. Itaja\u00ed, SC: [s.n.], 2004. p.883-902<br \/>\n.MIRANDA, E. R. Readings in Music and Artificial Intelligence. Australia: Harwood Academic, 2000.<br \/>\nMIRANDA, E. R. Neuromusic. Dispon\u00edvel em http:\/\/neuromusic.soc.plymouth.ac.uk. Acessado em abril de 2004.<br \/>\nMIRANDA, E. R. Computer Sound Design: Synthesis Techniques and Programming. Oxford: Focal Press, 2002 (2nd Edition).<br \/>\nMIRANDA, E.R. Composing Music with Computers. Oxford: Focal Press, 2001.<br \/>\nMIRANDA, E.R. Computer Sound Synthesis for the Electronic Musician. Oxford: Focal Press, 1998.<br \/>\nMIT PRESS. Computer Music Journal. Dispon\u00edvel em http:\/\/mitpress2.mit.edu\/e-journals\/Computer-Music-Journal e http:\/\/mitpress.mit.edu\/cmj. Acessado em abril de 2004[a].<br \/>\nPALOMBINI, C. The Brazilian Group for Computer Music Research: A Proto-History. Leonardo Music Journal, [S.l.], v.10, p.13-20, 2000.<br \/>\nROADS, C. Automated Granular Synthesis of Sounds. Computer Music Journal 2(2):61-62. Cambridge, Massachussetts: MIT Press, 1978.<br \/>\nSOCIEDADE BRASILEIRA DE COMPUTA\u00c7\u00c3O. SBC2003 &#8211; SBCM. Dispon\u00edvel em http:\/\/www.nics.unicamp.br\/nucom\/portugues. Acessado em abril de 2004[a].<br \/>\nSUN MICROSYSTEMS. Java Sound API. 2004. Dispon\u00edvel em http:\/\/java.sun.com\/products\/java-media\/sound. Acessado em abril de 2004.<br \/>\nWANDERLEY, M.; BATTIER, M. Trends in Gestural Control of Music. [S.l.]: Ircam &#8211; Centre Pompidou, 2000.<br \/>\nXENAKIS, I. Formalized Music. Bloomington, Indiana: Indiana University Press, 1971.<br \/>\nArtigos de peri\u00f3dicos e anais de congressos dispon\u00edveis na Biblioteca ou fornecidos pelo professor, notadamente do Simp\u00f3sio Brasileiro de Computa\u00e7\u00e3o e M\u00fasica (SBCM), da International Conference on Computer Music (ICMC), Leonardo Music Journal (MIT Press), Organised Sound Journal (Cambridge University Press), Computer Music Journal (MIT Press).<br \/>\nColaboradores (eventuais ou peri\u00f3dicos):<br \/>\nProf. Eloy Fritsch: Doutor em Ci\u00eancia da Computa\u00e7\u00e3o (UFRGS), professor\/pesquisador de Tecnologia Musical e Inform\u00e1tica Musical no Instituto de Artes da UFRGS, criador e atual coordenador do Centro de M\u00fasica Eletr\u00f4nica da UFRGS. Al\u00e9m disto, \u00e9 tecladista da banda ga\u00facha de progressivo Apocalypse (www.apocalypsebr.cjb.net) e compositor de m\u00fasica eletr\u00f4nica instrumental tendo lan\u00e7ado v\u00e1rios CDs no Brasil e no exterior e um livro pela Editora da UFRGS sobre M\u00fasica Eletr\u00f4nica.<br \/>\nLuciano Flores: Doutorando no PPGC (UFRGS), Mestre em C. da Computa\u00e7\u00e3o (UFRGS), Bel. em C. Computa\u00e7\u00e3o (UFRGS), Membro do LC&amp;M, atuando na \u00e1rea de C&amp;M desde 1996. Al\u00e9m disto, \u00e9 DJ , instrumentista e compositor.<br \/>\nEvandro M. Miletto: Doutor pelo PPGC (UFRGS), Mestre em Computa\u00e7\u00e3o (UFRGS), Membro do LC&amp;M. Al\u00e9m disto, \u00e9 instrumentista e cantor.<br \/>\nAlguns Links de interesse:<br \/>\nLaborat\u00f3rio de Computa\u00e7\u00e3o e M\u00fasica (Instituto de Inform\u00e1tica\/UFRGS):<br \/>\nhttp:\/\/www.inf.ufrgs.br\/lcm\/web\/index.php<br \/>\nCentro de M\u00fasica Eletr\u00f4nica da UFRGS (Instituto de Artes\/UFRGS): http:\/\/www.musicaeletronica.ufrgs.br\/<br \/>\nMIDI Archive: http:\/\/archive.cs.uu.nl\/pub\/MIDI\/<br \/>\nCentro de Documenta\u00e7\u00e3o de M\u00fasica Contempor\u00e2nea: http:\/\/www.unicamp.br\/cdmc\/<br \/>\nComputer Music Links: http:\/\/www.softsynth.com\/links\/<br \/>\nCory McKay&#8217;s Academic Links: http:\/\/www.music.mcgill.ca\/~cmckay\/links.html<br \/>\nCreating Music: http:\/\/www.creatingmusic.com\/mmm\/mmm.html<br \/>\nDaisyphone &#8211; A Group Music Interaction Tool: http:\/\/gouda.dcs.qmul.ac.uk\/<br \/>\nGlossary of Music Technology Terms: http:\/\/vtg.org\/cimonline\/Glossary.html<br \/>\nComputer Music Places: http:\/\/www.music.columbia.edu\/~geersde\/places1.html<br \/>\nM\u00e9diath\u00e8que do IRCAM: http:\/\/xenakis.ircam.fr\/internet\/index.html<br \/>\nMusic &amp; Research Links: http:\/\/members.aol.com\/dspondike\/mnr\/mnrcompmus.html<\/td>\n<\/tr>\n<\/tbody>\n<\/table>\n<p>&nbsp;<\/p>\n","protected":false},"excerpt":{"rendered":"<p>T\u00f3picos Especiais em Computa\u00e7\u00e3o: Computa\u00e7\u00e3o e M\u00fasica Professor Respons\u00e1vel: Marcelo Soares Pimenta e Marcelo de Oliveira Johhan Carga Hor\u00e1ria: 30 hs Cr\u00e9ditos: 2 Semestres Oferecidos: Segundo semestre S\u00daMULA Conceitos B\u00e1sicos de Computa\u00e7\u00e3o &amp; M\u00fasica: conceitos fundamentais de som e m\u00fasica, vibra\u00e7\u00f5es, ondas, sons e sinais el\u00e9tricos, dom\u00ednio tempo e frequ\u00eancia, harm\u00f4nicas, conson\u00e2ncia e disson\u00e2ncia, timbre, [&hellip;]<\/p>\n","protected":false},"author":14,"featured_media":0,"parent":462,"menu_order":581,"comment_status":"closed","ping_status":"closed","template":"","meta":[],"_links":{"self":[{"href":"https:\/\/www.inf.ufrgs.br\/ppgc\/wp-json\/wp\/v2\/pages\/4065"}],"collection":[{"href":"https:\/\/www.inf.ufrgs.br\/ppgc\/wp-json\/wp\/v2\/pages"}],"about":[{"href":"https:\/\/www.inf.ufrgs.br\/ppgc\/wp-json\/wp\/v2\/types\/page"}],"author":[{"embeddable":true,"href":"https:\/\/www.inf.ufrgs.br\/ppgc\/wp-json\/wp\/v2\/users\/14"}],"replies":[{"embeddable":true,"href":"https:\/\/www.inf.ufrgs.br\/ppgc\/wp-json\/wp\/v2\/comments?post=4065"}],"version-history":[{"count":2,"href":"https:\/\/www.inf.ufrgs.br\/ppgc\/wp-json\/wp\/v2\/pages\/4065\/revisions"}],"predecessor-version":[{"id":4067,"href":"https:\/\/www.inf.ufrgs.br\/ppgc\/wp-json\/wp\/v2\/pages\/4065\/revisions\/4067"}],"up":[{"embeddable":true,"href":"https:\/\/www.inf.ufrgs.br\/ppgc\/wp-json\/wp\/v2\/pages\/462"}],"wp:attachment":[{"href":"https:\/\/www.inf.ufrgs.br\/ppgc\/wp-json\/wp\/v2\/media?parent=4065"}],"curies":[{"name":"wp","href":"https:\/\/api.w.org\/{rel}","templated":true}]}}