{"id":410,"date":"2015-12-18T15:16:19","date_gmt":"2015-12-18T17:16:19","guid":{"rendered":"http:\/\/www.inf.ufrgs.br\/ppgc_wp\/?page_id=410"},"modified":"2025-04-29T09:01:22","modified_gmt":"2025-04-29T12:01:22","slug":"contato","status":"publish","type":"page","link":"https:\/\/www.inf.ufrgs.br\/ppgc\/contato\/","title":{"rendered":"Contato"},"content":{"rendered":"<p><span style=\"font-size: 14pt;\"><strong>Entre em contato com o Programa de P\u00f3s-Gradua\u00e7\u00e3o em Computa\u00e7\u00e3o (PPGC) da UFRGS<\/strong><\/span><\/p>\n<p>Hor\u00e1rio de atendimento: das 9h \u00e0s 16h;<br \/>\nEntre em contato atrav\u00e9s o e-mail: ppgc@inf.ufrgs.br ou WhatsApp: 51 3308-6161<\/p>\n<p><img loading=\"lazy\" class=\"aligncenter size-full wp-image-7126\" src=\"http:\/\/www.inf.ufrgs.br\/ppgc\/wp-content\/uploads\/2025\/04\/Banner_avaliacao_dos_usuarios.jpg\" alt=\"\" width=\"650\" height=\"300\" srcset=\"http:\/\/www.inf.ufrgs.br\/ppgc\/wp-content\/uploads\/2025\/04\/Banner_avaliacao_dos_usuarios.jpg 650w, http:\/\/www.inf.ufrgs.br\/ppgc\/wp-content\/uploads\/2025\/04\/Banner_avaliacao_dos_usuarios-300x138.jpg 300w, http:\/\/www.inf.ufrgs.br\/ppgc\/wp-content\/uploads\/2025\/04\/Banner_avaliacao_dos_usuarios-200x92.jpg 200w\" sizes=\"(max-width: 650px) 100vw, 650px\" \/><\/p>\n<p>Acesse a <a class=\"\" href=\"https:\/\/www1.ufrgs.br\/portalservidor\/recursoshumanos\/questionarios\/avaliacaodesempenho\/qst_ad_avalia_equipe.php\" target=\"_new\" rel=\"noopener\" data-start=\"94\" data-end=\"231\">Avalia\u00e7\u00e3o dos Usu\u00e1rios<\/a> no portal institucional.<\/p>\n<p>&nbsp;<\/p>\n","protected":false},"excerpt":{"rendered":"<p>Entre em contato com o Programa de P\u00f3s-Gradua\u00e7\u00e3o em Computa\u00e7\u00e3o (PPGC) da UFRGS Hor\u00e1rio de atendimento: das 9h \u00e0s 16h; Entre em contato atrav\u00e9s o e-mail: ppgc@inf.ufrgs.br ou WhatsApp: 51 3308-6161 Acesse a Avalia\u00e7\u00e3o dos Usu\u00e1rios no portal institucional. &nbsp;<\/p>\n","protected":false},"author":1,"featured_media":0,"parent":0,"menu_order":0,"comment_status":"closed","ping_status":"closed","template":"","meta":[],"_links":{"self":[{"href":"https:\/\/www.inf.ufrgs.br\/ppgc\/wp-json\/wp\/v2\/pages\/410"}],"collection":[{"href":"https:\/\/www.inf.ufrgs.br\/ppgc\/wp-json\/wp\/v2\/pages"}],"about":[{"href":"https:\/\/www.inf.ufrgs.br\/ppgc\/wp-json\/wp\/v2\/types\/page"}],"author":[{"embeddable":true,"href":"https:\/\/www.inf.ufrgs.br\/ppgc\/wp-json\/wp\/v2\/users\/1"}],"replies":[{"embeddable":true,"href":"https:\/\/www.inf.ufrgs.br\/ppgc\/wp-json\/wp\/v2\/comments?post=410"}],"version-history":[{"count":13,"href":"https:\/\/www.inf.ufrgs.br\/ppgc\/wp-json\/wp\/v2\/pages\/410\/revisions"}],"predecessor-version":[{"id":7127,"href":"https:\/\/www.inf.ufrgs.br\/ppgc\/wp-json\/wp\/v2\/pages\/410\/revisions\/7127"}],"wp:attachment":[{"href":"https:\/\/www.inf.ufrgs.br\/ppgc\/wp-json\/wp\/v2\/media?parent=410"}],"curies":[{"name":"wp","href":"https:\/\/api.w.org\/{rel}","templated":true}]}}