{"id":4297,"date":"2019-12-13T13:52:43","date_gmt":"2019-12-13T16:52:43","guid":{"rendered":"http:\/\/www.inf.ufrgs.br\/ppgc\/?page_id=4297"},"modified":"2026-02-19T09:58:54","modified_gmt":"2026-02-19T12:58:54","slug":"cmp196","status":"publish","type":"page","link":"https:\/\/www.inf.ufrgs.br\/ppgc\/disciplinas\/lista-de-disciplinas\/cmp196\/","title":{"rendered":"CMP196"},"content":{"rendered":"<p><strong>CMP196 &#8211; Engenharia de Ontologias<\/strong><br \/>\n<strong>SEMESTRE LETIVO:<\/strong> 2023\/2<br \/>\n<strong>CARGA HOR\u00c1RIA:<\/strong> 60 horas-aula<br \/>\n<strong>N\u00daMERO DE CR\u00c9DITOS:<\/strong> 4 cr\u00e9ditos<br \/>\n<strong>RESPONS\u00c1VEL:<\/strong> Mara Abel e Cau\u00e3 Roca Antunes<br \/>\n<strong>MATR\u00cdCULA DE GRADUANDOS:<\/strong> A matr\u00edcula dever\u00e1 ser feita como Aluno Especial<br \/>\n<strong>IDIOMA:<\/strong> A disciplina ser\u00e1 ministrada em Portugu\u00eas<\/p>\n<p><strong>OBJETIVOS<\/strong><br \/>\nO curso tem por objetivo formar pesquisadores aptos \u00e0 constru\u00e7\u00e3o de ontologias formais. O conte\u00fado cobre modelagem conceitual, princ\u00edpios filos\u00f3ficos das ontologias formais, linguagens para representa\u00e7\u00e3o de ontologias e a engenharia de software para constru\u00e7\u00e3o e integra\u00e7\u00e3o de artefatos. Exerc\u00edcios e um estudo de caso tornam o aluno apto para desenvolver ontologias para a ind\u00fastria.<\/p>\n<p><strong>M\u00c9TODO DE TRABALHO<\/strong><br \/>\nA disciplina tem um car\u00e1ter pr\u00e1tico, onde as aulas te\u00f3ricas apresentam os fundamentos e t\u00e9cnicas de aquisi\u00e7\u00e3o e modelagem, e s\u00e3o intercaladas com desenvolvimento de casos trazidos pelos alunos. Os conte\u00fados de linguagens de representa\u00e7\u00e3o de ontologias e raciocinadores s\u00e3o estudados atrav\u00e9s de um trabalho final extraclasse.<\/p>\n<p><strong>PROCEDIMENTOS E\/OU CRIT\u00c9RIOS DE AVALIA\u00c7\u00c3O<\/strong><br \/>\nA avalia\u00e7\u00e3o \u00e9 constru\u00edda pela composi\u00e7\u00e3o equilibrada dos seguintes itens:<br \/>\n1. Estudo de artigos no tema de ontologias com entrega de trabalhos semanais via Moodle.<br \/>\n2. Estudos de caso de modelagem conceitual iniciados em aula e conclu\u00eddos pelo aluno como atividade extraclasse entregues pelo Moodle-UFRGS.<br \/>\n3. Trabalho final extraclasse: especifica\u00e7\u00e3o do modelo em uma linguagem de representa\u00e7\u00e3o de conhecimento e execu\u00e7\u00e3o\/simula\u00e7\u00e3o de racioc\u00ednio utilizando uma das ferramentas estudadas.<\/p>\n<p>Apresenta\u00e7\u00e3o do trabalho pelo aluno em aula.<\/p>\n<p><strong>S\u00daMULA<\/strong><br \/>\nModelagem conceitual de ontologias formais<br \/>\nMetodologias para constru\u00e7\u00e3o de ontologias<br \/>\nAquisi\u00e7\u00e3o conhecimento<br \/>\nAplica\u00e7\u00f5es na ind\u00fastria: defini\u00e7\u00e3o de padr\u00f5es e interoperabilidade de sistemas<\/p>\n<p><strong>CONTE\u00daDO PROGRAM\u00c1TICO<\/strong><br \/>\n1. Modelagem conceitual e ontologias formais<br \/>\n1.1. O que \u00e9 Ontologia. Ontologias de fundamenta\u00e7\u00e3o, ontologias de topo e de dom\u00ednio<br \/>\n1.2. Princ\u00edpios filos\u00f3ficos: individua\u00e7\u00e3o, identidade, unicidade, ess\u00eancia, depend\u00eancia, hierarquias e mereologias<br \/>\n1.3. Distin\u00e7\u00f5es ontol\u00f3gicas e metapropriedades<br \/>\n2. Entes est\u00e1veis no tempo: Modelagem de Continuantes<br \/>\n2.1. Modelagem de sortais<br \/>\n2.2. Depend\u00eancia e tropes, disposi\u00e7\u00f5es e fun\u00e7\u00f5es<br \/>\n2.3. Rela\u00e7\u00f5es<br \/>\n3. Ferramentas de software para modelagem e racioc\u00ednio: Prot\u00e9g\u00e9<br \/>\n4. Ontologias de topo<br \/>\n4.1. UFO-A: Unified Foundational Ontology<br \/>\n4.2. BFO : Basic Formal Ontology<br \/>\n5. Ferramentas de software para modelagem e racioc\u00ednio<br \/>\n5.1. Prot\u00e9g\u00e9<br \/>\n5.2. Sous Le Sense<br \/>\n5.3. OntoUML<br \/>\n5.4. IAO \u2013 Information Artifact Ontology<br \/>\n6. Modelagem de eventos e processos: Modelagem de Ocorrentes<br \/>\n6.1. Modelagem de ocorrentes nas ontologias de topo UFO-B e BFO<br \/>\n6.2. Modelagem de ocorrentes como sistemas e eventos auxiliares<br \/>\n7. Metodologias para constru\u00e7\u00e3o de ontologias<br \/>\n7.1. Metodologia NEON<br \/>\n7.2. UsoDocumenta\u00e7\u00e3o de artefatos e FAIR<br \/>\n7.3. Constru\u00e7\u00e3o autom\u00e1tica de ontologias com LLM para classifica\u00e7\u00e3o de termos em ontologias de topo<br \/>\n8. Estudo de caso<\/p>\n<p><strong>REFER\u00caNCIAS<\/strong><\/p>\n<p>A maior parte dos recursos listados s\u00e3o abertos para leitura.<br \/>\nANTUNES, C.; RODRIGUES, F.; ABEL, M. Toward a vector-based representation of dispositions.Applied Ontology, 2025.<br \/>\nARP, R.; SMITH, B.; SPEAR, A. Building Ontologies with Basic Formal Ontology. MIT Press, 2015.<br \/>\nBORGO, S.; FERRARIO, R.; MASOLO, C.; VIEU, L. Ontology Makes Sense. Amsterdam: IOS Press, 2019 (Frontiers in Artificial Intelligence and Applications v. 316).<br \/>\nGUARINO, N.; DANIEL, O.; STEFFEN, S. What is an ontology. In: STAAB, S. e STUDER, R. (Ed.). Handbook on Ontologies. Dordrecht: Springer Verlag, 2009.<br \/>\nGUARINO N., S. T. P., Guizzardi G. Reification and Truthmaking Patterns. In: ER 2018: International Conference on Conceptual Modeling, 2018, Cham. 11157. Springer, 26 September 2018. Lecture Notes in Computer Science. p. 151-165.<br \/>\nGUIZZARDI, G.; MORAIS FONSECA, C.; BOTTI BENEVIDES, A.; ALMEIDA, J. et al. Endurant Types in Ontology-Driven Conceptual Modeling: Towards OntoUML 2.0. 2018.<br \/>\nGUIZZARDI, G. Ontological Foundations for Structural Conceptual Models. Enschede, The Netherlands: Universal Press, 2005. 410 p. (CTIT PhD Thesis Series).<br \/>\nRODRIGUES, F. H. A Theory for Ontological Modeling of Events Based on Systems. Orientador: ABEL, M. 2023. Thesis (Doctor) &#8211; PPGC, UFRGS, Porto Alegre.<br \/>\nRODRIGUES, F. H., ABEL, M. &#8220;What to consider about events: A survey on the ontology of occurrents.&#8221; Applied Ontology 14.4 (2019): 343-378.<br \/>\nSANTOS, N. O. d. O3PO: a domain ontology for semantic interoperability for petroleum production plants. Orientador: ABEL, M. 2023. 74 f. Dissertation (Master) &#8211; PPGC, UFRGS, Porto Alegre.<br \/>\nSU\u00c1REZ-FIGUEROA, M. C.; G\u00d3MEZ-P\u00c9REZ, A.; FERN\u00c1NDEZ-L\u00d3PEZ, M. The NeOn methodology for ontology engineering. In: Ontology engineering in a networked world: Springer, 2011. p. 9-34.<br \/>\nSU\u00c1REZ-FIGUEROA, M. C.; G\u00d3MEZ-P\u00c9REZ, A.; FERNANDEZ-LOPEZ, M. The NeOn Methodology framework: A scenario-based methodology for ontology development. Applied ontology, 10, n. 2, p. 107-145, 2015.<\/p>\n<p style=\"text-align: left;\">Revista: Applied Ontology <a href=\"https:\/\/www.iospress.com\/catalog\/journals\/appliedontology.sagepub.com\/home\/APO\">https:\/\/www.iospress.com\/catalog\/journals\/appliedontology.sagepub.com\/home\/APO<\/a><\/p>\n<p><strong>Linguagens e ferramentas<\/strong><br \/>\nOntoUML Community Portal <a href=\"https:\/\/ontouml.org\/\">https:\/\/ontouml.org\/<\/a><br \/>\nSousLeSensVocables \u2013 tools to manage the meaning of things <a href=\"http:\/\/souslesens.org\/\">http:\/\/souslesens.org\/<\/a><br \/>\nProt\u00e9g\u00e9 \/ Prot\u00e9g\u00e9 <a href=\"https:\/\/protege.stanford.edu\/\">https:\/\/protege.stanford.edu\/<\/a><\/p>\n<p><strong>Associa\u00e7\u00f5es<\/strong><br \/>\nIAOA \u2013 The International Association for Ontology and its Applications <a href=\"https:\/\/iaoa.org\/\">https:\/\/iaoa.org\/<\/a> Associa\u00e7\u00e3o da comunidade internacional de ontologia. Ades\u00e3o gratuita. D\u00e1 acesso \u00e0 revista Applied Ontology e aos anais do FOIS<\/p>\n<p>ONTOCOMMONS &#8211; Ontology-driven data documentation for industry commons <a href=\"https:\/\/ontocommons.eu\/\">https:\/\/ontocommons.eu\/<\/a> Associa\u00e7\u00e3o da ind\u00fastria para elabora\u00e7\u00e3o de padr\u00f5es de interoperabilidade utilizando ontologies.<\/p>\n<p><strong>Congressos<\/strong><br \/>\nFOIS &#8211; Formal Ontology in Information Systems Conference<br \/>\nONTOCOMMONS<br \/>\nER \u2013 Conceptual Modeling Conference<br \/>\nONTOBRAS \u2013 Semin\u00e1rio de Pesquisa em Ontologias do Brasil<\/p>\n<p>&nbsp;<\/p>\n","protected":false},"excerpt":{"rendered":"<p>CMP196 &#8211; Engenharia de Ontologias SEMESTRE LETIVO: 2023\/2 CARGA HOR\u00c1RIA: 60 horas-aula N\u00daMERO DE CR\u00c9DITOS: 4 cr\u00e9ditos RESPONS\u00c1VEL: Mara Abel e Cau\u00e3 Roca Antunes MATR\u00cdCULA DE GRADUANDOS: A matr\u00edcula dever\u00e1 ser feita como Aluno Especial IDIOMA: A disciplina ser\u00e1 ministrada em Portugu\u00eas OBJETIVOS O curso tem por objetivo formar pesquisadores aptos \u00e0 constru\u00e7\u00e3o de ontologias [&hellip;]<\/p>\n","protected":false},"author":11,"featured_media":0,"parent":462,"menu_order":196,"comment_status":"closed","ping_status":"closed","template":"","meta":[],"_links":{"self":[{"href":"https:\/\/www.inf.ufrgs.br\/ppgc\/wp-json\/wp\/v2\/pages\/4297"}],"collection":[{"href":"https:\/\/www.inf.ufrgs.br\/ppgc\/wp-json\/wp\/v2\/pages"}],"about":[{"href":"https:\/\/www.inf.ufrgs.br\/ppgc\/wp-json\/wp\/v2\/types\/page"}],"author":[{"embeddable":true,"href":"https:\/\/www.inf.ufrgs.br\/ppgc\/wp-json\/wp\/v2\/users\/11"}],"replies":[{"embeddable":true,"href":"https:\/\/www.inf.ufrgs.br\/ppgc\/wp-json\/wp\/v2\/comments?post=4297"}],"version-history":[{"count":8,"href":"https:\/\/www.inf.ufrgs.br\/ppgc\/wp-json\/wp\/v2\/pages\/4297\/revisions"}],"predecessor-version":[{"id":7719,"href":"https:\/\/www.inf.ufrgs.br\/ppgc\/wp-json\/wp\/v2\/pages\/4297\/revisions\/7719"}],"up":[{"embeddable":true,"href":"https:\/\/www.inf.ufrgs.br\/ppgc\/wp-json\/wp\/v2\/pages\/462"}],"wp:attachment":[{"href":"https:\/\/www.inf.ufrgs.br\/ppgc\/wp-json\/wp\/v2\/media?parent=4297"}],"curies":[{"name":"wp","href":"https:\/\/api.w.org\/{rel}","templated":true}]}}