{"id":4754,"date":"2021-07-01T18:46:25","date_gmt":"2021-07-01T21:46:25","guid":{"rendered":"http:\/\/www.inf.ufrgs.br\/ppgc\/?page_id=4754"},"modified":"2021-07-01T18:46:25","modified_gmt":"2021-07-01T21:46:25","slug":"cmp609","status":"publish","type":"page","link":"https:\/\/www.inf.ufrgs.br\/ppgc\/disciplinas\/lista-de-disciplinas\/cmp609\/","title":{"rendered":"CMP609"},"content":{"rendered":"<p><strong>CMP609 &#8211; Introdu\u00e7\u00e3o aos M\u00e9todos Computacionais em Finan\u00e7as<\/strong><\/p>\n<p><strong>Respons\u00e1vel<\/strong>: Jacob Scharcanski<br \/>\n<strong> Pr\u00e9-Requisitos<\/strong>: \u2013<br \/>\n<strong> Carga Hor\u00e1ria<\/strong>: 60 hs<br \/>\n<strong> Cr\u00e9ditos<\/strong>: 4<\/p>\n<p><strong>S\u00daMULA<\/strong>:<br \/>\nIntrodu\u00e7\u00e3o, Hist\u00f3rico, Ativos Negociados em Bolsa, Movimentos dos Ativos, Risco,<br \/>\nApre\u00e7amento de Ativos, Teoria da Carteira e suas Aplica\u00e7\u00f5es, Abordagem<br \/>\nAlgor\u00edtmica para Negocia\u00e7\u00f5es de Ativos.<\/p>\n<p><strong>OBJETIVOS<\/strong>:<br \/>\nCom o aumento da complexidade das transa\u00e7\u00f5es nos mercados financeiros surgiu a<br \/>\nnecessidade de desenvolver e utilizar m\u00e9todos computacionais para efetivar, otimizar<br \/>\ne modelar negocia\u00e7\u00f5es, estimar pre\u00e7os e outros par\u00e2metros de ativos e suas din\u00e2micas,<br \/>\nassim como construir e gerenciar carteiras de ativos. Genericamente, os m\u00e9todos<br \/>\ncomputacionais utilizados constituem uma \u00e1rea chamada de computa\u00e7\u00e3o em finan\u00e7as,<br \/>\n\u00e1rea esta que vem crescendo em resposta a demanda por maior efici\u00eancia deste<br \/>\nsegmento da ind\u00fastria nacional. Esta disciplina tem como objetivos estudar os<br \/>\nconceitos fundamentais e t\u00e9cnicas da computa\u00e7\u00e3o em finan\u00e7as, assim como treinar o<br \/>\naluno a abordar eficientemente problemas desta \u00e1rea. No decorrer do semestre, os<br \/>\nalunos ter\u00e3o a oportunidade de implementar e testar os conceitos te\u00f3ricos, discuti-los<br \/>\nem aula, aplic\u00e1-los a problemas pr\u00e1ticos, e apresentar ao final do semestre resultados<br \/>\nde projetos propostos ao longo da disciplina. Os resultados destes projetos poder\u00e3o ser<br \/>\nrelatados na forma de semin\u00e1rios acompanhados de relat\u00f3rios descritivos e dos<br \/>\nc\u00f3digos desenvolvidos.<\/p>\n<p><strong>FORMA DE CONDU\u00c7\u00c3O DA DISCIPLINA<\/strong>:<br \/>\nAulas te\u00f3rico-pr\u00e1ticas com apresenta\u00e7\u00f5es de conceitos complementadas por<br \/>\nexerc\u00edcios pr\u00e1ticos em Python. Projetos voltados para temas correntes da computa\u00e7\u00e3o<br \/>\nem finan\u00e7as ser\u00e3o propostos.<\/p>\n<p><strong>CONTE\u00daDO PROGRAM\u00c1TICO<\/strong>:<\/p>\n<p>INTRODU\u00c7\u00c3O A TEORIA DO INVESTIMENTO<br \/>\nMercado de Capitais e Tend\u00eancias<br \/>\nRevis\u00e3o hist\u00f3rica: Bachelier, Samuelson, Black, Scholes e Merton,<br \/>\nKolmogorov, It\u00f4, Wiener<br \/>\nTerminologia<br \/>\nTeoria B\u00e1sica das Taxas de Juros<br \/>\nValor Futuro<br \/>\nValor Presente<br \/>\nINTRODU\u00c7\u00c3O A LINGUAGEM PYTHON E SUA APLICA\u00c7\u00c3O EM FINAN\u00c7AS<br \/>\nIntrodu\u00e7\u00e3o ao Python<br \/>\nFerramentas Baseadas em Python para Finan\u00e7as Computacionais<br \/>\nREVIS\u00c3O DE CONCEITOS DE ESTAT\u00cdSTICA E VARI\u00c1VEIS ALEAT\u00d3RIAS<br \/>\nM\u00e9dia-vari\u00e2ncia, Correla\u00e7\u00e3o, Vari\u00e1veis Aleat\u00f3rias, Momentos<br \/>\nRegress\u00e3o, Estima\u00e7\u00e3o, Modelos Estoc\u00e1sticos<br \/>\nMERCADO E ATIVOS NEGOCIADOS EM BOLSA : CONCEITOS<br \/>\nVolume, Liquidez, Volatilidade, Fatores<br \/>\nControle de Risco<br \/>\nMODELOS DE APRE\u00c7AMENTO DE ATIVOS<br \/>\nIntrodu\u00e7\u00e3o as A\u00e7\u00f5es<br \/>\nValora\u00e7\u00e3o de A\u00e7\u00f5es<br \/>\n\u00cdndices de Mercado\/M\u00faltiplos<br \/>\nModelos de Valora\u00e7\u00e3o<br \/>\nCapital Asset Pricing Model (CAPM)<br \/>\nTeoria do Apre\u00e7amento por Arbitragem<br \/>\nEstudo de Casos com Python<br \/>\nTEORIA DAS CARTEIRAS E APLICA\u00c7\u00d5ES<br \/>\nNota\u00e7\u00e3o e Terminologia<br \/>\nOtimiza\u00e7\u00e3o de Carteiras<br \/>\nO Modelo de Markowitz<br \/>\nArbitragem<br \/>\nEstudo de Casos com Python<br \/>\nT\u00d3PICOS AVAN\u00c7ADOS<br \/>\nReconhecimento de Padr\u00f5es em Finan\u00e7as (Ativos Negociados em Bolsa)<br \/>\nM\u00e9todos Quantitativos e Computacionais em Finan\u00e7as<\/p>\n<p><strong>BIBLIOGRAFIA<\/strong><br \/>\n1. \u201cStatistics and Data Analysis for Financial Engineering\u201d (2nd. Edition), D.<br \/>\nRuppert, D. S. Matteson, Springer, 2015.<br \/>\n2. &#8220;Quantitative Equity Portfolio Management: An Active Approach to Portfolio<br \/>\nConstruction and Management&#8221;, Ludwig B. Chincarini, Daewan Kim, McGraw<br \/>\nHill, 2006.<br \/>\n3. \u201cInvestments\u201d (10th. Edition), Z..Bodie, A. Kane, A. J. Marcus, McGraw Hill,<br \/>\n2014.<br \/>\nArtigos selecionados de peri\u00f3dicos (ex: Journal of Computational Finance, IEEE<br \/>\nComputational Intelligence Magazine, etc.) e eventos da \u00e1rea (ex: IEEE Congress on<br \/>\nEvolutionary Computation, Workshop on Computational Finance, etc.).<br \/>\nBibliografia Complementar :<br \/>\na) &#8220;Paul Willmot Introduces Quantitative Finance&#8221; (2nd. Edition), John Wiley &amp;<br \/>\nSons, 2007.<br \/>\nb) \u201cTools for Computacional Finance\u201d, R. Seidel, Springer-Verlag, 2005.<\/p>\n","protected":false},"excerpt":{"rendered":"<p>CMP609 &#8211; Introdu\u00e7\u00e3o aos M\u00e9todos Computacionais em Finan\u00e7as Respons\u00e1vel: Jacob Scharcanski Pr\u00e9-Requisitos: \u2013 Carga Hor\u00e1ria: 60 hs Cr\u00e9ditos: 4 S\u00daMULA: Introdu\u00e7\u00e3o, Hist\u00f3rico, Ativos Negociados em Bolsa, Movimentos dos Ativos, Risco, Apre\u00e7amento de Ativos, Teoria da Carteira e suas Aplica\u00e7\u00f5es, Abordagem Algor\u00edtmica para Negocia\u00e7\u00f5es de Ativos. OBJETIVOS: Com o aumento da complexidade das transa\u00e7\u00f5es nos mercados [&hellip;]<\/p>\n","protected":false},"author":11,"featured_media":0,"parent":462,"menu_order":609,"comment_status":"closed","ping_status":"closed","template":"","meta":[],"_links":{"self":[{"href":"https:\/\/www.inf.ufrgs.br\/ppgc\/wp-json\/wp\/v2\/pages\/4754"}],"collection":[{"href":"https:\/\/www.inf.ufrgs.br\/ppgc\/wp-json\/wp\/v2\/pages"}],"about":[{"href":"https:\/\/www.inf.ufrgs.br\/ppgc\/wp-json\/wp\/v2\/types\/page"}],"author":[{"embeddable":true,"href":"https:\/\/www.inf.ufrgs.br\/ppgc\/wp-json\/wp\/v2\/users\/11"}],"replies":[{"embeddable":true,"href":"https:\/\/www.inf.ufrgs.br\/ppgc\/wp-json\/wp\/v2\/comments?post=4754"}],"version-history":[{"count":2,"href":"https:\/\/www.inf.ufrgs.br\/ppgc\/wp-json\/wp\/v2\/pages\/4754\/revisions"}],"predecessor-version":[{"id":5361,"href":"https:\/\/www.inf.ufrgs.br\/ppgc\/wp-json\/wp\/v2\/pages\/4754\/revisions\/5361"}],"up":[{"embeddable":true,"href":"https:\/\/www.inf.ufrgs.br\/ppgc\/wp-json\/wp\/v2\/pages\/462"}],"wp:attachment":[{"href":"https:\/\/www.inf.ufrgs.br\/ppgc\/wp-json\/wp\/v2\/media?parent=4754"}],"curies":[{"name":"wp","href":"https:\/\/api.w.org\/{rel}","templated":true}]}}