{"id":500,"date":"2015-12-28T09:43:37","date_gmt":"2015-12-28T11:43:37","guid":{"rendered":"http:\/\/www.inf.ufrgs.br\/ppgc_wp\/?page_id=500"},"modified":"2026-01-27T08:25:57","modified_gmt":"2026-01-27T11:25:57","slug":"inscricoes","status":"publish","type":"page","link":"https:\/\/www.inf.ufrgs.br\/ppgc\/doutorado\/inscricoes\/","title":{"rendered":"Inscri\u00e7\u00f5es"},"content":{"rendered":"<p align=\"justify\">As inscri\u00e7\u00f5es s\u00e3o feitas somente atrav\u00e9s do <span style=\"color: #9a0000;\"><a style=\"color: #9a0000;\" href=\"http:\/\/www.inf.ufrgs.br\/ppgc\/sistema\/inscricoes\" target=\"_blank\" rel=\"noopener\">Sistema de Inscri\u00e7\u00f5es do PPGC<\/a><\/span> que estar\u00e1 aberto no per\u00edodo de inscri\u00e7\u00f5es (ver calend\u00e1rio no edital abaixo). Em caso de d\u00favidas, favor entrar em contato atrav\u00e9s do email ppgc@inf.ufrgs.br.<\/p>\n<h3><strong>Editais com Inscri\u00e7\u00f5es Abertas e Formul\u00e1rio de Inscri\u00e7\u00e3o<\/strong><\/h3>\n<p align=\"justify\">Os editais com inscri\u00e7\u00f5es abertas para o processo seletivo ao Doutorado em fluxo cont\u00ednuo est\u00e3o dispon\u00edveis nos seguintes links:<\/p>\n<ul>\n<li>Edital para <span style=\"text-decoration: underline;\"><strong>inscri\u00e7\u00f5es de setembro de 2025 a fevereiro de 2026<\/strong><\/span>, visando o ingresso de outubro de 2025 a maio de 2026,\u00a0dispon\u00edvel <a href=\"https:\/\/www.inf.ufrgs.br\/ppgc\/wp-content\/uploads\/2025\/07\/Edital-PPGC-007_2025-Doutorado.pdf\">aqui<\/a>.<\/li>\n<li>Edital para <span style=\"text-decoration: underline;\"><strong>inscri\u00e7\u00f5es de mar\u00e7o de 2026 a julho de 2026<\/strong><\/span>, visando o ingresso em abril de 2026 a outubro de 2026, dispon\u00edvel <a href=\"http:\/\/www.inf.ufrgs.br\/ppgc\/wp-content\/uploads\/2026\/01\/edital_ppgc_015_2025_-_doutorado.pdf\">aqui<\/a>.<\/li>\n<li>Formul\u00e1rio de inscri\u00e7\u00e3o dispon\u00edvel <a href=\"http:\/\/www.inf.ufrgs.br\/ppgc\/wp-content\/uploads\/2025\/08\/Anexo-I-Edital-PPGC-007_2025-Doutorado.docx\">aqui<\/a>.<\/li>\n<li>Formul\u00e1rio do Edital 015\/2025 <a href=\"http:\/\/www.inf.ufrgs.br\/ppgc\/wp-content\/uploads\/2026\/01\/Formulario-Edital-015_2025.zip\">aqui<\/a><\/li>\n<\/ul>\n<h3><strong>Processo Seletivo<\/strong><\/h3>\n<p align=\"justify\">A sele\u00e7\u00e3o \u00e9 baseada na an\u00e1lise da documenta\u00e7\u00e3o submetida e do plano de trabalho. Tamb\u00e9m \u00e9 levado em conta o resultado da entrevista do candidato com uma comiss\u00e3o de sele\u00e7\u00e3o formada por professores orientadores do programa.<\/p>\n<p>O t\u00edtulo de mestrado <strong>n\u00e3o \u00e9 pr\u00e9-requisito<\/strong> para inscri\u00e7\u00e3o e ingresso no doutorado. Candidatos com somente gradua\u00e7\u00e3o, ou com mestrado em andamento, com \u00f3timo desempenho acad\u00eamico e com motiva\u00e7\u00e3o para pesquisa s\u00e3o encorajados a submeterem seus pedidos de inscri\u00e7\u00e3o.<\/p>\n<p>\u00c9 fortemente recomendado que os interessados em se candidatar a uma vaga no doutorado entrem em contato com bastante anteced\u00eancia com um potencial professor orientador para discutir quest\u00f5es relacionadas a disponibilidade de orienta\u00e7\u00e3o, temas de interesse e a elabora\u00e7\u00e3o de uma plano de trabalho.<\/p>\n<h3><strong>Resultados<br \/>\n<\/strong><\/h3>\n<p>Resultados do processo seletivo podem ser acompanhados <a href=\"https:\/\/www.inf.ufrgs.br\/ppgc\/doutorado\/resultados-doutorado\/\">aqui.<\/a><\/p>\n<h3><strong>Editais com Inscri\u00e7\u00f5es Encerradas<\/strong><\/h3>\n<ul>\n<li>Edital para <span style=\"text-decoration: underline;\"><strong>inscri\u00e7\u00f5es de mar\u00e7o de 2025 a agosto de 2025<\/strong><\/span>, visando o ingresso de abril de 2025 a novembro de 2025, dispon\u00edvel <a href=\"https:\/\/www.inf.ufrgs.br\/site\/wp-content\/uploads\/2025\/02\/Edital-PPGC-002_2025-Doutorado.pdf\">aqui<\/a>.<\/li>\n<\/ul>\n","protected":false},"excerpt":{"rendered":"<p>As inscri\u00e7\u00f5es s\u00e3o feitas somente atrav\u00e9s do Sistema de Inscri\u00e7\u00f5es do PPGC que estar\u00e1 aberto no per\u00edodo de inscri\u00e7\u00f5es (ver calend\u00e1rio no edital abaixo). Em caso de d\u00favidas, favor entrar em contato atrav\u00e9s do email ppgc@inf.ufrgs.br. Editais com Inscri\u00e7\u00f5es Abertas e Formul\u00e1rio de Inscri\u00e7\u00e3o Os editais com inscri\u00e7\u00f5es abertas para o processo seletivo ao Doutorado [&hellip;]<\/p>\n","protected":false},"author":1,"featured_media":0,"parent":389,"menu_order":0,"comment_status":"closed","ping_status":"closed","template":"","meta":[],"_links":{"self":[{"href":"https:\/\/www.inf.ufrgs.br\/ppgc\/wp-json\/wp\/v2\/pages\/500"}],"collection":[{"href":"https:\/\/www.inf.ufrgs.br\/ppgc\/wp-json\/wp\/v2\/pages"}],"about":[{"href":"https:\/\/www.inf.ufrgs.br\/ppgc\/wp-json\/wp\/v2\/types\/page"}],"author":[{"embeddable":true,"href":"https:\/\/www.inf.ufrgs.br\/ppgc\/wp-json\/wp\/v2\/users\/1"}],"replies":[{"embeddable":true,"href":"https:\/\/www.inf.ufrgs.br\/ppgc\/wp-json\/wp\/v2\/comments?post=500"}],"version-history":[{"count":45,"href":"https:\/\/www.inf.ufrgs.br\/ppgc\/wp-json\/wp\/v2\/pages\/500\/revisions"}],"predecessor-version":[{"id":7675,"href":"https:\/\/www.inf.ufrgs.br\/ppgc\/wp-json\/wp\/v2\/pages\/500\/revisions\/7675"}],"up":[{"embeddable":true,"href":"https:\/\/www.inf.ufrgs.br\/ppgc\/wp-json\/wp\/v2\/pages\/389"}],"wp:attachment":[{"href":"https:\/\/www.inf.ufrgs.br\/ppgc\/wp-json\/wp\/v2\/media?parent=500"}],"curies":[{"name":"wp","href":"https:\/\/api.w.org\/{rel}","templated":true}]}}