{"id":508,"date":"2015-12-28T09:48:18","date_gmt":"2015-12-28T11:48:18","guid":{"rendered":"http:\/\/www.inf.ufrgs.br\/ppgc_wp\/?page_id=508"},"modified":"2016-12-15T13:09:43","modified_gmt":"2016-12-15T15:09:43","slug":"instrucoes-para-matricula","status":"publish","type":"page","link":"https:\/\/www.inf.ufrgs.br\/ppgc\/disciplinas\/instrucoes-para-matricula\/","title":{"rendered":"Instru\u00e7\u00f5es para Matr\u00edcula"},"content":{"rendered":"<div>\n<div>\n<p><strong>Alunos regulares do PPGC (incluindo novos alunos):<\/strong> para solicitar a matr\u00edcula o <strong>aluno regular\u00a0do PPGC <\/strong>deve ir na <span style=\"color: #9a0000;\"><a style=\"color: #9a0000;\" href=\"http:\/\/www.ufrgs.br\/\">p\u00e1gina da UFRGS<\/a><\/span>\u00a0realizar login com n\u00famero do cart\u00e3o UFRGS e senha. No Portal do Aluno clique em: ENSINO P\u00d3S-GRADUA\u00c7\u00c3O &gt; ALUNO &gt; Matr\u00edcula &gt; Solicita\u00e7\u00e3o de Matr\u00edcula.\u00a0O formul\u00e1rio somente ser\u00e1 exibido para alunos regulares e durante o per\u00edodo de matr\u00edculas conforme divulgado no <span style=\"color: #9a0000;\"><a style=\"color: #9a0000;\" href=\"http:\/\/www.inf.ufrgs.br\/ppgc\/institucional\/calendario\/\">Calend\u00e1rio do PPGC<\/a><\/span>. \u00a0<strong>Novos alunos do PPGC<\/strong> ser\u00e3o informados por email sobre como obter n\u00famero do cart\u00e3o UFRGS e senha de acesso ao Portal e dever\u00e3o realizar a matr\u00edcula como alunos regulares.<\/p>\n<p><strong>No Portal do Aluno h\u00e1 uma FAQ<\/strong> com informa\u00e7\u00f5es detalhadas sobre como usar o sistema e sobre o processo de solicita\u00e7\u00e3o de matricula online.<\/p>\n<p><strong>Matr\u00edcula em disciplinas outros Programas: <\/strong>alunos regulares\u00a0podem solicitar matr\u00edcula em atividades oferecidas por outros programas. No Portal de Servi\u00e7os, na p\u00e1gina da UFRGS, relizar login com o n\u00famero do cart\u00e3o UFRGS e senha. No Portal de Servi\u00e7os clique em: ENSINO P\u00d3S-GRADUA\u00c7\u00c3O &gt; ALUNO &gt; Matr\u00edcula &gt; Solicita\u00e7\u00e3o de Matr\u00edcula em outro Programa.<\/p>\n<\/div>\n<div><\/div>\n<div>Ap\u00f3s a solicita\u00e7\u00e3o de matr\u00edcula o aluno pode verificar seu pedido atrav\u00e9s do item Extrato de Solicita\u00e7\u00e3o de Matr\u00edcula.\u00a0\u00c9 importante que o<strong>aluno mantenha seu e-mail atualizado<\/strong>. A atualiza\u00e7\u00e3o do e-mail pode ser realizada no Portal de Servi\u00e7os, em INFORMA\u00c7\u00d5ES PESSOAIS &gt; ATUALIZA\u00c7\u00d5ES &gt; EMAIL.<\/div>\n<div><strong>\u00a0<\/strong><\/div>\n<div><strong>Alunos especiais<\/strong>: a matr\u00edcula dos alunos especiais aceitos ser\u00e1 efetivada diretamente pela secretaria do PPGC.<\/div>\n<\/div>\n","protected":false},"excerpt":{"rendered":"<p>Alunos regulares do PPGC (incluindo novos alunos): para solicitar a matr\u00edcula o aluno regular\u00a0do PPGC deve ir na p\u00e1gina da UFRGS\u00a0realizar login com n\u00famero do cart\u00e3o UFRGS e senha. No Portal do Aluno clique em: ENSINO P\u00d3S-GRADUA\u00c7\u00c3O &gt; ALUNO &gt; Matr\u00edcula &gt; Solicita\u00e7\u00e3o de Matr\u00edcula.\u00a0O formul\u00e1rio somente ser\u00e1 exibido para alunos regulares e durante o [&hellip;]<\/p>\n","protected":false},"author":1,"featured_media":0,"parent":415,"menu_order":0,"comment_status":"closed","ping_status":"closed","template":"","meta":[],"_links":{"self":[{"href":"https:\/\/www.inf.ufrgs.br\/ppgc\/wp-json\/wp\/v2\/pages\/508"}],"collection":[{"href":"https:\/\/www.inf.ufrgs.br\/ppgc\/wp-json\/wp\/v2\/pages"}],"about":[{"href":"https:\/\/www.inf.ufrgs.br\/ppgc\/wp-json\/wp\/v2\/types\/page"}],"author":[{"embeddable":true,"href":"https:\/\/www.inf.ufrgs.br\/ppgc\/wp-json\/wp\/v2\/users\/1"}],"replies":[{"embeddable":true,"href":"https:\/\/www.inf.ufrgs.br\/ppgc\/wp-json\/wp\/v2\/comments?post=508"}],"version-history":[{"count":3,"href":"https:\/\/www.inf.ufrgs.br\/ppgc\/wp-json\/wp\/v2\/pages\/508\/revisions"}],"predecessor-version":[{"id":2956,"href":"https:\/\/www.inf.ufrgs.br\/ppgc\/wp-json\/wp\/v2\/pages\/508\/revisions\/2956"}],"up":[{"embeddable":true,"href":"https:\/\/www.inf.ufrgs.br\/ppgc\/wp-json\/wp\/v2\/pages\/415"}],"wp:attachment":[{"href":"https:\/\/www.inf.ufrgs.br\/ppgc\/wp-json\/wp\/v2\/media?parent=508"}],"curies":[{"name":"wp","href":"https:\/\/api.w.org\/{rel}","templated":true}]}}