{"id":511,"date":"2015-12-28T09:50:33","date_gmt":"2015-12-28T11:50:33","guid":{"rendered":"http:\/\/www.inf.ufrgs.br\/ppgc_wp\/?page_id=511"},"modified":"2026-02-24T14:51:11","modified_gmt":"2026-02-24T17:51:11","slug":"grade-horaria","status":"publish","type":"page","link":"https:\/\/www.inf.ufrgs.br\/ppgc\/disciplinas\/grade-horaria\/","title":{"rendered":"Grade Hor\u00e1ria"},"content":{"rendered":"<p>Clique <a href=\"http:\/\/www.inf.ufrgs.br\/ppgc\/wp-content\/uploads\/2026\/01\/Alocacao-2026-1.pdf\">aqui <\/a>para visualizar a Grade Hor\u00e1ria do semestre 2026\/1 em formato PDF<\/p>\n<div style=\"width: 100%; overflow-x: auto;\">\n<table class=\"tabela table-alternating-colors table-border-1px-gray align-left-first-column\" style=\"width: 670px;\">\n<thead>\n<tr>\n<th style=\"width: 208px;\">Disciplina<\/th>\n<th style=\"width: 55.4219px;\">Turma<\/th>\n<th style=\"width: 43.5781px;\">Cr\u00e9d.<\/th>\n<th style=\"width: 81px;\">Hor\u00e1rios<\/th>\n<td style=\"width: 109px;\"><strong>Sala<\/strong><\/td>\n<th style=\"width: 129px;\">Professor(es)<\/th>\n<\/tr>\n<\/thead>\n<tbody>\n<tr>\n<td style=\"width: 208px;\">CMP625 &#8211; Algorithms<\/td>\n<td style=\"width: 55.4219px;\">U<\/td>\n<td style=\"width: 43.5781px;\">4<\/td>\n<td style=\"width: 81px;\">3\u00aaf | 10:30 &#8211; 12:10<br \/>\n5\u00aaf | 10:30 &#8211; 12:10<\/td>\n<td style=\"width: 109px; text-align: center;\">109\/43413<\/td>\n<td style=\"width: 129px;\">Nicolas Bruno Maillard<\/td>\n<\/tr>\n<tr>\n<td style=\"width: 208px;\">CMP198 &#8211; Algoritmos para a Bioinform\u00e1tica e Biologia Computacional<\/td>\n<td style=\"width: 55.4219px;\">U<\/td>\n<td style=\"width: 43.5781px;\">4<\/td>\n<td style=\"width: 81px;\">3\u00aaf | 13:30 &#8211; 15:10<br \/>\n5\u00aaf | 13:30 &#8211; 15:10<\/td>\n<td style=\"width: 109px; text-align: center;\">109\/43413<\/td>\n<td style=\"width: 129px;\">Marcio Dorn<\/td>\n<\/tr>\n<tr>\n<td style=\"width: 208px;\">CMP627 &#8211; Aprendizado Profundo<\/td>\n<td style=\"width: 55.4219px;\">U<\/td>\n<td style=\"width: 43.5781px;\">4<\/td>\n<td style=\"width: 81px;\">2\u00aaf | 08:30 &#8211; 10:10<br \/>\n4\u00aaf | 08:30 &#8211; 10:10<\/td>\n<td style=\"width: 109px; text-align: center;\">107\/43413 (2\u00aa) \/ 103\/43413 (4\u00aa)<\/td>\n<td style=\"width: 129px;\">Anderson Rocha Tavares<\/td>\n<\/tr>\n<tr>\n<td style=\"width: 208px;\">CMP263 &#8211; Aprendizagem de M\u00e1quina<\/td>\n<td style=\"width: 55.4219px;\">U<\/td>\n<td style=\"width: 43.5781px;\">4<\/td>\n<td style=\"width: 81px;\">3\u00aaf | 13:30 &#8211; 16:50<\/td>\n<td style=\"width: 109px; text-align: center;\">101\/43425<\/td>\n<td style=\"width: 129px;\">Mariana Recamonde Mendoza<\/td>\n<\/tr>\n<tr>\n<td style=\"width: 208px;\">CMP199 &#8211; Arquitetura e Organiza\u00e7\u00e3o de Processadores Modernos<\/td>\n<td style=\"width: 55.4219px;\">U<\/td>\n<td style=\"width: 43.5781px;\">4<\/td>\n<td style=\"width: 81px;\">2\u00aaf | 10:30 &#8211; 12:10<\/p>\n<p>4\u00aaf | 10:30 &#8211; 12:10<\/td>\n<td style=\"width: 109px; text-align: center;\">109\/43413<\/td>\n<td style=\"width: 129px;\">Luigi Carro<\/td>\n<\/tr>\n<tr>\n<td style=\"width: 208px;\">CMP143 &#8211; Computa\u00e7\u00e3o Gr\u00e1fica<\/td>\n<td style=\"width: 55.4219px;\">U<\/td>\n<td style=\"width: 43.5781px;\">4<\/td>\n<td style=\"width: 81px;\">3\u00aaf | 15:30 &#8211; 17:10<br \/>\n5\u00aaf | 15:30 &#8211; 17:10<\/td>\n<td style=\"width: 109px; text-align: center;\">113\/43425<\/td>\n<td style=\"width: 129px;\">Manuel Menezes de Oliveira Neto<\/td>\n<\/tr>\n<tr>\n<td style=\"width: 208px;\">CMP223 &#8211; Computer System Performance Analysis<\/td>\n<td style=\"width: 55.4219px;\">U<\/td>\n<td style=\"width: 43.5781px;\">4<\/td>\n<td style=\"width: 81px;\">2\u00aaf | 08:30 &#8211; 10:10<br \/>\n4\u00aaf | 08:30 &#8211; 10:10<\/td>\n<td style=\"width: 109px; text-align: center;\">106\/43413<\/td>\n<td style=\"width: 129px;\">Lucas Mello Schnorr<\/td>\n<\/tr>\n<tr>\n<td style=\"width: 208px;\">CMP230 &#8211; Computer Systems Security<\/td>\n<td style=\"width: 55.4219px;\">U<\/td>\n<td style=\"width: 43.5781px;\">4<\/td>\n<td style=\"width: 81px;\">2\u00aaf | 13:30 &#8211; 15:10<br \/>\n4\u00aaf | 13:30 &#8211; 15:10<\/td>\n<td style=\"width: 109px; text-align: center;\">109\/43425<\/td>\n<td style=\"width: 129px;\">J\u00e9ferson Campos Nobre<\/td>\n<\/tr>\n<tr>\n<td style=\"width: 208px;\">CMP196 &#8211; Engenharia de Ontologias<\/td>\n<td style=\"width: 55.4219px;\">U<\/td>\n<td style=\"width: 43.5781px;\">4<\/td>\n<td style=\"width: 81px;\">3\u00aaf | 10:30 &#8211; 12:10<br \/>\n5\u00aaf | 10:30 &#8211; 12:10<\/td>\n<td style=\"width: 109px; text-align: center;\">106\/43413<\/td>\n<td style=\"width: 129px;\">Mara Abel<\/td>\n<\/tr>\n<tr>\n<td style=\"width: 208px;\">CMP628 &#8211; Intelig\u00eancia Artificial Avan\u00e7ada<\/td>\n<td style=\"width: 55.4219px;\">U<\/td>\n<td style=\"width: 43.5781px;\">4<\/td>\n<td style=\"width: 81px;\">3\u00aaf | 13:30 &#8211; 15:10<br \/>\n5\u00aaf | 13:30 &#8211; 15:10<\/td>\n<td style=\"width: 109px; text-align: center;\">107\/43413<\/td>\n<td style=\"width: 129px;\">Andr\u00e9 Grahl Pereira<\/td>\n<\/tr>\n<tr>\n<td style=\"width: 208px;\">CMP165 &#8211; Introdu\u00e7\u00e3o ao Processamento de<br \/>\nImagens<\/td>\n<td style=\"width: 55.4219px;\">U<\/td>\n<td style=\"width: 43.5781px;\">4<\/td>\n<td style=\"width: 81px;\">3\u00aaf | 15:30 &#8211; 17:10<br \/>\n5\u00aaf | 15:30 &#8211; 17:10<\/td>\n<td style=\"width: 109px; text-align: center;\">104\/43425<\/td>\n<td style=\"width: 129px;\">Jacob Scharcanski<\/td>\n<\/tr>\n<tr>\n<td style=\"width: 208px;\">CMP270 &#8211; Introduction to High Performance<br \/>\nComputing<\/td>\n<td style=\"width: 55.4219px;\">U<\/td>\n<td style=\"width: 43.5781px;\">4<\/td>\n<td style=\"width: 81px;\">3\u00aaf | 10:30 &#8211; 12:10<br \/>\n5\u00aaf | 15:30 &#8211; 17:10<\/td>\n<td style=\"width: 109px; text-align: center;\">107\/43413<\/td>\n<td style=\"width: 129px;\">Lucas Mello Schnorr<br \/>\nPhilippe Olivier Alexandre<\/td>\n<\/tr>\n<tr>\n<td style=\"width: 208px;\">CMP626 &#8211; Theory of Computation<\/td>\n<td style=\"width: 55.4219px;\">U<\/td>\n<td style=\"width: 43.5781px;\">4<\/td>\n<td style=\"width: 81px;\">3\u00aaf | 08:30 &#8211; 10:10<br \/>\n5\u00aaf | 08:30 &#8211; 10:10<\/td>\n<td style=\"width: 109px; text-align: center;\">109\/43413<\/td>\n<td style=\"width: 129px;\">Bruno Iochins Grisci<\/td>\n<\/tr>\n<tr>\n<td style=\"width: 208px;\">CMP617 &#8211; T\u00f3picos especiais em computa\u00e7\u00e3o DCXVII &#8211; Processamento de Linguagem Natural e Recupera\u00e7\u00e3o de Informa\u00e7\u00f5es<\/td>\n<td style=\"width: 55.4219px;\">U<\/td>\n<td style=\"width: 43.5781px;\">4<\/td>\n<td style=\"width: 81px;\">4\u00aaf | 13:30 &#8211; 16:50<\/td>\n<td style=\"width: 109px; text-align: center;\">109\/43413<\/td>\n<td style=\"width: 129px;\">Dennis Giovani Balreira<\/td>\n<\/tr>\n<tr>\n<td style=\"width: 208px;\">CMP620 &#8211; T\u00f3picos especiais em computa\u00e7\u00e3o DCXX &#8211; Introdu\u00e7\u00e3o a Deep Learning para Computa\u00e7\u00e3o Visual<\/td>\n<td style=\"width: 55.4219px;\">U<\/td>\n<td style=\"width: 43.5781px;\">4<\/td>\n<td style=\"width: 81px;\">2\u00aaf | 08:30 &#8211; 10:10<br \/>\n4\u00aaf | 08:30 &#8211; 10:10<\/td>\n<td style=\"width: 109px; text-align: center;\">109\/43413<\/td>\n<td style=\"width: 129px;\">Claudio Rosito Jung<\/td>\n<\/tr>\n<tr>\n<td style=\"width: 208px;\">CMP630 &#8211; T\u00f3picos Especiais em Computa\u00e7\u00e3o DCXXX: Desenvolvimento Colaborativo de<br \/>\nSoftware<\/td>\n<td style=\"width: 55.4219px;\">U<\/td>\n<td style=\"width: 43.5781px;\">4<\/td>\n<td style=\"width: 81px;\">4\u00aaf | 13:30 &#8211; 16:50<\/td>\n<td style=\"width: 109px; text-align: center;\">107\/43413<\/td>\n<td style=\"width: 129px;\">Leticia dos Santos Machado<\/td>\n<\/tr>\n<tr>\n<td style=\"width: 208px;\">CMP632 &#8211; T\u00f3picos Especiais em Computa\u00e7\u00e3o DCXXXII: Software de Alto Desempenho<\/td>\n<td style=\"width: 55.4219px;\">U<\/td>\n<td style=\"width: 43.5781px;\">4<\/td>\n<td style=\"width: 81px;\">3\u00aaf | 13:30 &#8211; 15:10<br \/>\n5\u00aaf | 13:30 &#8211; 15:10<\/td>\n<td style=\"width: 109px; text-align: center;\">104\/43425<\/td>\n<td style=\"width: 129px;\">Arthur Francisco Lorenzon<\/td>\n<\/tr>\n<tr>\n<td style=\"width: 208px;\">CMP570 &#8211; T\u00f3picos Especiais em Computa\u00e7\u00e3o<br \/>\nDLXX: Computational Photography<\/td>\n<td style=\"width: 55.4219px;\">U<\/td>\n<td style=\"width: 43.5781px;\">4<\/td>\n<td style=\"width: 81px;\">3\u00aaf | 13:30 &#8211; 15:10<br \/>\n5\u00aaf | 13:30 &#8211; 15:10<\/td>\n<td style=\"width: 109px; text-align: center;\">113\/43425<\/td>\n<td style=\"width: 129px;\">Manuel Menezes de Oliveira Neto<\/td>\n<\/tr>\n<tr>\n<td style=\"width: 208px;\">CMP545 &#8211; T\u00f3picos Especiais em Computa\u00e7\u00e3o DXLV: Introdu\u00e7\u00e3o \u00e0 Rob\u00f3tica M\u00f3vel<\/td>\n<td style=\"width: 55.4219px;\">U<\/td>\n<td style=\"width: 43.5781px;\">4<\/td>\n<td style=\"width: 81px;\">2\u00aaf | 15:30 &#8211; 17:10<br \/>\n4\u00aaf | 15:30 &#8211; 17:10<\/td>\n<td style=\"width: 109px; text-align: center;\">114\/43425<\/td>\n<td style=\"width: 129px;\">Renan de Queiroz Maffei<\/td>\n<\/tr>\n<tr>\n<td style=\"width: 208px;\">CMP264 &#8211; Visualiza\u00e7\u00e3o de Informa\u00e7\u00f5es<\/td>\n<td style=\"width: 55.4219px;\">U<\/td>\n<td style=\"width: 43.5781px;\">4<\/td>\n<td style=\"width: 81px;\">4\u00aaf | 13:30 &#8211; 16:50<\/td>\n<td style=\"width: 109px; text-align: center;\">108\/43413<\/td>\n<td style=\"width: 129px;\">Carla Maria Dal Sasso Freitas<\/td>\n<\/tr>\n<\/tbody>\n<\/table>\n<\/div>\n<style>td:nth-child(4){white-space:nowrap;} td:nth-child(2), td:nth-child(3){ text-align: center !important;}<\/style>\n","protected":false},"excerpt":{"rendered":"<p>Clique aqui para visualizar a Grade Hor\u00e1ria do semestre 2026\/1 em formato PDF Disciplina Turma Cr\u00e9d. Hor\u00e1rios Sala Professor(es) CMP625 &#8211; Algorithms U 4 3\u00aaf | 10:30 &#8211; 12:10 5\u00aaf | 10:30 &#8211; 12:10 109\/43413 Nicolas Bruno Maillard CMP198 &#8211; Algoritmos para a Bioinform\u00e1tica e Biologia Computacional U 4 3\u00aaf | 13:30 &#8211; 15:10 5\u00aaf [&hellip;]<\/p>\n","protected":false},"author":1,"featured_media":0,"parent":415,"menu_order":0,"comment_status":"closed","ping_status":"closed","template":"","meta":[],"_links":{"self":[{"href":"https:\/\/www.inf.ufrgs.br\/ppgc\/wp-json\/wp\/v2\/pages\/511"}],"collection":[{"href":"https:\/\/www.inf.ufrgs.br\/ppgc\/wp-json\/wp\/v2\/pages"}],"about":[{"href":"https:\/\/www.inf.ufrgs.br\/ppgc\/wp-json\/wp\/v2\/types\/page"}],"author":[{"embeddable":true,"href":"https:\/\/www.inf.ufrgs.br\/ppgc\/wp-json\/wp\/v2\/users\/1"}],"replies":[{"embeddable":true,"href":"https:\/\/www.inf.ufrgs.br\/ppgc\/wp-json\/wp\/v2\/comments?post=511"}],"version-history":[{"count":161,"href":"https:\/\/www.inf.ufrgs.br\/ppgc\/wp-json\/wp\/v2\/pages\/511\/revisions"}],"predecessor-version":[{"id":7744,"href":"https:\/\/www.inf.ufrgs.br\/ppgc\/wp-json\/wp\/v2\/pages\/511\/revisions\/7744"}],"up":[{"embeddable":true,"href":"https:\/\/www.inf.ufrgs.br\/ppgc\/wp-json\/wp\/v2\/pages\/415"}],"wp:attachment":[{"href":"https:\/\/www.inf.ufrgs.br\/ppgc\/wp-json\/wp\/v2\/media?parent=511"}],"curies":[{"name":"wp","href":"https:\/\/api.w.org\/{rel}","templated":true}]}}