{"id":555,"date":"2015-12-29T08:06:45","date_gmt":"2015-12-29T10:06:45","guid":{"rendered":"http:\/\/www.inf.ufrgs.br\/ppgc_wp\/?page_id=555"},"modified":"2016-03-15T12:41:21","modified_gmt":"2016-03-15T15:41:21","slug":"cooperacao-internacional","status":"publish","type":"page","link":"https:\/\/www.inf.ufrgs.br\/ppgc\/cooperacao-internacional\/","title":{"rendered":"Coopera\u00e7\u00e3o Internacional"},"content":{"rendered":"<p>O PPGC tem investido fortemente na forma\u00e7\u00e3o de mestres e doutores em colabora\u00e7\u00e3o com institui\u00e7\u00f5es reconhecidas no exterior, incentivando e viabilizando a realiza\u00e7\u00e3o de est\u00e1gios no exterior durante o doutoramento, bem como o doutoramento em co-tutela. Neste caso, ao final do curso, o aluno recebe o t\u00edtulo de doutor pela UFRGS e tamb\u00e9m pela institui\u00e7\u00e3o estrangeira.<\/p>\n<p>Da mesma forma, tamb\u00e9m tem recebido estudantes estrangeiros para realiza\u00e7\u00e3o de mestrado e doutorado sanduiche, o que contribui para um ambiente de pesquisa frut\u00edfero, onde a conviv\u00eancia di\u00e1ria com pessoas de diferentes culturas acontece com naturalidade. Desta forma, mesmo \u00e0queles estudantes que n\u00e3o desejam realizar parte de seus estudos no exterior, tem a oportunidade de desenvolver seus estudos em um ambiente de pesquisa internacional.<\/p>\n<h3><strong><br \/>\nIntera\u00e7\u00e3o com empresas<\/strong><\/h3>\n<p>O PPGC est\u00e1 intensificando seus esfor\u00e7os no sentido de desenvolver o esp\u00edrito de empreendedorismo em seus mestrandos e doutorandos, capacitando-os para atuar na ind\u00fastria.<\/p>\n<p>O Instituto de Inform\u00e1tica mant\u00e9m conv\u00eanios e projetos de transfer\u00eancia tecnol\u00f3gica com diversas empresas, beneficiando diretamente o PPGC pela obten\u00e7\u00e3o de recursos para laborat\u00f3rios, bolsas e biblioteca.<\/p>\n","protected":false},"excerpt":{"rendered":"<p>O PPGC tem investido fortemente na forma\u00e7\u00e3o de mestres e doutores em colabora\u00e7\u00e3o com institui\u00e7\u00f5es reconhecidas no exterior, incentivando e viabilizando a realiza\u00e7\u00e3o de est\u00e1gios no exterior durante o doutoramento, bem como o doutoramento em co-tutela. Neste caso, ao final do curso, o aluno recebe o t\u00edtulo de doutor pela UFRGS e tamb\u00e9m pela institui\u00e7\u00e3o [&hellip;]<\/p>\n","protected":false},"author":1,"featured_media":0,"parent":0,"menu_order":0,"comment_status":"closed","ping_status":"closed","template":"","meta":[],"_links":{"self":[{"href":"https:\/\/www.inf.ufrgs.br\/ppgc\/wp-json\/wp\/v2\/pages\/555"}],"collection":[{"href":"https:\/\/www.inf.ufrgs.br\/ppgc\/wp-json\/wp\/v2\/pages"}],"about":[{"href":"https:\/\/www.inf.ufrgs.br\/ppgc\/wp-json\/wp\/v2\/types\/page"}],"author":[{"embeddable":true,"href":"https:\/\/www.inf.ufrgs.br\/ppgc\/wp-json\/wp\/v2\/users\/1"}],"replies":[{"embeddable":true,"href":"https:\/\/www.inf.ufrgs.br\/ppgc\/wp-json\/wp\/v2\/comments?post=555"}],"version-history":[{"count":1,"href":"https:\/\/www.inf.ufrgs.br\/ppgc\/wp-json\/wp\/v2\/pages\/555\/revisions"}],"predecessor-version":[{"id":556,"href":"https:\/\/www.inf.ufrgs.br\/ppgc\/wp-json\/wp\/v2\/pages\/555\/revisions\/556"}],"wp:attachment":[{"href":"https:\/\/www.inf.ufrgs.br\/ppgc\/wp-json\/wp\/v2\/media?parent=555"}],"curies":[{"name":"wp","href":"https:\/\/api.w.org\/{rel}","templated":true}]}}