{"id":5811,"date":"2023-02-28T15:34:38","date_gmt":"2023-02-28T18:34:38","guid":{"rendered":"https:\/\/www.inf.ufrgs.br\/ppgc\/?page_id=5811"},"modified":"2026-03-12T13:35:22","modified_gmt":"2026-03-12T16:35:22","slug":"resultados-doutorado","status":"publish","type":"page","link":"https:\/\/www.inf.ufrgs.br\/ppgc\/doutorado\/resultados-doutorado\/","title":{"rendered":"Processos Seletivos"},"content":{"rendered":"<h3>EDITAL PPGC 007\/2025<\/h3>\n<ul>\n<li>Carlos Eduardo Ant\u00f4nio Ferreira &#8211; Selecionado<\/li>\n<li>Khalid usman &#8211; Selecionado<\/li>\n<li>Thiago da Silva Ara\u00fajo &#8211; Selecionado<\/li>\n<li>Marcelo Koji Moori &#8211; Selecionado<\/li>\n<li>Amir Eqtedaei &#8211; Selecionado<\/li>\n<li>Caio Cesar Moura Barroso &#8211; N\u00e3o Selecionado<\/li>\n<li>Francisco Jairan Dionizio Pedro &#8211; Resubmeter Inscri\u00e7\u00e3o<\/li>\n<\/ul>\n<h3><strong>EDITAL PPGC 002\/2025<\/strong><\/h3>\n<ul>\n<li>Gustavo Ribeiro Kremer &#8211; Selecionado<\/li>\n<li>Jesus Daniel Yepez Rojas &#8211; Selecionado<\/li>\n<li>Jos\u00e9 Henrique Lima Marques &#8211; Selecionado<\/li>\n<li>Josef Augusto Oberdan Souza Silva &#8211; Resubmeter Inscri\u00e7\u00e3o<\/li>\n<li>Juliano Antonio da Silva &#8211; Selecionado<\/li>\n<li>Lucas dos Santos Azevedo &#8211; Selecionado<\/li>\n<li>Marcelo Pizzutti &#8211; Selecionado<\/li>\n<li>Matheus de Moraes Costa &#8211; Selecionado<\/li>\n<li>Tauana Ohland dos Santos &#8211; Selecionado<\/li>\n<li>Vicente Nejar de Almeida &#8211; Selecionado<\/li>\n<li>Adegoke Olasupo Modupe &#8211; N\u00e3o Selecionado<\/li>\n<li>Marco Ant\u00f4nio Athayde de Aguiar Vieira &#8211; Selecionado<\/li>\n<li>Neemias Rodrigues de Vargss &#8211; N\u00e3o Selecionado<\/li>\n<li>Haroldo Rojas de Souza Silva &#8211; Selecionado<\/li>\n<li>Rafael Oleques Nunes &#8211; Selecionado<\/li>\n<li>Alexandre de Quadro Tacques Filho &#8211; Selecionado<\/li>\n<li>Tauana Ohland dos Santos &#8211; Resubmeter Inscri\u00e7\u00e3o<\/li>\n<li>Izaque Dione Nunes &#8211; Selecionado<\/li>\n<li>Taciano Ares Rodolfo &#8211; Resubmeter Inscri\u00e7\u00e3o<\/li>\n<\/ul>\n<h3><strong>EDITAL PPGC 004\/2024<\/strong><\/h3>\n<ul>\n<li>Eduardo Chaves Paim \u2013 Selecionado<\/li>\n<li>Felipe Soares Fagundes Paula &#8211; Selecionado<\/li>\n<li>Jo\u00e3o Luiz Grave Gross \u2013 Selecionado<\/li>\n<li>J\u00falia da Rocha Junqueira &#8211; Selecionada<\/li>\n<li>Renan Soares de Andrades &#8211; Selecionado<\/li>\n<li>Tiago Rios da Rocha &#8211; Selecionado<\/li>\n<li>Laura Rodrigues Soares &#8211; Selecionada<\/li>\n<li>Let\u00edcia dos Santos &#8211; Selecionada<\/li>\n<li>Adegoke Olasupo Modupe &#8211; N\u00e3o selecionado<\/li>\n<li>Lucas dos Santos Azevedo &#8211; Ressubmeter inscri\u00e7\u00e3o<\/li>\n<\/ul>\n<h3><strong>EDITAL PPGC 006\/2023<\/strong><\/h3>\n<ul>\n<li>Gabriel de Senne Amorim &#8211; Selecionado<\/li>\n<li>Wesley Ferreira de Ferreira &#8211; Selecionado<\/li>\n<li>William Niemiec &#8211; Selecionado<\/li>\n<li>Lenin Gonzalo Falconi Estrada &#8211; N\u00e3o selecionado<\/li>\n<li>Rudinei Domingues da Cruz &#8211; Ressubmeter inscri\u00e7\u00e3o<\/li>\n<\/ul>\n<h3><strong>EDITAL PPGC 002\/2023<\/strong><\/h3>\n<ul>\n<li>Bianca Matos de Barros &#8211; Selecionada<\/li>\n<li>Bruno Gomes Tavares dos Santos &#8211; Selecionado<\/li>\n<li>Catarina Ver\u00f4nica Rosenau Nogueira &#8211; Selecionada<\/li>\n<li>Daniel Bussolotto &#8211; Ressubmeter<\/li>\n<li>Diogo Raphael Cravo &#8211; Ressubmeter inscri\u00e7\u00e3o<\/li>\n<li>Felipe Morgado Petry &#8211; Selecionado<\/li>\n<li>Giani Augusto Braga &#8211; Selecionado<\/li>\n<li>Guilherme Rego Rockembach &#8211; Selecionado<\/li>\n<li>Kayu\u00e3 Oleques Paim &#8211; Selecionado<\/li>\n<li>Lana Bertoldo Rossato &#8211; Selecionada<\/li>\n<li>Leonardo da Luz Dorneles &#8211; Selecionado<\/li>\n<li>Marcela Cristina da Rocha &#8211; Desist\u00eancia<\/li>\n<li>Matheus Dias Negr\u00e3o &#8211; Selecionado<\/li>\n<li>Matheus Lorenzato Braga &#8211; N\u00e3o selecionado<\/li>\n<\/ul>\n<h3><strong>EDITAL PPGC 003\/2022<\/strong><\/h3>\n<ul>\n<li>Alexandre da Silveira Ilha &#8211; Selecionado<\/li>\n<li>Cristiano Alex K\u00fcnas &#8211; Selecionado<\/li>\n<li>Everton Camargo de Lima &#8211; Ressubmeter inscri\u00e7\u00e3o<\/li>\n<li>Leonardo Reinehr Gobatto &#8211; Selecionado<\/li>\n<li>Matheus Vin\u00edcius Todescato &#8211; Selecionado<\/li>\n<li>Nicolau Oyhenard dos Santos &#8211; Selecionado<\/li>\n<\/ul>\n","protected":false},"excerpt":{"rendered":"<p>EDITAL PPGC 007\/2025 Carlos Eduardo Ant\u00f4nio Ferreira &#8211; Selecionado Khalid usman &#8211; Selecionado Thiago da Silva Ara\u00fajo &#8211; Selecionado Marcelo Koji Moori &#8211; Selecionado Amir Eqtedaei &#8211; Selecionado Caio Cesar Moura Barroso &#8211; N\u00e3o Selecionado Francisco Jairan Dionizio Pedro &#8211; Resubmeter Inscri\u00e7\u00e3o EDITAL PPGC 002\/2025 Gustavo Ribeiro Kremer &#8211; Selecionado Jesus Daniel Yepez Rojas &#8211; [&hellip;]<\/p>\n","protected":false},"author":11,"featured_media":0,"parent":389,"menu_order":0,"comment_status":"closed","ping_status":"closed","template":"","meta":[],"_links":{"self":[{"href":"https:\/\/www.inf.ufrgs.br\/ppgc\/wp-json\/wp\/v2\/pages\/5811"}],"collection":[{"href":"https:\/\/www.inf.ufrgs.br\/ppgc\/wp-json\/wp\/v2\/pages"}],"about":[{"href":"https:\/\/www.inf.ufrgs.br\/ppgc\/wp-json\/wp\/v2\/types\/page"}],"author":[{"embeddable":true,"href":"https:\/\/www.inf.ufrgs.br\/ppgc\/wp-json\/wp\/v2\/users\/11"}],"replies":[{"embeddable":true,"href":"https:\/\/www.inf.ufrgs.br\/ppgc\/wp-json\/wp\/v2\/comments?post=5811"}],"version-history":[{"count":30,"href":"https:\/\/www.inf.ufrgs.br\/ppgc\/wp-json\/wp\/v2\/pages\/5811\/revisions"}],"predecessor-version":[{"id":7059,"href":"https:\/\/www.inf.ufrgs.br\/ppgc\/wp-json\/wp\/v2\/pages\/5811\/revisions\/7059"}],"up":[{"embeddable":true,"href":"https:\/\/www.inf.ufrgs.br\/ppgc\/wp-json\/wp\/v2\/pages\/389"}],"wp:attachment":[{"href":"https:\/\/www.inf.ufrgs.br\/ppgc\/wp-json\/wp\/v2\/media?parent=5811"}],"curies":[{"name":"wp","href":"https:\/\/api.w.org\/{rel}","templated":true}]}}