{"id":5971,"date":"2023-07-27T12:23:34","date_gmt":"2023-07-27T15:23:34","guid":{"rendered":"https:\/\/www.inf.ufrgs.br\/ppgc\/?page_id=5971"},"modified":"2023-12-21T17:53:20","modified_gmt":"2023-12-21T20:53:20","slug":"escola50anos","status":"publish","type":"page","link":"https:\/\/www.inf.ufrgs.br\/ppgc\/escola50anos\/","title":{"rendered":"Escola de Computa\u00e7\u00e3o &mdash; PPGC\/UFRGS 50 Anos"},"content":{"rendered":"<h2>Livro Publicado na Biblioteca Digital da SBC<\/h2>\n<p>\u00c9 com enorme satisfa\u00e7\u00e3o que anunciamos que o Livro &#8220;Escola de Computa\u00e7\u00e3o PPGC\/UFRGS 50 Anos: Transformando Desafios em Oportunidades Para o Futuro&#8221; foi publicado na Biblioteca Digital da SBC.<\/p>\n<p><a href=\"https:\/\/doi.org\/10.5753\/sbc.13058.5\">https:\/\/doi.org\/10.5753\/sbc.13058.5<\/a><\/p>\n<p>O livro re\u00fane oito cap\u00edtulos que acompanham apresenta\u00e7\u00f5es sobre t\u00f3picos de vanguarda em diversas \u00e1reas de pesquisa no PPGC, realizadas durante o evento &#8220;Escola de Computa\u00e7\u00e3o \u2013 PPGC\/UFRGS 50 Anos\u201d na uMov.me Arena em Porto Alegre, nos dias 05 e 06 de outubro.<\/p>\n<h2>\u00c1lbum de Fotos<\/h2>\n<p><center>\n\t\t<style type=\"text\/css\">\n\t\t\t#gallery-1 {\n\t\t\t\tmargin: auto;\n\t\t\t}\n\t\t\t#gallery-1 .gallery-item {\n\t\t\t\tfloat: left;\n\t\t\t\tmargin-top: 10px;\n\t\t\t\ttext-align: center;\n\t\t\t\twidth: 33%;\n\t\t\t}\n\t\t\t#gallery-1 img {\n\t\t\t\tborder: 2px solid #cfcfcf;\n\t\t\t}\n\t\t\t#gallery-1 .gallery-caption {\n\t\t\t\tmargin-left: 0;\n\t\t\t}\n\t\t\t\/* see gallery_shortcode() in wp-includes\/media.php *\/\n\t\t<\/style>\n\t\t<div id='gallery-1' class='gallery galleryid-5971 gallery-columns-3 gallery-size-thumbnail'><dl class='gallery-item'>\n\t\t\t<dt class='gallery-icon landscape'>\n\t\t\t\t<img width=\"150\" height=\"150\" src=\"https:\/\/www.inf.ufrgs.br\/ppgc\/wp-content\/uploads\/2023\/10\/20231006_173739-150x150.jpg\" class=\"attachment-thumbnail size-thumbnail\" alt=\"\" loading=\"lazy\" \/>\n\t\t\t<\/dt><\/dl><dl class='gallery-item'>\n\t\t\t<dt class='gallery-icon portrait'>\n\t\t\t\t<img width=\"150\" height=\"150\" src=\"https:\/\/www.inf.ufrgs.br\/ppgc\/wp-content\/uploads\/2023\/10\/20231005_082510-150x150.jpg\" class=\"attachment-thumbnail size-thumbnail\" alt=\"\" loading=\"lazy\" \/>\n\t\t\t<\/dt><\/dl><dl class='gallery-item'>\n\t\t\t<dt class='gallery-icon landscape'>\n\t\t\t\t<img width=\"150\" height=\"150\" src=\"https:\/\/www.inf.ufrgs.br\/ppgc\/wp-content\/uploads\/2023\/10\/IMG_2385-150x150.jpeg\" class=\"attachment-thumbnail size-thumbnail\" alt=\"\" loading=\"lazy\" \/>\n\t\t\t<\/dt><\/dl><br style=\"clear: both\" \/><dl class='gallery-item'>\n\t\t\t<dt class='gallery-icon landscape'>\n\t\t\t\t<img width=\"150\" height=\"150\" src=\"https:\/\/www.inf.ufrgs.br\/ppgc\/wp-content\/uploads\/2023\/10\/IMG_2383-150x150.jpeg\" class=\"attachment-thumbnail size-thumbnail\" alt=\"\" loading=\"lazy\" \/>\n\t\t\t<\/dt><\/dl><dl class='gallery-item'>\n\t\t\t<dt class='gallery-icon landscape'>\n\t\t\t\t<img width=\"150\" height=\"150\" src=\"https:\/\/www.inf.ufrgs.br\/ppgc\/wp-content\/uploads\/2023\/10\/IMG_2381-150x150.jpeg\" class=\"attachment-thumbnail size-thumbnail\" alt=\"\" loading=\"lazy\" \/>\n\t\t\t<\/dt><\/dl><dl class='gallery-item'>\n\t\t\t<dt class='gallery-icon landscape'>\n\t\t\t\t<img width=\"150\" height=\"150\" src=\"https:\/\/www.inf.ufrgs.br\/ppgc\/wp-content\/uploads\/2023\/10\/20231005_083850-150x150.jpg\" class=\"attachment-thumbnail size-thumbnail\" alt=\"\" loading=\"lazy\" \/>\n\t\t\t<\/dt><\/dl><br style=\"clear: both\" \/>\n\t\t<\/div>\n<\/p>\n<p>&nbsp;<\/p>\n<p><\/center>&nbsp;<\/p>\n<h2>Chamada para Participa\u00e7\u00e3o<\/h2>\n<h2><img loading=\"lazy\" class=\"size-medium wp-image-5993 alignright\" src=\"http:\/\/www.inf.ufrgs.br\/ppgc\/wp-content\/uploads\/2023\/10\/card-prof-weverton-sem-escola-com-titulo-300x218.jpg\" alt=\"\" width=\"300\" height=\"218\" \/><\/h2>\n<p>A evolu\u00e7\u00e3o da computa\u00e7\u00e3o nos \u00faltimos 50 anos passou pelo foco no algoritmo e sua execu\u00e7\u00e3o eficiente, com dados locais, para foco na informa\u00e7\u00e3o global, com m\u00e1quinas capazes de entender o problema e resolv\u00ea-lo autonomamente.<\/p>\n<p>A TV levou 26 anos para chegar a 100 milh\u00f5es de pessoas, enquanto que o computador pessoal, de 1975, levou 16 anos. O acesso \u00e0 web por 100 milh\u00f5es de pessoas levou 7 anos depois de seu lan\u00e7amento em 1991, e o smartphone (de 2007) levou apenas 3 anos para atingir a mesma marca. O Whatsapp levou apenas 3,5 anos, e este tempo, antes medido em anos, agora se mede em meses, pois o ChatGPT levou apenas 2 meses para atingir 100 milh\u00f5es de usu\u00e1rios.<\/p>\n<p>Este mundo em que a velocidade adapta\u00e7\u00e3o a novas tecnologias \u00e9 t\u00e3o alta reflete n\u00e3o somente a evolu\u00e7\u00e3o da Computa\u00e7\u00e3o nos \u00faltimos 50 anos, mas tamb\u00e9m o surgimento de muitas \u00e1reas espec\u00edficas da Computa\u00e7\u00e3o, para que se pudesse estudar mais profundamente cada novo problema. Aliando-se especificidade com necessidade de velocidade, fica evidente que a capacidade de aprender e saber utilizar novos conceitos \u00e9 um diferencial importante na forma\u00e7\u00e3o de profissionais capacitados.<\/p>\n<p>Neste contexto, aproveitando o ensejo dos seus 50 anos, o PPGC vai realizar uma Escola de Computa\u00e7\u00e3o, voltada a alunos de gradua\u00e7\u00e3o, p\u00f3s e sociedade em geral, onde temas do estado-da-arte que reflitam a evolu\u00e7\u00e3o futura ser\u00e3o discutidos.<\/p>\n<h2>Programa\u00e7\u00e3o do Evento<\/h2>\n<p><img loading=\"lazy\" class=\"alignnone wp-image-6135\" src=\"http:\/\/www.inf.ufrgs.br\/ppgc\/wp-content\/uploads\/2023\/10\/programacao-300x148.png\" alt=\"\" width=\"886\" height=\"437\" srcset=\"http:\/\/www.inf.ufrgs.br\/ppgc\/wp-content\/uploads\/2023\/10\/programacao-300x148.png 300w, http:\/\/www.inf.ufrgs.br\/ppgc\/wp-content\/uploads\/2023\/10\/programacao-1024x505.png 1024w, http:\/\/www.inf.ufrgs.br\/ppgc\/wp-content\/uploads\/2023\/10\/programacao-768x379.png 768w, http:\/\/www.inf.ufrgs.br\/ppgc\/wp-content\/uploads\/2023\/10\/programacao-200x99.png 200w, http:\/\/www.inf.ufrgs.br\/ppgc\/wp-content\/uploads\/2023\/10\/programacao.png 1260w\" sizes=\"(max-width: 886px) 100vw, 886px\" \/><\/p>\n<h2><\/h2>\n<h2>Cursos e Professores (Livro Dispon\u00edvel)<\/h2>\n<ul style=\"list-style: none;\">\n<li><a href=\"https:\/\/doi.org\/10.5753\/sbc.13058.5\"><img loading=\"lazy\" src=\"http:\/\/www.inf.ufrgs.br\/ppgc\/wp-content\/uploads\/2023\/10\/pdf.png\" alt=\"\" width=\"25\" height=\"25\" \/> <b>Cap\u00edtulo 1: Desenvolvendo o C\u00f3digo da Internet do Futuro<\/b><\/a> <i>Alberto Schaeffer Filho, J\u00e9ferson C. Nobre, Juliano Wickboldt, Lisandro Granville, Luciano Gaspary, Weverton Cordeiro<\/i><\/li>\n<\/ul>\n<ul style=\"list-style: none;\">\n<li><a href=\"https:\/\/doi.org\/10.5753\/sbc.13058.5\"><img loading=\"lazy\" src=\"http:\/\/www.inf.ufrgs.br\/ppgc\/wp-content\/uploads\/2023\/10\/pdf.png\" alt=\"\" width=\"25\" height=\"25\" \/> <b>Cap\u00edtulo 2: Processamento de Imagens Omnidirecionais e Aplica\u00e7\u00f5es<\/b><\/a> <i>Cl\u00e1udio R. Jung, Thiago L. T. da Silveira<\/i><\/li>\n<\/ul>\n<ul style=\"list-style: none;\">\n<li><a href=\"https:\/\/doi.org\/10.5753\/sbc.13058.5\"><img loading=\"lazy\" src=\"http:\/\/www.inf.ufrgs.br\/ppgc\/wp-content\/uploads\/2023\/10\/pdf.png\" alt=\"\" width=\"25\" height=\"25\" \/> <b>Cap\u00edtulo 3: Pensamento Computacional Paralelo: Desafios do Presente e do Futuro<\/b><\/a> <i>Arthur Francisco Lorenzon, Lucas Mello Schnorr<\/i><\/li>\n<\/ul>\n<ul style=\"list-style: none;\">\n<li><a href=\"https:\/\/doi.org\/10.5753\/sbc.13058.5\"><img loading=\"lazy\" src=\"http:\/\/www.inf.ufrgs.br\/ppgc\/wp-content\/uploads\/2023\/10\/pdf.png\" alt=\"\" width=\"25\" height=\"25\" \/> <b>Cap\u00edtulo 4: Desafios para a Computa\u00e7\u00e3o Energeticamente Eficiente<\/b><\/a> <i>Luigi Carro, Gabriel Luca Nazar<\/i><\/li>\n<\/ul>\n<ul style=\"list-style: none;\">\n<li><a href=\"https:\/\/doi.org\/10.5753\/sbc.13058.5\"><img loading=\"lazy\" src=\"http:\/\/www.inf.ufrgs.br\/ppgc\/wp-content\/uploads\/2023\/10\/pdf.png\" alt=\"\" width=\"25\" height=\"25\" \/> <b>Cap\u00edtulo 5: Realidade Virtual: Potencialidades de uma Nova Plataforma Interativa<\/b><\/a> <i>Luciana Nedel, Carla Maria Dal Sasso Freitas<\/i><\/li>\n<\/ul>\n<ul style=\"list-style: none;\">\n<li><a href=\"https:\/\/doi.org\/10.5753\/sbc.13058.5\"><img loading=\"lazy\" src=\"http:\/\/www.inf.ufrgs.br\/ppgc\/wp-content\/uploads\/2023\/10\/pdf.png\" alt=\"\" width=\"25\" height=\"25\" \/> <b>Cap\u00edtulo 6: Computa\u00e7\u00e3o Visual e Detec\u00e7\u00e3o Precoce de Doen\u00e7as em Escala Global: Oportunidades e Desafios<\/b><\/a> <i>Manuel Menezes de Oliveira Neto (PPGC), Giovani Andr\u00e9 Meneguel (PPGC), Pantelis Varvaki Rados (PPG Odontologia)<\/i><\/li>\n<\/ul>\n<ul style=\"list-style: none;\">\n<li><a href=\"https:\/\/doi.org\/10.5753\/sbc.13058.5\"><img loading=\"lazy\" src=\"http:\/\/www.inf.ufrgs.br\/ppgc\/wp-content\/uploads\/2023\/10\/pdf.png\" alt=\"\" width=\"25\" height=\"25\" \/> <b>Cap\u00edtulo 7: Seguran\u00e7a Cibern\u00e9tica 2030: Experi\u00eancias, Desafios e Oportunidades<\/b><\/a> <i>Alberto Schaeffer Filho, J\u00e9ferson C. Nobre, Juliano Wickboldt, Lisandro Granville, Luciano Gaspary, Weverton Cordeiro<\/i><\/li>\n<\/ul>\n<ul style=\"list-style: none;\">\n<li><a href=\"https:\/\/doi.org\/10.5753\/sbc.13058.5\"><img loading=\"lazy\" src=\"http:\/\/www.inf.ufrgs.br\/ppgc\/wp-content\/uploads\/2023\/10\/pdf.png\" alt=\"\" width=\"25\" height=\"25\" \/> <b>Cap\u00edtulo 8: A Nova Eletricidade: Aplica\u00e7\u00f5es, Choques e Tend\u00eancias da IA Moderna<\/b><\/a>\u00a0<em>Ana L. C. Bazzan, Anderson R. Tavares, Andr\u00e9 G. Pereira, Cl\u00e1udio R. Jung, Jacob Scharcanski, Joel Carbonera, Luis C. Lamb, Mariana Recamonde-Mendoza, Thiago L. T. da Silveira, Viviane Moreira<\/em><\/li>\n<\/ul>\n<h2>Datas e Formato<\/h2>\n<p>As datas para realiza\u00e7\u00e3o da Escola s\u00e3o 05 e 06 de outubro. A Escola ser\u00e1 realizada na <a href=\"https:\/\/www.umov.me\/arena\/\">uMov.me Arena<\/a> &#8211; <a href=\"https:\/\/goo.gl\/maps\/CmwuHagVwCwmZJBF8\">Rua Prof. Cristiano Fischer, 464 &#8211; Porto Alegre\/RS<\/a>.<\/p>\n<p><center><iframe loading=\"lazy\" style=\"border: 0;\" src=\"https:\/\/www.google.com\/maps\/embed?pb=!1m18!1m12!1m3!1d5174.7686568291065!2d-51.17528714294744!3d-30.04420811496774!2m3!1f0!2f0!3f0!3m2!1i1024!2i768!4f13.1!3m3!1m2!1s0x951977f3b33ec46b%3A0x67a6b8313bb5e57!2sR.%20Prof.%20Cristiano%20Fischer%2C%20464%20-%20Petr%C3%B3polis%2C%20Porto%20Alegre%20-%20RS%2C%2091410-000!5e0!3m2!1spt-BR!2sbr!4v1690900853359!5m2!1spt-BR!2sbr\" width=\"400\" height=\"300\" allowfullscreen=\"allowfullscreen\"><\/iframe><\/center>&nbsp;<\/p>\n<p>A Escola ser\u00e1 composta por 8 slots, dois pela manh\u00e3 e dois \u00e0 tarde, em cada um dos dois dias. Durante coffee breaks teremos espa\u00e7o para posters e mesas para laptops para fomentarmos demonstra\u00e7\u00f5es e discuss\u00f5es.<\/p>\n<h2>Inscri\u00e7\u00f5es<\/h2>\n<p>As inscri\u00e7\u00f5es est\u00e3o abertas no site <a href=\"https:\/\/centraldesistemas.sbc.org.br\/ecos\/ecp50a\">https:\/\/centraldesistemas.sbc.org.br\/ecos\/ecp50a<\/a><\/p>\n<p>Devido a limita\u00e7\u00f5es de espa\u00e7o, as inscri\u00e7\u00f5es ser\u00e3o limitadas a 50 pessoas, e atendidas no modelo first come-first serve. Ser\u00e1 cobrada uma taxa simb\u00f3lica para confirma\u00e7\u00e3o da inscri\u00e7\u00e3o.<\/p>\n<p>Os atendentes receber\u00e3o um livro em formato eletr\u00f4nico com o material dos cursos da escola, edi\u00e7\u00e3o via SBC. Al\u00e9m disto, todos os participantes receber\u00e3o um certificado da SBC de participa\u00e7\u00e3o.<\/p>\n<p>Todos os inscritos, que sejam alunos de gradua\u00e7\u00e3o e que participarem dos dois dias da escola, poder\u00e3o optar por receber 1 cr\u00e9dito no PPGC na modalidade &#8220;aluno especial&#8221;. Este cr\u00e9dito\u00a0 poder\u00e1 ser reaproveitado caso o aluno opte por ingressar posteriormente no curso de mestrado ou de doutorado do Programa.<\/p>\n<table border=\"0\" width=\"100%\">\n<tbody>\n<tr>\n<td style=\"width: 50%;\" align=\"center\" valign=\"top\">\n<h2>Patroc\u00ednio Ouro<\/h2>\n<p><center><a href=\"https:\/\/www.nelogica.com.br\/\"><img loading=\"lazy\" class=\"wp-image-6119 aligncenter\" src=\"http:\/\/www.inf.ufrgs.br\/ppgc\/wp-content\/uploads\/2023\/10\/nelogica-300x107.png\" alt=\"\" width=\"258\" height=\"92\" srcset=\"http:\/\/www.inf.ufrgs.br\/ppgc\/wp-content\/uploads\/2023\/10\/nelogica-300x107.png 300w, http:\/\/www.inf.ufrgs.br\/ppgc\/wp-content\/uploads\/2023\/10\/nelogica-1024x365.png 1024w, http:\/\/www.inf.ufrgs.br\/ppgc\/wp-content\/uploads\/2023\/10\/nelogica-768x274.png 768w, http:\/\/www.inf.ufrgs.br\/ppgc\/wp-content\/uploads\/2023\/10\/nelogica-200x71.png 200w, http:\/\/www.inf.ufrgs.br\/ppgc\/wp-content\/uploads\/2023\/10\/nelogica.png 1345w\" sizes=\"(max-width: 258px) 100vw, 258px\" \/><\/a><\/center><\/td>\n<td style=\"width: 50%;\" align=\"center\" valign=\"top\">\n<h2>Patroc\u00ednio Prata<\/h2>\n<p><a href=\"https:\/\/sdc.com.br\/\"><img loading=\"lazy\" class=\"wp-image-6107 aligncenter\" src=\"http:\/\/www.inf.ufrgs.br\/ppgc\/wp-content\/uploads\/2023\/10\/SDC_oficial-300x113.png\" alt=\"\" width=\"207\" height=\"78\" srcset=\"http:\/\/www.inf.ufrgs.br\/ppgc\/wp-content\/uploads\/2023\/10\/SDC_oficial-300x113.png 300w, http:\/\/www.inf.ufrgs.br\/ppgc\/wp-content\/uploads\/2023\/10\/SDC_oficial-1024x385.png 1024w, http:\/\/www.inf.ufrgs.br\/ppgc\/wp-content\/uploads\/2023\/10\/SDC_oficial-768x289.png 768w, http:\/\/www.inf.ufrgs.br\/ppgc\/wp-content\/uploads\/2023\/10\/SDC_oficial-1536x577.png 1536w, http:\/\/www.inf.ufrgs.br\/ppgc\/wp-content\/uploads\/2023\/10\/SDC_oficial-200x75.png 200w, http:\/\/www.inf.ufrgs.br\/ppgc\/wp-content\/uploads\/2023\/10\/SDC_oficial.png 1772w\" sizes=\"(max-width: 207px) 100vw, 207px\" \/><\/a><\/p>\n<h2><\/h2>\n<\/td>\n<\/tr>\n<tr>\n<td align=\"center\">\n<h2>Apoio<\/h2>\n<p><center><a href=\"https:\/\/www.gov.br\/capes\/pt-br\"><img loading=\"lazy\" class=\"alignnone wp-image-6124\" src=\"http:\/\/www.inf.ufrgs.br\/ppgc\/wp-content\/uploads\/2023\/10\/logo-original-fundo-claro-300x300.jpg\" alt=\"\" width=\"163\" height=\"163\" srcset=\"http:\/\/www.inf.ufrgs.br\/ppgc\/wp-content\/uploads\/2023\/10\/logo-original-fundo-claro-300x300.jpg 300w, http:\/\/www.inf.ufrgs.br\/ppgc\/wp-content\/uploads\/2023\/10\/logo-original-fundo-claro-150x150.jpg 150w, http:\/\/www.inf.ufrgs.br\/ppgc\/wp-content\/uploads\/2023\/10\/logo-original-fundo-claro-768x766.jpg 768w, http:\/\/www.inf.ufrgs.br\/ppgc\/wp-content\/uploads\/2023\/10\/logo-original-fundo-claro-118x118.jpg 118w, http:\/\/www.inf.ufrgs.br\/ppgc\/wp-content\/uploads\/2023\/10\/logo-original-fundo-claro.jpg 850w\" sizes=\"(max-width: 163px) 100vw, 163px\" \/><\/a> \u00a0\u00a0\u00a0\u00a0\u00a0\u00a0\u00a0\u00a0\u00a0 <a href=\"https:\/\/www.sbc.org.br\/\"><img loading=\"lazy\" class=\"alignnone wp-image-6023\" src=\"http:\/\/www.inf.ufrgs.br\/ppgc\/wp-content\/uploads\/2023\/08\/sbc-200x300.jpg\" alt=\"\" width=\"97\" height=\"146\" srcset=\"http:\/\/www.inf.ufrgs.br\/ppgc\/wp-content\/uploads\/2023\/08\/sbc-200x300.jpg 200w, http:\/\/www.inf.ufrgs.br\/ppgc\/wp-content\/uploads\/2023\/08\/sbc-682x1024.jpg 682w, http:\/\/www.inf.ufrgs.br\/ppgc\/wp-content\/uploads\/2023\/08\/sbc-768x1154.jpg 768w, http:\/\/www.inf.ufrgs.br\/ppgc\/wp-content\/uploads\/2023\/08\/sbc-1023x1536.jpg 1023w, http:\/\/www.inf.ufrgs.br\/ppgc\/wp-content\/uploads\/2023\/08\/sbc-79x118.jpg 79w, http:\/\/www.inf.ufrgs.br\/ppgc\/wp-content\/uploads\/2023\/08\/sbc.jpg 1165w\" sizes=\"(max-width: 97px) 100vw, 97px\" \/><\/a><\/center><\/td>\n<td align=\"center\" valign=\"top\">\n<h2>Local<\/h2>\n<p>&nbsp;<\/p>\n<p><center><a href=\"https:\/\/www.umov.me\/arena\/\"><img loading=\"lazy\" class=\"alignnone wp-image-6050\" src=\"http:\/\/www.inf.ufrgs.br\/ppgc\/wp-content\/uploads\/2023\/09\/umove-me-300x105.jpeg\" alt=\"\" width=\"271\" height=\"95\" srcset=\"http:\/\/www.inf.ufrgs.br\/ppgc\/wp-content\/uploads\/2023\/09\/umove-me-300x105.jpeg 300w, http:\/\/www.inf.ufrgs.br\/ppgc\/wp-content\/uploads\/2023\/09\/umove-me-200x70.jpeg 200w, http:\/\/www.inf.ufrgs.br\/ppgc\/wp-content\/uploads\/2023\/09\/umove-me.jpeg 567w\" sizes=\"(max-width: 271px) 100vw, 271px\" \/><\/a><\/center><\/td>\n<\/tr>\n<\/tbody>\n<\/table>\n","protected":false},"excerpt":{"rendered":"<p>Livro Publicado na Biblioteca Digital da SBC \u00c9 com enorme satisfa\u00e7\u00e3o que anunciamos que o Livro &#8220;Escola de Computa\u00e7\u00e3o PPGC\/UFRGS 50 Anos: Transformando Desafios em Oportunidades Para o Futuro&#8221; foi publicado na Biblioteca Digital da SBC. https:\/\/doi.org\/10.5753\/sbc.13058.5 O livro re\u00fane oito cap\u00edtulos que acompanham apresenta\u00e7\u00f5es sobre t\u00f3picos de vanguarda em diversas \u00e1reas de pesquisa no [&hellip;]<\/p>\n","protected":false},"author":11,"featured_media":0,"parent":0,"menu_order":0,"comment_status":"closed","ping_status":"closed","template":"","meta":[],"_links":{"self":[{"href":"https:\/\/www.inf.ufrgs.br\/ppgc\/wp-json\/wp\/v2\/pages\/5971"}],"collection":[{"href":"https:\/\/www.inf.ufrgs.br\/ppgc\/wp-json\/wp\/v2\/pages"}],"about":[{"href":"https:\/\/www.inf.ufrgs.br\/ppgc\/wp-json\/wp\/v2\/types\/page"}],"author":[{"embeddable":true,"href":"https:\/\/www.inf.ufrgs.br\/ppgc\/wp-json\/wp\/v2\/users\/11"}],"replies":[{"embeddable":true,"href":"https:\/\/www.inf.ufrgs.br\/ppgc\/wp-json\/wp\/v2\/comments?post=5971"}],"version-history":[{"count":104,"href":"https:\/\/www.inf.ufrgs.br\/ppgc\/wp-json\/wp\/v2\/pages\/5971\/revisions"}],"predecessor-version":[{"id":6342,"href":"https:\/\/www.inf.ufrgs.br\/ppgc\/wp-json\/wp\/v2\/pages\/5971\/revisions\/6342"}],"wp:attachment":[{"href":"https:\/\/www.inf.ufrgs.br\/ppgc\/wp-json\/wp\/v2\/media?parent=5971"}],"curies":[{"name":"wp","href":"https:\/\/api.w.org\/{rel}","templated":true}]}}