{"id":6034,"date":"2023-08-30T15:01:09","date_gmt":"2023-08-30T18:01:09","guid":{"rendered":"https:\/\/www.inf.ufrgs.br\/ppgc\/?page_id=6034"},"modified":"2024-02-26T14:53:14","modified_gmt":"2024-02-26T17:53:14","slug":"cmp620","status":"publish","type":"page","link":"https:\/\/www.inf.ufrgs.br\/ppgc\/disciplinas\/lista-de-disciplinas\/cmp620\/","title":{"rendered":"CMP620"},"content":{"rendered":"<p><strong>DISCIPLINA: CMP620 \u2013 T\u00f3picos Especiais: Introdu\u00e7\u00e3o a Deep Learning para Computa\u00e7\u00e3o Visual<br \/>\n<\/strong><\/p>\n<p><strong>Professor<\/strong>:\u00a0 Claudio Rosito Jung<br \/>\n<strong> Carga Hor\u00e1ria<\/strong>: 60 horas<br \/>\n<strong>Cr\u00e9ditos:<\/strong> 4<br \/>\n<strong>Pr\u00e9-requisitos<\/strong>: nenhum<br \/>\n<strong>Per\u00edodo Letivo<\/strong>: 2023\/2<br \/>\n<strong>Per\u00edodo de In\u00edcio de Validade<\/strong>: 2023\/2<\/p>\n<p><strong>S\u00famula<\/strong><br \/>\n<strong>1.<\/strong> Redes Neurais Convolucionais.<br \/>\n<strong>2.<\/strong> Classifica\u00e7\u00e3o de Imagens.<br \/>\n<strong>3.<\/strong> Detec\u00e7\u00e3o de Objetos.<br \/>\n<strong>4. <\/strong>Segmenta\u00e7\u00e3o de Imagens.<br \/>\n<strong>5.<\/strong> Modelos Generativos.<br \/>\n<strong>6.<\/strong> T\u00f3picos especiais em Deep Learning.<\/p>\n<p><strong>Curr\u00edculos<\/strong><br \/>\n(PPGC e Eletiva para a gradua\u00e7\u00e3o) &#8211; BACHARELADO EM CI\u00caNCIA DA COMPUTA\u00c7\u00c3O<br \/>\n(PPGC) &#8211; ENGENHARIA DA COMPUTA\u00c7\u00c3O<\/p>\n<p><strong>Descri\u00e7\u00e3o<\/strong><br \/>\nEste curso oferece uma introdu\u00e7\u00e3o a deep learning, abordando a teoria e a pr\u00e1tica das<br \/>\nredes neurais profundas e sua aplica\u00e7\u00e3o a problemas do mundo real. O curso explora<br \/>\nresultados de pesquisas recentes em deep learning e apresenta aplica\u00e7\u00f5es em diversas<br \/>\n\u00e1reas de computa\u00e7\u00e3o visual (vis\u00e3o computacional, processamento de imagens, e s\u00edntese<br \/>\nde imagens).<\/p>\n<p><strong>Objetivos<br \/>\n<\/strong>Ao final do curso, os alunos devem ser capazes de:<br \/>\n&#8211; Projetar e treinar redes neurais profundas usando frameworks e APIs populares de aprendizado profundo, como TensorFlow, Keras ou PyTorch;<br \/>\n&#8211; Aplicar t\u00e9cnicas de aprendizado profundo a problemas em computa\u00e7\u00e3o visual;<br \/>\n&#8211; Avaliar e comparar diferentes arquiteturas e t\u00e9cnicas de aprendizado profundo para aplica\u00e7\u00f5es espec\u00edficas;<br \/>\n&#8211; Ser capaz de aplicar esse conhecimento a seus pr\u00f3prios projetos.<\/p>\n<p><strong>Conte\u00fado program\u00e1tico<\/strong><br \/>\n1. Introdu\u00e7\u00e3o<br \/>\n2. Redes Neurais Convolucionais (CNNs)<br \/>\n3. Classifica\u00e7\u00e3o de Imagens<br \/>\n4. Detec\u00e7\u00e3o de Objetos<br \/>\n5. Segmenta\u00e7\u00e3o de Imagens<br \/>\n6. Modelos Generativos<br \/>\n7. Ajuste de Modelos e Limita\u00e7\u00f5es<br \/>\n8. T\u00f3picos Especiais<\/p>\n<p><strong>Crit\u00e9rios de Avalia\u00e7\u00e3o<\/strong><br \/>\nOs alunos ser\u00e3o avaliados com base no desempenho nas provas, trabalhos pr\u00e1ticos e no projeto final, bem como por suaparticipa\u00e7\u00e3o em aula. As provas, trabalhos e projeto final ser\u00e3o avaliados com nota entre 0.0 e 10.0. Conforme regulamento da Universidade, a frequ\u00eancia \u00e0s aulas \u00e9 obrigat\u00f3ria.<\/p>\n<p>Ao longo do semestre, ser\u00e3o realizados:<br \/>\ni. Duas provas, P1, na metade do semestre, e P2, prova final. P1 corresponder\u00e1 a 15% da<br \/>\nnota final; P2, a 20% da nota final;<br \/>\nii. Trabalhos Pr\u00e1ticos (TP) correspondendo a 30% da nota final;<br \/>\niii. Um projeto final (PF) da disciplina, a ser realizado em grupos de at\u00e9 dois estudantes,<br \/>\nrepresentando 30% da nota final.<\/p>\n<p>Al\u00e9m disso, ser\u00e1 atribu\u00edda nota pela participa\u00e7\u00e3o (NP) em sala de aula, o que representar\u00e1 5% da nota final. A realiza\u00e7\u00e3o dos trabalhos \u00e9 obrigat\u00f3ria, mesmo que o aluno obtenha bons resultados nas provas.<\/p>\n<p>A m\u00e9dia geral (MG) ser\u00e1 obtida por meio da seguinte f\u00f3rmula:<br \/>\nMG = 0,15 * P1+ 0.20* P2 + 0.30*TP + 0.30* PF + 0.05* NP<\/p>\n<p>A convers\u00e3o da MG para conceitos \u00e9 feita por meio da seguinte tabela:<br \/>\n9,0 &lt; MG &lt;= 10,0: conceito A (aprovado).<br \/>\n7,5 &lt; MG &lt;= 9,0: conceito B (aprovado).<br \/>\n6,0 &lt;= MG &lt;= 7,5: conceito C (aprovado).<br \/>\nMG &lt; 6,0: sem conceito (recupera\u00e7\u00e3o).<\/p>\n<p><strong>Atividades de Recupera\u00e7\u00e3o Previstas<\/strong><br \/>\nSomente ser\u00e3o calculadas as m\u00e9dias gerais daqueles estudantes que tiverem, ao longo do semestre, obtido um \u00edndice de frequ\u00eancia \u00e0s aulas igual ou superior a 75% das aulas previstas. Aos que n\u00e3o satisfizerem este requisito, ser\u00e1 atribu\u00eddo o conceito FF (Falta de Frequ\u00eancia).<\/p>\n<p>RECUPERA\u00c7\u00c3O: Estudantes cujas m\u00e9dias gerais forem inferiores a 6,0 (seis) poder\u00e3o prestar prova de recupera\u00e7\u00e3o (PR), a qual versar\u00e1 sobre toda a mat\u00e9ria da disciplina. Neste caso, a nota final (NF) ser\u00e1 calculada como NF = 0,6xPR + 0,4xMG. Ser\u00e3o considerados(as) aprovados(as) os(as) estudantes que obtiverem nota final maior or igual a 6,0 (NF &gt;= 6,0). A estes(as) ser\u00e1 atribu\u00eddo o conceito C. Aos demais, o conceito D. N\u00e3o h\u00e1 recupera\u00e7\u00e3o das provas P1 e P2 por n\u00e3o comparecimento, exceto nos casos previstos na legisla\u00e7\u00e3o (sa\u00fade, parto, servi\u00e7o militar, convoca\u00e7\u00e3o judicial, luto etc., devidamente comprovados).<\/p>\n<p><strong>Bibliografia<\/strong><\/p>\n<ul>\n<li>Chollet, Fran\u00e7ois. Deep Learning with Python, Second Edition. Manning, 2021. ISBN 978-1617296864.<\/li>\n<li>Goodfellow, Ian; Bengio, Yoshua; Courville, Aaron. Deep Learning. The MIT Press, 2016. ISBN 978-0262035613. Vers\u00e3o eletr\u00f4nica dispon\u00edvel gratuitamente em https:\/\/www.deeplearningbook.org\/.<\/li>\n<li>Glassner, Andrew. Deep Learning: A Visual Approach. No Starch Press, 2021. ISBN 978-1718500723.<\/li>\n<li>Ekman, Magnus. Learning Deep Learning: Theory and Practice of Neural Networks, Computer Vision, Natural Language Processing, and Transformers Using TensorFlow. Addison-Wesley Professional, 2021. ISBN 978-0137470358.<\/li>\n<li>Bishop, Christopher. Pattern Recognition and Machine Learning. Springer, 2006. ISBN 978-0387310732.<\/li>\n<li>Google Colab Notebooks<\/li>\n<li>Artigos de confer\u00eancias e peri\u00f3dicos.<\/li>\n<\/ul>\n","protected":false},"excerpt":{"rendered":"<p>DISCIPLINA: CMP620 \u2013 T\u00f3picos Especiais: Introdu\u00e7\u00e3o a Deep Learning para Computa\u00e7\u00e3o Visual Professor:\u00a0 Claudio Rosito Jung Carga Hor\u00e1ria: 60 horas Cr\u00e9ditos: 4 Pr\u00e9-requisitos: nenhum Per\u00edodo Letivo: 2023\/2 Per\u00edodo de In\u00edcio de Validade: 2023\/2 S\u00famula 1. Redes Neurais Convolucionais. 2. Classifica\u00e7\u00e3o de Imagens. 3. Detec\u00e7\u00e3o de Objetos. 4. Segmenta\u00e7\u00e3o de Imagens. 5. Modelos Generativos. 6. T\u00f3picos [&hellip;]<\/p>\n","protected":false},"author":11,"featured_media":0,"parent":462,"menu_order":620,"comment_status":"closed","ping_status":"closed","template":"","meta":[],"_links":{"self":[{"href":"https:\/\/www.inf.ufrgs.br\/ppgc\/wp-json\/wp\/v2\/pages\/6034"}],"collection":[{"href":"https:\/\/www.inf.ufrgs.br\/ppgc\/wp-json\/wp\/v2\/pages"}],"about":[{"href":"https:\/\/www.inf.ufrgs.br\/ppgc\/wp-json\/wp\/v2\/types\/page"}],"author":[{"embeddable":true,"href":"https:\/\/www.inf.ufrgs.br\/ppgc\/wp-json\/wp\/v2\/users\/11"}],"replies":[{"embeddable":true,"href":"https:\/\/www.inf.ufrgs.br\/ppgc\/wp-json\/wp\/v2\/comments?post=6034"}],"version-history":[{"count":2,"href":"https:\/\/www.inf.ufrgs.br\/ppgc\/wp-json\/wp\/v2\/pages\/6034\/revisions"}],"predecessor-version":[{"id":6456,"href":"https:\/\/www.inf.ufrgs.br\/ppgc\/wp-json\/wp\/v2\/pages\/6034\/revisions\/6456"}],"up":[{"embeddable":true,"href":"https:\/\/www.inf.ufrgs.br\/ppgc\/wp-json\/wp\/v2\/pages\/462"}],"wp:attachment":[{"href":"https:\/\/www.inf.ufrgs.br\/ppgc\/wp-json\/wp\/v2\/media?parent=6034"}],"curies":[{"name":"wp","href":"https:\/\/api.w.org\/{rel}","templated":true}]}}