{"id":6197,"date":"2023-10-16T16:38:58","date_gmt":"2023-10-16T19:38:58","guid":{"rendered":"https:\/\/www.inf.ufrgs.br\/ppgc\/?page_id=6197"},"modified":"2025-10-08T00:33:44","modified_gmt":"2025-10-08T03:33:44","slug":"selecao-2024-1","status":"publish","type":"page","link":"https:\/\/www.inf.ufrgs.br\/ppgc\/mestrado\/selecao-2024-1\/","title":{"rendered":"Sele\u00e7\u00e3o 2024\/1"},"content":{"rendered":"<h3><strong>20-Fev-2024 <\/strong><strong>Divulga\u00e7\u00e3o dos Selecionados &#8211; 2\u00aa chamada<br \/>\n<\/strong><\/h3>\n<p><a href=\"http:\/\/www.inf.ufrgs.br\/ppgc\/wp-content\/uploads\/2024\/02\/Selecao-Mestrado-2024_1-Selecao-Segundo-Round.pdf\">A rela\u00e7\u00e3o de candidatos(as) selecionados est\u00e1 dispon\u00edvel neste link<\/a>. Cada candidato(a) tamb\u00e9m pode visualizar a sua situa\u00e7\u00e3o de sele\u00e7\u00e3o no Sistema de Inscri\u00e7\u00f5es. Aten\u00e7\u00e3o para o prazo para recursos e a data limite para confirma\u00e7\u00e3o dos selecionados na 2a chamada conforme cronograma do edital de sele\u00e7\u00e3o.<\/p>\n<h3><strong>31-Jan-2024\u00a0<\/strong><strong>Divulga\u00e7\u00e3o dos Selecionados &#8211; 1\u00aa chamada<br \/>\n<\/strong><\/h3>\n<p><a href=\"http:\/\/www.inf.ufrgs.br\/ppgc\/wp-content\/uploads\/2024\/01\/Selecao-Mestrado-2024_1-Selecao-Primeiro-Round.pdf\">A rela\u00e7\u00e3o de candidatos(as) selecionados est\u00e1 dispon\u00edvel neste link<\/a>. Cada candidato(a) tamb\u00e9m pode visualizar a sua situa\u00e7\u00e3o de sele\u00e7\u00e3o no Sistema de Inscri\u00e7\u00f5es. Aten\u00e7\u00e3o para o prazo para recursos e a data limite para confirma\u00e7\u00e3o dos selecionados na 1a chamada conforme cronograma do edital de sele\u00e7\u00e3o. A pr\u00f3xima rodada de sele\u00e7\u00e3o para os candidatos n\u00e3o selecionados ocorrer\u00e1 de 8 a 16 de fevereiro.<\/p>\n<h3><strong>17-Jan-2024 <\/strong><strong>Inscri\u00e7\u00f5es Homologadas (RETIFICADA em 23-Jan)<br \/>\n<\/strong><\/h3>\n<p><a href=\"http:\/\/www.inf.ufrgs.br\/ppgc\/wp-content\/uploads\/2024\/01\/Selecao-Mestrado-2024_1-RELACAO-DE-INSCRICOES-HOMOLOGADAS-RETIFICADA-3.pdf\">A rela\u00e7\u00e3o de inscri\u00e7\u00f5es homologadas (retificada em 23-Jan 09:31 e atualizada em 29-Jan 10:23) est\u00e1 dispon\u00edvel neste link<\/a> e tamb\u00e9m pode ser visualizada no Sistema de Inscri\u00e7\u00f5es. O motivo para n\u00e3o homologa\u00e7\u00e3o de inscri\u00e7\u00f5es pode ser visualizado no Sistema de Inscri\u00e7\u00f5es. Aten\u00e7\u00e3o para o prazo para recursos conforme cronograma do edital de sele\u00e7\u00e3o.<\/p>\n<h3><strong>17-Jan-2024 <\/strong><strong>Primeiro Termo Aditivo ao Edital<\/strong><\/h3>\n<p>O prazo para envio das cartas de recomenda\u00e7\u00e3o foi prorrogado para 19 de janeiro. Para mais informa\u00e7\u00f5es, confira o <a href=\"http:\/\/www.inf.ufrgs.br\/ppgc\/wp-content\/uploads\/2024\/01\/Edital-PPGC-007_2023-Mestrado-Primeiro-TA-Primeiro-Semestre.docx.pdf\">Primeiro Termo Aditivo<\/a>.<\/p>\n<h3><strong>Edital Sele\u00e7\u00e3o Mestrado Regular &#8211; 2024\/1<\/strong><\/h3>\n<p>O Edital para as inscri\u00e7\u00f5es ao Mestrado (com ingresso em 2024\/1) est\u00e1 dispon\u00edvel. O per\u00edodo de inscri\u00e7\u00f5es vai de 1 de dezembro de 2023 at\u00e9 15 de janeiro de 2024. Para mais informa\u00e7\u00f5es e para instru\u00e7\u00f5es sobre a inscri\u00e7\u00e3o, <a href=\"http:\/\/www.inf.ufrgs.br\/ppgc\/wp-content\/uploads\/2023\/10\/Edital-PPGC-007_2023-Mestrado-Primeiro-Semestre.pdf\">clique aqui.<\/a><\/p>\n<p>As inscri\u00e7\u00f5es s\u00e3o feitas somente atrav\u00e9s do <a href=\"https:\/\/www.inf.ufrgs.br\/ppgc\/applying\">Sistema de Inscri\u00e7\u00f5es do PPGC<\/a>.<\/p>\n<p>Visite nossa <a href=\"https:\/\/www.inf.ufrgs.br\/ppgc\/mestrado\/faq-selecao-msc\/\">P\u00e1gina de Perguntas Frequentes<\/a> para tirar suas d\u00favidas sobre o processo de aplica\u00e7\u00e3o (<a href=\"https:\/\/www.inf.ufrgs.br\/ppgc\/mestrado\/faq-selecao-msc\/\">https:\/\/www.inf.ufrgs.br\/ppgc\/mestrado\/faq-selecao-msc\/<\/a>).<\/p>\n<p>Caso a d\u00favida persista, favor entrar em contato atrav\u00e9s do email <a href=\"mailto:ppgc@inf.ufrgs.br\">ppgc@inf.ufrgs.br<\/a>.<\/p>\n","protected":false},"excerpt":{"rendered":"<p>20-Fev-2024 Divulga\u00e7\u00e3o dos Selecionados &#8211; 2\u00aa chamada A rela\u00e7\u00e3o de candidatos(as) selecionados est\u00e1 dispon\u00edvel neste link. Cada candidato(a) tamb\u00e9m pode visualizar a sua situa\u00e7\u00e3o de sele\u00e7\u00e3o no Sistema de Inscri\u00e7\u00f5es. Aten\u00e7\u00e3o para o prazo para recursos e a data limite para confirma\u00e7\u00e3o dos selecionados na 2a chamada conforme cronograma do edital de sele\u00e7\u00e3o. 31-Jan-2024\u00a0Divulga\u00e7\u00e3o dos [&hellip;]<\/p>\n","protected":false},"author":24,"featured_media":0,"parent":387,"menu_order":20,"comment_status":"closed","ping_status":"closed","template":"","meta":[],"_links":{"self":[{"href":"https:\/\/www.inf.ufrgs.br\/ppgc\/wp-json\/wp\/v2\/pages\/6197"}],"collection":[{"href":"https:\/\/www.inf.ufrgs.br\/ppgc\/wp-json\/wp\/v2\/pages"}],"about":[{"href":"https:\/\/www.inf.ufrgs.br\/ppgc\/wp-json\/wp\/v2\/types\/page"}],"author":[{"embeddable":true,"href":"https:\/\/www.inf.ufrgs.br\/ppgc\/wp-json\/wp\/v2\/users\/24"}],"replies":[{"embeddable":true,"href":"https:\/\/www.inf.ufrgs.br\/ppgc\/wp-json\/wp\/v2\/comments?post=6197"}],"version-history":[{"count":23,"href":"https:\/\/www.inf.ufrgs.br\/ppgc\/wp-json\/wp\/v2\/pages\/6197\/revisions"}],"predecessor-version":[{"id":6407,"href":"https:\/\/www.inf.ufrgs.br\/ppgc\/wp-json\/wp\/v2\/pages\/6197\/revisions\/6407"}],"up":[{"embeddable":true,"href":"https:\/\/www.inf.ufrgs.br\/ppgc\/wp-json\/wp\/v2\/pages\/387"}],"wp:attachment":[{"href":"https:\/\/www.inf.ufrgs.br\/ppgc\/wp-json\/wp\/v2\/media?parent=6197"}],"curies":[{"name":"wp","href":"https:\/\/api.w.org\/{rel}","templated":true}]}}