{"id":641,"date":"2015-12-30T09:05:19","date_gmt":"2015-12-30T11:05:19","guid":{"rendered":"http:\/\/www.inf.ufrgs.br\/ppgc_wp\/?page_id=641"},"modified":"2016-05-12T16:17:07","modified_gmt":"2016-05-12T19:17:07","slug":"cmp124","status":"publish","type":"page","link":"https:\/\/www.inf.ufrgs.br\/ppgc\/disciplinas\/lista-de-disciplinas\/cmp124\/","title":{"rendered":"CMP124"},"content":{"rendered":"<h3><strong>Agentes Aut\u00f4nomos e Sistemas Multiagente<\/strong><\/h3>\n<p><b>Respons\u00e1vel<\/b>: <a href=\"http:\/\/www.inf.ufrgs.br\/site\/docente\/ana-lucia-cetertich-bazzan\/\">Ana L\u00facia Cetertich Bazzan<\/a><br \/>\n<b>Pr\u00e9-Requisitos<\/b>: &#8211;<br \/>\n<b>Carga Hor\u00e1ria<\/b>: 60 hs<br \/>\n<b>Cr\u00e9ditos<\/b>: 4<br \/>\n<b>Semestres Oferecidos<\/b>: Primeiro semestre<br \/>\n<b>Matr\u00edcula de Graduandos<\/b>: A matricula poder\u00e1 ser feita ou como Aluno Especial ou pela disciplina de c\u00f3digo: INF05019<br \/>\n<b>P\u00e1gina da Disciplina<\/b>: &#8211;<\/p>\n<p><strong>S\u00daMULA<\/strong><\/p>\n<p align=\"justify\">Estudo de t\u00f3picos b\u00e1sicos e avan\u00e7ados em torno da disciplina de agentes aut\u00f4nomos e sistemas multiagente: T\u00e9cnicas de Comunica\u00e7\u00e3o, Negocia\u00e7\u00e3o, Coopera\u00e7\u00e3o e Coordena\u00e7\u00e3o de Agentes. T\u00e9cnicas de aprendizado. Simula\u00e7\u00e3o baseada em agentes. Aplica\u00e7\u00f5es de sistemas multiagente<\/p>\n<p><strong>OBJETIVOS<\/strong><\/p>\n<p align=\"justify\">Os objetivos desta disciplina s\u00e3o:<br \/>\n1. Introduzir conceitos e t\u00e9cnicas relacionadas ao projeto de agentes aut\u00f4nomos (como comunica\u00e7\u00e3o, coordena\u00e7\u00e3o e coopera\u00e7\u00e3o);<br \/>\n2. Introduzir t\u00e9cnicas de resolu\u00e7\u00e3o distribu\u00edda de problemas;<br \/>\n3. Introduzir t\u00e9cnicas de projeto e implementa\u00e7\u00e3o de um sistema multiagente como, por exemplo, plataformas para desenvolvimento e simula\u00e7\u00e3o.<br \/>\n4. Estudo de extens\u00f5es de t\u00e9cnicas cl\u00e1ssicas de Intelig\u00eancia Artificial (IA), para o caso multiagente como, por exemplo, aprendizado, racioc\u00ednio probabil\u00edstico, planejamento, busca e l\u00f3gica;<br \/>\n5. Estudo de teoria da decis\u00e3o e teoria dos jogos em sistemas multiagente;<br \/>\n6. Estudo de aplica\u00e7\u00f5es de sistemas multiagente.<\/p>\n<p><strong>PROGRAMA<\/strong><\/p>\n<p align=\"justify\">&#8211; Agentes aut\u00f4nomos<br \/>\n&#8211; Sistemas multiagente: breve introdu\u00e7\u00e3o e revis\u00e3o do estado-da-arte<br \/>\n&#8211; Comunica\u00e7\u00e3o, Negocia\u00e7\u00e3o, Coopera\u00e7\u00e3o e Coordena\u00e7\u00e3o de Agentes<br \/>\n&#8211; Aprendizado multiagente<br \/>\n&#8211; Auto-organiza\u00e7\u00e3o de sociedades de agentes<br \/>\n&#8211; Teoria da decis\u00e3o e dos jogos, jogos estoc\u00e1sticos<br \/>\n&#8211; Racioc\u00ednio e planejamento sob incerteza<br \/>\n&#8211; Resolu\u00e7\u00e3o distribu\u00edda de problemas<br \/>\n&#8211; Satisfa\u00e7\u00e3o e otimiza\u00e7\u00e3o distribu\u00edda de restri\u00e7\u00f5es<br \/>\n&#8211; L\u00f3gica para sistemas multiagente<\/p>\n<p><strong>CRIT\u00c9RIOS DE AVALIA\u00c7\u00c3O<\/strong><\/p>\n<p align=\"justify\">Participa\u00e7ao em aula e semin\u00e1rio; prova.<\/p>\n<p><strong>BIBLIOGRAFIA<\/strong><\/p>\n<p align=\"justify\">Bond, A. and L. Gasser (eds.): Readings in Distributed Artificial Intelligence. Morgan Kaufmann Pub., 1988.<br \/>\nGraesser and S. Franklin. Is it an agent, or just a program? A taxonomy for autonomous agents. Proceedings of the Third International Workshop on Agent Theories, Architectures and Languages. Springer-Verlag, 1996.<br \/>\nShoham, Y. And K. Leyton-Brown. Multiagent Systems: Algorithmic, Game-Theoretic, and Logical Foundations. Cambridge University Press, 2009.<br \/>\nWeiss, G.: Multiagent Systems \u2013 A Modern Approach to Distributed Artificial Intelligence, MIT Press, 1998.<br \/>\nWooldridge, M. Introduction to Multiagent Systems. John Wiley &amp; Sons, 2002, 2009.<br \/>\nartigos de revistas t\u00e9cnicas e anais de confer\u00eancias na \u00e1rea, teses e disserta\u00e7\u00f5es.<\/p>\n","protected":false},"excerpt":{"rendered":"<p>Agentes Aut\u00f4nomos e Sistemas Multiagente Respons\u00e1vel: Ana L\u00facia Cetertich Bazzan Pr\u00e9-Requisitos: &#8211; Carga Hor\u00e1ria: 60 hs Cr\u00e9ditos: 4 Semestres Oferecidos: Primeiro semestre Matr\u00edcula de Graduandos: A matricula poder\u00e1 ser feita ou como Aluno Especial ou pela disciplina de c\u00f3digo: INF05019 P\u00e1gina da Disciplina: &#8211; S\u00daMULA Estudo de t\u00f3picos b\u00e1sicos e avan\u00e7ados em torno da disciplina [&hellip;]<\/p>\n","protected":false},"author":1,"featured_media":0,"parent":462,"menu_order":124,"comment_status":"closed","ping_status":"closed","template":"","meta":[],"_links":{"self":[{"href":"https:\/\/www.inf.ufrgs.br\/ppgc\/wp-json\/wp\/v2\/pages\/641"}],"collection":[{"href":"https:\/\/www.inf.ufrgs.br\/ppgc\/wp-json\/wp\/v2\/pages"}],"about":[{"href":"https:\/\/www.inf.ufrgs.br\/ppgc\/wp-json\/wp\/v2\/types\/page"}],"author":[{"embeddable":true,"href":"https:\/\/www.inf.ufrgs.br\/ppgc\/wp-json\/wp\/v2\/users\/1"}],"replies":[{"embeddable":true,"href":"https:\/\/www.inf.ufrgs.br\/ppgc\/wp-json\/wp\/v2\/comments?post=641"}],"version-history":[{"count":3,"href":"https:\/\/www.inf.ufrgs.br\/ppgc\/wp-json\/wp\/v2\/pages\/641\/revisions"}],"predecessor-version":[{"id":2529,"href":"https:\/\/www.inf.ufrgs.br\/ppgc\/wp-json\/wp\/v2\/pages\/641\/revisions\/2529"}],"up":[{"embeddable":true,"href":"https:\/\/www.inf.ufrgs.br\/ppgc\/wp-json\/wp\/v2\/pages\/462"}],"wp:attachment":[{"href":"https:\/\/www.inf.ufrgs.br\/ppgc\/wp-json\/wp\/v2\/media?parent=641"}],"curies":[{"name":"wp","href":"https:\/\/api.w.org\/{rel}","templated":true}]}}