{"id":6562,"date":"2024-04-06T10:06:50","date_gmt":"2024-04-06T13:06:50","guid":{"rendered":"https:\/\/www.inf.ufrgs.br\/ppgc\/?page_id=6562"},"modified":"2025-05-02T08:20:38","modified_gmt":"2025-05-02T11:20:38","slug":"serie-cafe-com-pesquisa","status":"publish","type":"page","link":"https:\/\/www.inf.ufrgs.br\/ppgc\/serie-cafe-com-pesquisa\/","title":{"rendered":"S\u00e9rie Caf\u00e9 com Pesquisa"},"content":{"rendered":"<p>O Programa de P\u00f3s-Gradua\u00e7\u00e3o em Computa\u00e7\u00e3o (PPGC) e o Programa de Educa\u00e7\u00e3o Tutorial (PET) Computa\u00e7\u00e3o est\u00e3o organizando uma s\u00e9rie de palestras\/pitches informais sobre as mais diversas linhas de pesquisa do PPGC. A s\u00e9rie &#8220;Caf\u00e9 com Pesquisa&#8221; acontece em semanas alternadas, nas quintas-feiras, \u00e0s 13hs, no ZSpace, espa\u00e7o do Centro de Empreendimentos em Inform\u00e1tica (CEI) na frente do Audit\u00f3rio Castilho (\u00e1rea ampla, de tr\u00e2nsito, com poltronas). Os encontros ser\u00e3o informais onde professores poder\u00e3o fazer um &#8220;pitch&#8221; de 10-15 minutos e conversar com alunos de gradua\u00e7\u00e3o do INF sobre o que \u00e9 feito em sua linha de pesquisa. Participe dessas conversas informais e aproveitem para tomar um cafezinho depois do almo\u00e7o.<\/p>\n<p>A seguir listamos as palestras\/pitches informais que j\u00e1 ocorreram:<\/p>\n<ul class=\"org-ul\">\n<li>24\/04\/2025\n<ul class=\"org-ul\">\n<li>&#8220;<span data-sheets-root=\"1\">Projeto Petwin: Inova\u00e7\u00f5es em Digital Twins e Planos para a Pr\u00f3xima Fase<\/span>&#8221; (<span data-sheets-root=\"1\">Mara Abel<\/span>)<\/li>\n<li>&#8220;<span data-sheets-root=\"1\">As Contribui\u00e7\u00f5es do Grupo \u0278-Robotics Research \u00e0 Governan\u00e7a Global da Intelig\u00eancia Artificial<\/span>&#8221; (<span data-sheets-root=\"1\">Edson Prestes e Silva Junior<\/span>)<\/li>\n<\/ul>\n<\/li>\n<li>\u00a003\/04\/2025\n<ul class=\"org-ul\">\n<li>&#8220;<span data-sheets-root=\"1\">Visual Language Models: Integrando Texto e Imagens<\/span>&#8221; (<span data-sheets-root=\"1\">Cl\u00e1udio Jung<\/span>)<\/li>\n<li>&#8220;<span data-sheets-root=\"1\">Mosquitos e Tecnologia: Como algoritmos de Aprendizado de M\u00e1quina podem ajudar a proteger a sa\u00fade p\u00fablica?<\/span>&#8221; (<span data-sheets-root=\"1\">Mariana Recamonde Mendoza, Weverton Luis da Costa Cordeiro<\/span>)<\/li>\n<\/ul>\n<\/li>\n<li>\u00a005\/12\/2024\n<ul class=\"org-ul\">\n<li>&#8220;<span data-sheets-root=\"1\">Computa\u00e7\u00e3o em rede \u00e9 uma ideia tola cuja hora chegou<\/span>&#8221; (<span data-sheets-root=\"1\">Alberto E. Schaeffer Filho<\/span>)<\/li>\n<li>&#8220;<span data-sheets-root=\"1\">A Integra\u00e7\u00e3o de Aspectos T\u00e9cnicos e Sociais na Pesquisa em Engenharia de Software<\/span>&#8221; (<span data-sheets-root=\"1\">Karina Kohl<\/span>)<\/li>\n<\/ul>\n<\/li>\n<li>\u00a021\/11\/2024\n<ul class=\"org-ul\">\n<li>&#8220;<span data-sheets-root=\"1\">Casos de Sucesso combinando Pesquisa e Startups<\/span>&#8221; (CEI)<\/li>\n<li><span data-sheets-root=\"1\">&#8220;Pesquisa vs. Mundo Real: Como o PPGC Pode me Ajudar a Ser um Profissional Relevante e Mais Qualificado&#8221; (Fl\u00e1vio Rech Wagner)<\/span><\/li>\n<\/ul>\n<\/li>\n<li>\u00a031\/10\/2024\n<ul class=\"org-ul\">\n<li>&#8220;<span data-sheets-root=\"1\">Colabora\u00e7\u00e3o no Desenvolvimento de Software: O Remoto e Descentralizado Mexeu com o Time?<\/span>&#8221; (Let\u00edcia do Santos Machado)<\/li>\n<li>&#8220;<span data-sheets-root=\"1\">Entendendo M\u00fasica em Larga Escala: O Que os LLMs nos Contam sobre o Funk?<\/span>&#8221; (Karin Becker)<\/li>\n<\/ul>\n<\/li>\n<li>\u00a003\/10\/2024\n<ul class=\"org-ul\">\n<li>&#8220;<span data-sheets-root=\"1\">IAs que jogam e criam jogos<\/span>&#8221; (Anderson Rocha Tavares)<\/li>\n<li>&#8220;<span data-sheets-root=\"1\">Al\u00e9m das Big Techs: Pesquisando Processamento de Linguagem Natural sem Recursos Bilion\u00e1rios<\/span>&#8221; (<span data-sheets-root=\"1\">Dennis Giovani Balreira<\/span>)<\/li>\n<\/ul>\n<\/li>\n<li>\u00a015\/08\/2024\n<ul class=\"org-ul\">\n<li>&#8220;<span data-sheets-root=\"1\">De Bits e \u00c1tomos e IA: O que Esperar da Evolu\u00e7\u00e3o dos Chips<\/span>&#8221; (<span data-sheets-root=\"1\">Sergio Bampi<\/span>)<\/li>\n<li>&#8220;<span data-sheets-root=\"1\">Intelig\u00eancia Artificial Neuro-Simb\u00f3lica: ChatGPT vs. Mundo dos Blocos<\/span>&#8221; (<span data-sheets-root=\"1\">Andr\u00e9 Grahl Pereira<\/span>)<\/li>\n<\/ul>\n<\/li>\n<li>\u00a001\/08\/2024\n<ul class=\"org-ul\">\n<li>&#8220;<span data-sheets-root=\"1\">Interpretabilidade: Aprendendo o que m\u00e1quinas aprendem<\/span>&#8221; (<span data-sheets-root=\"1\">Bruno Iochins Grisci<\/span>)<\/li>\n<li>&#8220;<span data-sheets-root=\"1\">Sistemas de Informa\u00e7\u00e3o: Falhando por D\u00e9cadas? A Raiz do Problema e a Solu\u00e7\u00e3o Multidisciplinar<\/span>&#8221; (<span data-sheets-root=\"1\">Jos\u00e9 Palazzo Moreira de Oliveira<\/span>)<\/li>\n<\/ul>\n<\/li>\n<li>\u00a011\/07\/2024\n<ul class=\"org-ul\">\n<li>&#8220;<span data-sheets-root=\"1\">Vis\u00e3o Omnidirecional: uma Supervis\u00e3o<\/span>&#8221; (<span data-sheets-root=\"1\">Thiago Lopes Trugillo da Silveira<\/span>)<\/li>\n<li>&#8220;<span data-sheets-root=\"1\">Intelig\u00eancia Artificial em Redes Program\u00e1veis e na Internet<\/span>&#8221; (<span data-sheets-root=\"1\">Luciano Paschoal Gaspary<\/span>)<\/li>\n<\/ul>\n<\/li>\n<li>\u00a011\/04\/2024\n<ul class=\"org-ul\">\n<li>Debate sobre &#8220;O Impacto do ChatGPT no Ensino e Pesquisa em Computa\u00e7\u00e3o \u00e9 Positivo ou Negativo?&#8221; (Luigi Carro e \u00c1lvaro Freitas Moreira)<\/li>\n<\/ul>\n<\/li>\n<li>25\/01\/2024\n<ul class=\"org-ul\">\n<li>&#8220;Ci\u00eancia de Dados e Alto Desempenho&#8221; (Lucas Mello Schnorr)<\/li>\n<li>&#8220;Redes Comunit\u00e1rias de Baixo Custo&#8221; (Weverton Cordeiro)<\/li>\n<\/ul>\n<\/li>\n<li>11\/01\/2024\n<ul class=\"org-ul\">\n<li>&#8220;Moda e Computa\u00e7\u00e3o&#8221; (Marcelo Walter)<\/li>\n<li>&#8220;Computa\u00e7\u00e3o de Alto Desempenho como Motor de Inova\u00e7\u00e3o Global&#8221; (Arthur Lorenzon, Philippe O. A. Navaux)<\/li>\n<\/ul>\n<\/li>\n<li>07\/12\/2023\n<ul class=\"org-ul\">\n<li>&#8220;Plataforma No-code para Aplica\u00e7\u00f5es em Sa\u00fade&#8221; (\u00c9rika Cota)<\/li>\n<li>&#8220;Descoberta de Processos a partir de Texto em Linguagem Natural&#8221; (Lucineia Heloisa Thom)<\/li>\n<\/ul>\n<\/li>\n<li>16\/11\/2023\n<ul class=\"org-ul\">\n<li>&#8220;Processamento de Linguagem Natural: Avan\u00e7os Recentes e Trabalhos em Desenvolvimento no PPGC&#8221; (Viviane P. Moreira)<\/li>\n<li>&#8220;Tipos Dependentes: sucesso na Matem\u00e1tica e uma promessa para Engenharia de Software&#8221; (\u00c1lvaro Freitas Moreira, Rodrigo Machado)<\/li>\n<\/ul>\n<\/li>\n<li>26\/10\/2023\n<ul class=\"org-ul\">\n<li>&#8220;Dando um Boost na sua Carreira: Oportunidades de P\u00f3s-Gradua\u00e7\u00e3o no PPGC&#8221; (Alberto Schaeffer-Filho, Gabriel Nazar)<\/li>\n<\/ul>\n<\/li>\n<li>31\/08\/2023\n<ul class=\"org-ul\">\n<li>&#8220;Satisfiability, resolvedores de sat e aplica\u00e7\u00f5es&#8221; (Andr\u00e9 Reis)<\/li>\n<li>&#8220;Como Aumentar seu FPS no Espa\u00e7o&#8221; (Gabriel Nazar, Jos\u00e9 Azambuja)<\/li>\n<\/ul>\n<\/li>\n<li>24\/08\/2023\n<ul class=\"org-ul\">\n<li>&#8220;HPC no centro da evolu\u00e7\u00e3o da computa\u00e7\u00e3o&#8221; (Philippe O. A. Navaux)<\/li>\n<li>&#8220;Seguran\u00e7a Cibern\u00e9tica 2030: Experi\u00eancias, Desafios e Oportunidades&#8221; (J\u00e9ferson Nobre, Weverton Cordeiro)<\/li>\n<\/ul>\n<\/li>\n<li>10\/08\/2023\n<ul class=\"org-ul\">\n<li>&#8220;Rob\u00f4s M\u00f3veis Inteligentes&#8221; (Renan Maffei)<\/li>\n<li>&#8220;An\u00e1lise Visual de Dados&#8221; (Jo\u00e3o Comba)<\/li>\n<\/ul>\n<\/li>\n<li>03\/08\/2023\n<ul class=\"org-ul\">\n<li>&#8220;Algoritmos e Otimiza\u00e7\u00e3o&#8221; (Marcus Ritt)<\/li>\n<li>&#8220;Computer Graphics is Everywhere&#8221; (Carla Freitas, Eduardo Gastal, Manuel Menezes)<\/li>\n<\/ul>\n<\/li>\n<li>27\/07\/2023\n<ul class=\"org-ul\">\n<li>&#8220;Automa\u00e7\u00e3o de software e novos mercados&#8221; (Luigi Carro)<\/li>\n<li>&#8220;Compreendendo comportamentos atrav\u00e9s da an\u00e1lise de textos&#8221; (Karin Becker)<\/li>\n<\/ul>\n<\/li>\n<li>13\/07\/2023\n<ul class=\"org-ul\">\n<li>&#8220;A Arte de Fazer Muito com Pouco&#8221; (Gabriel Nazar, Ant\u00f4nio Carlos Schneider Beck Filho)<\/li>\n<li>&#8220;Jornada ao nanosc\u00f3pio na UFRGS, Projeto de chips no Brasil&#8221; (Sergio Bampi)<\/li>\n<\/ul>\n<\/li>\n<li>29\/06\/2023\n<ul class=\"org-ul\">\n<li>&#8220;A Import\u00e2ncia de Processar Dados Visuais&#8221; (Manuel Menezes, Claudio Jung)<\/li>\n<li>&#8220;Como a Intelig\u00eancia Artificial pode melhorar a Sa\u00fade?&#8221; (Mariana Recamonde Mendoza)<\/li>\n<\/ul>\n<\/li>\n<li>15\/06\/2023\n<ul class=\"org-ul\">\n<li>&#8220;Applied games: Aprendendo em realidade virtual&#8221; (Luciana Nedel)<\/li>\n<li>&#8220;Desenvolvendo o c\u00f3digo da Internet do futuro&#8221; (Lisandro Z. Granville)<\/li>\n<\/ul>\n<\/li>\n<li>01\/06\/2023\n<ul class=\"org-ul\">\n<li>&#8220;Software de baixa energia&#8221; (Luigi Carro)<\/li>\n<li>&#8220;Transformando id\u00e9ias em chips otimizados&#8221; (Ricardo Reis)<\/li>\n<\/ul>\n<\/li>\n<\/ul>\n","protected":false},"excerpt":{"rendered":"<p>O Programa de P\u00f3s-Gradua\u00e7\u00e3o em Computa\u00e7\u00e3o (PPGC) e o Programa de Educa\u00e7\u00e3o Tutorial (PET) Computa\u00e7\u00e3o est\u00e3o organizando uma s\u00e9rie de palestras\/pitches informais sobre as mais diversas linhas de pesquisa do PPGC. A s\u00e9rie &#8220;Caf\u00e9 com Pesquisa&#8221; acontece em semanas alternadas, nas quintas-feiras, \u00e0s 13hs, no ZSpace, espa\u00e7o do Centro de Empreendimentos em Inform\u00e1tica (CEI) na [&hellip;]<\/p>\n","protected":false},"author":24,"featured_media":0,"parent":0,"menu_order":0,"comment_status":"closed","ping_status":"closed","template":"","meta":[],"_links":{"self":[{"href":"https:\/\/www.inf.ufrgs.br\/ppgc\/wp-json\/wp\/v2\/pages\/6562"}],"collection":[{"href":"https:\/\/www.inf.ufrgs.br\/ppgc\/wp-json\/wp\/v2\/pages"}],"about":[{"href":"https:\/\/www.inf.ufrgs.br\/ppgc\/wp-json\/wp\/v2\/types\/page"}],"author":[{"embeddable":true,"href":"https:\/\/www.inf.ufrgs.br\/ppgc\/wp-json\/wp\/v2\/users\/24"}],"replies":[{"embeddable":true,"href":"https:\/\/www.inf.ufrgs.br\/ppgc\/wp-json\/wp\/v2\/comments?post=6562"}],"version-history":[{"count":5,"href":"https:\/\/www.inf.ufrgs.br\/ppgc\/wp-json\/wp\/v2\/pages\/6562\/revisions"}],"predecessor-version":[{"id":7145,"href":"https:\/\/www.inf.ufrgs.br\/ppgc\/wp-json\/wp\/v2\/pages\/6562\/revisions\/7145"}],"wp:attachment":[{"href":"https:\/\/www.inf.ufrgs.br\/ppgc\/wp-json\/wp\/v2\/media?parent=6562"}],"curies":[{"name":"wp","href":"https:\/\/api.w.org\/{rel}","templated":true}]}}