{"id":6578,"date":"2024-04-30T16:38:03","date_gmt":"2024-04-30T19:38:03","guid":{"rendered":"https:\/\/www.inf.ufrgs.br\/ppgc\/?page_id=6578"},"modified":"2025-10-08T00:34:18","modified_gmt":"2025-10-08T03:34:18","slug":"selecao-2024-2","status":"publish","type":"page","link":"https:\/\/www.inf.ufrgs.br\/ppgc\/mestrado\/selecao-2024-2\/","title":{"rendered":"Sele\u00e7\u00e3o 2024\/2"},"content":{"rendered":"<h3>29\/08 Resultado de Recursos &#8211; Selecionados<\/h3>\n<p>Em atendimento aos termos do Edital Sele\u00e7\u00e3o Mestrado Regular &#8211; 2024\/2, segue a rela\u00e7\u00e3o de pedidos de recursos ao resultado da sele\u00e7\u00e3o e a situa\u00e7\u00e3o.<\/p>\n<p>JOSE NEWTON DE LACERDA ALMERAO JUNIOR &#8211; DEFERIDO<\/p>\n<ul>\n<li>Candidato: JOSE NEWTON DE LACERDA ALMERAO JUNIOR<\/li>\n<li>Linha de pesquisa: Ci\u00eancia de Dados e Engenharia de Software \u2192 Engenharia de Software<\/li>\n<li>Orientadora: Leticia dos Santos Machado<\/li>\n<li>Candidato Selecionado sem bolsa<\/li>\n<\/ul>\n<h3>23\/08 Divulga\u00e7\u00e3o dos Selecionados<\/h3>\n<p><a href=\"http:\/\/www.inf.ufrgs.br\/ppgc\/wp-content\/uploads\/2024\/08\/Candidatos-Selecionados-Mestrado-2024_2.pdf\">A rela\u00e7\u00e3o de candidatos(as) selecionados est\u00e1 dispon\u00edvel neste link<\/a>. Cada candidato(a) tamb\u00e9m pode visualizar a sua situa\u00e7\u00e3o de sele\u00e7\u00e3o no Sistema de Inscri\u00e7\u00f5es. Aten\u00e7\u00e3o para o prazo para recursos e a data limite para confirma\u00e7\u00e3o dos selecionados conforme cronograma do edital de sele\u00e7\u00e3o.<\/p>\n<h3>30\/07 Rela\u00e7\u00e3o de Inscri\u00e7\u00f5es Recebidas e Situa\u00e7\u00e3o<\/h3>\n<p>Em atendimento aos termos do Edital Sele\u00e7\u00e3o Mestrado Regular &#8211; 2024\/2, segue a rela\u00e7\u00e3o de inscri\u00e7\u00f5es e a situa\u00e7\u00e3o. Os candidatos com inscri\u00e7\u00f5es n\u00e3o homologadas tem prazo de dois dias \u00fateis para entrar com recurso.<\/p>\n<ul>\n<li><a href=\"http:\/\/www.inf.ufrgs.br\/ppgc\/wp-content\/uploads\/2024\/07\/Candidatos-com-Inscricao-submetida-no-Processo-Seletivo-Mestrado-Academico-2024_2.pdf\">Clique aqui para visualizar a rela\u00e7\u00e3o de inscri\u00e7\u00f5es no Edital Sele\u00e7\u00e3o Mestrado 2024\/2.<\/a><\/li>\n<\/ul>\n<h3>12\/07 Pedidos de Isen\u00e7\u00e3o de Pagamento de Taxa de Inscri\u00e7\u00e3o &#8211; Edital Sele\u00e7\u00e3o Mestrado 2024\/2<\/h3>\n<p>Em atendimento aos termos do Edital Sele\u00e7\u00e3o Mestrado Regular &#8211; 2024\/2, segue a rela\u00e7\u00e3o de pedidos de isen\u00e7\u00e3o de inscri\u00e7\u00e3o e a situa\u00e7\u00e3o. Os candidatos tem o prazo de dois dias \u00fateis, a partir do recebimento da notifica\u00e7\u00e3o de indeferimento, para entrar com recurso \u00e0 decis\u00e3o.<\/p>\n<ul>\n<li>Fernande Luma\u00a0 &#8211; DEFERIDO<\/li>\n<li>Ivan de Oliveira &#8211; INDEFERIDO<\/li>\n<\/ul>\n<h3><strong>19\/06 Primeiro Termo Aditivo &#8211; Edital Sele\u00e7\u00e3o Mestrado Regular &#8211; 2024\/2<\/strong><\/h3>\n<p>Avisamos que est\u00e1 dispon\u00edvel o Primeiro Termo Aditivo ao Edital Sele\u00e7\u00e3o Mestrado Regular &#8211; 2024\/2. As inscri\u00e7\u00f5es para o processo seletivo ser\u00e3o reabertas no per\u00edodo de 1 a 26 de julho.<\/p>\n<ul>\n<li><a href=\"http:\/\/www.inf.ufrgs.br\/ppgc\/wp-content\/uploads\/2024\/06\/Primeiro-Termo-Aditivo-Edital-PPGC-002_2024-Mestrado-Segundo-Semestre.pdf\">Clique aqui para visualizar o Primeiro Termo Aditivo.<\/a><\/li>\n<li><a href=\"http:\/\/www.inf.ufrgs.br\/ppgc\/wp-content\/uploads\/2024\/06\/Edital-PPGC-002_2024-Mestrado-Segundo-Semestre-PRIMEIRO-TERMO-ADITIVO.pdf\">Clique aqui para visualizar o Edital Sele\u00e7\u00e3o Mestrado Regular &#8211; 2024\/2.<\/a><\/li>\n<\/ul>\n<h3><span style=\"color: #000000;\"><strong>29\/05 Aviso de Suspens\u00e3o de Datas do Edital Sele\u00e7\u00e3o Mestrado Regular &#8211; 2024\/2<\/strong><\/span><\/h3>\n<p><span style=\"color: #000000;\">Avisamos que o cronograma do Edital Sele\u00e7\u00e3o Mestrado Regular &#8211; 2024\/2 est\u00e1 suspenso at\u00e9 segunda ordem, aguardando novo calend\u00e1rio da UFRGS.<\/span><\/p>\n<h3><strong>Edital Sele\u00e7\u00e3o Mestrado Regular &#8211; 2024\/2<\/strong><\/h3>\n<p>O Edital para as inscri\u00e7\u00f5es ao Mestrado (com ingresso em 2024\/2) est\u00e1 dispon\u00edvel. <span style=\"color: #ff0000;\"><del>O per\u00edodo de inscri\u00e7\u00f5es vai de 6 a 19 de junho de 2024. Para mais informa\u00e7\u00f5es e para instru\u00e7\u00f5es sobre a inscri\u00e7\u00e3o, <a style=\"color: #ff0000;\" href=\"http:\/\/www.inf.ufrgs.br\/ppgc\/wp-content\/uploads\/2024\/06\/Edital-PPGC-002_2024-Mestrado-Segundo-Semestre-PRIMEIRO-TERMO-ADITIVO.pdf\">clique aqui.<\/a><\/del><\/span><\/p>\n<p>As inscri\u00e7\u00f5es s\u00e3o feitas somente atrav\u00e9s do <a href=\"https:\/\/www.inf.ufrgs.br\/ppgc\/applying\">Sistema de Inscri\u00e7\u00f5es do PPGC<\/a>.<\/p>\n<p>Visite nossa <a href=\"https:\/\/www.inf.ufrgs.br\/ppgc\/mestrado\/faq-selecao-msc\/\">P\u00e1gina de Perguntas Frequentes<\/a> para tirar suas d\u00favidas sobre o processo de aplica\u00e7\u00e3o (<a href=\"https:\/\/www.inf.ufrgs.br\/ppgc\/mestrado\/faq-selecao-msc\/\">https:\/\/www.inf.ufrgs.br\/ppgc\/mestrado\/faq-selecao-msc\/<\/a>).<\/p>\n<p>Caso a d\u00favida persista, favor entrar em contato atrav\u00e9s do email <a href=\"mailto:ppgc@inf.ufrgs.br\">ppgc@inf.ufrgs.br<\/a>.<\/p>\n","protected":false},"excerpt":{"rendered":"<p>29\/08 Resultado de Recursos &#8211; Selecionados Em atendimento aos termos do Edital Sele\u00e7\u00e3o Mestrado Regular &#8211; 2024\/2, segue a rela\u00e7\u00e3o de pedidos de recursos ao resultado da sele\u00e7\u00e3o e a situa\u00e7\u00e3o. JOSE NEWTON DE LACERDA ALMERAO JUNIOR &#8211; DEFERIDO Candidato: JOSE NEWTON DE LACERDA ALMERAO JUNIOR Linha de pesquisa: Ci\u00eancia de Dados e Engenharia de [&hellip;]<\/p>\n","protected":false},"author":24,"featured_media":0,"parent":387,"menu_order":20,"comment_status":"closed","ping_status":"closed","template":"","meta":[],"_links":{"self":[{"href":"https:\/\/www.inf.ufrgs.br\/ppgc\/wp-json\/wp\/v2\/pages\/6578"}],"collection":[{"href":"https:\/\/www.inf.ufrgs.br\/ppgc\/wp-json\/wp\/v2\/pages"}],"about":[{"href":"https:\/\/www.inf.ufrgs.br\/ppgc\/wp-json\/wp\/v2\/types\/page"}],"author":[{"embeddable":true,"href":"https:\/\/www.inf.ufrgs.br\/ppgc\/wp-json\/wp\/v2\/users\/24"}],"replies":[{"embeddable":true,"href":"https:\/\/www.inf.ufrgs.br\/ppgc\/wp-json\/wp\/v2\/comments?post=6578"}],"version-history":[{"count":15,"href":"https:\/\/www.inf.ufrgs.br\/ppgc\/wp-json\/wp\/v2\/pages\/6578\/revisions"}],"predecessor-version":[{"id":6744,"href":"https:\/\/www.inf.ufrgs.br\/ppgc\/wp-json\/wp\/v2\/pages\/6578\/revisions\/6744"}],"up":[{"embeddable":true,"href":"https:\/\/www.inf.ufrgs.br\/ppgc\/wp-json\/wp\/v2\/pages\/387"}],"wp:attachment":[{"href":"https:\/\/www.inf.ufrgs.br\/ppgc\/wp-json\/wp\/v2\/media?parent=6578"}],"curies":[{"name":"wp","href":"https:\/\/api.w.org\/{rel}","templated":true}]}}