{"id":6692,"date":"2024-08-05T14:06:45","date_gmt":"2024-08-05T17:06:45","guid":{"rendered":"https:\/\/www.inf.ufrgs.br\/ppgc\/?page_id=6692"},"modified":"2025-07-09T17:22:41","modified_gmt":"2025-07-09T20:22:41","slug":"ecoa-2024-escola-de-computacao-avancada","status":"publish","type":"page","link":"https:\/\/www.inf.ufrgs.br\/ppgc\/ecoa-2024-escola-de-computacao-avancada\/","title":{"rendered":"ECOA 2024 &mdash; II Escola de Computa\u00e7\u00e3o Avan\u00e7ada"},"content":{"rendered":"<p><img loading=\"lazy\" class=\"wp-image-6726 alignright\" src=\"http:\/\/www.inf.ufrgs.br\/ppgc\/wp-content\/uploads\/2024\/08\/LOGO-ESCOLA-ECOA-arrumado-300x300.jpg\" alt=\"\" width=\"259\" height=\"259\" srcset=\"http:\/\/www.inf.ufrgs.br\/ppgc\/wp-content\/uploads\/2024\/08\/LOGO-ESCOLA-ECOA-arrumado-300x300.jpg 300w, http:\/\/www.inf.ufrgs.br\/ppgc\/wp-content\/uploads\/2024\/08\/LOGO-ESCOLA-ECOA-arrumado-1024x1024.jpg 1024w, http:\/\/www.inf.ufrgs.br\/ppgc\/wp-content\/uploads\/2024\/08\/LOGO-ESCOLA-ECOA-arrumado-150x150.jpg 150w, http:\/\/www.inf.ufrgs.br\/ppgc\/wp-content\/uploads\/2024\/08\/LOGO-ESCOLA-ECOA-arrumado-768x768.jpg 768w, http:\/\/www.inf.ufrgs.br\/ppgc\/wp-content\/uploads\/2024\/08\/LOGO-ESCOLA-ECOA-arrumado-1536x1536.jpg 1536w, http:\/\/www.inf.ufrgs.br\/ppgc\/wp-content\/uploads\/2024\/08\/LOGO-ESCOLA-ECOA-arrumado-118x118.jpg 118w, http:\/\/www.inf.ufrgs.br\/ppgc\/wp-content\/uploads\/2024\/08\/LOGO-ESCOLA-ECOA-arrumado.jpg 2000w\" sizes=\"(max-width: 259px) 100vw, 259px\" \/><\/p>\n<h2>Chamada para Participa\u00e7\u00e3o<\/h2>\n<p>A evolu\u00e7\u00e3o da <span class=\"il\">computa\u00e7\u00e3o<\/span> nos \u00faltimos 50 anos passou pelo foco no algoritmo e sua execu\u00e7\u00e3o eficiente, com dados locais, para foco na informa\u00e7\u00e3o global, com m\u00e1quinas capazes de entender o problema e resolv\u00ea-lo autonomamente. A velocidade da difus\u00e3o dos avan\u00e7os tecnol\u00f3gicos e o surgimento de muitas novas \u00e1reas espec\u00edficas da <span class=\"il\">Computa\u00e7\u00e3o<\/span> trazem desafios mas tamb\u00e9m oportunidades de pesquisa. Aliando-se especificidade com necessidade de velocidade, fica evidente que a capacidade de aprender e saber utilizar novos conceitos \u00e9 um diferencial importante na forma\u00e7\u00e3o de profissionais capacitados.<\/p>\n<p>Neste contexto, o <span class=\"il\">PPGC<\/span> vai realizar a segunda edi\u00e7\u00e3o da <span class=\"il\">Escola<\/span> de <span class=\"il\">Computa\u00e7\u00e3o<\/span>, denominada <span style=\"text-decoration: underline;\"><strong>ECOA 2024 &#8211; II Escola de Computa\u00e7\u00e3o Avan\u00e7ada<\/strong><\/span>. A Escola visa se consolidar como um f\u00f3rum dedicado ao estudo de aspectos avan\u00e7ados da <span class=\"il\">Computa\u00e7\u00e3o<\/span>. A <span class=\"il\">Escola<\/span> \u00e9 voltada a alunos de gradua\u00e7\u00e3o, p\u00f3s e sociedade em geral, onde temas do estado-da-arte que reflitam a evolu\u00e7\u00e3o futura ser\u00e3o discutidos.<\/p>\n<h2>Programa\u00e7\u00e3o do Evento<\/h2>\n<p>Segue a programa\u00e7\u00e3o preliminar do evento, sujeita a modifica\u00e7\u00f5es.<\/p>\n<p><img loading=\"lazy\" class=\"alignnone wp-image-6788\" src=\"http:\/\/www.inf.ufrgs.br\/ppgc\/wp-content\/uploads\/2024\/09\/ECOA-ProgramacaoPreliminar.png\" alt=\"\" width=\"1034\" height=\"719\" \/><\/p>\n<h2>Palestras e Professores<\/h2>\n<ul>\n<li><strong>Intelig\u00eancia Artificial Neuro-Simb\u00f3lica: Perspectivas e Tend\u00eancias<\/strong> (<em>Andr\u00e9 Grahl Pereira<\/em>)<\/li>\n<li><strong>Do Sil\u00edcio \u00e0 Nuvem: Forjando o Caminho da IA com Hardware Inteligente<\/strong> (<em>Antonio Carlos S. Beck Filho<\/em>)<\/li>\n<li><strong>Sustentabilidade e Desempenho: Uma Parceria Vi\u00e1vel?<\/strong> (<em>Arthur Francisco Lorenzon, Philippe O. A. Navaux<\/em>)<\/li>\n<li><strong>Exibi\u00e7\u00e3o de Imagens com Alta Fidelidade usando Processamento de Sinais Avan\u00e7ado<\/strong> (<em>Eduardo S.L. Gastal<\/em>)<\/li>\n<li><strong>Perspectivas em Internet Qu\u00e2ntica e Seguran\u00e7a resistente \u00e0 Computa\u00e7\u00e3o Qu\u00e2ntica<\/strong> (<em>J\u00e9ferson Campos Nobre, Weverton Cordeiro<\/em>)<\/li>\n<li><strong>O que as LLMs podem fazer pela Ci\u00eancia Social Computacional?<\/strong> (<em>Karin Becker<\/em>)<\/li>\n<li><strong>Renascimento da Arte no Projeto de Algoritmos<\/strong> (<em>Luigi Carro<\/em>)<\/li>\n<li><strong>Aumentando a Competividade de Indiv\u00edduos Dalt\u00f4nicos em Jogos Eletr\u00f4nicos<\/strong> (<em>Manuel Menezes de Oliveira Neto<\/em>)<\/li>\n<li><strong>A SIMBIOSE entre HPC e IA<\/strong> (<em>Philippe O. A. Navaux, Arthur Francisco Lorenzon<\/em>)<\/li>\n<li><strong>Mundo Desconectado e Invis\u00edvel: Desafios e Oportunidades de Pesquisa para Mitigar a Desigualdade Digital<\/strong> (<em>Weverton Cordeiro<\/em>)<\/li>\n<\/ul>\n<h2>Datas e Formato<\/h2>\n<p>As datas para realiza\u00e7\u00e3o da ECOA 2024 s\u00e3o 17 e 18 de setembro. A Escola ser\u00e1 realizada no <a href=\"https:\/\/maps.app.goo.gl\/1SuSCSRsrDs28Xy77\">Centro de Eventos do Instituto de Inform\u00e1tica da UFRGS<\/a>.<\/p>\n<p><iframe loading=\"lazy\" style=\"border: 0;\" src=\"https:\/\/www.google.com\/maps\/embed?pb=!1m18!1m12!1m3!1d769.0455798661741!2d-51.12084736306452!3d-30.06846962348046!2m3!1f0!2f0!3f0!3m2!1i1024!2i768!4f13.1!3m3!1m2!1s0x95199db92104c0ef%3A0x8bfff35c9f62eee7!2sINF%20-%20Instituto%20de%20Inform%C3%A1tica%20da%20Universidade%20Federal%20do%20Rio%20Grande%20do%20Sul!5e0!3m2!1spt-BR!2sbr!4v1722877377727!5m2!1spt-BR!2sbr\" width=\"400\" height=\"300\" allowfullscreen=\"allowfullscreen\"><span style=\"display: inline-block; width: 0px; overflow: hidden; line-height: 0;\" data-mce-type=\"bookmark\" class=\"mce_SELRES_start\">\ufeff<\/span><\/iframe><\/p>\n<h2>Inscri\u00e7\u00f5es<\/h2>\n<p>As inscri\u00e7\u00f5es est\u00e3o abertas no site <a href=\"https:\/\/centraldesistemas.sbc.org.br\/ecos\/ecoa2025\">https:\/\/centraldesistemas.sbc.org.br\/ecos\/ecoa2025<\/a><\/p>\n<p>Devido a limita\u00e7\u00f5es de espa\u00e7o, as inscri\u00e7\u00f5es ser\u00e3o limitadas a 100 pessoas, e atendidas no modelo <em><span style=\"text-decoration: underline;\"><strong>first come-first serve<\/strong><\/span><\/em>. Ser\u00e1 cobrada uma taxa simb\u00f3lica de R$ 25,00 para confirma\u00e7\u00e3o da inscri\u00e7\u00e3o.<\/p>\n<p>Todos os participantes receber\u00e3o um certificado da SBC de participa\u00e7\u00e3o.<\/p>\n<p>&nbsp;<\/p>\n<table border=\"0\" width=\"100%\">\n<tbody>\n<tr>\n<td style=\"width: 50%;\" colspan=\"2\" align=\"center\" valign=\"top\">\n<h2>Patroc\u00ednio<\/h2>\n<table border=\"0\">\n<tbody>\n<tr>\n<td style=\"vertical-align: middle; width: 250px;\"><a href=\"https:\/\/www.nelogica.com.br\/\"><img loading=\"lazy\" class=\"wp-image-6119 aligncenter\" src=\"http:\/\/www.inf.ufrgs.br\/ppgc\/wp-content\/uploads\/2023\/10\/nelogica-300x107.png\" alt=\"\" width=\"216\" height=\"77\" srcset=\"http:\/\/www.inf.ufrgs.br\/ppgc\/wp-content\/uploads\/2023\/10\/nelogica-300x107.png 300w, http:\/\/www.inf.ufrgs.br\/ppgc\/wp-content\/uploads\/2023\/10\/nelogica-1024x365.png 1024w, http:\/\/www.inf.ufrgs.br\/ppgc\/wp-content\/uploads\/2023\/10\/nelogica-768x274.png 768w, http:\/\/www.inf.ufrgs.br\/ppgc\/wp-content\/uploads\/2023\/10\/nelogica-200x71.png 200w, http:\/\/www.inf.ufrgs.br\/ppgc\/wp-content\/uploads\/2023\/10\/nelogica.png 1345w\" sizes=\"(max-width: 216px) 100vw, 216px\" \/><\/a><\/td>\n<td style=\"width: 52px;\"><\/td>\n<td style=\"vertical-align: middle; width: 250px;\"><a href=\"https:\/\/www.sap.com\/\"><img loading=\"lazy\" class=\"aligncenter wp-image-6790\" src=\"http:\/\/www.inf.ufrgs.br\/ppgc\/wp-content\/uploads\/2024\/09\/sap-logo-svg.png\" alt=\"\" width=\"127\" height=\"63\" srcset=\"http:\/\/www.inf.ufrgs.br\/ppgc\/wp-content\/uploads\/2024\/09\/sap-logo-svg.png 1024w, http:\/\/www.inf.ufrgs.br\/ppgc\/wp-content\/uploads\/2024\/09\/sap-logo-svg-300x149.png 300w, http:\/\/www.inf.ufrgs.br\/ppgc\/wp-content\/uploads\/2024\/09\/sap-logo-svg-768x380.png 768w, http:\/\/www.inf.ufrgs.br\/ppgc\/wp-content\/uploads\/2024\/09\/sap-logo-svg-200x99.png 200w\" sizes=\"(max-width: 127px) 100vw, 127px\" \/><\/a><\/td>\n<\/tr>\n<tr>\n<td style=\"height: 50px;\" colspan=\"3\"><\/td>\n<\/tr>\n<tr>\n<td style=\"vertical-align: middle; width: 250px;\"><a href=\"https:\/\/www.sdc.com.br\/\"><img loading=\"lazy\" class=\"aligncenter wp-image-6803\" src=\"http:\/\/www.inf.ufrgs.br\/ppgc\/wp-content\/uploads\/2024\/09\/Logo-SDC.png\" alt=\"\" width=\"191\" height=\"78\" srcset=\"http:\/\/www.inf.ufrgs.br\/ppgc\/wp-content\/uploads\/2024\/09\/Logo-SDC.png 2481w, http:\/\/www.inf.ufrgs.br\/ppgc\/wp-content\/uploads\/2024\/09\/Logo-SDC-300x123.png 300w, http:\/\/www.inf.ufrgs.br\/ppgc\/wp-content\/uploads\/2024\/09\/Logo-SDC-1024x420.png 1024w, http:\/\/www.inf.ufrgs.br\/ppgc\/wp-content\/uploads\/2024\/09\/Logo-SDC-768x315.png 768w, http:\/\/www.inf.ufrgs.br\/ppgc\/wp-content\/uploads\/2024\/09\/Logo-SDC-1536x630.png 1536w, http:\/\/www.inf.ufrgs.br\/ppgc\/wp-content\/uploads\/2024\/09\/Logo-SDC-2048x840.png 2048w, http:\/\/www.inf.ufrgs.br\/ppgc\/wp-content\/uploads\/2024\/09\/Logo-SDC-200x82.png 200w\" sizes=\"(max-width: 191px) 100vw, 191px\" \/><\/a><\/td>\n<td style=\"width: 52px;\"><\/td>\n<td style=\"vertical-align: middle; width: 250px;\"><a href=\"https:\/\/www.aprix.com.br\"><img loading=\"lazy\" class=\"alignnone size-full wp-image-6845\" src=\"http:\/\/www.inf.ufrgs.br\/ppgc\/wp-content\/uploads\/2024\/09\/aprix-hires.png\" alt=\"\" width=\"2048\" height=\"550\" srcset=\"http:\/\/www.inf.ufrgs.br\/ppgc\/wp-content\/uploads\/2024\/09\/aprix-hires.png 2048w, http:\/\/www.inf.ufrgs.br\/ppgc\/wp-content\/uploads\/2024\/09\/aprix-hires-300x81.png 300w, http:\/\/www.inf.ufrgs.br\/ppgc\/wp-content\/uploads\/2024\/09\/aprix-hires-1024x275.png 1024w, http:\/\/www.inf.ufrgs.br\/ppgc\/wp-content\/uploads\/2024\/09\/aprix-hires-768x206.png 768w, http:\/\/www.inf.ufrgs.br\/ppgc\/wp-content\/uploads\/2024\/09\/aprix-hires-1536x413.png 1536w, http:\/\/www.inf.ufrgs.br\/ppgc\/wp-content\/uploads\/2024\/09\/aprix-hires-200x54.png 200w\" sizes=\"(max-width: 2048px) 100vw, 2048px\" \/><\/a><\/td>\n<\/tr>\n<tr>\n<td style=\"height: 30px;\" colspan=\"3\"><\/td>\n<\/tr>\n<\/tbody>\n<\/table>\n<\/td>\n<\/tr>\n<tr>\n<td>\n<h2>Apoio<\/h2>\n<p><center><a href=\"https:\/\/www.gov.br\/capes\/pt-br\"><img loading=\"lazy\" class=\"alignnone wp-image-6124\" src=\"https:\/\/www.inf.ufrgs.br\/ppgc\/wp-content\/uploads\/2023\/10\/logo-original-fundo-claro-300x300.jpg\" sizes=\"(max-width: 163px) 100vw, 163px\" srcset=\"https:\/\/www.inf.ufrgs.br\/ppgc\/wp-content\/uploads\/2023\/10\/logo-original-fundo-claro-300x300.jpg 300w, https:\/\/www.inf.ufrgs.br\/ppgc\/wp-content\/uploads\/2023\/10\/logo-original-fundo-claro-150x150.jpg 150w, https:\/\/www.inf.ufrgs.br\/ppgc\/wp-content\/uploads\/2023\/10\/logo-original-fundo-claro-768x766.jpg 768w, https:\/\/www.inf.ufrgs.br\/ppgc\/wp-content\/uploads\/2023\/10\/logo-original-fundo-claro-118x118.jpg 118w, https:\/\/www.inf.ufrgs.br\/ppgc\/wp-content\/uploads\/2023\/10\/logo-original-fundo-claro.jpg 850w\" alt=\"\" width=\"123\" height=\"123\" \/><\/a> \u00a0 \u00a0 \u00a0 \u00a0 \u00a0 \u00a0 \u00a0 <a href=\"https:\/\/www.sbc.org.br\/\"><img loading=\"lazy\" class=\"alignnone wp-image-6023\" src=\"https:\/\/www.inf.ufrgs.br\/ppgc\/wp-content\/uploads\/2023\/08\/sbc-200x300.jpg\" sizes=\"(max-width: 97px) 100vw, 97px\" srcset=\"https:\/\/www.inf.ufrgs.br\/ppgc\/wp-content\/uploads\/2023\/08\/sbc-200x300.jpg 200w, https:\/\/www.inf.ufrgs.br\/ppgc\/wp-content\/uploads\/2023\/08\/sbc-682x1024.jpg 682w, https:\/\/www.inf.ufrgs.br\/ppgc\/wp-content\/uploads\/2023\/08\/sbc-768x1154.jpg 768w, https:\/\/www.inf.ufrgs.br\/ppgc\/wp-content\/uploads\/2023\/08\/sbc-1023x1536.jpg 1023w, https:\/\/www.inf.ufrgs.br\/ppgc\/wp-content\/uploads\/2023\/08\/sbc-79x118.jpg 79w, https:\/\/www.inf.ufrgs.br\/ppgc\/wp-content\/uploads\/2023\/08\/sbc.jpg 1165w\" alt=\"\" width=\"81\" height=\"122\" \/><\/a><\/center><\/td>\n<td>\n<h2>Local<\/h2>\n<p><center><img loading=\"lazy\" class=\"alignnone wp-image-468\" src=\"http:\/\/www.inf.ufrgs.br\/ppgc\/wp-content\/uploads\/2015\/12\/logoppgc.png\" alt=\"\" width=\"187\" height=\"118\" srcset=\"http:\/\/www.inf.ufrgs.br\/ppgc\/wp-content\/uploads\/2015\/12\/logoppgc.png 189w, http:\/\/www.inf.ufrgs.br\/ppgc\/wp-content\/uploads\/2015\/12\/logoppgc-187x118.png 187w\" sizes=\"(max-width: 187px) 100vw, 187px\" \/><\/center>&nbsp;<\/td>\n<\/tr>\n<\/tbody>\n<\/table>\n","protected":false},"excerpt":{"rendered":"<p>Chamada para Participa\u00e7\u00e3o A evolu\u00e7\u00e3o da computa\u00e7\u00e3o nos \u00faltimos 50 anos passou pelo foco no algoritmo e sua execu\u00e7\u00e3o eficiente, com dados locais, para foco na informa\u00e7\u00e3o global, com m\u00e1quinas capazes de entender o problema e resolv\u00ea-lo autonomamente. A velocidade da difus\u00e3o dos avan\u00e7os tecnol\u00f3gicos e o surgimento de muitas novas \u00e1reas espec\u00edficas da Computa\u00e7\u00e3o [&hellip;]<\/p>\n","protected":false},"author":24,"featured_media":0,"parent":0,"menu_order":0,"comment_status":"closed","ping_status":"closed","template":"","meta":[],"_links":{"self":[{"href":"https:\/\/www.inf.ufrgs.br\/ppgc\/wp-json\/wp\/v2\/pages\/6692"}],"collection":[{"href":"https:\/\/www.inf.ufrgs.br\/ppgc\/wp-json\/wp\/v2\/pages"}],"about":[{"href":"https:\/\/www.inf.ufrgs.br\/ppgc\/wp-json\/wp\/v2\/types\/page"}],"author":[{"embeddable":true,"href":"https:\/\/www.inf.ufrgs.br\/ppgc\/wp-json\/wp\/v2\/users\/24"}],"replies":[{"embeddable":true,"href":"https:\/\/www.inf.ufrgs.br\/ppgc\/wp-json\/wp\/v2\/comments?post=6692"}],"version-history":[{"count":70,"href":"https:\/\/www.inf.ufrgs.br\/ppgc\/wp-json\/wp\/v2\/pages\/6692\/revisions"}],"predecessor-version":[{"id":7264,"href":"https:\/\/www.inf.ufrgs.br\/ppgc\/wp-json\/wp\/v2\/pages\/6692\/revisions\/7264"}],"wp:attachment":[{"href":"https:\/\/www.inf.ufrgs.br\/ppgc\/wp-json\/wp\/v2\/media?parent=6692"}],"curies":[{"name":"wp","href":"https:\/\/api.w.org\/{rel}","templated":true}]}}