{"id":67,"date":"2015-12-18T14:09:21","date_gmt":"2015-12-18T16:09:21","guid":{"rendered":"http:\/\/www.inf.ufrgs.br\/ppgc_wp\/?page_id=67"},"modified":"2025-08-18T12:52:22","modified_gmt":"2025-08-18T15:52:22","slug":"coordenacao","status":"publish","type":"page","link":"https:\/\/www.inf.ufrgs.br\/ppgc\/institucional\/coordenacao\/","title":{"rendered":"Coordena\u00e7\u00e3o"},"content":{"rendered":"<p><strong>Coordena\u00e7\u00e3o Geral:<\/strong><\/p>\n<ul>\n<li>Prof. Dr. <a href=\"https:\/\/www.inf.ufrgs.br\/site\/docente\/gabriel-luca-nazar\/\" target=\"_blank\" rel=\"noopener\">Gabriel Luca Nazar<\/a> (Coordenador)<\/li>\n<li>Prof. Dr. <a href=\"https:\/\/www.inf.ufrgs.br\/site\/docente\/weverton-luis-da-costa-cordeiro\/\" target=\"_blank\" rel=\"noopener\">Weverton Luis Da Costa Cordeiro<\/a> (Coordenador Substituto)<\/li>\n<\/ul>\n<p><strong><br \/>\nComiss\u00e3o de P\u00f3s-Gradua\u00e7\u00e3o:<\/strong><\/p>\n<ul>\n<li>Prof. Dr. <a href=\"https:\/\/www.inf.ufrgs.br\/site\/docente\/gabriel-luca-nazar\/\" target=\"_blank\" rel=\"noopener\">Gabriel Luca Nazar<\/a> (Coordenador)<\/li>\n<li>Prof. Dr. <a href=\"https:\/\/www.inf.ufrgs.br\/site\/docente\/weverton-luis-da-costa-cordeiro\/\" target=\"_blank\" rel=\"noopener\">Weverton Luis Da Costa Cordeiro<\/a> (Coordenador Substituto)<\/li>\n<li>Prof. Dr. <a href=\"https:\/\/www.inf.ufrgs.br\/site\/docente\/arthur-francisco-lorenzon\/\" target=\"_blank\" rel=\"noopener\">Arthur Francisco Lorenzon<\/a><\/li>\n<li>Prof. Dr. <a href=\"https:\/\/www.inf.ufrgs.br\/site\/docente\/claudio-jung\/\" target=\"_blank\" rel=\"noopener\">Claudio Rosito Jung<\/a><\/li>\n<li>Prof. Dr. <a href=\"https:\/\/www.inf.ufrgs.br\/site\/docente\/lucas-mello-schnorr\/\" target=\"_blank\" rel=\"noopener\">Lucas Mello Schnorr<\/a><\/li>\n<li>Prof. Dr. <a href=\"https:\/\/www.inf.ufrgs.br\/site\/docente\/renan-de-queiroz-maffei\/\" target=\"_blank\" rel=\"noopener\">Renan De Queiroz Maffei<\/a><\/li>\n<li>Laura Rodrigues Soares\u00a0 (Representante Discente)<\/li>\n<\/ul>\n","protected":false},"excerpt":{"rendered":"<p>Coordena\u00e7\u00e3o Geral: Prof. Dr. Gabriel Luca Nazar (Coordenador) Prof. Dr. Weverton Luis Da Costa Cordeiro (Coordenador Substituto) Comiss\u00e3o de P\u00f3s-Gradua\u00e7\u00e3o: Prof. Dr. Gabriel Luca Nazar (Coordenador) Prof. Dr. Weverton Luis Da Costa Cordeiro (Coordenador Substituto) Prof. Dr. Arthur Francisco Lorenzon Prof. Dr. Claudio Rosito Jung Prof. Dr. Lucas Mello Schnorr Prof. Dr. Renan De Queiroz [&hellip;]<\/p>\n","protected":false},"author":1,"featured_media":0,"parent":47,"menu_order":0,"comment_status":"closed","ping_status":"closed","template":"","meta":[],"_links":{"self":[{"href":"https:\/\/www.inf.ufrgs.br\/ppgc\/wp-json\/wp\/v2\/pages\/67"}],"collection":[{"href":"https:\/\/www.inf.ufrgs.br\/ppgc\/wp-json\/wp\/v2\/pages"}],"about":[{"href":"https:\/\/www.inf.ufrgs.br\/ppgc\/wp-json\/wp\/v2\/types\/page"}],"author":[{"embeddable":true,"href":"https:\/\/www.inf.ufrgs.br\/ppgc\/wp-json\/wp\/v2\/users\/1"}],"replies":[{"embeddable":true,"href":"https:\/\/www.inf.ufrgs.br\/ppgc\/wp-json\/wp\/v2\/comments?post=67"}],"version-history":[{"count":26,"href":"https:\/\/www.inf.ufrgs.br\/ppgc\/wp-json\/wp\/v2\/pages\/67\/revisions"}],"predecessor-version":[{"id":7362,"href":"https:\/\/www.inf.ufrgs.br\/ppgc\/wp-json\/wp\/v2\/pages\/67\/revisions\/7362"}],"up":[{"embeddable":true,"href":"https:\/\/www.inf.ufrgs.br\/ppgc\/wp-json\/wp\/v2\/pages\/47"}],"wp:attachment":[{"href":"https:\/\/www.inf.ufrgs.br\/ppgc\/wp-json\/wp\/v2\/media?parent=67"}],"curies":[{"name":"wp","href":"https:\/\/api.w.org\/{rel}","templated":true}]}}