{"id":6706,"date":"2024-08-10T00:54:58","date_gmt":"2024-08-10T03:54:58","guid":{"rendered":"https:\/\/www.inf.ufrgs.br\/ppgc\/?page_id=6706"},"modified":"2025-08-11T15:30:55","modified_gmt":"2025-08-11T18:30:55","slug":"eventos-ppgc","status":"publish","type":"page","link":"https:\/\/www.inf.ufrgs.br\/ppgc\/eventos-ppgc\/","title":{"rendered":"Eventos &#8211; PPGC"},"content":{"rendered":"<ul>\n<li><a href=\"https:\/\/www.inf.ufrgs.br\/ppgc\/ecoa-2025-escola-de-computacao-avancada\/\">ECOA 2025 &#8211; III Escola de Computa\u00e7\u00e3o Avan\u00e7ada<\/a><\/li>\n<li><a href=\"https:\/\/www.inf.ufrgs.br\/ppgc\/ecoa-2024-escola-de-computacao-avancada\/\">ECOA 2024 &#8211; II Escola de Computa\u00e7\u00e3o Avan\u00e7ada<\/a><\/li>\n<li><a href=\"https:\/\/www.inf.ufrgs.br\/ppgc\/escola50anos\/\">ECOA 2023 &#8211; I Escola de Computa\u00e7\u00e3o Avan\u00e7ada (Edi\u00e7\u00e3o PPGC\/UFRGS 50 Anos)<\/a><\/li>\n<\/ul>\n<p>&nbsp;<\/p>\n","protected":false},"excerpt":{"rendered":"<p>ECOA 2025 &#8211; III Escola de Computa\u00e7\u00e3o Avan\u00e7ada ECOA 2024 &#8211; II Escola de Computa\u00e7\u00e3o Avan\u00e7ada ECOA 2023 &#8211; I Escola de Computa\u00e7\u00e3o Avan\u00e7ada (Edi\u00e7\u00e3o PPGC\/UFRGS 50 Anos) &nbsp;<\/p>\n","protected":false},"author":24,"featured_media":0,"parent":0,"menu_order":0,"comment_status":"closed","ping_status":"closed","template":"","meta":[],"_links":{"self":[{"href":"https:\/\/www.inf.ufrgs.br\/ppgc\/wp-json\/wp\/v2\/pages\/6706"}],"collection":[{"href":"https:\/\/www.inf.ufrgs.br\/ppgc\/wp-json\/wp\/v2\/pages"}],"about":[{"href":"https:\/\/www.inf.ufrgs.br\/ppgc\/wp-json\/wp\/v2\/types\/page"}],"author":[{"embeddable":true,"href":"https:\/\/www.inf.ufrgs.br\/ppgc\/wp-json\/wp\/v2\/users\/24"}],"replies":[{"embeddable":true,"href":"https:\/\/www.inf.ufrgs.br\/ppgc\/wp-json\/wp\/v2\/comments?post=6706"}],"version-history":[{"count":4,"href":"https:\/\/www.inf.ufrgs.br\/ppgc\/wp-json\/wp\/v2\/pages\/6706\/revisions"}],"predecessor-version":[{"id":7342,"href":"https:\/\/www.inf.ufrgs.br\/ppgc\/wp-json\/wp\/v2\/pages\/6706\/revisions\/7342"}],"wp:attachment":[{"href":"https:\/\/www.inf.ufrgs.br\/ppgc\/wp-json\/wp\/v2\/media?parent=6706"}],"curies":[{"name":"wp","href":"https:\/\/api.w.org\/{rel}","templated":true}]}}