{"id":6780,"date":"2024-09-03T10:19:10","date_gmt":"2024-09-03T13:19:10","guid":{"rendered":"https:\/\/www.inf.ufrgs.br\/ppgc\/?page_id=6780"},"modified":"2026-01-27T10:07:36","modified_gmt":"2026-01-27T13:07:36","slug":"cmp627","status":"publish","type":"page","link":"https:\/\/www.inf.ufrgs.br\/ppgc\/disciplinas\/lista-de-disciplinas\/cmp627\/","title":{"rendered":"CMP627"},"content":{"rendered":"<h2><strong>Aprendizado Profundo<\/strong><\/h2>\n<p><strong>Respons\u00e1vel:<\/strong> Anderson Rocha Tavares<br \/>\n<strong>N\u00famero de cr\u00e9ditos\/carga hor\u00e1ria:<\/strong> 4 cr\u00e9ditos\/60 horas aula<br \/>\n<strong>Matr\u00edcula de Graduandos:<\/strong> INF01019 (T\u00f3picos Especiais em Computa\u00e7\u00e3o &#8211;<br \/>\nAprendizado Profundo)<\/p>\n<h4><strong>RESUMO<\/strong><\/h4>\n<p>Neur\u00f4nio artificial e sua organiza\u00e7\u00e3o em diversas arquiteturas de redes profundas<\/p>\n<h4><strong>OBJETIVOS<\/strong><\/h4>\n<p>Apresentar conceitos, t\u00e9cnicas e aplica\u00e7\u00f5es de aprendizado profundo, assim como as principais ferramentas para prototipagem e avalia\u00e7\u00e3o de modelos.<\/p>\n<h4><strong>PROGRAMA<\/strong><\/h4>\n<ul>\n<li>Neur\u00f4nio artificial: principio, fun\u00e7\u00f5es de ativa\u00e7\u00e3o, treino por descida de gradiente.<\/li>\n<li>Perceptron multicamadas e backpropagation<\/li>\n<li>Processamento de imagens: redes convolucionais<\/li>\n<li>Processamento de sequ\u00eancias: redes recorrentes<\/li>\n<li>Processamento de texto: transformers<\/li>\n<li>Processamento de grafos: graph neural networks<\/li>\n<li>IA generativa<\/li>\n<li>Fronteiras e limita\u00e7\u00f5es de aprendizado profundo<\/li>\n<li>Aprendizado profundo e a humanidade<\/li>\n<\/ul>\n<h4><strong>PROCEDIMENTOS DID\u00c1TICOS<\/strong><\/h4>\n<ul style=\"list-style-type: square;\">\n<li>Aulas expositivas e de exerc\u00edcios;<\/li>\n<li>Aulas de laborat\u00f3rio;<\/li>\n<li>Projeto extra-classe;<\/li>\n<li>Semin\u00e1rios<\/li>\n<\/ul>\n<h4><strong>PROCEDIMENTO DE AVALIA\u00c7\u00c3O<\/strong><\/h4>\n<p>O desempenho do aluno ser\u00e1 avaliado da seguinte forma:<\/p>\n<ul style=\"list-style-type: disc;\">\n<li>Prova: avalia\u00e7\u00e3o te\u00f3rica dos fundamentos e conceitos da disciplina;<\/li>\n<li>Laborat\u00f3rios e Exercicios (LE): exerc\u00edcios de fixa\u00e7\u00e3o; implementa\u00e7\u00f5es de algoritmos b\u00e1sicos e avalia\u00e7\u00e3o de modelos;<\/li>\n<li>Semin\u00e1rios: apresenta\u00e7\u00e3o de temas relevantes e participa\u00e7\u00e3o nos semin\u00e1rios dos colegas.<\/li>\n<li>Projeto final (Proj): aplica\u00e7\u00e3o e\/ou melhoria de sistema de aprendizado\u00a0 problema relevante;<\/li>\n<\/ul>\n<p>Composi\u00e7\u00e3o da nota final (NF):<\/p>\n<p>NF = (Prova*0,3) + (LE*0,2) + (Proj*0,3) + (Semin\u00e1rios*0,2)<\/p>\n<p>Ser\u00e1 aprovado o aluno que obtiver nota final (NF) acima de 6. Os conceitos ser\u00e3o atribu\u00eddos da seguinte forma:<\/p>\n<p>Conceito <strong>A:<\/strong> NF \u2265 9,0<br \/>\nConceito <strong>B:<\/strong> NF \u2265 7,5 e &lt; 9,0<br \/>\nConceito <strong>C<\/strong>: NF \u2265 6,0 e &lt; 7,5<br \/>\nConceito <strong>D<\/strong>: NF &lt; 6,0<br \/>\nConceito <strong>FF<\/strong>: caso o aluno n\u00e3o obtenha frequ\u00eancia m\u00ednima de 75% (sem direito a recupera\u00e7\u00e3o).<\/p>\n<h4><strong>ATIVIDADES DE RECUPERA\u00c7\u00c3O PREVISTAS<\/strong><\/h4>\n<p>Ser\u00e1 oferecida uma oportunidade de recupera\u00e7\u00e3o ao aluno que n\u00e3o alcan\u00e7ar m\u00e9dia m\u00ednima 6.0 e que atender \u00e0 condi\u00e7\u00e3o de ter a frequ\u00eancia m\u00ednima exigida de 75% A prova de recupera\u00e7\u00e3o versar\u00e1 sobre todo o conte\u00fado da disciplina e ser\u00e1 avaliada com um grau de 0 (zero) a 10 (dez) gerando a nota de recupera\u00e7\u00e3o (NR). A avalia\u00e7\u00e3o final, ap\u00f3s a recupera\u00e7\u00e3o, ser\u00e1 a seguinte:<br \/>\nSe NR &lt; 6,0: reprovado com conceito D<br \/>\nSe NR \u2265 6,0: aprovado com conceito C<\/p>\n<h4>BIBLIOGRAFIA<\/h4>\n<p><strong>B\u00e1sica essencial<\/strong><br \/>\nPRINCE, Simon JD. <em>Understanding deep learning<\/em>. MIT press, 2023. (http:\/\/udlbook.com)<\/p>\n<p><strong>B\u00e1sica<\/strong><br \/>\nGOODFELLOW, Ian; BENGIO, Yoshua; COURVILLE, Aaron. <em>Deep learning<\/em>. MIT press, 2016. (https:\/\/www.deeplearningbook.org\/)<\/p>\n<p>Michael A. Nielsen, <em>Neural Networks and Deep Learning<\/em>, Determination Press, 2015 (http:\/\/neuralnetworksanddeeplearning.com)<\/p>\n<p><strong>Complementar<\/strong><br \/>\nRUSSELL, Stuart J.; NORVIG, Peter. <em>Artificial Intelligence: A Modern Approach<\/em> (4th Edition), 2020<\/p>\n<p>William L. Hamilton. <em>Graph Representation Learning<\/em>. Montreal: Springer, 2020. ISBN 978-3031004605. Dispon\u00edvel em: https:\/\/www.cs.mcgill.ca\/~wlh\/grl_book\/<\/p>\n<p><strong>Outras refer\u00eancias<\/strong><br \/>\nGoodfellow, I., Pouget-Abadie, J., Mirza, M., Xu, B., Warde-Farley, D., Ozair, S., &#8230; &amp; Bengio, Y. (2020). <em>Generative adversarial networks<\/em>. Communications of the ACM, 63(11), 139-144<\/p>\n<p>Wu, Z., Pan, S., Chen, F., Long, G., Zhang, C., &amp; Philip, S. Y. (2020). <em>A comprehensive survey on graph neural networks<\/em>. IEEE transactions on neural networks and learning\u00a0 systems, 32(1), 4-24.<\/p>\n<p>Vaswani, A., Shazeer, N., Parmar, N., Uszkoreit, J., Jones, L., Gomez, A. N., &#8230; &amp; Polosukhin, I. (2017). <em>Attention is all you need<\/em>. Advances in neural information processing systems, 30.<\/p>\n","protected":false},"excerpt":{"rendered":"<p>Aprendizado Profundo Respons\u00e1vel: Anderson Rocha Tavares N\u00famero de cr\u00e9ditos\/carga hor\u00e1ria: 4 cr\u00e9ditos\/60 horas aula Matr\u00edcula de Graduandos: INF01019 (T\u00f3picos Especiais em Computa\u00e7\u00e3o &#8211; Aprendizado Profundo) RESUMO Neur\u00f4nio artificial e sua organiza\u00e7\u00e3o em diversas arquiteturas de redes profundas OBJETIVOS Apresentar conceitos, t\u00e9cnicas e aplica\u00e7\u00f5es de aprendizado profundo, assim como as principais ferramentas para prototipagem e avalia\u00e7\u00e3o [&hellip;]<\/p>\n","protected":false},"author":11,"featured_media":0,"parent":462,"menu_order":0,"comment_status":"closed","ping_status":"closed","template":"","meta":[],"_links":{"self":[{"href":"https:\/\/www.inf.ufrgs.br\/ppgc\/wp-json\/wp\/v2\/pages\/6780"}],"collection":[{"href":"https:\/\/www.inf.ufrgs.br\/ppgc\/wp-json\/wp\/v2\/pages"}],"about":[{"href":"https:\/\/www.inf.ufrgs.br\/ppgc\/wp-json\/wp\/v2\/types\/page"}],"author":[{"embeddable":true,"href":"https:\/\/www.inf.ufrgs.br\/ppgc\/wp-json\/wp\/v2\/users\/11"}],"replies":[{"embeddable":true,"href":"https:\/\/www.inf.ufrgs.br\/ppgc\/wp-json\/wp\/v2\/comments?post=6780"}],"version-history":[{"count":2,"href":"https:\/\/www.inf.ufrgs.br\/ppgc\/wp-json\/wp\/v2\/pages\/6780\/revisions"}],"predecessor-version":[{"id":7245,"href":"https:\/\/www.inf.ufrgs.br\/ppgc\/wp-json\/wp\/v2\/pages\/6780\/revisions\/7245"}],"up":[{"embeddable":true,"href":"https:\/\/www.inf.ufrgs.br\/ppgc\/wp-json\/wp\/v2\/pages\/462"}],"wp:attachment":[{"href":"https:\/\/www.inf.ufrgs.br\/ppgc\/wp-json\/wp\/v2\/media?parent=6780"}],"curies":[{"name":"wp","href":"https:\/\/api.w.org\/{rel}","templated":true}]}}